{"id":67312,"date":"2025-04-23T12:00:46","date_gmt":"2025-04-23T12:00:46","guid":{"rendered":"https:\/\/shop.camac-harps.com\/product\/akustischer-verstaerker-prodipe-natural-6-mit-tragetasche-140w-rms\/"},"modified":"2025-04-28T15:15:31","modified_gmt":"2025-04-28T15:15:31","slug":"akustischer-verstaerker-prodipe-natural-6-mit-tragetasche-140w-rms","status":"publish","type":"product","link":"https:\/\/shop.camac-harps.com\/de\/produkt\/akustischer-verstaerker-prodipe-natural-6-mit-tragetasche-140w-rms\/","title":{"rendered":"Akustischer Verst\u00e4rker Prodipe Natural 6 mit Tragetasche &#8211; 140W RMS"},"content":{"rendered":"<p>Verst\u00e4rker f\u00fcr akustische Instrumente, mit integriertem, und einem Mischpult mit gro\u00dfer Bandbreite:<br \/>\n&#8211; Wird mit Tasche geliefert;<br \/>\n&#8211; Drei XLR-Eing\u00e4nge und zwei symmetrische XLR-Ausg\u00e4nge ;<br \/>\n&#8211; Drei unsymmetrische Klinkeneing\u00e4nge und ein unsymmetrischer Klinkenausgang (Line out) ;<br \/>\n&#8211; Dreiband-Equalizer auf allen drei Leitungen ;<br \/>\n&#8211; Phantomspeisung ;<br \/>\n&#8211; Digitaler DSP-Hall 8 Programme ;<br \/>\n&#8211; Anti-Feedback ;<br \/>\n&#8211; Ground Lift.<br \/>\nDank der eingebauten \u201eMonitoring\u201c-Technologie, die eine sehr gro\u00dfe Bandbreite bietet, k\u00f6nnen Sie problemlos Folgendes anschlie\u00dfen: Computer, Keyboard, Synthesizer, Drumcomputer, elektronisches Schlagzeug, Telefon&#8230; Zu einem anderen Verst\u00e4rker oder einfach zu einer Soundkarte gehen.<br \/>\nAusklappbare F\u00fc\u00dfe f\u00fcr die Verwendung in der \u201eReturn\u201c-Position sowie eine Basis f\u00fcr Lautsprecherst\u00e4nder.<br \/>\nAusf\u00fchrung in Walnussholz.<br \/>\n390mm x 285mm x 320mm &#8211; 12,2 kg.<br \/>\nTechnische Daten\u00a0: <a href=\"https:\/\/www.prodipe.com\/fr\/combos-instruments\/512-natural-6-v2-walnut-wood-3760010257548.html#features\">https:\/\/www.prodipe.com\/fr\/combos-instruments\/512-natural-6-v2-walnut-wood-3760010257548.html#features<\/a><\/p>\n","protected":false},"excerpt":{"rendered":"<p>Verst\u00e4rker f\u00fcr akustische Instrumente, mit integriertem, und einem Mischpult mit gro\u00dfer Bandbreite: &#8211; Wird mit Tasche geliefert; &#8211; Drei XLR-Eing\u00e4nge und zwei symmetrische XLR-Ausg\u00e4nge ; &#8211; Drei unsymmetrische Klinkeneing\u00e4nge und ein unsymmetrischer Klinkenausgang (Line out) ; &#8211; Dreiband-Equalizer auf allen drei Leitungen ; &#8211; Phantomspeisung ; &#8211; Digitaler DSP-Hall 8 Programme ; &#8211; Anti-Feedback ; [&hellip;]<\/p>\n","protected":false},"featured_media":67305,"comment_status":"open","ping_status":"closed","template":"","meta":{"_acf_changed":false},"product_brand":[],"product_cat":[86,41],"product_tag":[],"class_list":{"0":"post-67312","1":"product","2":"type-product","3":"status-publish","4":"has-post-thumbnail","6":"product_cat-tonabnehmer-verstarker-kabel","7":"product_cat-zubehor-harfenhuellen","9":"first","10":"instock","11":"taxable","12":"shipping-taxable","13":"product-type-simple"},"acf":[],"yoast_head":"<title>Akustischer Verst\u00e4rker Prodipe Natural 6 mit Tragetasche - 140W RMS - Camac Harps Shop<\/title>\n<meta name=\"description\" content=\"Erh\u00e4ltlich zum Verkauf im Online-Shop von Camac Harps. Weltweiter Versand aus Frankreich.\" \/>\n<meta name=\"robots\" content=\"index, follow, max-snippet:-1, max-image-preview:large, max-video-preview:-1\" \/>\n<link rel=\"canonical\" href=\"https:\/\/shop.camac-harps.com\/de\/produkt\/akustischer-verstaerker-prodipe-natural-6-mit-tragetasche-140w-rms\/\" \/>\n<meta property=\"og:locale\" content=\"de_DE\" \/>\n<meta property=\"og:type\" content=\"article\" \/>\n<meta property=\"og:title\" content=\"Akustischer Verst\u00e4rker Prodipe Natural 6 mit Tragetasche - 140W RMS - Camac Harps Shop\" \/>\n<meta property=\"og:description\" content=\"Erh\u00e4ltlich zum Verkauf im Online-Shop von Camac Harps. Weltweiter Versand aus Frankreich.\" \/>\n<meta property=\"og:url\" content=\"https:\/\/shop.camac-harps.com\/de\/produkt\/akustischer-verstaerker-prodipe-natural-6-mit-tragetasche-140w-rms\/\" \/>\n<meta property=\"og:site_name\" content=\"Camac Harps Shop\" \/>\n<meta property=\"article:modified_time\" content=\"2025-04-28T15:15:31+00:00\" \/>\n<meta property=\"og:image\" content=\"https:\/\/shop.camac-harps.com\/wp-content\/uploads\/sites\/25\/2025\/04\/prodipenatural6-3.png\" \/>\n\t<meta property=\"og:image:width\" content=\"480\" \/>\n\t<meta property=\"og:image:height\" content=\"480\" \/>\n\t<meta property=\"og:image:type\" content=\"image\/png\" \/>\n<meta name=\"twitter:card\" content=\"summary_large_image\" \/>\n<meta name=\"twitter:label1\" content=\"Gesch\u00e4tzte Lesezeit\" \/>\n\t<meta name=\"twitter:data1\" content=\"1\u00a0Minute\" \/>\n<script type=\"application\/ld+json\" class=\"yoast-schema-graph\">{\"@context\":\"https:\/\/schema.org\",\"@graph\":[{\"@type\":\"WebPage\",\"@id\":\"https:\/\/shop.camac-harps.com\/de\/produkt\/akustischer-verstaerker-prodipe-natural-6-mit-tragetasche-140w-rms\/\",\"url\":\"https:\/\/shop.camac-harps.com\/de\/produkt\/akustischer-verstaerker-prodipe-natural-6-mit-tragetasche-140w-rms\/\",\"name\":\"Akustischer Verst\u00e4rker Prodipe Natural 6 mit Tragetasche - 140W RMS - Camac Harps Shop\",\"isPartOf\":{\"@id\":\"https:\/\/shop.camac-harps.com\/de\/#website\"},\"primaryImageOfPage\":{\"@id\":\"https:\/\/shop.camac-harps.com\/de\/produkt\/akustischer-verstaerker-prodipe-natural-6-mit-tragetasche-140w-rms\/#primaryimage\"},\"image\":{\"@id\":\"https:\/\/shop.camac-harps.com\/de\/produkt\/akustischer-verstaerker-prodipe-natural-6-mit-tragetasche-140w-rms\/#primaryimage\"},\"thumbnailUrl\":\"https:\/\/shop.camac-harps.com\/wp-content\/uploads\/sites\/25\/2025\/04\/prodipenatural6-3.png\",\"datePublished\":\"2025-04-23T12:00:46+00:00\",\"dateModified\":\"2025-04-28T15:15:31+00:00\",\"description\":\"Erh\u00e4ltlich zum Verkauf im Online-Shop von Camac Harps. Weltweiter Versand aus Frankreich.\",\"breadcrumb\":{\"@id\":\"https:\/\/shop.camac-harps.com\/de\/produkt\/akustischer-verstaerker-prodipe-natural-6-mit-tragetasche-140w-rms\/#breadcrumb\"},\"inLanguage\":\"de\",\"potentialAction\":[{\"@type\":\"ReadAction\",\"target\":[\"https:\/\/shop.camac-harps.com\/de\/produkt\/akustischer-verstaerker-prodipe-natural-6-mit-tragetasche-140w-rms\/\"]}]},{\"@type\":\"ImageObject\",\"inLanguage\":\"de\",\"@id\":\"https:\/\/shop.camac-harps.com\/de\/produkt\/akustischer-verstaerker-prodipe-natural-6-mit-tragetasche-140w-rms\/#primaryimage\",\"url\":\"https:\/\/shop.camac-harps.com\/wp-content\/uploads\/sites\/25\/2025\/04\/prodipenatural6-3.png\",\"contentUrl\":\"https:\/\/shop.camac-harps.com\/wp-content\/uploads\/sites\/25\/2025\/04\/prodipenatural6-3.png\",\"width\":480,\"height\":480,\"caption\":\"Akustischer Verst\u00e4rker Prodipe Natural 6 mit Tragetasche - 140W RMS\"},{\"@type\":\"BreadcrumbList\",\"@id\":\"https:\/\/shop.camac-harps.com\/de\/produkt\/akustischer-verstaerker-prodipe-natural-6-mit-tragetasche-140w-rms\/#breadcrumb\",\"itemListElement\":[{\"@type\":\"ListItem\",\"position\":1,\"name\":\"Home\",\"item\":\"https:\/\/shop.camac-harps.com\/de\/startseite\/\"},{\"@type\":\"ListItem\",\"position\":2,\"name\":\"Startseite\",\"item\":\"https:\/\/shop.camac-harps.com\/de\/startseite\/\"},{\"@type\":\"ListItem\",\"position\":3,\"name\":\"Akustischer Verst\u00e4rker Prodipe Natural 6 mit Tragetasche &#8211; 140W RMS\"}]},{\"@type\":\"WebSite\",\"@id\":\"https:\/\/shop.camac-harps.com\/de\/#website\",\"url\":\"https:\/\/shop.camac-harps.com\/de\/\",\"name\":\"Camac Harps Shop\",\"description\":\"\",\"potentialAction\":[{\"@type\":\"SearchAction\",\"target\":{\"@type\":\"EntryPoint\",\"urlTemplate\":\"https:\/\/shop.camac-harps.com\/de\/?s={search_term_string}\"},\"query-input\":{\"@type\":\"PropertyValueSpecification\",\"valueRequired\":true,\"valueName\":\"search_term_string\"}}],\"inLanguage\":\"de\"}]}<\/script>","yoast_head_json":{"title":"Akustischer Verst\u00e4rker Prodipe Natural 6 mit Tragetasche - 140W RMS - Camac Harps Shop","description":"Erh\u00e4ltlich zum Verkauf im Online-Shop von Camac Harps. Weltweiter Versand aus Frankreich.","robots":{"index":"index","follow":"follow","max-snippet":"max-snippet:-1","max-image-preview":"max-image-preview:large","max-video-preview":"max-video-preview:-1"},"canonical":"https:\/\/shop.camac-harps.com\/de\/produkt\/akustischer-verstaerker-prodipe-natural-6-mit-tragetasche-140w-rms\/","og_locale":"de_DE","og_type":"article","og_title":"Akustischer Verst\u00e4rker Prodipe Natural 6 mit Tragetasche - 140W RMS - Camac Harps Shop","og_description":"Erh\u00e4ltlich zum Verkauf im Online-Shop von Camac Harps. Weltweiter Versand aus Frankreich.","og_url":"https:\/\/shop.camac-harps.com\/de\/produkt\/akustischer-verstaerker-prodipe-natural-6-mit-tragetasche-140w-rms\/","og_site_name":"Camac Harps Shop","article_modified_time":"2025-04-28T15:15:31+00:00","og_image":[{"width":480,"height":480,"url":"https:\/\/shop.camac-harps.com\/wp-content\/uploads\/sites\/25\/2025\/04\/prodipenatural6-3.png","type":"image\/png"}],"twitter_card":"summary_large_image","twitter_misc":{"Gesch\u00e4tzte Lesezeit":"1\u00a0Minute"},"schema":{"@context":"https:\/\/schema.org","@graph":[{"@type":"WebPage","@id":"https:\/\/shop.camac-harps.com\/de\/produkt\/akustischer-verstaerker-prodipe-natural-6-mit-tragetasche-140w-rms\/","url":"https:\/\/shop.camac-harps.com\/de\/produkt\/akustischer-verstaerker-prodipe-natural-6-mit-tragetasche-140w-rms\/","name":"Akustischer Verst\u00e4rker Prodipe Natural 6 mit Tragetasche - 140W RMS - Camac Harps Shop","isPartOf":{"@id":"https:\/\/shop.camac-harps.com\/de\/#website"},"primaryImageOfPage":{"@id":"https:\/\/shop.camac-harps.com\/de\/produkt\/akustischer-verstaerker-prodipe-natural-6-mit-tragetasche-140w-rms\/#primaryimage"},"image":{"@id":"https:\/\/shop.camac-harps.com\/de\/produkt\/akustischer-verstaerker-prodipe-natural-6-mit-tragetasche-140w-rms\/#primaryimage"},"thumbnailUrl":"https:\/\/shop.camac-harps.com\/wp-content\/uploads\/sites\/25\/2025\/04\/prodipenatural6-3.png","datePublished":"2025-04-23T12:00:46+00:00","dateModified":"2025-04-28T15:15:31+00:00","description":"Erh\u00e4ltlich zum Verkauf im Online-Shop von Camac Harps. Weltweiter Versand aus Frankreich.","breadcrumb":{"@id":"https:\/\/shop.camac-harps.com\/de\/produkt\/akustischer-verstaerker-prodipe-natural-6-mit-tragetasche-140w-rms\/#breadcrumb"},"inLanguage":"de","potentialAction":[{"@type":"ReadAction","target":["https:\/\/shop.camac-harps.com\/de\/produkt\/akustischer-verstaerker-prodipe-natural-6-mit-tragetasche-140w-rms\/"]}]},{"@type":"ImageObject","inLanguage":"de","@id":"https:\/\/shop.camac-harps.com\/de\/produkt\/akustischer-verstaerker-prodipe-natural-6-mit-tragetasche-140w-rms\/#primaryimage","url":"https:\/\/shop.camac-harps.com\/wp-content\/uploads\/sites\/25\/2025\/04\/prodipenatural6-3.png","contentUrl":"https:\/\/shop.camac-harps.com\/wp-content\/uploads\/sites\/25\/2025\/04\/prodipenatural6-3.png","width":480,"height":480,"caption":"Akustischer Verst\u00e4rker Prodipe Natural 6 mit Tragetasche - 140W RMS"},{"@type":"BreadcrumbList","@id":"https:\/\/shop.camac-harps.com\/de\/produkt\/akustischer-verstaerker-prodipe-natural-6-mit-tragetasche-140w-rms\/#breadcrumb","itemListElement":[{"@type":"ListItem","position":1,"name":"Home","item":"https:\/\/shop.camac-harps.com\/de\/startseite\/"},{"@type":"ListItem","position":2,"name":"Startseite","item":"https:\/\/shop.camac-harps.com\/de\/startseite\/"},{"@type":"ListItem","position":3,"name":"Akustischer Verst\u00e4rker Prodipe Natural 6 mit Tragetasche &#8211; 140W RMS"}]},{"@type":"WebSite","@id":"https:\/\/shop.camac-harps.com\/de\/#website","url":"https:\/\/shop.camac-harps.com\/de\/","name":"Camac Harps Shop","description":"","potentialAction":[{"@type":"SearchAction","target":{"@type":"EntryPoint","urlTemplate":"https:\/\/shop.camac-harps.com\/de\/?s={search_term_string}"},"query-input":{"@type":"PropertyValueSpecification","valueRequired":true,"valueName":"search_term_string"}}],"inLanguage":"de"}]}},"_links":{"self":[{"href":"https:\/\/shop.camac-harps.com\/de\/wp-json\/wp\/v2\/product\/67312","targetHints":{"allow":["GET"]}}],"collection":[{"href":"https:\/\/shop.camac-harps.com\/de\/wp-json\/wp\/v2\/product"}],"about":[{"href":"https:\/\/shop.camac-harps.com\/de\/wp-json\/wp\/v2\/types\/product"}],"replies":[{"embeddable":true,"href":"https:\/\/shop.camac-harps.com\/de\/wp-json\/wp\/v2\/comments?post=67312"}],"wp:featuredmedia":[{"embeddable":true,"href":"https:\/\/shop.camac-harps.com\/de\/wp-json\/wp\/v2\/media\/67305"}],"wp:attachment":[{"href":"https:\/\/shop.camac-harps.com\/de\/wp-json\/wp\/v2\/media?parent=67312"}],"wp:term":[{"taxonomy":"product_brand","embeddable":true,"href":"https:\/\/shop.camac-harps.com\/de\/wp-json\/wp\/v2\/product_brand?post=67312"},{"taxonomy":"product_cat","embeddable":true,"href":"https:\/\/shop.camac-harps.com\/de\/wp-json\/wp\/v2\/product_cat?post=67312"},{"taxonomy":"product_tag","embeddable":true,"href":"https:\/\/shop.camac-harps.com\/de\/wp-json\/wp\/v2\/product_tag?post=67312"}],"curies":[{"name":"wp","href":"https:\/\/api.w.org\/{rel}","templated":true}]}}