{"id":67314,"date":"2025-04-23T12:07:58","date_gmt":"2025-04-23T12:07:58","guid":{"rendered":"https:\/\/shop.camac-harps.com\/product\/eigenstaendiger-verstaerker-traveler-6-120w-rms\/"},"modified":"2025-04-28T15:13:58","modified_gmt":"2025-04-28T15:13:58","slug":"eigenstaendiger-verstaerker-traveler-6-120w-rms","status":"publish","type":"product","link":"https:\/\/shop.camac-harps.com\/de\/produkt\/eigenstaendiger-verstaerker-traveler-6-120w-rms\/","title":{"rendered":"Eigenst\u00e4ndiger Verst\u00e4rker Traveler 6 &#8211; 120W RMS"},"content":{"rendered":"<div>Kompakter, eigenst\u00e4ndiger Verst\u00e4rker (batteriebetrieben). Er ist leicht, eigenst\u00e4ndig und leistungsstark und begleitet Sie \u00fcberall hin, ohne Kompromisse bei der Klangqualit\u00e4t einzugehen. Mit seinem integrierten Mischpult bietet der Traveler 6 umfassende Anschlussm\u00f6glichkeiten und eine beispiellose Flexibilit\u00e4t.<br \/>\n&#8211; Wird mit Tasche geliefert ;<br \/>\n&#8211; Effekt Reverb \/ Delay DSP 4 Modi ;<br \/>\n&#8211; Phantomspeisung (+48V) ;<br \/>\n&#8211; Vielseitige Combo Jack\/XLR-Eing\u00e4nge mit Gain-Regelung, 3-Band-Equalizer und Lautst\u00e4rke- und Hallsteuerung ;<br \/>\n&#8211; Bluetooth 5.0 und AUX-Eingang: Sofortiges Pairing f\u00fcr eine stabile Verbindung oder Anschluss \u00fcber eine 3,5-mm-Klinkenbuchse.<br \/>\n&#8211; Mehrere Ausg\u00e4nge: Symmetrischer XLR-Mix-Ausgang, Line-Ausgang und Stereo-Kopfh\u00f6rerausgang mit unabh\u00e4ngiger Lautst\u00e4rkeregelung;<br \/>\n&#8211; Lange Akkulaufzeit: bis zu 8 Stunden Nutzung bei 80% Lautst\u00e4rke.<br \/>\n&#8211; Praktisch und intuitiv: Display zur Kontrolle des Akkustands f\u00fcr eine vereinfachte Verwaltung.<br \/>\nOb beim \u00dcben, bei Konzerten oder auf Reisen &#8211; der Traveler 6 ist der ideale Verb\u00fcndete f\u00fcr den reisende Harfenistin.<br \/>\nAusf\u00fchrung<br \/>\n268mm x 298mm x 226mm &#8211; 6,65 kg.<br \/>\nTechnische Daten : <a href=\"https:\/\/www.prodipe.com\/fr\/combos-instruments\/492-traveler-6-3760010257555.html#features\">https:\/\/www.prodipe.com\/fr\/combos-instruments\/492-traveler-6-3760010257555.html#features<\/a><\/div>\n","protected":false},"excerpt":{"rendered":"<p>Kompakter, eigenst\u00e4ndiger Verst\u00e4rker (batteriebetrieben). Er ist leicht, eigenst\u00e4ndig und leistungsstark und begleitet Sie \u00fcberall hin, ohne Kompromisse bei der Klangqualit\u00e4t einzugehen. Mit seinem integrierten Mischpult bietet der Traveler 6 umfassende Anschlussm\u00f6glichkeiten und eine beispiellose Flexibilit\u00e4t. &#8211; Wird mit Tasche geliefert ; &#8211; Effekt Reverb \/ Delay DSP 4 Modi ; &#8211; Phantomspeisung (+48V) ; &#8211; [&hellip;]<\/p>\n","protected":false},"featured_media":67284,"comment_status":"open","ping_status":"closed","template":"","meta":{"_acf_changed":false},"product_brand":[],"product_cat":[86,41],"product_tag":[],"class_list":{"0":"post-67314","1":"product","2":"type-product","3":"status-publish","4":"has-post-thumbnail","6":"product_cat-tonabnehmer-verstarker-kabel","7":"product_cat-zubehor-harfenhuellen","9":"first","10":"instock","11":"taxable","12":"shipping-taxable","13":"product-type-simple"},"acf":[],"yoast_head":"<title>Eigenst\u00e4ndiger Verst\u00e4rker Traveler 6 - 120W RMS - Camac Harps Shop<\/title>\n<meta name=\"description\" content=\"Erh\u00e4ltlich zum Verkauf im Online-Shop von Camac Harps. Weltweiter Versand aus Frankreich.\" \/>\n<meta name=\"robots\" content=\"index, follow, max-snippet:-1, max-image-preview:large, max-video-preview:-1\" \/>\n<link rel=\"canonical\" href=\"https:\/\/shop.camac-harps.com\/de\/produkt\/eigenstaendiger-verstaerker-traveler-6-120w-rms\/\" \/>\n<meta property=\"og:locale\" content=\"de_DE\" \/>\n<meta property=\"og:type\" content=\"article\" \/>\n<meta property=\"og:title\" content=\"Eigenst\u00e4ndiger Verst\u00e4rker Traveler 6 - 120W RMS - Camac Harps Shop\" \/>\n<meta property=\"og:description\" content=\"Erh\u00e4ltlich zum Verkauf im Online-Shop von Camac Harps. Weltweiter Versand aus Frankreich.\" \/>\n<meta property=\"og:url\" content=\"https:\/\/shop.camac-harps.com\/de\/produkt\/eigenstaendiger-verstaerker-traveler-6-120w-rms\/\" \/>\n<meta property=\"og:site_name\" content=\"Camac Harps Shop\" \/>\n<meta property=\"article:modified_time\" content=\"2025-04-28T15:13:58+00:00\" \/>\n<meta property=\"og:image\" content=\"https:\/\/shop.camac-harps.com\/wp-content\/uploads\/sites\/25\/2025\/04\/prodipetraveler6-2.png\" \/>\n\t<meta property=\"og:image:width\" content=\"480\" \/>\n\t<meta property=\"og:image:height\" content=\"480\" \/>\n\t<meta property=\"og:image:type\" content=\"image\/png\" \/>\n<meta name=\"twitter:card\" content=\"summary_large_image\" \/>\n<meta name=\"twitter:label1\" content=\"Gesch\u00e4tzte Lesezeit\" \/>\n\t<meta name=\"twitter:data1\" content=\"1\u00a0Minute\" \/>\n<script type=\"application\/ld+json\" class=\"yoast-schema-graph\">{\"@context\":\"https:\/\/schema.org\",\"@graph\":[{\"@type\":\"WebPage\",\"@id\":\"https:\/\/shop.camac-harps.com\/de\/produkt\/eigenstaendiger-verstaerker-traveler-6-120w-rms\/\",\"url\":\"https:\/\/shop.camac-harps.com\/de\/produkt\/eigenstaendiger-verstaerker-traveler-6-120w-rms\/\",\"name\":\"Eigenst\u00e4ndiger Verst\u00e4rker Traveler 6 - 120W RMS - Camac Harps Shop\",\"isPartOf\":{\"@id\":\"https:\/\/shop.camac-harps.com\/de\/#website\"},\"primaryImageOfPage\":{\"@id\":\"https:\/\/shop.camac-harps.com\/de\/produkt\/eigenstaendiger-verstaerker-traveler-6-120w-rms\/#primaryimage\"},\"image\":{\"@id\":\"https:\/\/shop.camac-harps.com\/de\/produkt\/eigenstaendiger-verstaerker-traveler-6-120w-rms\/#primaryimage\"},\"thumbnailUrl\":\"https:\/\/shop.camac-harps.com\/wp-content\/uploads\/sites\/25\/2025\/04\/prodipetraveler6-2.png\",\"datePublished\":\"2025-04-23T12:07:58+00:00\",\"dateModified\":\"2025-04-28T15:13:58+00:00\",\"description\":\"Erh\u00e4ltlich zum Verkauf im Online-Shop von Camac Harps. Weltweiter Versand aus Frankreich.\",\"breadcrumb\":{\"@id\":\"https:\/\/shop.camac-harps.com\/de\/produkt\/eigenstaendiger-verstaerker-traveler-6-120w-rms\/#breadcrumb\"},\"inLanguage\":\"de\",\"potentialAction\":[{\"@type\":\"ReadAction\",\"target\":[\"https:\/\/shop.camac-harps.com\/de\/produkt\/eigenstaendiger-verstaerker-traveler-6-120w-rms\/\"]}]},{\"@type\":\"ImageObject\",\"inLanguage\":\"de\",\"@id\":\"https:\/\/shop.camac-harps.com\/de\/produkt\/eigenstaendiger-verstaerker-traveler-6-120w-rms\/#primaryimage\",\"url\":\"https:\/\/shop.camac-harps.com\/wp-content\/uploads\/sites\/25\/2025\/04\/prodipetraveler6-2.png\",\"contentUrl\":\"https:\/\/shop.camac-harps.com\/wp-content\/uploads\/sites\/25\/2025\/04\/prodipetraveler6-2.png\",\"width\":480,\"height\":480,\"caption\":\"Eigenst\u00e4ndiger Verst\u00e4rker Traveler 6 - 120W RMS\"},{\"@type\":\"BreadcrumbList\",\"@id\":\"https:\/\/shop.camac-harps.com\/de\/produkt\/eigenstaendiger-verstaerker-traveler-6-120w-rms\/#breadcrumb\",\"itemListElement\":[{\"@type\":\"ListItem\",\"position\":1,\"name\":\"Home\",\"item\":\"https:\/\/shop.camac-harps.com\/de\/startseite\/\"},{\"@type\":\"ListItem\",\"position\":2,\"name\":\"Startseite\",\"item\":\"https:\/\/shop.camac-harps.com\/de\/startseite\/\"},{\"@type\":\"ListItem\",\"position\":3,\"name\":\"Eigenst\u00e4ndiger Verst\u00e4rker Traveler 6 &#8211; 120W RMS\"}]},{\"@type\":\"WebSite\",\"@id\":\"https:\/\/shop.camac-harps.com\/de\/#website\",\"url\":\"https:\/\/shop.camac-harps.com\/de\/\",\"name\":\"Camac Harps Shop\",\"description\":\"\",\"potentialAction\":[{\"@type\":\"SearchAction\",\"target\":{\"@type\":\"EntryPoint\",\"urlTemplate\":\"https:\/\/shop.camac-harps.com\/de\/?s={search_term_string}\"},\"query-input\":{\"@type\":\"PropertyValueSpecification\",\"valueRequired\":true,\"valueName\":\"search_term_string\"}}],\"inLanguage\":\"de\"}]}<\/script>","yoast_head_json":{"title":"Eigenst\u00e4ndiger Verst\u00e4rker Traveler 6 - 120W RMS - Camac Harps Shop","description":"Erh\u00e4ltlich zum Verkauf im Online-Shop von Camac Harps. Weltweiter Versand aus Frankreich.","robots":{"index":"index","follow":"follow","max-snippet":"max-snippet:-1","max-image-preview":"max-image-preview:large","max-video-preview":"max-video-preview:-1"},"canonical":"https:\/\/shop.camac-harps.com\/de\/produkt\/eigenstaendiger-verstaerker-traveler-6-120w-rms\/","og_locale":"de_DE","og_type":"article","og_title":"Eigenst\u00e4ndiger Verst\u00e4rker Traveler 6 - 120W RMS - Camac Harps Shop","og_description":"Erh\u00e4ltlich zum Verkauf im Online-Shop von Camac Harps. Weltweiter Versand aus Frankreich.","og_url":"https:\/\/shop.camac-harps.com\/de\/produkt\/eigenstaendiger-verstaerker-traveler-6-120w-rms\/","og_site_name":"Camac Harps Shop","article_modified_time":"2025-04-28T15:13:58+00:00","og_image":[{"width":480,"height":480,"url":"https:\/\/shop.camac-harps.com\/wp-content\/uploads\/sites\/25\/2025\/04\/prodipetraveler6-2.png","type":"image\/png"}],"twitter_card":"summary_large_image","twitter_misc":{"Gesch\u00e4tzte Lesezeit":"1\u00a0Minute"},"schema":{"@context":"https:\/\/schema.org","@graph":[{"@type":"WebPage","@id":"https:\/\/shop.camac-harps.com\/de\/produkt\/eigenstaendiger-verstaerker-traveler-6-120w-rms\/","url":"https:\/\/shop.camac-harps.com\/de\/produkt\/eigenstaendiger-verstaerker-traveler-6-120w-rms\/","name":"Eigenst\u00e4ndiger Verst\u00e4rker Traveler 6 - 120W RMS - Camac Harps Shop","isPartOf":{"@id":"https:\/\/shop.camac-harps.com\/de\/#website"},"primaryImageOfPage":{"@id":"https:\/\/shop.camac-harps.com\/de\/produkt\/eigenstaendiger-verstaerker-traveler-6-120w-rms\/#primaryimage"},"image":{"@id":"https:\/\/shop.camac-harps.com\/de\/produkt\/eigenstaendiger-verstaerker-traveler-6-120w-rms\/#primaryimage"},"thumbnailUrl":"https:\/\/shop.camac-harps.com\/wp-content\/uploads\/sites\/25\/2025\/04\/prodipetraveler6-2.png","datePublished":"2025-04-23T12:07:58+00:00","dateModified":"2025-04-28T15:13:58+00:00","description":"Erh\u00e4ltlich zum Verkauf im Online-Shop von Camac Harps. Weltweiter Versand aus Frankreich.","breadcrumb":{"@id":"https:\/\/shop.camac-harps.com\/de\/produkt\/eigenstaendiger-verstaerker-traveler-6-120w-rms\/#breadcrumb"},"inLanguage":"de","potentialAction":[{"@type":"ReadAction","target":["https:\/\/shop.camac-harps.com\/de\/produkt\/eigenstaendiger-verstaerker-traveler-6-120w-rms\/"]}]},{"@type":"ImageObject","inLanguage":"de","@id":"https:\/\/shop.camac-harps.com\/de\/produkt\/eigenstaendiger-verstaerker-traveler-6-120w-rms\/#primaryimage","url":"https:\/\/shop.camac-harps.com\/wp-content\/uploads\/sites\/25\/2025\/04\/prodipetraveler6-2.png","contentUrl":"https:\/\/shop.camac-harps.com\/wp-content\/uploads\/sites\/25\/2025\/04\/prodipetraveler6-2.png","width":480,"height":480,"caption":"Eigenst\u00e4ndiger Verst\u00e4rker Traveler 6 - 120W RMS"},{"@type":"BreadcrumbList","@id":"https:\/\/shop.camac-harps.com\/de\/produkt\/eigenstaendiger-verstaerker-traveler-6-120w-rms\/#breadcrumb","itemListElement":[{"@type":"ListItem","position":1,"name":"Home","item":"https:\/\/shop.camac-harps.com\/de\/startseite\/"},{"@type":"ListItem","position":2,"name":"Startseite","item":"https:\/\/shop.camac-harps.com\/de\/startseite\/"},{"@type":"ListItem","position":3,"name":"Eigenst\u00e4ndiger Verst\u00e4rker Traveler 6 &#8211; 120W RMS"}]},{"@type":"WebSite","@id":"https:\/\/shop.camac-harps.com\/de\/#website","url":"https:\/\/shop.camac-harps.com\/de\/","name":"Camac Harps Shop","description":"","potentialAction":[{"@type":"SearchAction","target":{"@type":"EntryPoint","urlTemplate":"https:\/\/shop.camac-harps.com\/de\/?s={search_term_string}"},"query-input":{"@type":"PropertyValueSpecification","valueRequired":true,"valueName":"search_term_string"}}],"inLanguage":"de"}]}},"_links":{"self":[{"href":"https:\/\/shop.camac-harps.com\/de\/wp-json\/wp\/v2\/product\/67314","targetHints":{"allow":["GET"]}}],"collection":[{"href":"https:\/\/shop.camac-harps.com\/de\/wp-json\/wp\/v2\/product"}],"about":[{"href":"https:\/\/shop.camac-harps.com\/de\/wp-json\/wp\/v2\/types\/product"}],"replies":[{"embeddable":true,"href":"https:\/\/shop.camac-harps.com\/de\/wp-json\/wp\/v2\/comments?post=67314"}],"wp:featuredmedia":[{"embeddable":true,"href":"https:\/\/shop.camac-harps.com\/de\/wp-json\/wp\/v2\/media\/67284"}],"wp:attachment":[{"href":"https:\/\/shop.camac-harps.com\/de\/wp-json\/wp\/v2\/media?parent=67314"}],"wp:term":[{"taxonomy":"product_brand","embeddable":true,"href":"https:\/\/shop.camac-harps.com\/de\/wp-json\/wp\/v2\/product_brand?post=67314"},{"taxonomy":"product_cat","embeddable":true,"href":"https:\/\/shop.camac-harps.com\/de\/wp-json\/wp\/v2\/product_cat?post=67314"},{"taxonomy":"product_tag","embeddable":true,"href":"https:\/\/shop.camac-harps.com\/de\/wp-json\/wp\/v2\/product_tag?post=67314"}],"curies":[{"name":"wp","href":"https:\/\/api.w.org\/{rel}","templated":true}]}}