{"id":70004,"date":"2025-10-01T14:57:24","date_gmt":"2025-10-01T14:57:24","guid":{"rendered":"https:\/\/shop.camac-harps.com\/product\/feutre-debeniste-pour-retouche\/"},"modified":"2025-10-01T15:12:15","modified_gmt":"2025-10-01T15:12:15","slug":"feutre-debeniste-pour-retouche","status":"publish","type":"product","link":"https:\/\/shop.camac-harps.com\/de\/produkt\/feutre-debeniste-pour-retouche\/","title":{"rendered":"Feutre d&#8217;\u00e9b\u00e9niste pour retouche"},"content":{"rendered":"","protected":false},"excerpt":{"rendered":"<p>Diese feinen Tischlerstifte sind \u00e4u\u00dferst n\u00fctzlich, um kleinere Unebenheiten an der Oberfl\u00e4che Ihrer Harfe auszubessern. Sie ahmen die Farbe des Holzes nach und k\u00f6nnen verwendet werden, um unsch\u00f6ne Flecken zu kaschieren.<\/p>\n<p>&nbsp;<\/p>\n<p>Erh\u00e4ltlich in f\u00fcnf Ausf\u00fchrungen:<\/p>\n<ul>\n<li>Erle \/ Natur-Ahorn<\/li>\n<li>Kirschholz \/ Kirsche<\/li>\n<li>Braun \/ Walnuss<\/li>\n<li>Mahagoni \/ Mahagoni<\/li>\n<li>Schwarz \/ Schwarz<\/li>\n<\/ul>\n","protected":false},"featured_media":69672,"comment_status":"open","ping_status":"closed","template":"","meta":{"_acf_changed":false},"product_brand":[],"product_cat":[443,549,628,41],"product_tag":[],"class_list":{"0":"post-70004","1":"product","2":"type-product","3":"status-publish","4":"has-post-thumbnail","6":"product_cat-ersatzteile-und-werkzeuge","7":"product_cat-odyssey-harfe-webshop-de","8":"product_cat-werkzeuge-und-wartung","9":"product_cat-zubehor-harfenhuellen","11":"first","12":"instock","13":"taxable","14":"shipping-taxable","15":"purchasable","16":"product-type-variable"},"acf":[],"yoast_head":"<title>Feutre d&#039;\u00e9b\u00e9niste pour retouche - Camac Harps Shop<\/title>\n<meta name=\"robots\" content=\"index, follow, max-snippet:-1, max-image-preview:large, max-video-preview:-1\" \/>\n<link rel=\"canonical\" href=\"https:\/\/shop.camac-harps.com\/de\/produkt\/feutre-debeniste-pour-retouche\/\" \/>\n<meta property=\"og:locale\" content=\"de_DE\" \/>\n<meta property=\"og:type\" content=\"article\" \/>\n<meta property=\"og:title\" content=\"Feutre d&#039;\u00e9b\u00e9niste pour retouche - Camac Harps Shop\" \/>\n<meta property=\"og:description\" content=\"Diese feinen Tischlerstifte sind \u00e4u\u00dferst n\u00fctzlich, um kleinere Unebenheiten an der Oberfl\u00e4che Ihrer Harfe auszubessern. Sie ahmen die Farbe des Holzes nach und k\u00f6nnen verwendet werden, um unsch\u00f6ne Flecken zu kaschieren. &nbsp; Erh\u00e4ltlich in f\u00fcnf Ausf\u00fchrungen:   Erle \/ Natur-Ahorn  Kirschholz \/ Kirsche  Braun \/ Walnuss  Mahagoni \/ Mahagoni  Schwarz \/ Schwarz\" \/>\n<meta property=\"og:url\" content=\"https:\/\/shop.camac-harps.com\/de\/produkt\/feutre-debeniste-pour-retouche\/\" \/>\n<meta property=\"og:site_name\" content=\"Camac Harps Shop\" \/>\n<meta property=\"article:modified_time\" content=\"2025-10-01T15:12:15+00:00\" \/>\n<meta property=\"og:image\" content=\"https:\/\/shop.camac-harps.com\/wp-content\/uploads\/sites\/25\/2025\/09\/fr2-1.jpg\" \/>\n\t<meta property=\"og:image:width\" content=\"900\" \/>\n\t<meta property=\"og:image:height\" content=\"600\" \/>\n\t<meta property=\"og:image:type\" content=\"image\/jpeg\" \/>\n<meta name=\"twitter:card\" content=\"summary_large_image\" \/>\n<script type=\"application\/ld+json\" class=\"yoast-schema-graph\">{\"@context\":\"https:\/\/schema.org\",\"@graph\":[{\"@type\":\"WebPage\",\"@id\":\"https:\/\/shop.camac-harps.com\/de\/produkt\/feutre-debeniste-pour-retouche\/\",\"url\":\"https:\/\/shop.camac-harps.com\/de\/produkt\/feutre-debeniste-pour-retouche\/\",\"name\":\"Feutre d'\u00e9b\u00e9niste pour retouche - Camac Harps Shop\",\"isPartOf\":{\"@id\":\"https:\/\/shop.camac-harps.com\/de\/#website\"},\"primaryImageOfPage\":{\"@id\":\"https:\/\/shop.camac-harps.com\/de\/produkt\/feutre-debeniste-pour-retouche\/#primaryimage\"},\"image\":{\"@id\":\"https:\/\/shop.camac-harps.com\/de\/produkt\/feutre-debeniste-pour-retouche\/#primaryimage\"},\"thumbnailUrl\":\"https:\/\/shop.camac-harps.com\/wp-content\/uploads\/sites\/25\/2025\/09\/fr2-1.jpg\",\"datePublished\":\"2025-10-01T14:57:24+00:00\",\"dateModified\":\"2025-10-01T15:12:15+00:00\",\"breadcrumb\":{\"@id\":\"https:\/\/shop.camac-harps.com\/de\/produkt\/feutre-debeniste-pour-retouche\/#breadcrumb\"},\"inLanguage\":\"de\",\"potentialAction\":[{\"@type\":\"ReadAction\",\"target\":[\"https:\/\/shop.camac-harps.com\/de\/produkt\/feutre-debeniste-pour-retouche\/\"]}]},{\"@type\":\"ImageObject\",\"inLanguage\":\"de\",\"@id\":\"https:\/\/shop.camac-harps.com\/de\/produkt\/feutre-debeniste-pour-retouche\/#primaryimage\",\"url\":\"https:\/\/shop.camac-harps.com\/wp-content\/uploads\/sites\/25\/2025\/09\/fr2-1.jpg\",\"contentUrl\":\"https:\/\/shop.camac-harps.com\/wp-content\/uploads\/sites\/25\/2025\/09\/fr2-1.jpg\",\"width\":900,\"height\":600},{\"@type\":\"BreadcrumbList\",\"@id\":\"https:\/\/shop.camac-harps.com\/de\/produkt\/feutre-debeniste-pour-retouche\/#breadcrumb\",\"itemListElement\":[{\"@type\":\"ListItem\",\"position\":1,\"name\":\"Home\",\"item\":\"https:\/\/shop.camac-harps.com\/de\/startseite\/\"},{\"@type\":\"ListItem\",\"position\":2,\"name\":\"Startseite\",\"item\":\"https:\/\/shop.camac-harps.com\/de\/startseite\/\"},{\"@type\":\"ListItem\",\"position\":3,\"name\":\"Feutre d&#8217;\u00e9b\u00e9niste pour retouche\"}]},{\"@type\":\"WebSite\",\"@id\":\"https:\/\/shop.camac-harps.com\/de\/#website\",\"url\":\"https:\/\/shop.camac-harps.com\/de\/\",\"name\":\"Camac Harps Shop\",\"description\":\"\",\"potentialAction\":[{\"@type\":\"SearchAction\",\"target\":{\"@type\":\"EntryPoint\",\"urlTemplate\":\"https:\/\/shop.camac-harps.com\/de\/?s={search_term_string}\"},\"query-input\":{\"@type\":\"PropertyValueSpecification\",\"valueRequired\":true,\"valueName\":\"search_term_string\"}}],\"inLanguage\":\"de\"}]}<\/script>","yoast_head_json":{"title":"Feutre d'\u00e9b\u00e9niste pour retouche - Camac Harps Shop","robots":{"index":"index","follow":"follow","max-snippet":"max-snippet:-1","max-image-preview":"max-image-preview:large","max-video-preview":"max-video-preview:-1"},"canonical":"https:\/\/shop.camac-harps.com\/de\/produkt\/feutre-debeniste-pour-retouche\/","og_locale":"de_DE","og_type":"article","og_title":"Feutre d'\u00e9b\u00e9niste pour retouche - Camac Harps Shop","og_description":"Diese feinen Tischlerstifte sind \u00e4u\u00dferst n\u00fctzlich, um kleinere Unebenheiten an der Oberfl\u00e4che Ihrer Harfe auszubessern. Sie ahmen die Farbe des Holzes nach und k\u00f6nnen verwendet werden, um unsch\u00f6ne Flecken zu kaschieren. &nbsp; Erh\u00e4ltlich in f\u00fcnf Ausf\u00fchrungen:   Erle \/ Natur-Ahorn  Kirschholz \/ Kirsche  Braun \/ Walnuss  Mahagoni \/ Mahagoni  Schwarz \/ Schwarz","og_url":"https:\/\/shop.camac-harps.com\/de\/produkt\/feutre-debeniste-pour-retouche\/","og_site_name":"Camac Harps Shop","article_modified_time":"2025-10-01T15:12:15+00:00","og_image":[{"width":900,"height":600,"url":"https:\/\/shop.camac-harps.com\/wp-content\/uploads\/sites\/25\/2025\/09\/fr2-1.jpg","type":"image\/jpeg"}],"twitter_card":"summary_large_image","schema":{"@context":"https:\/\/schema.org","@graph":[{"@type":"WebPage","@id":"https:\/\/shop.camac-harps.com\/de\/produkt\/feutre-debeniste-pour-retouche\/","url":"https:\/\/shop.camac-harps.com\/de\/produkt\/feutre-debeniste-pour-retouche\/","name":"Feutre d'\u00e9b\u00e9niste pour retouche - Camac Harps Shop","isPartOf":{"@id":"https:\/\/shop.camac-harps.com\/de\/#website"},"primaryImageOfPage":{"@id":"https:\/\/shop.camac-harps.com\/de\/produkt\/feutre-debeniste-pour-retouche\/#primaryimage"},"image":{"@id":"https:\/\/shop.camac-harps.com\/de\/produkt\/feutre-debeniste-pour-retouche\/#primaryimage"},"thumbnailUrl":"https:\/\/shop.camac-harps.com\/wp-content\/uploads\/sites\/25\/2025\/09\/fr2-1.jpg","datePublished":"2025-10-01T14:57:24+00:00","dateModified":"2025-10-01T15:12:15+00:00","breadcrumb":{"@id":"https:\/\/shop.camac-harps.com\/de\/produkt\/feutre-debeniste-pour-retouche\/#breadcrumb"},"inLanguage":"de","potentialAction":[{"@type":"ReadAction","target":["https:\/\/shop.camac-harps.com\/de\/produkt\/feutre-debeniste-pour-retouche\/"]}]},{"@type":"ImageObject","inLanguage":"de","@id":"https:\/\/shop.camac-harps.com\/de\/produkt\/feutre-debeniste-pour-retouche\/#primaryimage","url":"https:\/\/shop.camac-harps.com\/wp-content\/uploads\/sites\/25\/2025\/09\/fr2-1.jpg","contentUrl":"https:\/\/shop.camac-harps.com\/wp-content\/uploads\/sites\/25\/2025\/09\/fr2-1.jpg","width":900,"height":600},{"@type":"BreadcrumbList","@id":"https:\/\/shop.camac-harps.com\/de\/produkt\/feutre-debeniste-pour-retouche\/#breadcrumb","itemListElement":[{"@type":"ListItem","position":1,"name":"Home","item":"https:\/\/shop.camac-harps.com\/de\/startseite\/"},{"@type":"ListItem","position":2,"name":"Startseite","item":"https:\/\/shop.camac-harps.com\/de\/startseite\/"},{"@type":"ListItem","position":3,"name":"Feutre d&#8217;\u00e9b\u00e9niste pour retouche"}]},{"@type":"WebSite","@id":"https:\/\/shop.camac-harps.com\/de\/#website","url":"https:\/\/shop.camac-harps.com\/de\/","name":"Camac Harps Shop","description":"","potentialAction":[{"@type":"SearchAction","target":{"@type":"EntryPoint","urlTemplate":"https:\/\/shop.camac-harps.com\/de\/?s={search_term_string}"},"query-input":{"@type":"PropertyValueSpecification","valueRequired":true,"valueName":"search_term_string"}}],"inLanguage":"de"}]}},"_links":{"self":[{"href":"https:\/\/shop.camac-harps.com\/de\/wp-json\/wp\/v2\/product\/70004","targetHints":{"allow":["GET"]}}],"collection":[{"href":"https:\/\/shop.camac-harps.com\/de\/wp-json\/wp\/v2\/product"}],"about":[{"href":"https:\/\/shop.camac-harps.com\/de\/wp-json\/wp\/v2\/types\/product"}],"replies":[{"embeddable":true,"href":"https:\/\/shop.camac-harps.com\/de\/wp-json\/wp\/v2\/comments?post=70004"}],"wp:featuredmedia":[{"embeddable":true,"href":"https:\/\/shop.camac-harps.com\/de\/wp-json\/wp\/v2\/media\/69672"}],"wp:attachment":[{"href":"https:\/\/shop.camac-harps.com\/de\/wp-json\/wp\/v2\/media?parent=70004"}],"wp:term":[{"taxonomy":"product_brand","embeddable":true,"href":"https:\/\/shop.camac-harps.com\/de\/wp-json\/wp\/v2\/product_brand?post=70004"},{"taxonomy":"product_cat","embeddable":true,"href":"https:\/\/shop.camac-harps.com\/de\/wp-json\/wp\/v2\/product_cat?post=70004"},{"taxonomy":"product_tag","embeddable":true,"href":"https:\/\/shop.camac-harps.com\/de\/wp-json\/wp\/v2\/product_tag?post=70004"}],"curies":[{"name":"wp","href":"https:\/\/api.w.org\/{rel}","templated":true}]}}