{"id":71297,"date":"2025-11-25T09:29:11","date_gmt":"2025-11-25T09:29:11","guid":{"rendered":"https:\/\/shop.camac-harps.com\/product\/laurent-melanie-pastel-recital-debussy-ravel-renie-tournier\/"},"modified":"2025-11-25T09:29:11","modified_gmt":"2025-11-25T09:29:11","slug":"laurent-melanie-pastel-recital-debussy-ravel-renie-tournier","status":"publish","type":"product","link":"https:\/\/shop.camac-harps.com\/de\/produkt\/laurent-melanie-pastel-recital-debussy-ravel-renie-tournier\/","title":{"rendered":"LAURENT M\u00e9lanie &#8211; Pastel (R\u00e9cital Debussy, Ravel, Reni\u00e9, Tournier &#8230;)"},"content":{"rendered":"<div>Eine sanfte und leuchtende musikalische Reise, auf der die Harfe ihre tausend Nuancen offenbart. Seltene Werke, Meisterwerke und unver\u00f6ffentlichte Transkriptionen verschmelzen zu einem impressionistischen, sinnlichen und poetischen Universum. Eine Ode an die Natur, an die Fantasie, an kreative Frauen und an die Sch\u00f6nheit, die der Zeit trotzt&#8230;<\/div>\n<div>Marcel Grandjany (1891-1975) : The Colorado Trail, Op. 28<br \/>\nMarcel Tournier (1879-1951) : Pastels du Vieux Japon, Op. 47<br \/>\nC\u00e9cile Chaminade (1857-1944) : Valse d\u2019Automne<br \/>\nMel Bonis (1858-1937) : Pr\u00e8s du ruisseau, Op. 9<br \/>\nGermaine Tailleferre (1892-1983) : Sonate pour harpe<br \/>\nJacques de la Presle (1888-1969) : Le Jardin Mouill\u00e9<br \/>\nHenriette Reni\u00e9 (1875-1956) : Contemplation<br \/>\nMarcel Grandjany (1891-1975) : Rhapsodie<br \/>\nClaude Debussy (1862-1918) : Danse Sacr\u00e9e et Danse Profane, L.103<br \/>\nMaurice Ravel (1875-1937) : Introduction et allegro, M.46<br \/>\nMarcel Tournier (1879-1951) : L\u2019\u00c9ternel R\u00eaveur<\/div>\n","protected":false},"excerpt":{"rendered":"<p>Eine sanfte und leuchtende musikalische Reise, auf der die Harfe ihre tausend Nuancen offenbart. Seltene Werke, Meisterwerke und unver\u00f6ffentlichte Transkriptionen verschmelzen zu einem impressionistischen, sinnlichen und poetischen Universum. Eine Ode an die Natur, an die Fantasie, an kreative Frauen und an die Sch\u00f6nheit, die der Zeit trotzt&#8230; Marcel Grandjany (1891-1975) : The Colorado Trail, Op. [&hellip;]<\/p>\n","protected":false},"featured_media":71291,"comment_status":"open","ping_status":"closed","template":"","meta":{"_acf_changed":false},"product_brand":[],"product_cat":[368,98],"product_tag":[],"class_list":{"0":"post-71297","1":"product","2":"type-product","3":"status-publish","4":"has-post-thumbnail","6":"product_cat-cd-cds-dvds","7":"product_cat-cds-dvds","9":"first","10":"instock","11":"taxable","12":"shipping-taxable","13":"purchasable","14":"product-type-simple"},"acf":[],"yoast_head":"<title>LAURENT M\u00e9lanie - Pastel (R\u00e9cital Debussy, Ravel, Reni\u00e9, Tournier ...) - Camac Harps Shop<\/title>\n<meta name=\"robots\" content=\"index, follow, max-snippet:-1, max-image-preview:large, max-video-preview:-1\" \/>\n<link rel=\"canonical\" href=\"https:\/\/shop.camac-harps.com\/de\/produkt\/laurent-melanie-pastel-recital-debussy-ravel-renie-tournier\/\" \/>\n<meta property=\"og:locale\" content=\"de_DE\" \/>\n<meta property=\"og:type\" content=\"article\" \/>\n<meta property=\"og:title\" content=\"LAURENT M\u00e9lanie - Pastel (R\u00e9cital Debussy, Ravel, Reni\u00e9, Tournier ...) - Camac Harps Shop\" \/>\n<meta property=\"og:description\" content=\"Eine sanfte und leuchtende musikalische Reise, auf der die Harfe ihre tausend Nuancen offenbart. Seltene Werke, Meisterwerke und unver\u00f6ffentlichte Transkriptionen verschmelzen zu einem impressionistischen, sinnlichen und poetischen Universum. Eine Ode an die Natur, an die Fantasie, an kreative Frauen und an die Sch\u00f6nheit, die der Zeit trotzt&#8230; Marcel Grandjany (1891-1975) : The Colorado Trail, Op. [&hellip;]\" \/>\n<meta property=\"og:url\" content=\"https:\/\/shop.camac-harps.com\/de\/produkt\/laurent-melanie-pastel-recital-debussy-ravel-renie-tournier\/\" \/>\n<meta property=\"og:site_name\" content=\"Camac Harps Shop\" \/>\n<meta property=\"og:image\" content=\"https:\/\/shop.camac-harps.com\/wp-content\/uploads\/sites\/25\/2025\/11\/ltm01-01.jpg\" \/>\n\t<meta property=\"og:image:width\" content=\"1200\" \/>\n\t<meta property=\"og:image:height\" content=\"1200\" \/>\n\t<meta property=\"og:image:type\" content=\"image\/jpeg\" \/>\n<meta name=\"twitter:card\" content=\"summary_large_image\" \/>\n<meta name=\"twitter:label1\" content=\"Gesch\u00e4tzte Lesezeit\" \/>\n\t<meta name=\"twitter:data1\" content=\"1\u00a0Minute\" \/>\n<script type=\"application\/ld+json\" class=\"yoast-schema-graph\">{\"@context\":\"https:\/\/schema.org\",\"@graph\":[{\"@type\":\"WebPage\",\"@id\":\"https:\/\/shop.camac-harps.com\/de\/produkt\/laurent-melanie-pastel-recital-debussy-ravel-renie-tournier\/\",\"url\":\"https:\/\/shop.camac-harps.com\/de\/produkt\/laurent-melanie-pastel-recital-debussy-ravel-renie-tournier\/\",\"name\":\"LAURENT M\u00e9lanie - Pastel (R\u00e9cital Debussy, Ravel, Reni\u00e9, Tournier ...) - Camac Harps Shop\",\"isPartOf\":{\"@id\":\"https:\/\/shop.camac-harps.com\/de\/#website\"},\"primaryImageOfPage\":{\"@id\":\"https:\/\/shop.camac-harps.com\/de\/produkt\/laurent-melanie-pastel-recital-debussy-ravel-renie-tournier\/#primaryimage\"},\"image\":{\"@id\":\"https:\/\/shop.camac-harps.com\/de\/produkt\/laurent-melanie-pastel-recital-debussy-ravel-renie-tournier\/#primaryimage\"},\"thumbnailUrl\":\"https:\/\/shop.camac-harps.com\/wp-content\/uploads\/sites\/25\/2025\/11\/ltm01-01.jpg\",\"datePublished\":\"2025-11-25T09:29:11+00:00\",\"breadcrumb\":{\"@id\":\"https:\/\/shop.camac-harps.com\/de\/produkt\/laurent-melanie-pastel-recital-debussy-ravel-renie-tournier\/#breadcrumb\"},\"inLanguage\":\"de\",\"potentialAction\":[{\"@type\":\"ReadAction\",\"target\":[\"https:\/\/shop.camac-harps.com\/de\/produkt\/laurent-melanie-pastel-recital-debussy-ravel-renie-tournier\/\"]}]},{\"@type\":\"ImageObject\",\"inLanguage\":\"de\",\"@id\":\"https:\/\/shop.camac-harps.com\/de\/produkt\/laurent-melanie-pastel-recital-debussy-ravel-renie-tournier\/#primaryimage\",\"url\":\"https:\/\/shop.camac-harps.com\/wp-content\/uploads\/sites\/25\/2025\/11\/ltm01-01.jpg\",\"contentUrl\":\"https:\/\/shop.camac-harps.com\/wp-content\/uploads\/sites\/25\/2025\/11\/ltm01-01.jpg\",\"width\":1200,\"height\":1200,\"caption\":\"LAURENT M\u00e9lanie - Pastel (R\u00e9cital Debussy, Ravel, Reni\u00e9, Tournier ...)\"},{\"@type\":\"BreadcrumbList\",\"@id\":\"https:\/\/shop.camac-harps.com\/de\/produkt\/laurent-melanie-pastel-recital-debussy-ravel-renie-tournier\/#breadcrumb\",\"itemListElement\":[{\"@type\":\"ListItem\",\"position\":1,\"name\":\"Home\",\"item\":\"https:\/\/shop.camac-harps.com\/de\/startseite\/\"},{\"@type\":\"ListItem\",\"position\":2,\"name\":\"Startseite\",\"item\":\"https:\/\/shop.camac-harps.com\/de\/startseite\/\"},{\"@type\":\"ListItem\",\"position\":3,\"name\":\"LAURENT M\u00e9lanie &#8211; Pastel (R\u00e9cital Debussy, Ravel, Reni\u00e9, Tournier &#8230;)\"}]},{\"@type\":\"WebSite\",\"@id\":\"https:\/\/shop.camac-harps.com\/de\/#website\",\"url\":\"https:\/\/shop.camac-harps.com\/de\/\",\"name\":\"Camac Harps Shop\",\"description\":\"\",\"potentialAction\":[{\"@type\":\"SearchAction\",\"target\":{\"@type\":\"EntryPoint\",\"urlTemplate\":\"https:\/\/shop.camac-harps.com\/de\/?s={search_term_string}\"},\"query-input\":{\"@type\":\"PropertyValueSpecification\",\"valueRequired\":true,\"valueName\":\"search_term_string\"}}],\"inLanguage\":\"de\"}]}<\/script>","yoast_head_json":{"title":"LAURENT M\u00e9lanie - Pastel (R\u00e9cital Debussy, Ravel, Reni\u00e9, Tournier ...) - Camac Harps Shop","robots":{"index":"index","follow":"follow","max-snippet":"max-snippet:-1","max-image-preview":"max-image-preview:large","max-video-preview":"max-video-preview:-1"},"canonical":"https:\/\/shop.camac-harps.com\/de\/produkt\/laurent-melanie-pastel-recital-debussy-ravel-renie-tournier\/","og_locale":"de_DE","og_type":"article","og_title":"LAURENT M\u00e9lanie - Pastel (R\u00e9cital Debussy, Ravel, Reni\u00e9, Tournier ...) - Camac Harps Shop","og_description":"Eine sanfte und leuchtende musikalische Reise, auf der die Harfe ihre tausend Nuancen offenbart. Seltene Werke, Meisterwerke und unver\u00f6ffentlichte Transkriptionen verschmelzen zu einem impressionistischen, sinnlichen und poetischen Universum. Eine Ode an die Natur, an die Fantasie, an kreative Frauen und an die Sch\u00f6nheit, die der Zeit trotzt&#8230; Marcel Grandjany (1891-1975) : The Colorado Trail, Op. [&hellip;]","og_url":"https:\/\/shop.camac-harps.com\/de\/produkt\/laurent-melanie-pastel-recital-debussy-ravel-renie-tournier\/","og_site_name":"Camac Harps Shop","og_image":[{"width":1200,"height":1200,"url":"https:\/\/shop.camac-harps.com\/wp-content\/uploads\/sites\/25\/2025\/11\/ltm01-01.jpg","type":"image\/jpeg"}],"twitter_card":"summary_large_image","twitter_misc":{"Gesch\u00e4tzte Lesezeit":"1\u00a0Minute"},"schema":{"@context":"https:\/\/schema.org","@graph":[{"@type":"WebPage","@id":"https:\/\/shop.camac-harps.com\/de\/produkt\/laurent-melanie-pastel-recital-debussy-ravel-renie-tournier\/","url":"https:\/\/shop.camac-harps.com\/de\/produkt\/laurent-melanie-pastel-recital-debussy-ravel-renie-tournier\/","name":"LAURENT M\u00e9lanie - Pastel (R\u00e9cital Debussy, Ravel, Reni\u00e9, Tournier ...) - Camac Harps Shop","isPartOf":{"@id":"https:\/\/shop.camac-harps.com\/de\/#website"},"primaryImageOfPage":{"@id":"https:\/\/shop.camac-harps.com\/de\/produkt\/laurent-melanie-pastel-recital-debussy-ravel-renie-tournier\/#primaryimage"},"image":{"@id":"https:\/\/shop.camac-harps.com\/de\/produkt\/laurent-melanie-pastel-recital-debussy-ravel-renie-tournier\/#primaryimage"},"thumbnailUrl":"https:\/\/shop.camac-harps.com\/wp-content\/uploads\/sites\/25\/2025\/11\/ltm01-01.jpg","datePublished":"2025-11-25T09:29:11+00:00","breadcrumb":{"@id":"https:\/\/shop.camac-harps.com\/de\/produkt\/laurent-melanie-pastel-recital-debussy-ravel-renie-tournier\/#breadcrumb"},"inLanguage":"de","potentialAction":[{"@type":"ReadAction","target":["https:\/\/shop.camac-harps.com\/de\/produkt\/laurent-melanie-pastel-recital-debussy-ravel-renie-tournier\/"]}]},{"@type":"ImageObject","inLanguage":"de","@id":"https:\/\/shop.camac-harps.com\/de\/produkt\/laurent-melanie-pastel-recital-debussy-ravel-renie-tournier\/#primaryimage","url":"https:\/\/shop.camac-harps.com\/wp-content\/uploads\/sites\/25\/2025\/11\/ltm01-01.jpg","contentUrl":"https:\/\/shop.camac-harps.com\/wp-content\/uploads\/sites\/25\/2025\/11\/ltm01-01.jpg","width":1200,"height":1200,"caption":"LAURENT M\u00e9lanie - Pastel (R\u00e9cital Debussy, Ravel, Reni\u00e9, Tournier ...)"},{"@type":"BreadcrumbList","@id":"https:\/\/shop.camac-harps.com\/de\/produkt\/laurent-melanie-pastel-recital-debussy-ravel-renie-tournier\/#breadcrumb","itemListElement":[{"@type":"ListItem","position":1,"name":"Home","item":"https:\/\/shop.camac-harps.com\/de\/startseite\/"},{"@type":"ListItem","position":2,"name":"Startseite","item":"https:\/\/shop.camac-harps.com\/de\/startseite\/"},{"@type":"ListItem","position":3,"name":"LAURENT M\u00e9lanie &#8211; Pastel (R\u00e9cital Debussy, Ravel, Reni\u00e9, Tournier &#8230;)"}]},{"@type":"WebSite","@id":"https:\/\/shop.camac-harps.com\/de\/#website","url":"https:\/\/shop.camac-harps.com\/de\/","name":"Camac Harps Shop","description":"","potentialAction":[{"@type":"SearchAction","target":{"@type":"EntryPoint","urlTemplate":"https:\/\/shop.camac-harps.com\/de\/?s={search_term_string}"},"query-input":{"@type":"PropertyValueSpecification","valueRequired":true,"valueName":"search_term_string"}}],"inLanguage":"de"}]}},"_links":{"self":[{"href":"https:\/\/shop.camac-harps.com\/de\/wp-json\/wp\/v2\/product\/71297","targetHints":{"allow":["GET"]}}],"collection":[{"href":"https:\/\/shop.camac-harps.com\/de\/wp-json\/wp\/v2\/product"}],"about":[{"href":"https:\/\/shop.camac-harps.com\/de\/wp-json\/wp\/v2\/types\/product"}],"replies":[{"embeddable":true,"href":"https:\/\/shop.camac-harps.com\/de\/wp-json\/wp\/v2\/comments?post=71297"}],"wp:featuredmedia":[{"embeddable":true,"href":"https:\/\/shop.camac-harps.com\/de\/wp-json\/wp\/v2\/media\/71291"}],"wp:attachment":[{"href":"https:\/\/shop.camac-harps.com\/de\/wp-json\/wp\/v2\/media?parent=71297"}],"wp:term":[{"taxonomy":"product_brand","embeddable":true,"href":"https:\/\/shop.camac-harps.com\/de\/wp-json\/wp\/v2\/product_brand?post=71297"},{"taxonomy":"product_cat","embeddable":true,"href":"https:\/\/shop.camac-harps.com\/de\/wp-json\/wp\/v2\/product_cat?post=71297"},{"taxonomy":"product_tag","embeddable":true,"href":"https:\/\/shop.camac-harps.com\/de\/wp-json\/wp\/v2\/product_tag?post=71297"}],"curies":[{"name":"wp","href":"https:\/\/api.w.org\/{rel}","templated":true}]}}