{"id":62,"date":"2017-11-01T14:51:20","date_gmt":"2017-11-01T14:51:20","guid":{"rendered":"https:\/\/shop.camac-harps.com\/remarque-sur-la-con-dentialite\/"},"modified":"2023-12-30T15:08:31","modified_gmt":"2023-12-30T15:08:31","slug":"privacy","status":"publish","type":"page","link":"https:\/\/shop.camac-harps.com\/en\/privacy\/","title":{"rendered":"Privacy Policy &#038; Cookies"},"content":{"rendered":"<h3>Collected Personal Data<\/h3>\n<p>The collected and saved personal data is that which is needed to make and carry out the order: notably, its delivery and possible return. This data is namely:<\/p>\n<ul>\n<li>the surname and first name of the Client,<\/li>\n<li>E-mail and postal addresses, and telephone number of the Client<\/li>\n<\/ul>\n<p>Camac Harps is also allowed to collect data appertaining to the Client\u2019s connection (IP address, browser type, details about visits to the site, notably via the medium of cookies, which includes for example: amount of received data, place of connection, pages viewed, etc). This data is personal data.<\/p>\n<p>Personal data can be collected in the following ways:<\/p>\n<p>Les donn\u00e9es personnelles peuvent \u00eatre collect\u00e9es de la mani\u00e8re suivante :<\/p>\n<ul>\n<li>when the Account is created<\/li>\n<li>when the Site is used<\/li>\n<li>when the Client places their Order<\/li>\n<li>when the Client contacts Camac Harps about a problem with the Site, or any other reason.<\/li>\n<\/ul>\n<h3>Purposes of Data Processing<\/h3>\n<p>The data is processed by Camac Harps and may be used in order to:<\/p>\n<ul>\n<li>inform the Client about commercial offers and new products from Camac Harps<\/li>\n<li>make and follow up Orders<\/li>\n<li>link Clients and delivery service providers<\/li>\n<li>allow Clients to use the Site<\/li>\n<li>allow Client Accounts to be administered<\/li>\n<li>check the Client\u2019s identity, where necessary<\/li>\n<li>follow up an Order with the Client in case of an incident<\/li>\n<li>obtain feedback from the Client about the Order process or the Site and improve the quality of Camac Harps\u2019 offer<\/li>\n<li>to inform the Client about any changes to the Site or the present CSG<\/li>\n<\/ul>\n<p>This data will not be transferred outside the European Union. Nor will it be transferred to commercial partners.<\/p>\n<p>If the Client is prepared to receive offers from Camac Harps, by checking the relevant box, they can unsubscribe themselves at no charge and at any time. They can do this by clicking on the \u201cunsubscribe\u201d link they will find in emails addressed to them, by logging into their Account, or by sending an email to info@camac-harps.com. Moreover, each Client can subscribe free of charge to the list refusing cold calling (\u201cliste d&#8217;opposition au d\u00e9marchage t\u00e9l\u00e9phonique\u201d), by filling in the form available at the following address: bloctel.gouv.fr.<\/p>\n<p>The personal data provided by the Client will never be resold or given to third parties without prior, written authorisation. The data can nevertheless be given, free of charge, to the following third parties, which the Client declares they accept:<\/p>\n<ul>\n<li>to handlers and subcontractors of Camac Harps, in the context of carrying out the Order (delivery, handling of marketing and client relations, commercial prospecting, etc). Camac Harps remain responsible for the processes<\/li>\n<li>to Camac partners, notably to return Orders or for payments on line<\/li>\n<li>to any administrative or judicial party, if Camac Harps is obliged to do so by law or court ruling<\/li>\n<\/ul>\n<p>The third parties working under the instruction of Camac Harps acquire no rights over the personal data or any other content that may be supplied to them. They put into place the technical and organisational procedures equivalent to those of Camac Harps, to protect personal data security, and to avoid the theft, the removal or any other unauthorised used of them.<\/p>\n<h3>Cookies<\/h3>\n<p>Cookies from the session and monitoring activity can also be logged at the time of the Client\u2019s Site visit, in order to improve the Client\u2019s experience, to construct user statistics, to provide an Account, to show customised advertising, to put security measures in place, and to adapt the site to its point of access. The Client may refuse the installation of cookies when visiting the Site for the first time, or they may delete them using the options permitted by their browser.<\/p>\n<p>Cookies of third parties, linked to social networks, can also be logged when social media functions of the Site are used.<\/p>\n<p>These cookies do not store any personal data, but can be used to identify the Client on the Site. They may only be used by Camac Harps.<\/p>\n<p>Cookies are used in:<\/p>\n<ul>\n<li>WPML<\/li>\n<li>WordPress Administration<\/li>\n<li>Cookiebar Save<\/li>\n<li>Google Analytics<\/li>\n<\/ul>\n<h3>Length of Personal Data Storage<\/h3>\n<p>Camac Harps will store personal data for the duration of the Account\u2019s active life, and will delete it when the aforementioned Account is deleted on request of the Client. Once the Account has been deleted, only personal data necessary for Order archives, communicating with Camac Harps, for bookkeeping or to respect Camac Harps\u2019s legal and regulatory obligations, may still be kept, in accordance with the laws applicable to this type of data.<\/p>\n<h3>Rights Appertaining to Personal Data<\/h3>\n<p>In accordance with current law, the Client has the right to access, delete and correct the data concerning them, as well as rights of limitation and opposition regarding the processing of their data. They also have the right to make directives about their personal data after their decease.<\/p>\n<p>To exercise their rights of deletion and opposition regarding the necessary data may hinder the client from benefiting from certain services offered by Camac Harps.<\/p>\n<p>If the Client wishes to exercise one of their rights, they may send an email or a postal letter to the following addresses: info@camac-harps.com or Camac Harps, Client Services, La Richerais, BP 15 &#8211; \u00a044850 Mouzeil, FRANCE, specifying \u201cDroit des personnes\u201d (rights of persons), and attaching a copy of their ID document.<br \/>\nFinally, the Client may address any complaint about the rights described above, to the CNIL at:<br \/>\nCNIL &#8211; 3 Place de Fontenoy &#8211; TSA 80715 &#8211; 75334 Paris Cedex 07, FRANCE.<\/p>\n<h3>Intellectual Property and Confidentiality<\/h3>\n<p>Everything communicated by Camac Harps on their Site or in the context of carrying out the Order, notably information in the technical product descriptions, may be protected by an intellectual property right under author rights, brands or patents. These are the exclusive property of these parties. The Client is not allowed to reproduce them, represent or change them, or to partially or wholly diffuse them, without prior, written authorisation by Harpes Camac\/Camac Harps. Any unauthorised use may constitute a crime of counterfeiting and be subject to legal action.<\/p>\n<p>Finally, every link made to the Camac Harps website must be authorised in advance and in writing by the latter. Camac Harps accept no responsibility for the content of these links. In any case, these hypertext links leading to the Harpes Camac\/Camac Harps company website must be removed at the first request.<\/p>\n","protected":false},"excerpt":{"rendered":"<p>Collected Personal Data The collected and saved personal data is that which is needed to make and carry out the order: notably, its delivery and possible return. This data is namely: the surname and first name of the Client, E-mail and postal addresses, and telephone number of the Client Camac Harps is also allowed to [&hellip;]<\/p>\n","protected":false},"author":1,"featured_media":0,"parent":0,"menu_order":16,"comment_status":"closed","ping_status":"closed","template":"","meta":{"_acf_changed":false,"footnotes":""},"class_list":["post-62","page","type-page","status-publish","hentry"],"acf":[],"yoast_head":"<title>Privacy Policy &amp; Cookies - Camac Harps Shop<\/title>\n<meta name=\"robots\" content=\"index, follow, max-snippet:-1, max-image-preview:large, max-video-preview:-1\" \/>\n<link rel=\"canonical\" href=\"https:\/\/shop.camac-harps.com\/en\/privacy\/\" \/>\n<meta property=\"og:locale\" content=\"en_US\" \/>\n<meta property=\"og:type\" content=\"article\" \/>\n<meta property=\"og:title\" content=\"Privacy Policy &amp; Cookies - Camac Harps Shop\" \/>\n<meta property=\"og:description\" content=\"Collected Personal Data The collected and saved personal data is that which is needed to make and carry out the order: notably, its delivery and possible return. This data is namely: the surname and first name of the Client, E-mail and postal addresses, and telephone number of the Client Camac Harps is also allowed to [&hellip;]\" \/>\n<meta property=\"og:url\" content=\"https:\/\/shop.camac-harps.com\/en\/privacy\/\" \/>\n<meta property=\"og:site_name\" content=\"Camac Harps Shop\" \/>\n<meta property=\"article:modified_time\" content=\"2023-12-30T15:08:31+00:00\" \/>\n<meta name=\"twitter:card\" content=\"summary_large_image\" \/>\n<meta name=\"twitter:label1\" content=\"Est. reading time\" \/>\n\t<meta name=\"twitter:data1\" content=\"5 minutes\" \/>\n<script type=\"application\/ld+json\" class=\"yoast-schema-graph\">{\"@context\":\"https:\/\/schema.org\",\"@graph\":[{\"@type\":\"WebPage\",\"@id\":\"https:\/\/shop.camac-harps.com\/en\/privacy\/\",\"url\":\"https:\/\/shop.camac-harps.com\/en\/privacy\/\",\"name\":\"Privacy Policy & Cookies - Camac Harps Shop\",\"isPartOf\":{\"@id\":\"https:\/\/shop.camac-harps.com\/en\/#website\"},\"datePublished\":\"2017-11-01T14:51:20+00:00\",\"dateModified\":\"2023-12-30T15:08:31+00:00\",\"breadcrumb\":{\"@id\":\"https:\/\/shop.camac-harps.com\/en\/privacy\/#breadcrumb\"},\"inLanguage\":\"en-US\",\"potentialAction\":[{\"@type\":\"ReadAction\",\"target\":[\"https:\/\/shop.camac-harps.com\/en\/privacy\/\"]}]},{\"@type\":\"BreadcrumbList\",\"@id\":\"https:\/\/shop.camac-harps.com\/en\/privacy\/#breadcrumb\",\"itemListElement\":[{\"@type\":\"ListItem\",\"position\":1,\"name\":\"Home\",\"item\":\"https:\/\/shop.camac-harps.com\/en\/\"},{\"@type\":\"ListItem\",\"position\":2,\"name\":\"Privacy Policy &#038; Cookies\"}]},{\"@type\":\"WebSite\",\"@id\":\"https:\/\/shop.camac-harps.com\/en\/#website\",\"url\":\"https:\/\/shop.camac-harps.com\/en\/\",\"name\":\"Camac Harps Shop\",\"description\":\"\",\"potentialAction\":[{\"@type\":\"SearchAction\",\"target\":{\"@type\":\"EntryPoint\",\"urlTemplate\":\"https:\/\/shop.camac-harps.com\/en\/?s={search_term_string}\"},\"query-input\":{\"@type\":\"PropertyValueSpecification\",\"valueRequired\":true,\"valueName\":\"search_term_string\"}}],\"inLanguage\":\"en-US\"}]}<\/script>","yoast_head_json":{"title":"Privacy Policy & Cookies - Camac Harps Shop","robots":{"index":"index","follow":"follow","max-snippet":"max-snippet:-1","max-image-preview":"max-image-preview:large","max-video-preview":"max-video-preview:-1"},"canonical":"https:\/\/shop.camac-harps.com\/en\/privacy\/","og_locale":"en_US","og_type":"article","og_title":"Privacy Policy & Cookies - Camac Harps Shop","og_description":"Collected Personal Data The collected and saved personal data is that which is needed to make and carry out the order: notably, its delivery and possible return. This data is namely: the surname and first name of the Client, E-mail and postal addresses, and telephone number of the Client Camac Harps is also allowed to [&hellip;]","og_url":"https:\/\/shop.camac-harps.com\/en\/privacy\/","og_site_name":"Camac Harps Shop","article_modified_time":"2023-12-30T15:08:31+00:00","twitter_card":"summary_large_image","twitter_misc":{"Est. reading time":"5 minutes"},"schema":{"@context":"https:\/\/schema.org","@graph":[{"@type":"WebPage","@id":"https:\/\/shop.camac-harps.com\/en\/privacy\/","url":"https:\/\/shop.camac-harps.com\/en\/privacy\/","name":"Privacy Policy & Cookies - Camac Harps Shop","isPartOf":{"@id":"https:\/\/shop.camac-harps.com\/en\/#website"},"datePublished":"2017-11-01T14:51:20+00:00","dateModified":"2023-12-30T15:08:31+00:00","breadcrumb":{"@id":"https:\/\/shop.camac-harps.com\/en\/privacy\/#breadcrumb"},"inLanguage":"en-US","potentialAction":[{"@type":"ReadAction","target":["https:\/\/shop.camac-harps.com\/en\/privacy\/"]}]},{"@type":"BreadcrumbList","@id":"https:\/\/shop.camac-harps.com\/en\/privacy\/#breadcrumb","itemListElement":[{"@type":"ListItem","position":1,"name":"Home","item":"https:\/\/shop.camac-harps.com\/en\/"},{"@type":"ListItem","position":2,"name":"Privacy Policy &#038; Cookies"}]},{"@type":"WebSite","@id":"https:\/\/shop.camac-harps.com\/en\/#website","url":"https:\/\/shop.camac-harps.com\/en\/","name":"Camac Harps Shop","description":"","potentialAction":[{"@type":"SearchAction","target":{"@type":"EntryPoint","urlTemplate":"https:\/\/shop.camac-harps.com\/en\/?s={search_term_string}"},"query-input":{"@type":"PropertyValueSpecification","valueRequired":true,"valueName":"search_term_string"}}],"inLanguage":"en-US"}]}},"_links":{"self":[{"href":"https:\/\/shop.camac-harps.com\/en\/wp-json\/wp\/v2\/pages\/62","targetHints":{"allow":["GET"]}}],"collection":[{"href":"https:\/\/shop.camac-harps.com\/en\/wp-json\/wp\/v2\/pages"}],"about":[{"href":"https:\/\/shop.camac-harps.com\/en\/wp-json\/wp\/v2\/types\/page"}],"author":[{"embeddable":true,"href":"https:\/\/shop.camac-harps.com\/en\/wp-json\/wp\/v2\/users\/1"}],"replies":[{"embeddable":true,"href":"https:\/\/shop.camac-harps.com\/en\/wp-json\/wp\/v2\/comments?post=62"}],"version-history":[{"count":8,"href":"https:\/\/shop.camac-harps.com\/en\/wp-json\/wp\/v2\/pages\/62\/revisions"}],"predecessor-version":[{"id":21419,"href":"https:\/\/shop.camac-harps.com\/en\/wp-json\/wp\/v2\/pages\/62\/revisions\/21419"}],"wp:attachment":[{"href":"https:\/\/shop.camac-harps.com\/en\/wp-json\/wp\/v2\/media?parent=62"}],"curies":[{"name":"wp","href":"https:\/\/api.w.org\/{rel}","templated":true}]}}