{"id":11688,"date":"2018-07-06T10:42:39","date_gmt":"2018-07-06T10:42:39","guid":{"rendered":"https:\/\/shop.camac-harps.com\/product\/etcheverry-maite-a-travers-nos-provinces\/"},"modified":"2024-11-07T15:20:49","modified_gmt":"2024-11-07T15:20:49","slug":"etcheverry-maite-a-travers-nos-provinces","status":"publish","type":"product","link":"https:\/\/shop.camac-harps.com\/en\/product\/etcheverry-maite-a-travers-nos-provinces\/","title":{"rendered":"ETCHEVERRY Ma\u00efte : A travers nos provinces"},"content":{"rendered":"<p>Aurillac waltz ;<br \/>Scottish des Landes ;<br \/>Ronde proven\u00e7ale ;<br \/>Polka du P\u00e9rigord ;<br \/>Larid\u00e9 ;<br \/>Fandango ;<br \/>Bourr\u00e9e ;<br \/>Basque lullaby ;<br \/>Au del\u00e0 des monts (lullaby) ;<br \/>Andro de Pluherlin.<\/p>\n","protected":false},"excerpt":{"rendered":"<p>Aurillac waltz ;Scottish des Landes ;Ronde proven\u00e7ale ;Polka du P\u00e9rigord ;Larid\u00e9 ;Fandango ;Bourr\u00e9e ;Basque lullaby ;Au del\u00e0 des monts (lullaby) ;Andro de Pluherlin.<\/p>\n","protected":false},"featured_media":1666,"comment_status":"open","ping_status":"closed","template":"","meta":{"_acf_changed":false},"product_brand":[],"product_cat":[34,109,46],"product_tag":[],"class_list":{"0":"post-11688","1":"product","2":"type-product","3":"status-publish","4":"has-post-thumbnail","6":"product_cat-harp-sheet-music","7":"product_cat-lever-harp-sheet-music","8":"product_cat-pedal-harp-solos","10":"first","11":"instock","12":"taxable","13":"shipping-taxable","14":"purchasable","15":"product-type-simple"},"acf":[],"yoast_head":"<title>ETCHEVERRY Ma\u00efte : A travers nos provinces - Camac Harps Shop<\/title>\n<meta name=\"robots\" content=\"index, follow, max-snippet:-1, max-image-preview:large, max-video-preview:-1\" \/>\n<link rel=\"canonical\" href=\"https:\/\/shop.camac-harps.com\/en\/product\/etcheverry-maite-a-travers-nos-provinces\/\" \/>\n<meta property=\"og:locale\" content=\"en_US\" \/>\n<meta property=\"og:type\" content=\"article\" \/>\n<meta property=\"og:title\" content=\"ETCHEVERRY Ma\u00efte : A travers nos provinces - Camac Harps Shop\" \/>\n<meta property=\"og:description\" content=\"Aurillac waltz ;Scottish des Landes ;Ronde proven\u00e7ale ;Polka du P\u00e9rigord ;Larid\u00e9 ;Fandango ;Bourr\u00e9e ;Basque lullaby ;Au del\u00e0 des monts (lullaby) ;Andro de Pluherlin.\" \/>\n<meta property=\"og:url\" content=\"https:\/\/shop.camac-harps.com\/en\/product\/etcheverry-maite-a-travers-nos-provinces\/\" \/>\n<meta property=\"og:site_name\" content=\"Camac Harps Shop\" \/>\n<meta property=\"article:modified_time\" content=\"2024-11-07T15:20:49+00:00\" \/>\n<meta property=\"og:image\" content=\"https:\/\/shop.camac-harps.com\/wp-content\/uploads\/sites\/25\/2018\/07\/eym06.jpg\" \/>\n\t<meta property=\"og:image:width\" content=\"423\" \/>\n\t<meta property=\"og:image:height\" content=\"600\" \/>\n\t<meta property=\"og:image:type\" content=\"image\/jpeg\" \/>\n<meta name=\"twitter:card\" content=\"summary_large_image\" \/>\n<script type=\"application\/ld+json\" class=\"yoast-schema-graph\">{\"@context\":\"https:\/\/schema.org\",\"@graph\":[{\"@type\":\"WebPage\",\"@id\":\"https:\/\/shop.camac-harps.com\/en\/product\/etcheverry-maite-a-travers-nos-provinces\/\",\"url\":\"https:\/\/shop.camac-harps.com\/en\/product\/etcheverry-maite-a-travers-nos-provinces\/\",\"name\":\"ETCHEVERRY Ma\u00efte : A travers nos provinces - Camac Harps Shop\",\"isPartOf\":{\"@id\":\"https:\/\/shop.camac-harps.com\/en\/#website\"},\"primaryImageOfPage\":{\"@id\":\"https:\/\/shop.camac-harps.com\/en\/product\/etcheverry-maite-a-travers-nos-provinces\/#primaryimage\"},\"image\":{\"@id\":\"https:\/\/shop.camac-harps.com\/en\/product\/etcheverry-maite-a-travers-nos-provinces\/#primaryimage\"},\"thumbnailUrl\":\"https:\/\/shop.camac-harps.com\/wp-content\/uploads\/sites\/25\/2018\/07\/eym06.jpg\",\"datePublished\":\"2018-07-06T10:42:39+00:00\",\"dateModified\":\"2024-11-07T15:20:49+00:00\",\"breadcrumb\":{\"@id\":\"https:\/\/shop.camac-harps.com\/en\/product\/etcheverry-maite-a-travers-nos-provinces\/#breadcrumb\"},\"inLanguage\":\"en-US\",\"potentialAction\":[{\"@type\":\"ReadAction\",\"target\":[\"https:\/\/shop.camac-harps.com\/en\/product\/etcheverry-maite-a-travers-nos-provinces\/\"]}]},{\"@type\":\"ImageObject\",\"inLanguage\":\"en-US\",\"@id\":\"https:\/\/shop.camac-harps.com\/en\/product\/etcheverry-maite-a-travers-nos-provinces\/#primaryimage\",\"url\":\"https:\/\/shop.camac-harps.com\/wp-content\/uploads\/sites\/25\/2018\/07\/eym06.jpg\",\"contentUrl\":\"https:\/\/shop.camac-harps.com\/wp-content\/uploads\/sites\/25\/2018\/07\/eym06.jpg\",\"width\":423,\"height\":600},{\"@type\":\"BreadcrumbList\",\"@id\":\"https:\/\/shop.camac-harps.com\/en\/product\/etcheverry-maite-a-travers-nos-provinces\/#breadcrumb\",\"itemListElement\":[{\"@type\":\"ListItem\",\"position\":1,\"name\":\"Home\",\"item\":\"https:\/\/shop.camac-harps.com\/en\/\"},{\"@type\":\"ListItem\",\"position\":2,\"name\":\"Homepage\",\"item\":\"https:\/\/shop.camac-harps.com\/en\/\"},{\"@type\":\"ListItem\",\"position\":3,\"name\":\"ETCHEVERRY Ma\u00efte : A travers nos provinces\"}]},{\"@type\":\"WebSite\",\"@id\":\"https:\/\/shop.camac-harps.com\/en\/#website\",\"url\":\"https:\/\/shop.camac-harps.com\/en\/\",\"name\":\"Camac Harps Shop\",\"description\":\"\",\"potentialAction\":[{\"@type\":\"SearchAction\",\"target\":{\"@type\":\"EntryPoint\",\"urlTemplate\":\"https:\/\/shop.camac-harps.com\/en\/?s={search_term_string}\"},\"query-input\":{\"@type\":\"PropertyValueSpecification\",\"valueRequired\":true,\"valueName\":\"search_term_string\"}}],\"inLanguage\":\"en-US\"}]}<\/script>","yoast_head_json":{"title":"ETCHEVERRY Ma\u00efte : A travers nos provinces - Camac Harps Shop","robots":{"index":"index","follow":"follow","max-snippet":"max-snippet:-1","max-image-preview":"max-image-preview:large","max-video-preview":"max-video-preview:-1"},"canonical":"https:\/\/shop.camac-harps.com\/en\/product\/etcheverry-maite-a-travers-nos-provinces\/","og_locale":"en_US","og_type":"article","og_title":"ETCHEVERRY Ma\u00efte : A travers nos provinces - Camac Harps Shop","og_description":"Aurillac waltz ;Scottish des Landes ;Ronde proven\u00e7ale ;Polka du P\u00e9rigord ;Larid\u00e9 ;Fandango ;Bourr\u00e9e ;Basque lullaby ;Au del\u00e0 des monts (lullaby) ;Andro de Pluherlin.","og_url":"https:\/\/shop.camac-harps.com\/en\/product\/etcheverry-maite-a-travers-nos-provinces\/","og_site_name":"Camac Harps Shop","article_modified_time":"2024-11-07T15:20:49+00:00","og_image":[{"width":423,"height":600,"url":"https:\/\/shop.camac-harps.com\/wp-content\/uploads\/sites\/25\/2018\/07\/eym06.jpg","type":"image\/jpeg"}],"twitter_card":"summary_large_image","schema":{"@context":"https:\/\/schema.org","@graph":[{"@type":"WebPage","@id":"https:\/\/shop.camac-harps.com\/en\/product\/etcheverry-maite-a-travers-nos-provinces\/","url":"https:\/\/shop.camac-harps.com\/en\/product\/etcheverry-maite-a-travers-nos-provinces\/","name":"ETCHEVERRY Ma\u00efte : A travers nos provinces - Camac Harps Shop","isPartOf":{"@id":"https:\/\/shop.camac-harps.com\/en\/#website"},"primaryImageOfPage":{"@id":"https:\/\/shop.camac-harps.com\/en\/product\/etcheverry-maite-a-travers-nos-provinces\/#primaryimage"},"image":{"@id":"https:\/\/shop.camac-harps.com\/en\/product\/etcheverry-maite-a-travers-nos-provinces\/#primaryimage"},"thumbnailUrl":"https:\/\/shop.camac-harps.com\/wp-content\/uploads\/sites\/25\/2018\/07\/eym06.jpg","datePublished":"2018-07-06T10:42:39+00:00","dateModified":"2024-11-07T15:20:49+00:00","breadcrumb":{"@id":"https:\/\/shop.camac-harps.com\/en\/product\/etcheverry-maite-a-travers-nos-provinces\/#breadcrumb"},"inLanguage":"en-US","potentialAction":[{"@type":"ReadAction","target":["https:\/\/shop.camac-harps.com\/en\/product\/etcheverry-maite-a-travers-nos-provinces\/"]}]},{"@type":"ImageObject","inLanguage":"en-US","@id":"https:\/\/shop.camac-harps.com\/en\/product\/etcheverry-maite-a-travers-nos-provinces\/#primaryimage","url":"https:\/\/shop.camac-harps.com\/wp-content\/uploads\/sites\/25\/2018\/07\/eym06.jpg","contentUrl":"https:\/\/shop.camac-harps.com\/wp-content\/uploads\/sites\/25\/2018\/07\/eym06.jpg","width":423,"height":600},{"@type":"BreadcrumbList","@id":"https:\/\/shop.camac-harps.com\/en\/product\/etcheverry-maite-a-travers-nos-provinces\/#breadcrumb","itemListElement":[{"@type":"ListItem","position":1,"name":"Home","item":"https:\/\/shop.camac-harps.com\/en\/"},{"@type":"ListItem","position":2,"name":"Homepage","item":"https:\/\/shop.camac-harps.com\/en\/"},{"@type":"ListItem","position":3,"name":"ETCHEVERRY Ma\u00efte : A travers nos provinces"}]},{"@type":"WebSite","@id":"https:\/\/shop.camac-harps.com\/en\/#website","url":"https:\/\/shop.camac-harps.com\/en\/","name":"Camac Harps Shop","description":"","potentialAction":[{"@type":"SearchAction","target":{"@type":"EntryPoint","urlTemplate":"https:\/\/shop.camac-harps.com\/en\/?s={search_term_string}"},"query-input":{"@type":"PropertyValueSpecification","valueRequired":true,"valueName":"search_term_string"}}],"inLanguage":"en-US"}]}},"_links":{"self":[{"href":"https:\/\/shop.camac-harps.com\/en\/wp-json\/wp\/v2\/product\/11688","targetHints":{"allow":["GET"]}}],"collection":[{"href":"https:\/\/shop.camac-harps.com\/en\/wp-json\/wp\/v2\/product"}],"about":[{"href":"https:\/\/shop.camac-harps.com\/en\/wp-json\/wp\/v2\/types\/product"}],"replies":[{"embeddable":true,"href":"https:\/\/shop.camac-harps.com\/en\/wp-json\/wp\/v2\/comments?post=11688"}],"wp:featuredmedia":[{"embeddable":true,"href":"https:\/\/shop.camac-harps.com\/en\/wp-json\/wp\/v2\/media\/1666"}],"wp:attachment":[{"href":"https:\/\/shop.camac-harps.com\/en\/wp-json\/wp\/v2\/media?parent=11688"}],"wp:term":[{"taxonomy":"product_brand","embeddable":true,"href":"https:\/\/shop.camac-harps.com\/en\/wp-json\/wp\/v2\/product_brand?post=11688"},{"taxonomy":"product_cat","embeddable":true,"href":"https:\/\/shop.camac-harps.com\/en\/wp-json\/wp\/v2\/product_cat?post=11688"},{"taxonomy":"product_tag","embeddable":true,"href":"https:\/\/shop.camac-harps.com\/en\/wp-json\/wp\/v2\/product_tag?post=11688"}],"curies":[{"name":"wp","href":"https:\/\/api.w.org\/{rel}","templated":true}]}}