{"id":29942,"date":"2020-06-22T21:02:27","date_gmt":"2020-06-22T21:02:27","guid":{"rendered":"https:\/\/shop.camac-harps.com\/product\/dvorak-antonin-slavonic-dance-op-72-no-2-transcription-by-barbora-placha\/"},"modified":"2024-11-07T15:02:46","modified_gmt":"2024-11-07T15:02:46","slug":"dvorak-antonin-slavonic-dance-op-72-no-2-transcription-by-barbora-placha","status":"publish","type":"product","link":"https:\/\/shop.camac-harps.com\/en\/product\/dvorak-antonin-slavonic-dance-op-72-no-2-transcription-by-barbora-placha\/","title":{"rendered":"DVORAK Anton\u00edn: Slavonic Dance op. 72 no. 2, transcription by Barbora PLACHA"},"content":{"rendered":"<p style=\"text-align: justify;\"><a href=\"https:\/\/en.wikipedia.org\/wiki\/Anton%C3%ADn_Dvo%C5%99%C3%A1k\" target=\"_blank\" rel=\"noopener noreferrer\">Anton\u00edn Dvo\u0159\u00e1k<\/a> freely incorporated Czech folk elements into his music, and the Slavonic Dances are some of the most famous examples. It was <a href=\"https:\/\/en.wikipedia.org\/wiki\/Johannes_Brahms\" target=\"_blank\" rel=\"noopener noreferrer\">Brahms<\/a> who, impressed by Dvo\u0159\u00e1k, recommended him to his publisher, Simrock. Simrock &#8211; aware that Brahms&#8217;s Hungarian Dances had sold well &#8211; commissioned the first set of Slavonic Dances (op. 46) from Dvo\u0159\u00e1k in 1878. They were so successful that Dvo\u0159\u00e1k became famous almost overnight. The second set of Slavonic Dances op. 72 followed, in 1886. As Brahms did with the Hungarian Dances, Dvo\u0159\u00e1k also promptly orchestrated them both, in an interesting trajectory from folk source to orchestral show-stopper.<\/p>\n<p style=\"text-align: justify;\">Op. 72 is dominated by melodies from neighbouring Slavic countries, and is more lyrical and reflective than the exuberant op. 46. The second dance&#8217;s melody reappears, seven years later, in the American String Quartet.<\/p>\n","protected":false},"excerpt":{"rendered":"<p>Anton\u00edn Dvo\u0159\u00e1k freely incorporated Czech folk elements into his music, and the Slavonic Dances are some of the most famous examples. It was Brahms who, impressed by Dvo\u0159\u00e1k, recommended him to his publisher, Simrock. Simrock &#8211; aware that Brahms&#8217;s Hungarian Dances had sold well &#8211; commissioned the first set of Slavonic Dances (op. 46) from [&hellip;]<\/p>\n","protected":false},"featured_media":29937,"comment_status":"open","ping_status":"closed","template":"","meta":{"_acf_changed":false},"product_brand":[],"product_cat":[34,46],"product_tag":[],"class_list":{"0":"post-29942","1":"product","2":"type-product","3":"status-publish","4":"has-post-thumbnail","6":"product_cat-harp-sheet-music","7":"product_cat-pedal-harp-solos","9":"first","10":"outofstock","11":"taxable","12":"shipping-taxable","13":"purchasable","14":"product-type-simple"},"acf":[],"yoast_head":"<title>DVORAK Anton\u00edn: Slavonic Dance op. 72 no. 2, transcription by Barbora PLACHA - Camac Harps Shop<\/title>\n<meta name=\"robots\" content=\"index, follow, max-snippet:-1, max-image-preview:large, max-video-preview:-1\" \/>\n<link rel=\"canonical\" href=\"https:\/\/shop.camac-harps.com\/en\/product\/dvorak-antonin-slavonic-dance-op-72-no-2-transcription-by-barbora-placha\/\" \/>\n<meta property=\"og:locale\" content=\"en_US\" \/>\n<meta property=\"og:type\" content=\"article\" \/>\n<meta property=\"og:title\" content=\"DVORAK Anton\u00edn: Slavonic Dance op. 72 no. 2, transcription by Barbora PLACHA - Camac Harps Shop\" \/>\n<meta property=\"og:description\" content=\"Anton\u00edn Dvo\u0159\u00e1k freely incorporated Czech folk elements into his music, and the Slavonic Dances are some of the most famous examples. It was Brahms who, impressed by Dvo\u0159\u00e1k, recommended him to his publisher, Simrock. Simrock &#8211; aware that Brahms&#8217;s Hungarian Dances had sold well &#8211; commissioned the first set of Slavonic Dances (op. 46) from [&hellip;]\" \/>\n<meta property=\"og:url\" content=\"https:\/\/shop.camac-harps.com\/en\/product\/dvorak-antonin-slavonic-dance-op-72-no-2-transcription-by-barbora-placha\/\" \/>\n<meta property=\"og:site_name\" content=\"Camac Harps Shop\" \/>\n<meta property=\"article:modified_time\" content=\"2024-11-07T15:02:46+00:00\" \/>\n<meta property=\"og:image\" content=\"https:\/\/shop.camac-harps.com\/wp-content\/uploads\/sites\/25\/2020\/06\/dan04-scaled.jpg\" \/>\n\t<meta property=\"og:image:width\" content=\"1803\" \/>\n\t<meta property=\"og:image:height\" content=\"2560\" \/>\n\t<meta property=\"og:image:type\" content=\"image\/jpeg\" \/>\n<meta name=\"twitter:card\" content=\"summary_large_image\" \/>\n<meta name=\"twitter:label1\" content=\"Est. reading time\" \/>\n\t<meta name=\"twitter:data1\" content=\"1 minute\" \/>\n<script type=\"application\/ld+json\" class=\"yoast-schema-graph\">{\"@context\":\"https:\/\/schema.org\",\"@graph\":[{\"@type\":\"WebPage\",\"@id\":\"https:\/\/shop.camac-harps.com\/en\/product\/dvorak-antonin-slavonic-dance-op-72-no-2-transcription-by-barbora-placha\/\",\"url\":\"https:\/\/shop.camac-harps.com\/en\/product\/dvorak-antonin-slavonic-dance-op-72-no-2-transcription-by-barbora-placha\/\",\"name\":\"DVORAK Anton\u00edn: Slavonic Dance op. 72 no. 2, transcription by Barbora PLACHA - Camac Harps Shop\",\"isPartOf\":{\"@id\":\"https:\/\/shop.camac-harps.com\/en\/#website\"},\"primaryImageOfPage\":{\"@id\":\"https:\/\/shop.camac-harps.com\/en\/product\/dvorak-antonin-slavonic-dance-op-72-no-2-transcription-by-barbora-placha\/#primaryimage\"},\"image\":{\"@id\":\"https:\/\/shop.camac-harps.com\/en\/product\/dvorak-antonin-slavonic-dance-op-72-no-2-transcription-by-barbora-placha\/#primaryimage\"},\"thumbnailUrl\":\"https:\/\/shop.camac-harps.com\/wp-content\/uploads\/sites\/25\/2020\/06\/dan04-scaled.jpg\",\"datePublished\":\"2020-06-22T21:02:27+00:00\",\"dateModified\":\"2024-11-07T15:02:46+00:00\",\"breadcrumb\":{\"@id\":\"https:\/\/shop.camac-harps.com\/en\/product\/dvorak-antonin-slavonic-dance-op-72-no-2-transcription-by-barbora-placha\/#breadcrumb\"},\"inLanguage\":\"en-US\",\"potentialAction\":[{\"@type\":\"ReadAction\",\"target\":[\"https:\/\/shop.camac-harps.com\/en\/product\/dvorak-antonin-slavonic-dance-op-72-no-2-transcription-by-barbora-placha\/\"]}]},{\"@type\":\"ImageObject\",\"inLanguage\":\"en-US\",\"@id\":\"https:\/\/shop.camac-harps.com\/en\/product\/dvorak-antonin-slavonic-dance-op-72-no-2-transcription-by-barbora-placha\/#primaryimage\",\"url\":\"https:\/\/shop.camac-harps.com\/wp-content\/uploads\/sites\/25\/2020\/06\/dan04-scaled.jpg\",\"contentUrl\":\"https:\/\/shop.camac-harps.com\/wp-content\/uploads\/sites\/25\/2020\/06\/dan04-scaled.jpg\",\"width\":1803,\"height\":2560,\"caption\":\"DVORAK Anton\u00edn: Slavonic Dance op. 72 no. 2, transcription by Barbora PLACHA\"},{\"@type\":\"BreadcrumbList\",\"@id\":\"https:\/\/shop.camac-harps.com\/en\/product\/dvorak-antonin-slavonic-dance-op-72-no-2-transcription-by-barbora-placha\/#breadcrumb\",\"itemListElement\":[{\"@type\":\"ListItem\",\"position\":1,\"name\":\"Home\",\"item\":\"https:\/\/shop.camac-harps.com\/en\/\"},{\"@type\":\"ListItem\",\"position\":2,\"name\":\"Homepage\",\"item\":\"https:\/\/shop.camac-harps.com\/en\/\"},{\"@type\":\"ListItem\",\"position\":3,\"name\":\"DVORAK Anton\u00edn: Slavonic Dance op. 72 no. 2, transcription by Barbora PLACHA\"}]},{\"@type\":\"WebSite\",\"@id\":\"https:\/\/shop.camac-harps.com\/en\/#website\",\"url\":\"https:\/\/shop.camac-harps.com\/en\/\",\"name\":\"Camac Harps Shop\",\"description\":\"\",\"potentialAction\":[{\"@type\":\"SearchAction\",\"target\":{\"@type\":\"EntryPoint\",\"urlTemplate\":\"https:\/\/shop.camac-harps.com\/en\/?s={search_term_string}\"},\"query-input\":{\"@type\":\"PropertyValueSpecification\",\"valueRequired\":true,\"valueName\":\"search_term_string\"}}],\"inLanguage\":\"en-US\"}]}<\/script>","yoast_head_json":{"title":"DVORAK Anton\u00edn: Slavonic Dance op. 72 no. 2, transcription by Barbora PLACHA - Camac Harps Shop","robots":{"index":"index","follow":"follow","max-snippet":"max-snippet:-1","max-image-preview":"max-image-preview:large","max-video-preview":"max-video-preview:-1"},"canonical":"https:\/\/shop.camac-harps.com\/en\/product\/dvorak-antonin-slavonic-dance-op-72-no-2-transcription-by-barbora-placha\/","og_locale":"en_US","og_type":"article","og_title":"DVORAK Anton\u00edn: Slavonic Dance op. 72 no. 2, transcription by Barbora PLACHA - Camac Harps Shop","og_description":"Anton\u00edn Dvo\u0159\u00e1k freely incorporated Czech folk elements into his music, and the Slavonic Dances are some of the most famous examples. It was Brahms who, impressed by Dvo\u0159\u00e1k, recommended him to his publisher, Simrock. Simrock &#8211; aware that Brahms&#8217;s Hungarian Dances had sold well &#8211; commissioned the first set of Slavonic Dances (op. 46) from [&hellip;]","og_url":"https:\/\/shop.camac-harps.com\/en\/product\/dvorak-antonin-slavonic-dance-op-72-no-2-transcription-by-barbora-placha\/","og_site_name":"Camac Harps Shop","article_modified_time":"2024-11-07T15:02:46+00:00","og_image":[{"width":1803,"height":2560,"url":"https:\/\/shop.camac-harps.com\/wp-content\/uploads\/sites\/25\/2020\/06\/dan04-scaled.jpg","type":"image\/jpeg"}],"twitter_card":"summary_large_image","twitter_misc":{"Est. reading time":"1 minute"},"schema":{"@context":"https:\/\/schema.org","@graph":[{"@type":"WebPage","@id":"https:\/\/shop.camac-harps.com\/en\/product\/dvorak-antonin-slavonic-dance-op-72-no-2-transcription-by-barbora-placha\/","url":"https:\/\/shop.camac-harps.com\/en\/product\/dvorak-antonin-slavonic-dance-op-72-no-2-transcription-by-barbora-placha\/","name":"DVORAK Anton\u00edn: Slavonic Dance op. 72 no. 2, transcription by Barbora PLACHA - Camac Harps Shop","isPartOf":{"@id":"https:\/\/shop.camac-harps.com\/en\/#website"},"primaryImageOfPage":{"@id":"https:\/\/shop.camac-harps.com\/en\/product\/dvorak-antonin-slavonic-dance-op-72-no-2-transcription-by-barbora-placha\/#primaryimage"},"image":{"@id":"https:\/\/shop.camac-harps.com\/en\/product\/dvorak-antonin-slavonic-dance-op-72-no-2-transcription-by-barbora-placha\/#primaryimage"},"thumbnailUrl":"https:\/\/shop.camac-harps.com\/wp-content\/uploads\/sites\/25\/2020\/06\/dan04-scaled.jpg","datePublished":"2020-06-22T21:02:27+00:00","dateModified":"2024-11-07T15:02:46+00:00","breadcrumb":{"@id":"https:\/\/shop.camac-harps.com\/en\/product\/dvorak-antonin-slavonic-dance-op-72-no-2-transcription-by-barbora-placha\/#breadcrumb"},"inLanguage":"en-US","potentialAction":[{"@type":"ReadAction","target":["https:\/\/shop.camac-harps.com\/en\/product\/dvorak-antonin-slavonic-dance-op-72-no-2-transcription-by-barbora-placha\/"]}]},{"@type":"ImageObject","inLanguage":"en-US","@id":"https:\/\/shop.camac-harps.com\/en\/product\/dvorak-antonin-slavonic-dance-op-72-no-2-transcription-by-barbora-placha\/#primaryimage","url":"https:\/\/shop.camac-harps.com\/wp-content\/uploads\/sites\/25\/2020\/06\/dan04-scaled.jpg","contentUrl":"https:\/\/shop.camac-harps.com\/wp-content\/uploads\/sites\/25\/2020\/06\/dan04-scaled.jpg","width":1803,"height":2560,"caption":"DVORAK Anton\u00edn: Slavonic Dance op. 72 no. 2, transcription by Barbora PLACHA"},{"@type":"BreadcrumbList","@id":"https:\/\/shop.camac-harps.com\/en\/product\/dvorak-antonin-slavonic-dance-op-72-no-2-transcription-by-barbora-placha\/#breadcrumb","itemListElement":[{"@type":"ListItem","position":1,"name":"Home","item":"https:\/\/shop.camac-harps.com\/en\/"},{"@type":"ListItem","position":2,"name":"Homepage","item":"https:\/\/shop.camac-harps.com\/en\/"},{"@type":"ListItem","position":3,"name":"DVORAK Anton\u00edn: Slavonic Dance op. 72 no. 2, transcription by Barbora PLACHA"}]},{"@type":"WebSite","@id":"https:\/\/shop.camac-harps.com\/en\/#website","url":"https:\/\/shop.camac-harps.com\/en\/","name":"Camac Harps Shop","description":"","potentialAction":[{"@type":"SearchAction","target":{"@type":"EntryPoint","urlTemplate":"https:\/\/shop.camac-harps.com\/en\/?s={search_term_string}"},"query-input":{"@type":"PropertyValueSpecification","valueRequired":true,"valueName":"search_term_string"}}],"inLanguage":"en-US"}]}},"_links":{"self":[{"href":"https:\/\/shop.camac-harps.com\/en\/wp-json\/wp\/v2\/product\/29942","targetHints":{"allow":["GET"]}}],"collection":[{"href":"https:\/\/shop.camac-harps.com\/en\/wp-json\/wp\/v2\/product"}],"about":[{"href":"https:\/\/shop.camac-harps.com\/en\/wp-json\/wp\/v2\/types\/product"}],"replies":[{"embeddable":true,"href":"https:\/\/shop.camac-harps.com\/en\/wp-json\/wp\/v2\/comments?post=29942"}],"wp:featuredmedia":[{"embeddable":true,"href":"https:\/\/shop.camac-harps.com\/en\/wp-json\/wp\/v2\/media\/29937"}],"wp:attachment":[{"href":"https:\/\/shop.camac-harps.com\/en\/wp-json\/wp\/v2\/media?parent=29942"}],"wp:term":[{"taxonomy":"product_brand","embeddable":true,"href":"https:\/\/shop.camac-harps.com\/en\/wp-json\/wp\/v2\/product_brand?post=29942"},{"taxonomy":"product_cat","embeddable":true,"href":"https:\/\/shop.camac-harps.com\/en\/wp-json\/wp\/v2\/product_cat?post=29942"},{"taxonomy":"product_tag","embeddable":true,"href":"https:\/\/shop.camac-harps.com\/en\/wp-json\/wp\/v2\/product_tag?post=29942"}],"curies":[{"name":"wp","href":"https:\/\/api.w.org\/{rel}","templated":true}]}}