{"id":36783,"date":"2021-02-22T11:41:45","date_gmt":"2021-02-22T11:41:45","guid":{"rendered":"https:\/\/shop.camac-harps.com\/product\/janet-harbison-by-strangford-water\/"},"modified":"2025-02-14T16:48:28","modified_gmt":"2025-02-14T16:48:28","slug":"janet-harbison-by-strangford-water","status":"publish","type":"product","link":"https:\/\/shop.camac-harps.com\/en\/product\/janet-harbison-by-strangford-water\/","title":{"rendered":"Janet Harbison: By Strangford Water"},"content":{"rendered":"<p style=\"text-align: justify;\">Immerse yourself in the world of the Irish harp with Janet Harbison&#8217;s beautiful and very personal album, released in 2020. Each track on the album has a story behind it, included in the sleeve notes. These include &#8220;Farewell Jo\u00ebl&#8221;, Janet&#8217;s tribute to Camac founder Jo\u00ebl Garnier. It was Jo\u00ebl who began designing the harp we made with Janet, which bears her name and which can now be found all over the world.<\/p>\n<p style=\"text-align: justify;\">Jo\u00ebl did not live to see the harp finished. Janet composed this tribute to him &#8220;in gratitude for his love, support and generosity.&#8221;<\/p>\n<p style=\"text-align: justify;\">Another story is that of Strangford Water itself, the title track of this album. \u201cStrangford is the loch just south of Belfast\u201d, says Janet. \u201cIt\u2019s actually a tidal loch full of amazing wildlife, and it\u2019s a protected world nature site. This tune was a gift for the eightieth birthday of my professor at the Institute of Irish Studies. He said that at the age of eighty, he wanted to sit in his chair peacefully and watch the tide ebb and flow, while waiting on the geese in the Spring. So this is about painting a picture of Strangford Loch in sound. It\u2019s gentle water, and full of beauty, fertility and flow.\u201d This piece will be the title track of Janet\u2019s forthcoming album, that should be launched in October.<\/p>\n<p style=\"text-align: justify;\"><a href=\"https:\/\/shop.camac-harps.com\/en\/product\/harbison-janet-by-strangford-water-sheet-music-book\/\">A book of sheet music<\/a> is available to accompany this CD.<\/p>\n","protected":false},"excerpt":{"rendered":"<p>Immerse yourself in the world of the Irish harp with Janet Harbison&#8217;s beautiful and very personal album, released in 2020. Each track on the album has a story behind it, included in the sleeve notes. These include &#8220;Farewell Jo\u00ebl&#8221;, Janet&#8217;s tribute to Camac founder Jo\u00ebl Garnier. It was Jo\u00ebl who began designing the harp we [&hellip;]<\/p>\n","protected":false},"featured_media":36781,"comment_status":"open","ping_status":"closed","template":"","meta":{"_acf_changed":false},"product_brand":[],"product_cat":[367,97],"product_tag":[],"class_list":{"0":"post-36783","1":"product","2":"type-product","3":"status-publish","4":"has-post-thumbnail","6":"product_cat-cds","7":"product_cat-cds-dvds","9":"first","10":"instock","11":"taxable","12":"shipping-taxable","13":"purchasable","14":"product-type-simple"},"acf":[],"yoast_head":"<title>Irish harp music | Janet Harbison: By Strangford Water<\/title>\n<meta name=\"description\" content=\"Immerse yourself in the world of the Irish harp with Janet Harbison&#039;s beautiful and very personal album | Available from the Camac webshop.\" \/>\n<meta name=\"robots\" content=\"index, follow, max-snippet:-1, max-image-preview:large, max-video-preview:-1\" \/>\n<link rel=\"canonical\" href=\"https:\/\/shop.camac-harps.com\/en\/product\/janet-harbison-by-strangford-water\/\" \/>\n<meta property=\"og:locale\" content=\"en_US\" \/>\n<meta property=\"og:type\" content=\"article\" \/>\n<meta property=\"og:title\" content=\"Irish harp music | Janet Harbison: By Strangford Water\" \/>\n<meta property=\"og:description\" content=\"Immerse yourself in the world of the Irish harp with Janet Harbison&#039;s beautiful and very personal album | Available from the Camac webshop.\" \/>\n<meta property=\"og:url\" content=\"https:\/\/shop.camac-harps.com\/en\/product\/janet-harbison-by-strangford-water\/\" \/>\n<meta property=\"og:site_name\" content=\"Camac Harps Shop\" \/>\n<meta property=\"article:modified_time\" content=\"2025-02-14T16:48:28+00:00\" \/>\n<meta property=\"og:image\" content=\"https:\/\/shop.camac-harps.com\/wp-content\/uploads\/sites\/25\/2021\/02\/cdhnj08.jpg\" \/>\n\t<meta property=\"og:image:width\" content=\"700\" \/>\n\t<meta property=\"og:image:height\" content=\"700\" \/>\n\t<meta property=\"og:image:type\" content=\"image\/jpeg\" \/>\n<meta name=\"twitter:card\" content=\"summary_large_image\" \/>\n<meta name=\"twitter:label1\" content=\"Est. reading time\" \/>\n\t<meta name=\"twitter:data1\" content=\"1 minute\" \/>\n<script type=\"application\/ld+json\" class=\"yoast-schema-graph\">{\"@context\":\"https:\/\/schema.org\",\"@graph\":[{\"@type\":\"WebPage\",\"@id\":\"https:\/\/shop.camac-harps.com\/en\/product\/janet-harbison-by-strangford-water\/\",\"url\":\"https:\/\/shop.camac-harps.com\/en\/product\/janet-harbison-by-strangford-water\/\",\"name\":\"Irish harp music | Janet Harbison: By Strangford Water\",\"isPartOf\":{\"@id\":\"https:\/\/shop.camac-harps.com\/en\/#website\"},\"primaryImageOfPage\":{\"@id\":\"https:\/\/shop.camac-harps.com\/en\/product\/janet-harbison-by-strangford-water\/#primaryimage\"},\"image\":{\"@id\":\"https:\/\/shop.camac-harps.com\/en\/product\/janet-harbison-by-strangford-water\/#primaryimage\"},\"thumbnailUrl\":\"https:\/\/shop.camac-harps.com\/wp-content\/uploads\/sites\/25\/2021\/02\/cdhnj08.jpg\",\"datePublished\":\"2021-02-22T11:41:45+00:00\",\"dateModified\":\"2025-02-14T16:48:28+00:00\",\"description\":\"Immerse yourself in the world of the Irish harp with Janet Harbison's beautiful and very personal album | Available from the Camac webshop.\",\"breadcrumb\":{\"@id\":\"https:\/\/shop.camac-harps.com\/en\/product\/janet-harbison-by-strangford-water\/#breadcrumb\"},\"inLanguage\":\"en-US\",\"potentialAction\":[{\"@type\":\"ReadAction\",\"target\":[\"https:\/\/shop.camac-harps.com\/en\/product\/janet-harbison-by-strangford-water\/\"]}]},{\"@type\":\"ImageObject\",\"inLanguage\":\"en-US\",\"@id\":\"https:\/\/shop.camac-harps.com\/en\/product\/janet-harbison-by-strangford-water\/#primaryimage\",\"url\":\"https:\/\/shop.camac-harps.com\/wp-content\/uploads\/sites\/25\/2021\/02\/cdhnj08.jpg\",\"contentUrl\":\"https:\/\/shop.camac-harps.com\/wp-content\/uploads\/sites\/25\/2021\/02\/cdhnj08.jpg\",\"width\":700,\"height\":700,\"caption\":\"Janet Harbison: By Strangford Water\"},{\"@type\":\"BreadcrumbList\",\"@id\":\"https:\/\/shop.camac-harps.com\/en\/product\/janet-harbison-by-strangford-water\/#breadcrumb\",\"itemListElement\":[{\"@type\":\"ListItem\",\"position\":1,\"name\":\"Home\",\"item\":\"https:\/\/shop.camac-harps.com\/en\/\"},{\"@type\":\"ListItem\",\"position\":2,\"name\":\"Homepage\",\"item\":\"https:\/\/shop.camac-harps.com\/en\/\"},{\"@type\":\"ListItem\",\"position\":3,\"name\":\"Janet Harbison: By Strangford Water\"}]},{\"@type\":\"WebSite\",\"@id\":\"https:\/\/shop.camac-harps.com\/en\/#website\",\"url\":\"https:\/\/shop.camac-harps.com\/en\/\",\"name\":\"Camac Harps Shop\",\"description\":\"\",\"potentialAction\":[{\"@type\":\"SearchAction\",\"target\":{\"@type\":\"EntryPoint\",\"urlTemplate\":\"https:\/\/shop.camac-harps.com\/en\/?s={search_term_string}\"},\"query-input\":{\"@type\":\"PropertyValueSpecification\",\"valueRequired\":true,\"valueName\":\"search_term_string\"}}],\"inLanguage\":\"en-US\"}]}<\/script>","yoast_head_json":{"title":"Irish harp music | Janet Harbison: By Strangford Water","description":"Immerse yourself in the world of the Irish harp with Janet Harbison's beautiful and very personal album | Available from the Camac webshop.","robots":{"index":"index","follow":"follow","max-snippet":"max-snippet:-1","max-image-preview":"max-image-preview:large","max-video-preview":"max-video-preview:-1"},"canonical":"https:\/\/shop.camac-harps.com\/en\/product\/janet-harbison-by-strangford-water\/","og_locale":"en_US","og_type":"article","og_title":"Irish harp music | Janet Harbison: By Strangford Water","og_description":"Immerse yourself in the world of the Irish harp with Janet Harbison's beautiful and very personal album | Available from the Camac webshop.","og_url":"https:\/\/shop.camac-harps.com\/en\/product\/janet-harbison-by-strangford-water\/","og_site_name":"Camac Harps Shop","article_modified_time":"2025-02-14T16:48:28+00:00","og_image":[{"width":700,"height":700,"url":"https:\/\/shop.camac-harps.com\/wp-content\/uploads\/sites\/25\/2021\/02\/cdhnj08.jpg","type":"image\/jpeg"}],"twitter_card":"summary_large_image","twitter_misc":{"Est. reading time":"1 minute"},"schema":{"@context":"https:\/\/schema.org","@graph":[{"@type":"WebPage","@id":"https:\/\/shop.camac-harps.com\/en\/product\/janet-harbison-by-strangford-water\/","url":"https:\/\/shop.camac-harps.com\/en\/product\/janet-harbison-by-strangford-water\/","name":"Irish harp music | Janet Harbison: By Strangford Water","isPartOf":{"@id":"https:\/\/shop.camac-harps.com\/en\/#website"},"primaryImageOfPage":{"@id":"https:\/\/shop.camac-harps.com\/en\/product\/janet-harbison-by-strangford-water\/#primaryimage"},"image":{"@id":"https:\/\/shop.camac-harps.com\/en\/product\/janet-harbison-by-strangford-water\/#primaryimage"},"thumbnailUrl":"https:\/\/shop.camac-harps.com\/wp-content\/uploads\/sites\/25\/2021\/02\/cdhnj08.jpg","datePublished":"2021-02-22T11:41:45+00:00","dateModified":"2025-02-14T16:48:28+00:00","description":"Immerse yourself in the world of the Irish harp with Janet Harbison's beautiful and very personal album | Available from the Camac webshop.","breadcrumb":{"@id":"https:\/\/shop.camac-harps.com\/en\/product\/janet-harbison-by-strangford-water\/#breadcrumb"},"inLanguage":"en-US","potentialAction":[{"@type":"ReadAction","target":["https:\/\/shop.camac-harps.com\/en\/product\/janet-harbison-by-strangford-water\/"]}]},{"@type":"ImageObject","inLanguage":"en-US","@id":"https:\/\/shop.camac-harps.com\/en\/product\/janet-harbison-by-strangford-water\/#primaryimage","url":"https:\/\/shop.camac-harps.com\/wp-content\/uploads\/sites\/25\/2021\/02\/cdhnj08.jpg","contentUrl":"https:\/\/shop.camac-harps.com\/wp-content\/uploads\/sites\/25\/2021\/02\/cdhnj08.jpg","width":700,"height":700,"caption":"Janet Harbison: By Strangford Water"},{"@type":"BreadcrumbList","@id":"https:\/\/shop.camac-harps.com\/en\/product\/janet-harbison-by-strangford-water\/#breadcrumb","itemListElement":[{"@type":"ListItem","position":1,"name":"Home","item":"https:\/\/shop.camac-harps.com\/en\/"},{"@type":"ListItem","position":2,"name":"Homepage","item":"https:\/\/shop.camac-harps.com\/en\/"},{"@type":"ListItem","position":3,"name":"Janet Harbison: By Strangford Water"}]},{"@type":"WebSite","@id":"https:\/\/shop.camac-harps.com\/en\/#website","url":"https:\/\/shop.camac-harps.com\/en\/","name":"Camac Harps Shop","description":"","potentialAction":[{"@type":"SearchAction","target":{"@type":"EntryPoint","urlTemplate":"https:\/\/shop.camac-harps.com\/en\/?s={search_term_string}"},"query-input":{"@type":"PropertyValueSpecification","valueRequired":true,"valueName":"search_term_string"}}],"inLanguage":"en-US"}]}},"_links":{"self":[{"href":"https:\/\/shop.camac-harps.com\/en\/wp-json\/wp\/v2\/product\/36783","targetHints":{"allow":["GET"]}}],"collection":[{"href":"https:\/\/shop.camac-harps.com\/en\/wp-json\/wp\/v2\/product"}],"about":[{"href":"https:\/\/shop.camac-harps.com\/en\/wp-json\/wp\/v2\/types\/product"}],"replies":[{"embeddable":true,"href":"https:\/\/shop.camac-harps.com\/en\/wp-json\/wp\/v2\/comments?post=36783"}],"wp:featuredmedia":[{"embeddable":true,"href":"https:\/\/shop.camac-harps.com\/en\/wp-json\/wp\/v2\/media\/36781"}],"wp:attachment":[{"href":"https:\/\/shop.camac-harps.com\/en\/wp-json\/wp\/v2\/media?parent=36783"}],"wp:term":[{"taxonomy":"product_brand","embeddable":true,"href":"https:\/\/shop.camac-harps.com\/en\/wp-json\/wp\/v2\/product_brand?post=36783"},{"taxonomy":"product_cat","embeddable":true,"href":"https:\/\/shop.camac-harps.com\/en\/wp-json\/wp\/v2\/product_cat?post=36783"},{"taxonomy":"product_tag","embeddable":true,"href":"https:\/\/shop.camac-harps.com\/en\/wp-json\/wp\/v2\/product_tag?post=36783"}],"curies":[{"name":"wp","href":"https:\/\/api.w.org\/{rel}","templated":true}]}}