{"id":40882,"date":"2021-09-24T06:59:17","date_gmt":"2021-09-24T06:59:17","guid":{"rendered":"https:\/\/shop.camac-harps.com\/product\/evelyne-bonnard-myrdhin-de-la-source-a-locean\/"},"modified":"2025-02-14T16:48:27","modified_gmt":"2025-02-14T16:48:27","slug":"evelyne-bonnard-myrdhin-de-la-source-a-locean","status":"publish","type":"product","link":"https:\/\/shop.camac-harps.com\/en\/product\/evelyne-bonnard-myrdhin-de-la-source-a-locean\/","title":{"rendered":"\u00c9velyne BONNARD: Myrdhin, de la source \u00e0 l&#8217;oc\u00e9an (in French)"},"content":{"rendered":"","protected":false},"excerpt":{"rendered":"","protected":false},"featured_media":40877,"comment_status":"open","ping_status":"closed","template":"","meta":{"_acf_changed":false},"product_brand":[],"product_cat":[64],"product_tag":[],"class_list":{"0":"post-40882","1":"product","2":"type-product","3":"status-publish","4":"has-post-thumbnail","6":"product_cat-books","8":"first","9":"instock","10":"taxable","11":"shipping-taxable","12":"purchasable","13":"product-type-simple"},"acf":[],"yoast_head":"<title>\u00c9velyne BONNARD : Myrdhin, de la source \u00e0 l&#039;oc\u00e9an<\/title>\n<meta name=\"description\" content=\"\u00c9velyne BONNARD : Myrdhin, de la source \u00e0 l&#039;oc\u00e9an | Available from the Camac webshop.\" \/>\n<meta name=\"robots\" content=\"index, follow, max-snippet:-1, max-image-preview:large, max-video-preview:-1\" \/>\n<link rel=\"canonical\" href=\"https:\/\/shop.camac-harps.com\/en\/product\/evelyne-bonnard-myrdhin-de-la-source-a-locean\/\" \/>\n<meta property=\"og:locale\" content=\"en_US\" \/>\n<meta property=\"og:type\" content=\"article\" \/>\n<meta property=\"og:title\" content=\"\u00c9velyne BONNARD : Myrdhin, de la source \u00e0 l&#039;oc\u00e9an\" \/>\n<meta property=\"og:description\" content=\"\u00c9velyne BONNARD : Myrdhin, de la source \u00e0 l&#039;oc\u00e9an | Available from the Camac webshop.\" \/>\n<meta property=\"og:url\" content=\"https:\/\/shop.camac-harps.com\/en\/product\/evelyne-bonnard-myrdhin-de-la-source-a-locean\/\" \/>\n<meta property=\"og:site_name\" content=\"Camac Harps Shop\" \/>\n<meta property=\"article:modified_time\" content=\"2025-02-14T16:48:27+00:00\" \/>\n<meta property=\"og:image\" content=\"https:\/\/shop.camac-harps.com\/wp-content\/uploads\/sites\/25\/2021\/09\/mnz16.jpg\" \/>\n\t<meta property=\"og:image:width\" content=\"473\" \/>\n\t<meta property=\"og:image:height\" content=\"666\" \/>\n\t<meta property=\"og:image:type\" content=\"image\/jpeg\" \/>\n<meta name=\"twitter:card\" content=\"summary_large_image\" \/>\n<script type=\"application\/ld+json\" class=\"yoast-schema-graph\">{\"@context\":\"https:\/\/schema.org\",\"@graph\":[{\"@type\":\"WebPage\",\"@id\":\"https:\/\/shop.camac-harps.com\/en\/product\/evelyne-bonnard-myrdhin-de-la-source-a-locean\/\",\"url\":\"https:\/\/shop.camac-harps.com\/en\/product\/evelyne-bonnard-myrdhin-de-la-source-a-locean\/\",\"name\":\"\u00c9velyne BONNARD : Myrdhin, de la source \u00e0 l'oc\u00e9an\",\"isPartOf\":{\"@id\":\"https:\/\/shop.camac-harps.com\/en\/#website\"},\"primaryImageOfPage\":{\"@id\":\"https:\/\/shop.camac-harps.com\/en\/product\/evelyne-bonnard-myrdhin-de-la-source-a-locean\/#primaryimage\"},\"image\":{\"@id\":\"https:\/\/shop.camac-harps.com\/en\/product\/evelyne-bonnard-myrdhin-de-la-source-a-locean\/#primaryimage\"},\"thumbnailUrl\":\"https:\/\/shop.camac-harps.com\/wp-content\/uploads\/sites\/25\/2021\/09\/mnz16.jpg\",\"datePublished\":\"2021-09-24T06:59:17+00:00\",\"dateModified\":\"2025-02-14T16:48:27+00:00\",\"description\":\"\u00c9velyne BONNARD : Myrdhin, de la source \u00e0 l'oc\u00e9an | Available from the Camac webshop.\",\"breadcrumb\":{\"@id\":\"https:\/\/shop.camac-harps.com\/en\/product\/evelyne-bonnard-myrdhin-de-la-source-a-locean\/#breadcrumb\"},\"inLanguage\":\"en-US\",\"potentialAction\":[{\"@type\":\"ReadAction\",\"target\":[\"https:\/\/shop.camac-harps.com\/en\/product\/evelyne-bonnard-myrdhin-de-la-source-a-locean\/\"]}]},{\"@type\":\"ImageObject\",\"inLanguage\":\"en-US\",\"@id\":\"https:\/\/shop.camac-harps.com\/en\/product\/evelyne-bonnard-myrdhin-de-la-source-a-locean\/#primaryimage\",\"url\":\"https:\/\/shop.camac-harps.com\/wp-content\/uploads\/sites\/25\/2021\/09\/mnz16.jpg\",\"contentUrl\":\"https:\/\/shop.camac-harps.com\/wp-content\/uploads\/sites\/25\/2021\/09\/mnz16.jpg\",\"width\":473,\"height\":666,\"caption\":\"\u00c9velyne BONNARD: Myrdhin, de la source \u00e0 l'oc\u00e9an\"},{\"@type\":\"BreadcrumbList\",\"@id\":\"https:\/\/shop.camac-harps.com\/en\/product\/evelyne-bonnard-myrdhin-de-la-source-a-locean\/#breadcrumb\",\"itemListElement\":[{\"@type\":\"ListItem\",\"position\":1,\"name\":\"Home\",\"item\":\"https:\/\/shop.camac-harps.com\/en\/\"},{\"@type\":\"ListItem\",\"position\":2,\"name\":\"Homepage\",\"item\":\"https:\/\/shop.camac-harps.com\/en\/\"},{\"@type\":\"ListItem\",\"position\":3,\"name\":\"\u00c9velyne BONNARD: Myrdhin, de la source \u00e0 l&#8217;oc\u00e9an (in French)\"}]},{\"@type\":\"WebSite\",\"@id\":\"https:\/\/shop.camac-harps.com\/en\/#website\",\"url\":\"https:\/\/shop.camac-harps.com\/en\/\",\"name\":\"Camac Harps Shop\",\"description\":\"\",\"potentialAction\":[{\"@type\":\"SearchAction\",\"target\":{\"@type\":\"EntryPoint\",\"urlTemplate\":\"https:\/\/shop.camac-harps.com\/en\/?s={search_term_string}\"},\"query-input\":{\"@type\":\"PropertyValueSpecification\",\"valueRequired\":true,\"valueName\":\"search_term_string\"}}],\"inLanguage\":\"en-US\"}]}<\/script>","yoast_head_json":{"title":"\u00c9velyne BONNARD : Myrdhin, de la source \u00e0 l'oc\u00e9an","description":"\u00c9velyne BONNARD : Myrdhin, de la source \u00e0 l'oc\u00e9an | Available from the Camac webshop.","robots":{"index":"index","follow":"follow","max-snippet":"max-snippet:-1","max-image-preview":"max-image-preview:large","max-video-preview":"max-video-preview:-1"},"canonical":"https:\/\/shop.camac-harps.com\/en\/product\/evelyne-bonnard-myrdhin-de-la-source-a-locean\/","og_locale":"en_US","og_type":"article","og_title":"\u00c9velyne BONNARD : Myrdhin, de la source \u00e0 l'oc\u00e9an","og_description":"\u00c9velyne BONNARD : Myrdhin, de la source \u00e0 l'oc\u00e9an | Available from the Camac webshop.","og_url":"https:\/\/shop.camac-harps.com\/en\/product\/evelyne-bonnard-myrdhin-de-la-source-a-locean\/","og_site_name":"Camac Harps Shop","article_modified_time":"2025-02-14T16:48:27+00:00","og_image":[{"width":473,"height":666,"url":"https:\/\/shop.camac-harps.com\/wp-content\/uploads\/sites\/25\/2021\/09\/mnz16.jpg","type":"image\/jpeg"}],"twitter_card":"summary_large_image","schema":{"@context":"https:\/\/schema.org","@graph":[{"@type":"WebPage","@id":"https:\/\/shop.camac-harps.com\/en\/product\/evelyne-bonnard-myrdhin-de-la-source-a-locean\/","url":"https:\/\/shop.camac-harps.com\/en\/product\/evelyne-bonnard-myrdhin-de-la-source-a-locean\/","name":"\u00c9velyne BONNARD : Myrdhin, de la source \u00e0 l'oc\u00e9an","isPartOf":{"@id":"https:\/\/shop.camac-harps.com\/en\/#website"},"primaryImageOfPage":{"@id":"https:\/\/shop.camac-harps.com\/en\/product\/evelyne-bonnard-myrdhin-de-la-source-a-locean\/#primaryimage"},"image":{"@id":"https:\/\/shop.camac-harps.com\/en\/product\/evelyne-bonnard-myrdhin-de-la-source-a-locean\/#primaryimage"},"thumbnailUrl":"https:\/\/shop.camac-harps.com\/wp-content\/uploads\/sites\/25\/2021\/09\/mnz16.jpg","datePublished":"2021-09-24T06:59:17+00:00","dateModified":"2025-02-14T16:48:27+00:00","description":"\u00c9velyne BONNARD : Myrdhin, de la source \u00e0 l'oc\u00e9an | Available from the Camac webshop.","breadcrumb":{"@id":"https:\/\/shop.camac-harps.com\/en\/product\/evelyne-bonnard-myrdhin-de-la-source-a-locean\/#breadcrumb"},"inLanguage":"en-US","potentialAction":[{"@type":"ReadAction","target":["https:\/\/shop.camac-harps.com\/en\/product\/evelyne-bonnard-myrdhin-de-la-source-a-locean\/"]}]},{"@type":"ImageObject","inLanguage":"en-US","@id":"https:\/\/shop.camac-harps.com\/en\/product\/evelyne-bonnard-myrdhin-de-la-source-a-locean\/#primaryimage","url":"https:\/\/shop.camac-harps.com\/wp-content\/uploads\/sites\/25\/2021\/09\/mnz16.jpg","contentUrl":"https:\/\/shop.camac-harps.com\/wp-content\/uploads\/sites\/25\/2021\/09\/mnz16.jpg","width":473,"height":666,"caption":"\u00c9velyne BONNARD: Myrdhin, de la source \u00e0 l'oc\u00e9an"},{"@type":"BreadcrumbList","@id":"https:\/\/shop.camac-harps.com\/en\/product\/evelyne-bonnard-myrdhin-de-la-source-a-locean\/#breadcrumb","itemListElement":[{"@type":"ListItem","position":1,"name":"Home","item":"https:\/\/shop.camac-harps.com\/en\/"},{"@type":"ListItem","position":2,"name":"Homepage","item":"https:\/\/shop.camac-harps.com\/en\/"},{"@type":"ListItem","position":3,"name":"\u00c9velyne BONNARD: Myrdhin, de la source \u00e0 l&#8217;oc\u00e9an (in French)"}]},{"@type":"WebSite","@id":"https:\/\/shop.camac-harps.com\/en\/#website","url":"https:\/\/shop.camac-harps.com\/en\/","name":"Camac Harps Shop","description":"","potentialAction":[{"@type":"SearchAction","target":{"@type":"EntryPoint","urlTemplate":"https:\/\/shop.camac-harps.com\/en\/?s={search_term_string}"},"query-input":{"@type":"PropertyValueSpecification","valueRequired":true,"valueName":"search_term_string"}}],"inLanguage":"en-US"}]}},"_links":{"self":[{"href":"https:\/\/shop.camac-harps.com\/en\/wp-json\/wp\/v2\/product\/40882","targetHints":{"allow":["GET"]}}],"collection":[{"href":"https:\/\/shop.camac-harps.com\/en\/wp-json\/wp\/v2\/product"}],"about":[{"href":"https:\/\/shop.camac-harps.com\/en\/wp-json\/wp\/v2\/types\/product"}],"replies":[{"embeddable":true,"href":"https:\/\/shop.camac-harps.com\/en\/wp-json\/wp\/v2\/comments?post=40882"}],"wp:featuredmedia":[{"embeddable":true,"href":"https:\/\/shop.camac-harps.com\/en\/wp-json\/wp\/v2\/media\/40877"}],"wp:attachment":[{"href":"https:\/\/shop.camac-harps.com\/en\/wp-json\/wp\/v2\/media?parent=40882"}],"wp:term":[{"taxonomy":"product_brand","embeddable":true,"href":"https:\/\/shop.camac-harps.com\/en\/wp-json\/wp\/v2\/product_brand?post=40882"},{"taxonomy":"product_cat","embeddable":true,"href":"https:\/\/shop.camac-harps.com\/en\/wp-json\/wp\/v2\/product_cat?post=40882"},{"taxonomy":"product_tag","embeddable":true,"href":"https:\/\/shop.camac-harps.com\/en\/wp-json\/wp\/v2\/product_tag?post=40882"}],"curies":[{"name":"wp","href":"https:\/\/api.w.org\/{rel}","templated":true}]}}