{"id":45639,"date":"2022-04-21T14:16:45","date_gmt":"2022-04-21T14:16:45","guid":{"rendered":"https:\/\/shop.camac-harps.com\/product\/de-grandval-clemence-valse-melancolique-for-flute-and-harp\/"},"modified":"2024-11-07T15:01:41","modified_gmt":"2024-11-07T15:01:41","slug":"de-grandval-clemence-valse-melancolique-for-flute-and-harp","status":"publish","type":"product","link":"https:\/\/shop.camac-harps.com\/en\/product\/de-grandval-clemence-valse-melancolique-for-flute-and-harp\/","title":{"rendered":"DE GRANDVAL Cl\u00e9mence: Valse m\u00e9lancolique for flute and harp"},"content":{"rendered":"","protected":false},"excerpt":{"rendered":"","protected":false},"featured_media":45634,"comment_status":"open","ping_status":"closed","template":"","meta":{"_acf_changed":false},"product_brand":[],"product_cat":[55,112,151,34],"product_tag":[],"class_list":{"0":"post-45639","1":"product","2":"type-product","3":"status-publish","4":"has-post-thumbnail","6":"product_cat-chamber-music","7":"product_cat-duos","8":"product_cat-flute-and-harp","9":"product_cat-harp-sheet-music","11":"first","12":"outofstock","13":"taxable","14":"shipping-taxable","15":"purchasable","16":"product-type-simple"},"acf":[],"yoast_head":"<title>DE GRANDVAL Cl\u00e9mence: Valse m\u00e9lancolique for flute and harp<\/title>\n<meta name=\"description\" content=\"Flute and harp music by Cl\u00e9mence de Grandval | Available on the Camac Harps webshop | Delivery worldwide..\" \/>\n<meta name=\"robots\" content=\"index, follow, max-snippet:-1, max-image-preview:large, max-video-preview:-1\" \/>\n<link rel=\"canonical\" href=\"https:\/\/shop.camac-harps.com\/en\/product\/de-grandval-clemence-valse-melancolique-for-flute-and-harp\/\" \/>\n<meta property=\"og:locale\" content=\"en_US\" \/>\n<meta property=\"og:type\" content=\"article\" \/>\n<meta property=\"og:title\" content=\"DE GRANDVAL Cl\u00e9mence: Valse m\u00e9lancolique for flute and harp\" \/>\n<meta property=\"og:description\" content=\"Flute and harp music by Cl\u00e9mence de Grandval | Available on the Camac Harps webshop | Delivery worldwide..\" \/>\n<meta property=\"og:url\" content=\"https:\/\/shop.camac-harps.com\/en\/product\/de-grandval-clemence-valse-melancolique-for-flute-and-harp\/\" \/>\n<meta property=\"og:site_name\" content=\"Camac Harps Shop\" \/>\n<meta property=\"article:modified_time\" content=\"2024-11-07T15:01:41+00:00\" \/>\n<meta property=\"og:image\" content=\"https:\/\/shop.camac-harps.com\/wp-content\/uploads\/sites\/25\/2022\/04\/dlc01.jpg\" \/>\n\t<meta property=\"og:image:width\" content=\"588\" \/>\n\t<meta property=\"og:image:height\" content=\"780\" \/>\n\t<meta property=\"og:image:type\" content=\"image\/jpeg\" \/>\n<meta name=\"twitter:card\" content=\"summary_large_image\" \/>\n<script type=\"application\/ld+json\" class=\"yoast-schema-graph\">{\"@context\":\"https:\/\/schema.org\",\"@graph\":[{\"@type\":\"WebPage\",\"@id\":\"https:\/\/shop.camac-harps.com\/en\/product\/de-grandval-clemence-valse-melancolique-for-flute-and-harp\/\",\"url\":\"https:\/\/shop.camac-harps.com\/en\/product\/de-grandval-clemence-valse-melancolique-for-flute-and-harp\/\",\"name\":\"DE GRANDVAL Cl\u00e9mence: Valse m\u00e9lancolique for flute and harp\",\"isPartOf\":{\"@id\":\"https:\/\/shop.camac-harps.com\/en\/#website\"},\"primaryImageOfPage\":{\"@id\":\"https:\/\/shop.camac-harps.com\/en\/product\/de-grandval-clemence-valse-melancolique-for-flute-and-harp\/#primaryimage\"},\"image\":{\"@id\":\"https:\/\/shop.camac-harps.com\/en\/product\/de-grandval-clemence-valse-melancolique-for-flute-and-harp\/#primaryimage\"},\"thumbnailUrl\":\"https:\/\/shop.camac-harps.com\/wp-content\/uploads\/sites\/25\/2022\/04\/dlc01.jpg\",\"datePublished\":\"2022-04-21T14:16:45+00:00\",\"dateModified\":\"2024-11-07T15:01:41+00:00\",\"description\":\"Flute and harp music by Cl\u00e9mence de Grandval | Available on the Camac Harps webshop | Delivery worldwide..\",\"breadcrumb\":{\"@id\":\"https:\/\/shop.camac-harps.com\/en\/product\/de-grandval-clemence-valse-melancolique-for-flute-and-harp\/#breadcrumb\"},\"inLanguage\":\"en-US\",\"potentialAction\":[{\"@type\":\"ReadAction\",\"target\":[\"https:\/\/shop.camac-harps.com\/en\/product\/de-grandval-clemence-valse-melancolique-for-flute-and-harp\/\"]}]},{\"@type\":\"ImageObject\",\"inLanguage\":\"en-US\",\"@id\":\"https:\/\/shop.camac-harps.com\/en\/product\/de-grandval-clemence-valse-melancolique-for-flute-and-harp\/#primaryimage\",\"url\":\"https:\/\/shop.camac-harps.com\/wp-content\/uploads\/sites\/25\/2022\/04\/dlc01.jpg\",\"contentUrl\":\"https:\/\/shop.camac-harps.com\/wp-content\/uploads\/sites\/25\/2022\/04\/dlc01.jpg\",\"width\":588,\"height\":780,\"caption\":\"DE GRANDVAL Cl\u00e9mence: Valse m\u00e9lancolique for flute and harp\"},{\"@type\":\"BreadcrumbList\",\"@id\":\"https:\/\/shop.camac-harps.com\/en\/product\/de-grandval-clemence-valse-melancolique-for-flute-and-harp\/#breadcrumb\",\"itemListElement\":[{\"@type\":\"ListItem\",\"position\":1,\"name\":\"Home\",\"item\":\"https:\/\/shop.camac-harps.com\/en\/\"},{\"@type\":\"ListItem\",\"position\":2,\"name\":\"Homepage\",\"item\":\"https:\/\/shop.camac-harps.com\/en\/\"},{\"@type\":\"ListItem\",\"position\":3,\"name\":\"DE GRANDVAL Cl\u00e9mence: Valse m\u00e9lancolique for flute and harp\"}]},{\"@type\":\"WebSite\",\"@id\":\"https:\/\/shop.camac-harps.com\/en\/#website\",\"url\":\"https:\/\/shop.camac-harps.com\/en\/\",\"name\":\"Camac Harps Shop\",\"description\":\"\",\"potentialAction\":[{\"@type\":\"SearchAction\",\"target\":{\"@type\":\"EntryPoint\",\"urlTemplate\":\"https:\/\/shop.camac-harps.com\/en\/?s={search_term_string}\"},\"query-input\":{\"@type\":\"PropertyValueSpecification\",\"valueRequired\":true,\"valueName\":\"search_term_string\"}}],\"inLanguage\":\"en-US\"}]}<\/script>","yoast_head_json":{"title":"DE GRANDVAL Cl\u00e9mence: Valse m\u00e9lancolique for flute and harp","description":"Flute and harp music by Cl\u00e9mence de Grandval | Available on the Camac Harps webshop | Delivery worldwide..","robots":{"index":"index","follow":"follow","max-snippet":"max-snippet:-1","max-image-preview":"max-image-preview:large","max-video-preview":"max-video-preview:-1"},"canonical":"https:\/\/shop.camac-harps.com\/en\/product\/de-grandval-clemence-valse-melancolique-for-flute-and-harp\/","og_locale":"en_US","og_type":"article","og_title":"DE GRANDVAL Cl\u00e9mence: Valse m\u00e9lancolique for flute and harp","og_description":"Flute and harp music by Cl\u00e9mence de Grandval | Available on the Camac Harps webshop | Delivery worldwide..","og_url":"https:\/\/shop.camac-harps.com\/en\/product\/de-grandval-clemence-valse-melancolique-for-flute-and-harp\/","og_site_name":"Camac Harps Shop","article_modified_time":"2024-11-07T15:01:41+00:00","og_image":[{"width":588,"height":780,"url":"https:\/\/shop.camac-harps.com\/wp-content\/uploads\/sites\/25\/2022\/04\/dlc01.jpg","type":"image\/jpeg"}],"twitter_card":"summary_large_image","schema":{"@context":"https:\/\/schema.org","@graph":[{"@type":"WebPage","@id":"https:\/\/shop.camac-harps.com\/en\/product\/de-grandval-clemence-valse-melancolique-for-flute-and-harp\/","url":"https:\/\/shop.camac-harps.com\/en\/product\/de-grandval-clemence-valse-melancolique-for-flute-and-harp\/","name":"DE GRANDVAL Cl\u00e9mence: Valse m\u00e9lancolique for flute and harp","isPartOf":{"@id":"https:\/\/shop.camac-harps.com\/en\/#website"},"primaryImageOfPage":{"@id":"https:\/\/shop.camac-harps.com\/en\/product\/de-grandval-clemence-valse-melancolique-for-flute-and-harp\/#primaryimage"},"image":{"@id":"https:\/\/shop.camac-harps.com\/en\/product\/de-grandval-clemence-valse-melancolique-for-flute-and-harp\/#primaryimage"},"thumbnailUrl":"https:\/\/shop.camac-harps.com\/wp-content\/uploads\/sites\/25\/2022\/04\/dlc01.jpg","datePublished":"2022-04-21T14:16:45+00:00","dateModified":"2024-11-07T15:01:41+00:00","description":"Flute and harp music by Cl\u00e9mence de Grandval | Available on the Camac Harps webshop | Delivery worldwide..","breadcrumb":{"@id":"https:\/\/shop.camac-harps.com\/en\/product\/de-grandval-clemence-valse-melancolique-for-flute-and-harp\/#breadcrumb"},"inLanguage":"en-US","potentialAction":[{"@type":"ReadAction","target":["https:\/\/shop.camac-harps.com\/en\/product\/de-grandval-clemence-valse-melancolique-for-flute-and-harp\/"]}]},{"@type":"ImageObject","inLanguage":"en-US","@id":"https:\/\/shop.camac-harps.com\/en\/product\/de-grandval-clemence-valse-melancolique-for-flute-and-harp\/#primaryimage","url":"https:\/\/shop.camac-harps.com\/wp-content\/uploads\/sites\/25\/2022\/04\/dlc01.jpg","contentUrl":"https:\/\/shop.camac-harps.com\/wp-content\/uploads\/sites\/25\/2022\/04\/dlc01.jpg","width":588,"height":780,"caption":"DE GRANDVAL Cl\u00e9mence: Valse m\u00e9lancolique for flute and harp"},{"@type":"BreadcrumbList","@id":"https:\/\/shop.camac-harps.com\/en\/product\/de-grandval-clemence-valse-melancolique-for-flute-and-harp\/#breadcrumb","itemListElement":[{"@type":"ListItem","position":1,"name":"Home","item":"https:\/\/shop.camac-harps.com\/en\/"},{"@type":"ListItem","position":2,"name":"Homepage","item":"https:\/\/shop.camac-harps.com\/en\/"},{"@type":"ListItem","position":3,"name":"DE GRANDVAL Cl\u00e9mence: Valse m\u00e9lancolique for flute and harp"}]},{"@type":"WebSite","@id":"https:\/\/shop.camac-harps.com\/en\/#website","url":"https:\/\/shop.camac-harps.com\/en\/","name":"Camac Harps Shop","description":"","potentialAction":[{"@type":"SearchAction","target":{"@type":"EntryPoint","urlTemplate":"https:\/\/shop.camac-harps.com\/en\/?s={search_term_string}"},"query-input":{"@type":"PropertyValueSpecification","valueRequired":true,"valueName":"search_term_string"}}],"inLanguage":"en-US"}]}},"_links":{"self":[{"href":"https:\/\/shop.camac-harps.com\/en\/wp-json\/wp\/v2\/product\/45639","targetHints":{"allow":["GET"]}}],"collection":[{"href":"https:\/\/shop.camac-harps.com\/en\/wp-json\/wp\/v2\/product"}],"about":[{"href":"https:\/\/shop.camac-harps.com\/en\/wp-json\/wp\/v2\/types\/product"}],"replies":[{"embeddable":true,"href":"https:\/\/shop.camac-harps.com\/en\/wp-json\/wp\/v2\/comments?post=45639"}],"wp:featuredmedia":[{"embeddable":true,"href":"https:\/\/shop.camac-harps.com\/en\/wp-json\/wp\/v2\/media\/45634"}],"wp:attachment":[{"href":"https:\/\/shop.camac-harps.com\/en\/wp-json\/wp\/v2\/media?parent=45639"}],"wp:term":[{"taxonomy":"product_brand","embeddable":true,"href":"https:\/\/shop.camac-harps.com\/en\/wp-json\/wp\/v2\/product_brand?post=45639"},{"taxonomy":"product_cat","embeddable":true,"href":"https:\/\/shop.camac-harps.com\/en\/wp-json\/wp\/v2\/product_cat?post=45639"},{"taxonomy":"product_tag","embeddable":true,"href":"https:\/\/shop.camac-harps.com\/en\/wp-json\/wp\/v2\/product_tag?post=45639"}],"curies":[{"name":"wp","href":"https:\/\/api.w.org\/{rel}","templated":true}]}}