{"id":59627,"date":"2024-03-01T13:26:28","date_gmt":"2024-03-01T13:26:28","guid":{"rendered":"https:\/\/shop.camac-harps.com\/product\/colard-elisabeth-the-harp-at-the-heart-of-the-orchestra\/"},"modified":"2024-07-17T15:09:49","modified_gmt":"2024-07-17T15:09:49","slug":"colard-elisabeth-the-harp-at-the-heart-of-the-orchestra","status":"publish","type":"product","link":"https:\/\/shop.camac-harps.com\/en\/product\/colard-elisabeth-the-harp-at-the-heart-of-the-orchestra\/","title":{"rendered":"COLARD Elisabeth : The harp at the heart of the orchestra &#8211; Volume 3"},"content":{"rendered":"<p>Discovering the orchestral repertoire<\/p>\n","protected":false},"excerpt":{"rendered":"<p>Discovering the orchestral repertoire<\/p>\n","protected":false},"featured_media":59624,"comment_status":"open","ping_status":"closed","template":"","meta":{"_acf_changed":false},"product_brand":[],"product_cat":[58,34],"product_tag":[],"class_list":{"0":"post-59627","1":"product","2":"type-product","3":"status-publish","4":"has-post-thumbnail","6":"product_cat-concertos-orchestral-parts","7":"product_cat-harp-sheet-music","9":"first","10":"instock","11":"taxable","12":"shipping-taxable","13":"purchasable","14":"product-type-simple"},"acf":[],"yoast_head":"<title>COLARD Elisabeth : The harp at the heart of the orchestra - Volume 3 - Camac Harps Shop<\/title>\n<meta name=\"description\" content=\"A la d\u00e9couverte du R\u00e9pertoire d&#039;Orchestre. Boutique en ligne des Harpes Camac. Disponible \u00e0 la vente sur la boutique en ligne des Harpes Camac. Exp\u00e9dition dans le monde entier depuis la France.\" \/>\n<meta name=\"robots\" content=\"index, follow, max-snippet:-1, max-image-preview:large, max-video-preview:-1\" \/>\n<link rel=\"canonical\" href=\"https:\/\/shop.camac-harps.com\/en\/product\/colard-elisabeth-the-harp-at-the-heart-of-the-orchestra\/\" \/>\n<meta property=\"og:locale\" content=\"en_US\" \/>\n<meta property=\"og:type\" content=\"article\" \/>\n<meta property=\"og:title\" content=\"COLARD Elisabeth : The harp at the heart of the orchestra - Volume 3 - Camac Harps Shop\" \/>\n<meta property=\"og:description\" content=\"A la d\u00e9couverte du R\u00e9pertoire d&#039;Orchestre. Boutique en ligne des Harpes Camac. Disponible \u00e0 la vente sur la boutique en ligne des Harpes Camac. Exp\u00e9dition dans le monde entier depuis la France.\" \/>\n<meta property=\"og:url\" content=\"https:\/\/shop.camac-harps.com\/en\/product\/colard-elisabeth-the-harp-at-the-heart-of-the-orchestra\/\" \/>\n<meta property=\"og:site_name\" content=\"Camac Harps Shop\" \/>\n<meta property=\"article:modified_time\" content=\"2024-07-17T15:09:49+00:00\" \/>\n<meta property=\"og:image\" content=\"https:\/\/shop.camac-harps.com\/wp-content\/uploads\/sites\/25\/2024\/03\/cde04-1.jpg\" \/>\n\t<meta property=\"og:image:width\" content=\"1215\" \/>\n\t<meta property=\"og:image:height\" content=\"1745\" \/>\n\t<meta property=\"og:image:type\" content=\"image\/jpeg\" \/>\n<meta name=\"twitter:card\" content=\"summary_large_image\" \/>\n<meta name=\"twitter:label1\" content=\"Est. reading time\" \/>\n\t<meta name=\"twitter:data1\" content=\"1 minute\" \/>\n<script type=\"application\/ld+json\" class=\"yoast-schema-graph\">{\"@context\":\"https:\/\/schema.org\",\"@graph\":[{\"@type\":\"WebPage\",\"@id\":\"https:\/\/shop.camac-harps.com\/en\/product\/colard-elisabeth-the-harp-at-the-heart-of-the-orchestra\/\",\"url\":\"https:\/\/shop.camac-harps.com\/en\/product\/colard-elisabeth-the-harp-at-the-heart-of-the-orchestra\/\",\"name\":\"COLARD Elisabeth : The harp at the heart of the orchestra - Volume 3 - Camac Harps Shop\",\"isPartOf\":{\"@id\":\"https:\/\/shop.camac-harps.com\/en\/#website\"},\"primaryImageOfPage\":{\"@id\":\"https:\/\/shop.camac-harps.com\/en\/product\/colard-elisabeth-the-harp-at-the-heart-of-the-orchestra\/#primaryimage\"},\"image\":{\"@id\":\"https:\/\/shop.camac-harps.com\/en\/product\/colard-elisabeth-the-harp-at-the-heart-of-the-orchestra\/#primaryimage\"},\"thumbnailUrl\":\"https:\/\/shop.camac-harps.com\/wp-content\/uploads\/sites\/25\/2024\/03\/cde04-1.jpg\",\"datePublished\":\"2024-03-01T13:26:28+00:00\",\"dateModified\":\"2024-07-17T15:09:49+00:00\",\"description\":\"A la d\u00e9couverte du R\u00e9pertoire d'Orchestre. Boutique en ligne des Harpes Camac. Disponible \u00e0 la vente sur la boutique en ligne des Harpes Camac. Exp\u00e9dition dans le monde entier depuis la France.\",\"breadcrumb\":{\"@id\":\"https:\/\/shop.camac-harps.com\/en\/product\/colard-elisabeth-the-harp-at-the-heart-of-the-orchestra\/#breadcrumb\"},\"inLanguage\":\"en-US\",\"potentialAction\":[{\"@type\":\"ReadAction\",\"target\":[\"https:\/\/shop.camac-harps.com\/en\/product\/colard-elisabeth-the-harp-at-the-heart-of-the-orchestra\/\"]}]},{\"@type\":\"ImageObject\",\"inLanguage\":\"en-US\",\"@id\":\"https:\/\/shop.camac-harps.com\/en\/product\/colard-elisabeth-the-harp-at-the-heart-of-the-orchestra\/#primaryimage\",\"url\":\"https:\/\/shop.camac-harps.com\/wp-content\/uploads\/sites\/25\/2024\/03\/cde04-1.jpg\",\"contentUrl\":\"https:\/\/shop.camac-harps.com\/wp-content\/uploads\/sites\/25\/2024\/03\/cde04-1.jpg\",\"width\":1215,\"height\":1745,\"caption\":\"COLARD Elisabeth : La Harpe au sein de l'orchestre\"},{\"@type\":\"BreadcrumbList\",\"@id\":\"https:\/\/shop.camac-harps.com\/en\/product\/colard-elisabeth-the-harp-at-the-heart-of-the-orchestra\/#breadcrumb\",\"itemListElement\":[{\"@type\":\"ListItem\",\"position\":1,\"name\":\"Home\",\"item\":\"https:\/\/shop.camac-harps.com\/en\/\"},{\"@type\":\"ListItem\",\"position\":2,\"name\":\"Homepage\",\"item\":\"https:\/\/shop.camac-harps.com\/en\/\"},{\"@type\":\"ListItem\",\"position\":3,\"name\":\"COLARD Elisabeth : The harp at the heart of the orchestra &#8211; Volume 3\"}]},{\"@type\":\"WebSite\",\"@id\":\"https:\/\/shop.camac-harps.com\/en\/#website\",\"url\":\"https:\/\/shop.camac-harps.com\/en\/\",\"name\":\"Camac Harps Shop\",\"description\":\"\",\"potentialAction\":[{\"@type\":\"SearchAction\",\"target\":{\"@type\":\"EntryPoint\",\"urlTemplate\":\"https:\/\/shop.camac-harps.com\/en\/?s={search_term_string}\"},\"query-input\":{\"@type\":\"PropertyValueSpecification\",\"valueRequired\":true,\"valueName\":\"search_term_string\"}}],\"inLanguage\":\"en-US\"}]}<\/script>","yoast_head_json":{"title":"COLARD Elisabeth : The harp at the heart of the orchestra - Volume 3 - Camac Harps Shop","description":"A la d\u00e9couverte du R\u00e9pertoire d'Orchestre. Boutique en ligne des Harpes Camac. Disponible \u00e0 la vente sur la boutique en ligne des Harpes Camac. Exp\u00e9dition dans le monde entier depuis la France.","robots":{"index":"index","follow":"follow","max-snippet":"max-snippet:-1","max-image-preview":"max-image-preview:large","max-video-preview":"max-video-preview:-1"},"canonical":"https:\/\/shop.camac-harps.com\/en\/product\/colard-elisabeth-the-harp-at-the-heart-of-the-orchestra\/","og_locale":"en_US","og_type":"article","og_title":"COLARD Elisabeth : The harp at the heart of the orchestra - Volume 3 - Camac Harps Shop","og_description":"A la d\u00e9couverte du R\u00e9pertoire d'Orchestre. Boutique en ligne des Harpes Camac. Disponible \u00e0 la vente sur la boutique en ligne des Harpes Camac. Exp\u00e9dition dans le monde entier depuis la France.","og_url":"https:\/\/shop.camac-harps.com\/en\/product\/colard-elisabeth-the-harp-at-the-heart-of-the-orchestra\/","og_site_name":"Camac Harps Shop","article_modified_time":"2024-07-17T15:09:49+00:00","og_image":[{"width":1215,"height":1745,"url":"https:\/\/shop.camac-harps.com\/wp-content\/uploads\/sites\/25\/2024\/03\/cde04-1.jpg","type":"image\/jpeg"}],"twitter_card":"summary_large_image","twitter_misc":{"Est. reading time":"1 minute"},"schema":{"@context":"https:\/\/schema.org","@graph":[{"@type":"WebPage","@id":"https:\/\/shop.camac-harps.com\/en\/product\/colard-elisabeth-the-harp-at-the-heart-of-the-orchestra\/","url":"https:\/\/shop.camac-harps.com\/en\/product\/colard-elisabeth-the-harp-at-the-heart-of-the-orchestra\/","name":"COLARD Elisabeth : The harp at the heart of the orchestra - Volume 3 - Camac Harps Shop","isPartOf":{"@id":"https:\/\/shop.camac-harps.com\/en\/#website"},"primaryImageOfPage":{"@id":"https:\/\/shop.camac-harps.com\/en\/product\/colard-elisabeth-the-harp-at-the-heart-of-the-orchestra\/#primaryimage"},"image":{"@id":"https:\/\/shop.camac-harps.com\/en\/product\/colard-elisabeth-the-harp-at-the-heart-of-the-orchestra\/#primaryimage"},"thumbnailUrl":"https:\/\/shop.camac-harps.com\/wp-content\/uploads\/sites\/25\/2024\/03\/cde04-1.jpg","datePublished":"2024-03-01T13:26:28+00:00","dateModified":"2024-07-17T15:09:49+00:00","description":"A la d\u00e9couverte du R\u00e9pertoire d'Orchestre. Boutique en ligne des Harpes Camac. Disponible \u00e0 la vente sur la boutique en ligne des Harpes Camac. Exp\u00e9dition dans le monde entier depuis la France.","breadcrumb":{"@id":"https:\/\/shop.camac-harps.com\/en\/product\/colard-elisabeth-the-harp-at-the-heart-of-the-orchestra\/#breadcrumb"},"inLanguage":"en-US","potentialAction":[{"@type":"ReadAction","target":["https:\/\/shop.camac-harps.com\/en\/product\/colard-elisabeth-the-harp-at-the-heart-of-the-orchestra\/"]}]},{"@type":"ImageObject","inLanguage":"en-US","@id":"https:\/\/shop.camac-harps.com\/en\/product\/colard-elisabeth-the-harp-at-the-heart-of-the-orchestra\/#primaryimage","url":"https:\/\/shop.camac-harps.com\/wp-content\/uploads\/sites\/25\/2024\/03\/cde04-1.jpg","contentUrl":"https:\/\/shop.camac-harps.com\/wp-content\/uploads\/sites\/25\/2024\/03\/cde04-1.jpg","width":1215,"height":1745,"caption":"COLARD Elisabeth : La Harpe au sein de l'orchestre"},{"@type":"BreadcrumbList","@id":"https:\/\/shop.camac-harps.com\/en\/product\/colard-elisabeth-the-harp-at-the-heart-of-the-orchestra\/#breadcrumb","itemListElement":[{"@type":"ListItem","position":1,"name":"Home","item":"https:\/\/shop.camac-harps.com\/en\/"},{"@type":"ListItem","position":2,"name":"Homepage","item":"https:\/\/shop.camac-harps.com\/en\/"},{"@type":"ListItem","position":3,"name":"COLARD Elisabeth : The harp at the heart of the orchestra &#8211; Volume 3"}]},{"@type":"WebSite","@id":"https:\/\/shop.camac-harps.com\/en\/#website","url":"https:\/\/shop.camac-harps.com\/en\/","name":"Camac Harps Shop","description":"","potentialAction":[{"@type":"SearchAction","target":{"@type":"EntryPoint","urlTemplate":"https:\/\/shop.camac-harps.com\/en\/?s={search_term_string}"},"query-input":{"@type":"PropertyValueSpecification","valueRequired":true,"valueName":"search_term_string"}}],"inLanguage":"en-US"}]}},"_links":{"self":[{"href":"https:\/\/shop.camac-harps.com\/en\/wp-json\/wp\/v2\/product\/59627","targetHints":{"allow":["GET"]}}],"collection":[{"href":"https:\/\/shop.camac-harps.com\/en\/wp-json\/wp\/v2\/product"}],"about":[{"href":"https:\/\/shop.camac-harps.com\/en\/wp-json\/wp\/v2\/types\/product"}],"replies":[{"embeddable":true,"href":"https:\/\/shop.camac-harps.com\/en\/wp-json\/wp\/v2\/comments?post=59627"}],"wp:featuredmedia":[{"embeddable":true,"href":"https:\/\/shop.camac-harps.com\/en\/wp-json\/wp\/v2\/media\/59624"}],"wp:attachment":[{"href":"https:\/\/shop.camac-harps.com\/en\/wp-json\/wp\/v2\/media?parent=59627"}],"wp:term":[{"taxonomy":"product_brand","embeddable":true,"href":"https:\/\/shop.camac-harps.com\/en\/wp-json\/wp\/v2\/product_brand?post=59627"},{"taxonomy":"product_cat","embeddable":true,"href":"https:\/\/shop.camac-harps.com\/en\/wp-json\/wp\/v2\/product_cat?post=59627"},{"taxonomy":"product_tag","embeddable":true,"href":"https:\/\/shop.camac-harps.com\/en\/wp-json\/wp\/v2\/product_tag?post=59627"}],"curies":[{"name":"wp","href":"https:\/\/api.w.org\/{rel}","templated":true}]}}