{"id":60496,"date":"2024-04-19T14:10:51","date_gmt":"2024-04-19T14:10:51","guid":{"rendered":"https:\/\/shop.camac-harps.com\/product\/mc-donald-s-wood-l-spanish-music-for-harp-vol-4-nocturne-onazez-dolor-cordoba-serenade\/"},"modified":"2024-07-17T15:09:48","modified_gmt":"2024-07-17T15:09:48","slug":"mc-donald-s-wood-l-spanish-music-for-harp-vol-4-nocturne-onazez-dolor-cordoba-serenade","status":"publish","type":"product","link":"https:\/\/shop.camac-harps.com\/en\/product\/mc-donald-s-wood-l-spanish-music-for-harp-vol-4-nocturne-onazez-dolor-cordoba-serenade\/","title":{"rendered":"Mc DONALD S. \/ WOOD L. : Spanish Music for Harp Vol. 4 &#8211; Nocturne, O\u00f1azez! &#8211; Dolor, Cordoba, Serenade"},"content":{"rendered":"<p>Nocturne &#8211; Gustavo Pittaluga<\/p>\n<p>O\u00f1azez! &#8211; Dolor &#8211; P.J.A. Donastia<\/p>\n<p>Cordoba &#8211; Isaac Albeniz<\/p>\n<p>Serenade &#8211; Oscar Fernandez<\/p>\n","protected":false},"excerpt":{"rendered":"<p>Nocturne &#8211; Gustavo Pittaluga O\u00f1azez! &#8211; Dolor &#8211; P.J.A. Donastia Cordoba &#8211; Isaac Albeniz Serenade &#8211; Oscar Fernandez<\/p>\n","protected":false},"featured_media":60492,"comment_status":"open","ping_status":"closed","template":"","meta":{"_acf_changed":false},"product_brand":[],"product_cat":[34,46],"product_tag":[],"class_list":{"0":"post-60496","1":"product","2":"type-product","3":"status-publish","4":"has-post-thumbnail","6":"product_cat-harp-sheet-music","7":"product_cat-pedal-harp-solos","9":"first","10":"instock","11":"taxable","12":"shipping-taxable","13":"purchasable","14":"product-type-simple"},"acf":[],"yoast_head":"<title>Mc DONALD S. \/ WOOD L. : Spanish Music for Harp Vol. 4 - Nocturne, O\u00f1azez! - Dolor, Cordoba, Serenade - Camac Harps Shop<\/title>\n<meta name=\"description\" content=\"Disponible \u00e0 la vente sur la boutique en ligne des Harpes Camac. Exp\u00e9dition dans le monde entier depuis la France.\" \/>\n<meta name=\"robots\" content=\"index, follow, max-snippet:-1, max-image-preview:large, max-video-preview:-1\" \/>\n<link rel=\"canonical\" href=\"https:\/\/shop.camac-harps.com\/en\/product\/mc-donald-s-wood-l-spanish-music-for-harp-vol-4-nocturne-onazez-dolor-cordoba-serenade\/\" \/>\n<meta property=\"og:locale\" content=\"en_US\" \/>\n<meta property=\"og:type\" content=\"article\" \/>\n<meta property=\"og:title\" content=\"Mc DONALD S. \/ WOOD L. : Spanish Music for Harp Vol. 4 - Nocturne, O\u00f1azez! - Dolor, Cordoba, Serenade - Camac Harps Shop\" \/>\n<meta property=\"og:description\" content=\"Disponible \u00e0 la vente sur la boutique en ligne des Harpes Camac. Exp\u00e9dition dans le monde entier depuis la France.\" \/>\n<meta property=\"og:url\" content=\"https:\/\/shop.camac-harps.com\/en\/product\/mc-donald-s-wood-l-spanish-music-for-harp-vol-4-nocturne-onazez-dolor-cordoba-serenade\/\" \/>\n<meta property=\"og:site_name\" content=\"Camac Harps Shop\" \/>\n<meta property=\"article:modified_time\" content=\"2024-07-17T15:09:48+00:00\" \/>\n<meta property=\"og:image\" content=\"https:\/\/shop.camac-harps.com\/wp-content\/uploads\/sites\/25\/2024\/04\/mcd18-1.jpg\" \/>\n\t<meta property=\"og:image:width\" content=\"1223\" \/>\n\t<meta property=\"og:image:height\" content=\"1623\" \/>\n\t<meta property=\"og:image:type\" content=\"image\/jpeg\" \/>\n<meta name=\"twitter:card\" content=\"summary_large_image\" \/>\n<script type=\"application\/ld+json\" class=\"yoast-schema-graph\">{\"@context\":\"https:\/\/schema.org\",\"@graph\":[{\"@type\":\"WebPage\",\"@id\":\"https:\/\/shop.camac-harps.com\/en\/product\/mc-donald-s-wood-l-spanish-music-for-harp-vol-4-nocturne-onazez-dolor-cordoba-serenade\/\",\"url\":\"https:\/\/shop.camac-harps.com\/en\/product\/mc-donald-s-wood-l-spanish-music-for-harp-vol-4-nocturne-onazez-dolor-cordoba-serenade\/\",\"name\":\"Mc DONALD S. \/ WOOD L. : Spanish Music for Harp Vol. 4 - Nocturne, O\u00f1azez! - Dolor, Cordoba, Serenade - Camac Harps Shop\",\"isPartOf\":{\"@id\":\"https:\/\/shop.camac-harps.com\/en\/#website\"},\"primaryImageOfPage\":{\"@id\":\"https:\/\/shop.camac-harps.com\/en\/product\/mc-donald-s-wood-l-spanish-music-for-harp-vol-4-nocturne-onazez-dolor-cordoba-serenade\/#primaryimage\"},\"image\":{\"@id\":\"https:\/\/shop.camac-harps.com\/en\/product\/mc-donald-s-wood-l-spanish-music-for-harp-vol-4-nocturne-onazez-dolor-cordoba-serenade\/#primaryimage\"},\"thumbnailUrl\":\"https:\/\/shop.camac-harps.com\/wp-content\/uploads\/sites\/25\/2024\/04\/mcd18-1.jpg\",\"datePublished\":\"2024-04-19T14:10:51+00:00\",\"dateModified\":\"2024-07-17T15:09:48+00:00\",\"description\":\"Disponible \u00e0 la vente sur la boutique en ligne des Harpes Camac. Exp\u00e9dition dans le monde entier depuis la France.\",\"breadcrumb\":{\"@id\":\"https:\/\/shop.camac-harps.com\/en\/product\/mc-donald-s-wood-l-spanish-music-for-harp-vol-4-nocturne-onazez-dolor-cordoba-serenade\/#breadcrumb\"},\"inLanguage\":\"en-US\",\"potentialAction\":[{\"@type\":\"ReadAction\",\"target\":[\"https:\/\/shop.camac-harps.com\/en\/product\/mc-donald-s-wood-l-spanish-music-for-harp-vol-4-nocturne-onazez-dolor-cordoba-serenade\/\"]}]},{\"@type\":\"ImageObject\",\"inLanguage\":\"en-US\",\"@id\":\"https:\/\/shop.camac-harps.com\/en\/product\/mc-donald-s-wood-l-spanish-music-for-harp-vol-4-nocturne-onazez-dolor-cordoba-serenade\/#primaryimage\",\"url\":\"https:\/\/shop.camac-harps.com\/wp-content\/uploads\/sites\/25\/2024\/04\/mcd18-1.jpg\",\"contentUrl\":\"https:\/\/shop.camac-harps.com\/wp-content\/uploads\/sites\/25\/2024\/04\/mcd18-1.jpg\",\"width\":1223,\"height\":1623,\"caption\":\"McDONALD Susann, WOOD ROLLO Linda : Spanish Music for the harp\"},{\"@type\":\"BreadcrumbList\",\"@id\":\"https:\/\/shop.camac-harps.com\/en\/product\/mc-donald-s-wood-l-spanish-music-for-harp-vol-4-nocturne-onazez-dolor-cordoba-serenade\/#breadcrumb\",\"itemListElement\":[{\"@type\":\"ListItem\",\"position\":1,\"name\":\"Home\",\"item\":\"https:\/\/shop.camac-harps.com\/en\/\"},{\"@type\":\"ListItem\",\"position\":2,\"name\":\"Homepage\",\"item\":\"https:\/\/shop.camac-harps.com\/en\/\"},{\"@type\":\"ListItem\",\"position\":3,\"name\":\"Mc DONALD S. \/ WOOD L. : Spanish Music for Harp Vol. 4 &#8211; Nocturne, O\u00f1azez! &#8211; Dolor, Cordoba, Serenade\"}]},{\"@type\":\"WebSite\",\"@id\":\"https:\/\/shop.camac-harps.com\/en\/#website\",\"url\":\"https:\/\/shop.camac-harps.com\/en\/\",\"name\":\"Camac Harps Shop\",\"description\":\"\",\"potentialAction\":[{\"@type\":\"SearchAction\",\"target\":{\"@type\":\"EntryPoint\",\"urlTemplate\":\"https:\/\/shop.camac-harps.com\/en\/?s={search_term_string}\"},\"query-input\":{\"@type\":\"PropertyValueSpecification\",\"valueRequired\":true,\"valueName\":\"search_term_string\"}}],\"inLanguage\":\"en-US\"}]}<\/script>","yoast_head_json":{"title":"Mc DONALD S. \/ WOOD L. : Spanish Music for Harp Vol. 4 - Nocturne, O\u00f1azez! - Dolor, Cordoba, Serenade - Camac Harps Shop","description":"Disponible \u00e0 la vente sur la boutique en ligne des Harpes Camac. Exp\u00e9dition dans le monde entier depuis la France.","robots":{"index":"index","follow":"follow","max-snippet":"max-snippet:-1","max-image-preview":"max-image-preview:large","max-video-preview":"max-video-preview:-1"},"canonical":"https:\/\/shop.camac-harps.com\/en\/product\/mc-donald-s-wood-l-spanish-music-for-harp-vol-4-nocturne-onazez-dolor-cordoba-serenade\/","og_locale":"en_US","og_type":"article","og_title":"Mc DONALD S. \/ WOOD L. : Spanish Music for Harp Vol. 4 - Nocturne, O\u00f1azez! - Dolor, Cordoba, Serenade - Camac Harps Shop","og_description":"Disponible \u00e0 la vente sur la boutique en ligne des Harpes Camac. Exp\u00e9dition dans le monde entier depuis la France.","og_url":"https:\/\/shop.camac-harps.com\/en\/product\/mc-donald-s-wood-l-spanish-music-for-harp-vol-4-nocturne-onazez-dolor-cordoba-serenade\/","og_site_name":"Camac Harps Shop","article_modified_time":"2024-07-17T15:09:48+00:00","og_image":[{"width":1223,"height":1623,"url":"https:\/\/shop.camac-harps.com\/wp-content\/uploads\/sites\/25\/2024\/04\/mcd18-1.jpg","type":"image\/jpeg"}],"twitter_card":"summary_large_image","schema":{"@context":"https:\/\/schema.org","@graph":[{"@type":"WebPage","@id":"https:\/\/shop.camac-harps.com\/en\/product\/mc-donald-s-wood-l-spanish-music-for-harp-vol-4-nocturne-onazez-dolor-cordoba-serenade\/","url":"https:\/\/shop.camac-harps.com\/en\/product\/mc-donald-s-wood-l-spanish-music-for-harp-vol-4-nocturne-onazez-dolor-cordoba-serenade\/","name":"Mc DONALD S. \/ WOOD L. : Spanish Music for Harp Vol. 4 - Nocturne, O\u00f1azez! - Dolor, Cordoba, Serenade - Camac Harps Shop","isPartOf":{"@id":"https:\/\/shop.camac-harps.com\/en\/#website"},"primaryImageOfPage":{"@id":"https:\/\/shop.camac-harps.com\/en\/product\/mc-donald-s-wood-l-spanish-music-for-harp-vol-4-nocturne-onazez-dolor-cordoba-serenade\/#primaryimage"},"image":{"@id":"https:\/\/shop.camac-harps.com\/en\/product\/mc-donald-s-wood-l-spanish-music-for-harp-vol-4-nocturne-onazez-dolor-cordoba-serenade\/#primaryimage"},"thumbnailUrl":"https:\/\/shop.camac-harps.com\/wp-content\/uploads\/sites\/25\/2024\/04\/mcd18-1.jpg","datePublished":"2024-04-19T14:10:51+00:00","dateModified":"2024-07-17T15:09:48+00:00","description":"Disponible \u00e0 la vente sur la boutique en ligne des Harpes Camac. Exp\u00e9dition dans le monde entier depuis la France.","breadcrumb":{"@id":"https:\/\/shop.camac-harps.com\/en\/product\/mc-donald-s-wood-l-spanish-music-for-harp-vol-4-nocturne-onazez-dolor-cordoba-serenade\/#breadcrumb"},"inLanguage":"en-US","potentialAction":[{"@type":"ReadAction","target":["https:\/\/shop.camac-harps.com\/en\/product\/mc-donald-s-wood-l-spanish-music-for-harp-vol-4-nocturne-onazez-dolor-cordoba-serenade\/"]}]},{"@type":"ImageObject","inLanguage":"en-US","@id":"https:\/\/shop.camac-harps.com\/en\/product\/mc-donald-s-wood-l-spanish-music-for-harp-vol-4-nocturne-onazez-dolor-cordoba-serenade\/#primaryimage","url":"https:\/\/shop.camac-harps.com\/wp-content\/uploads\/sites\/25\/2024\/04\/mcd18-1.jpg","contentUrl":"https:\/\/shop.camac-harps.com\/wp-content\/uploads\/sites\/25\/2024\/04\/mcd18-1.jpg","width":1223,"height":1623,"caption":"McDONALD Susann, WOOD ROLLO Linda : Spanish Music for the harp"},{"@type":"BreadcrumbList","@id":"https:\/\/shop.camac-harps.com\/en\/product\/mc-donald-s-wood-l-spanish-music-for-harp-vol-4-nocturne-onazez-dolor-cordoba-serenade\/#breadcrumb","itemListElement":[{"@type":"ListItem","position":1,"name":"Home","item":"https:\/\/shop.camac-harps.com\/en\/"},{"@type":"ListItem","position":2,"name":"Homepage","item":"https:\/\/shop.camac-harps.com\/en\/"},{"@type":"ListItem","position":3,"name":"Mc DONALD S. \/ WOOD L. : Spanish Music for Harp Vol. 4 &#8211; Nocturne, O\u00f1azez! &#8211; Dolor, Cordoba, Serenade"}]},{"@type":"WebSite","@id":"https:\/\/shop.camac-harps.com\/en\/#website","url":"https:\/\/shop.camac-harps.com\/en\/","name":"Camac Harps Shop","description":"","potentialAction":[{"@type":"SearchAction","target":{"@type":"EntryPoint","urlTemplate":"https:\/\/shop.camac-harps.com\/en\/?s={search_term_string}"},"query-input":{"@type":"PropertyValueSpecification","valueRequired":true,"valueName":"search_term_string"}}],"inLanguage":"en-US"}]}},"_links":{"self":[{"href":"https:\/\/shop.camac-harps.com\/en\/wp-json\/wp\/v2\/product\/60496","targetHints":{"allow":["GET"]}}],"collection":[{"href":"https:\/\/shop.camac-harps.com\/en\/wp-json\/wp\/v2\/product"}],"about":[{"href":"https:\/\/shop.camac-harps.com\/en\/wp-json\/wp\/v2\/types\/product"}],"replies":[{"embeddable":true,"href":"https:\/\/shop.camac-harps.com\/en\/wp-json\/wp\/v2\/comments?post=60496"}],"wp:featuredmedia":[{"embeddable":true,"href":"https:\/\/shop.camac-harps.com\/en\/wp-json\/wp\/v2\/media\/60492"}],"wp:attachment":[{"href":"https:\/\/shop.camac-harps.com\/en\/wp-json\/wp\/v2\/media?parent=60496"}],"wp:term":[{"taxonomy":"product_brand","embeddable":true,"href":"https:\/\/shop.camac-harps.com\/en\/wp-json\/wp\/v2\/product_brand?post=60496"},{"taxonomy":"product_cat","embeddable":true,"href":"https:\/\/shop.camac-harps.com\/en\/wp-json\/wp\/v2\/product_cat?post=60496"},{"taxonomy":"product_tag","embeddable":true,"href":"https:\/\/shop.camac-harps.com\/en\/wp-json\/wp\/v2\/product_tag?post=60496"}],"curies":[{"name":"wp","href":"https:\/\/api.w.org\/{rel}","templated":true}]}}