{"id":71296,"date":"2025-11-25T09:29:11","date_gmt":"2025-11-25T09:29:11","guid":{"rendered":"https:\/\/shop.camac-harps.com\/product\/laurent-melanie-pastel-recital-debussy-ravel-renie-tournier\/"},"modified":"2025-11-25T09:29:11","modified_gmt":"2025-11-25T09:29:11","slug":"laurent-melanie-pastel-recital-debussy-ravel-renie-tournier","status":"publish","type":"product","link":"https:\/\/shop.camac-harps.com\/en\/product\/laurent-melanie-pastel-recital-debussy-ravel-renie-tournier\/","title":{"rendered":"LAURENT M\u00e9lanie &#8211; Pastel (R\u00e9cital Debussy, Ravel, Reni\u00e9, Tournier &#8230;)"},"content":{"rendered":"<div>A gentle, luminous musical journey, where the harp reveals its myriad nuances. Rare works, masterpieces and unpublished transcriptions intertwine in an impressionistic, sensual and poetic universe. An ode to nature, to the imagination, to creative women and to beauty that stands the test of time&#8230;<\/div>\n<div>Marcel Grandjany (1891-1975) : The Colorado Trail, Op. 28<br \/>\nMarcel Tournier (1879-1951) : Pastels du Vieux Japon, Op. 47<br \/>\nC\u00e9cile Chaminade (1857-1944) : Valse d\u2019Automne<br \/>\nMel Bonis (1858-1937) : Pr\u00e8s du ruisseau, Op. 9<br \/>\nGermaine Tailleferre (1892-1983) : Sonate pour harpe<br \/>\nJacques de la Presle (1888-1969) : Le Jardin Mouill\u00e9<br \/>\nHenriette Reni\u00e9 (1875-1956) : Contemplation<br \/>\nMarcel Grandjany (1891-1975) : Rhapsodie<br \/>\nClaude Debussy (1862-1918) : Danse Sacr\u00e9e et Danse Profane, L.103<br \/>\nMaurice Ravel (1875-1937) : Introduction et allegro, M.46<br \/>\nMarcel Tournier (1879-1951) : L\u2019\u00c9ternel R\u00eaveur<\/div>\n","protected":false},"excerpt":{"rendered":"<p>A gentle, luminous musical journey, where the harp reveals its myriad nuances. Rare works, masterpieces and unpublished transcriptions intertwine in an impressionistic, sensual and poetic universe. An ode to nature, to the imagination, to creative women and to beauty that stands the test of time&#8230; Marcel Grandjany (1891-1975) : The Colorado Trail, Op. 28 Marcel [&hellip;]<\/p>\n","protected":false},"featured_media":71290,"comment_status":"open","ping_status":"closed","template":"","meta":{"_acf_changed":false},"product_brand":[],"product_cat":[367,97],"product_tag":[],"class_list":{"0":"post-71296","1":"product","2":"type-product","3":"status-publish","4":"has-post-thumbnail","6":"product_cat-cds","7":"product_cat-cds-dvds","9":"first","10":"instock","11":"taxable","12":"shipping-taxable","13":"purchasable","14":"product-type-simple"},"acf":[],"yoast_head":"<title>LAURENT M\u00e9lanie - Pastel (R\u00e9cital Debussy, Ravel, Reni\u00e9, Tournier ...) - Camac Harps Shop<\/title>\n<meta name=\"robots\" content=\"index, follow, max-snippet:-1, max-image-preview:large, max-video-preview:-1\" \/>\n<link rel=\"canonical\" href=\"https:\/\/shop.camac-harps.com\/en\/product\/laurent-melanie-pastel-recital-debussy-ravel-renie-tournier\/\" \/>\n<meta property=\"og:locale\" content=\"en_US\" \/>\n<meta property=\"og:type\" content=\"article\" \/>\n<meta property=\"og:title\" content=\"LAURENT M\u00e9lanie - Pastel (R\u00e9cital Debussy, Ravel, Reni\u00e9, Tournier ...) - Camac Harps Shop\" \/>\n<meta property=\"og:description\" content=\"A gentle, luminous musical journey, where the harp reveals its myriad nuances. Rare works, masterpieces and unpublished transcriptions intertwine in an impressionistic, sensual and poetic universe. An ode to nature, to the imagination, to creative women and to beauty that stands the test of time&#8230; Marcel Grandjany (1891-1975) : The Colorado Trail, Op. 28 Marcel [&hellip;]\" \/>\n<meta property=\"og:url\" content=\"https:\/\/shop.camac-harps.com\/en\/product\/laurent-melanie-pastel-recital-debussy-ravel-renie-tournier\/\" \/>\n<meta property=\"og:site_name\" content=\"Camac Harps Shop\" \/>\n<meta property=\"og:image\" content=\"https:\/\/shop.camac-harps.com\/wp-content\/uploads\/sites\/25\/2025\/11\/ltm01-01.jpg\" \/>\n\t<meta property=\"og:image:width\" content=\"1200\" \/>\n\t<meta property=\"og:image:height\" content=\"1200\" \/>\n\t<meta property=\"og:image:type\" content=\"image\/jpeg\" \/>\n<meta name=\"twitter:card\" content=\"summary_large_image\" \/>\n<meta name=\"twitter:label1\" content=\"Est. reading time\" \/>\n\t<meta name=\"twitter:data1\" content=\"1 minute\" \/>\n<script type=\"application\/ld+json\" class=\"yoast-schema-graph\">{\"@context\":\"https:\/\/schema.org\",\"@graph\":[{\"@type\":\"WebPage\",\"@id\":\"https:\/\/shop.camac-harps.com\/en\/product\/laurent-melanie-pastel-recital-debussy-ravel-renie-tournier\/\",\"url\":\"https:\/\/shop.camac-harps.com\/en\/product\/laurent-melanie-pastel-recital-debussy-ravel-renie-tournier\/\",\"name\":\"LAURENT M\u00e9lanie - Pastel (R\u00e9cital Debussy, Ravel, Reni\u00e9, Tournier ...) - Camac Harps Shop\",\"isPartOf\":{\"@id\":\"https:\/\/shop.camac-harps.com\/en\/#website\"},\"primaryImageOfPage\":{\"@id\":\"https:\/\/shop.camac-harps.com\/en\/product\/laurent-melanie-pastel-recital-debussy-ravel-renie-tournier\/#primaryimage\"},\"image\":{\"@id\":\"https:\/\/shop.camac-harps.com\/en\/product\/laurent-melanie-pastel-recital-debussy-ravel-renie-tournier\/#primaryimage\"},\"thumbnailUrl\":\"https:\/\/shop.camac-harps.com\/wp-content\/uploads\/sites\/25\/2025\/11\/ltm01-01.jpg\",\"datePublished\":\"2025-11-25T09:29:11+00:00\",\"breadcrumb\":{\"@id\":\"https:\/\/shop.camac-harps.com\/en\/product\/laurent-melanie-pastel-recital-debussy-ravel-renie-tournier\/#breadcrumb\"},\"inLanguage\":\"en-US\",\"potentialAction\":[{\"@type\":\"ReadAction\",\"target\":[\"https:\/\/shop.camac-harps.com\/en\/product\/laurent-melanie-pastel-recital-debussy-ravel-renie-tournier\/\"]}]},{\"@type\":\"ImageObject\",\"inLanguage\":\"en-US\",\"@id\":\"https:\/\/shop.camac-harps.com\/en\/product\/laurent-melanie-pastel-recital-debussy-ravel-renie-tournier\/#primaryimage\",\"url\":\"https:\/\/shop.camac-harps.com\/wp-content\/uploads\/sites\/25\/2025\/11\/ltm01-01.jpg\",\"contentUrl\":\"https:\/\/shop.camac-harps.com\/wp-content\/uploads\/sites\/25\/2025\/11\/ltm01-01.jpg\",\"width\":1200,\"height\":1200,\"caption\":\"LAURENT M\u00e9lanie - Pastel (R\u00e9cital Debussy, Ravel, Reni\u00e9, Tournier ...)\"},{\"@type\":\"BreadcrumbList\",\"@id\":\"https:\/\/shop.camac-harps.com\/en\/product\/laurent-melanie-pastel-recital-debussy-ravel-renie-tournier\/#breadcrumb\",\"itemListElement\":[{\"@type\":\"ListItem\",\"position\":1,\"name\":\"Home\",\"item\":\"https:\/\/shop.camac-harps.com\/en\/\"},{\"@type\":\"ListItem\",\"position\":2,\"name\":\"Homepage\",\"item\":\"https:\/\/shop.camac-harps.com\/en\/\"},{\"@type\":\"ListItem\",\"position\":3,\"name\":\"LAURENT M\u00e9lanie &#8211; Pastel (R\u00e9cital Debussy, Ravel, Reni\u00e9, Tournier &#8230;)\"}]},{\"@type\":\"WebSite\",\"@id\":\"https:\/\/shop.camac-harps.com\/en\/#website\",\"url\":\"https:\/\/shop.camac-harps.com\/en\/\",\"name\":\"Camac Harps Shop\",\"description\":\"\",\"potentialAction\":[{\"@type\":\"SearchAction\",\"target\":{\"@type\":\"EntryPoint\",\"urlTemplate\":\"https:\/\/shop.camac-harps.com\/en\/?s={search_term_string}\"},\"query-input\":{\"@type\":\"PropertyValueSpecification\",\"valueRequired\":true,\"valueName\":\"search_term_string\"}}],\"inLanguage\":\"en-US\"}]}<\/script>","yoast_head_json":{"title":"LAURENT M\u00e9lanie - Pastel (R\u00e9cital Debussy, Ravel, Reni\u00e9, Tournier ...) - Camac Harps Shop","robots":{"index":"index","follow":"follow","max-snippet":"max-snippet:-1","max-image-preview":"max-image-preview:large","max-video-preview":"max-video-preview:-1"},"canonical":"https:\/\/shop.camac-harps.com\/en\/product\/laurent-melanie-pastel-recital-debussy-ravel-renie-tournier\/","og_locale":"en_US","og_type":"article","og_title":"LAURENT M\u00e9lanie - Pastel (R\u00e9cital Debussy, Ravel, Reni\u00e9, Tournier ...) - Camac Harps Shop","og_description":"A gentle, luminous musical journey, where the harp reveals its myriad nuances. Rare works, masterpieces and unpublished transcriptions intertwine in an impressionistic, sensual and poetic universe. An ode to nature, to the imagination, to creative women and to beauty that stands the test of time&#8230; Marcel Grandjany (1891-1975) : The Colorado Trail, Op. 28 Marcel [&hellip;]","og_url":"https:\/\/shop.camac-harps.com\/en\/product\/laurent-melanie-pastel-recital-debussy-ravel-renie-tournier\/","og_site_name":"Camac Harps Shop","og_image":[{"width":1200,"height":1200,"url":"https:\/\/shop.camac-harps.com\/wp-content\/uploads\/sites\/25\/2025\/11\/ltm01-01.jpg","type":"image\/jpeg"}],"twitter_card":"summary_large_image","twitter_misc":{"Est. reading time":"1 minute"},"schema":{"@context":"https:\/\/schema.org","@graph":[{"@type":"WebPage","@id":"https:\/\/shop.camac-harps.com\/en\/product\/laurent-melanie-pastel-recital-debussy-ravel-renie-tournier\/","url":"https:\/\/shop.camac-harps.com\/en\/product\/laurent-melanie-pastel-recital-debussy-ravel-renie-tournier\/","name":"LAURENT M\u00e9lanie - Pastel (R\u00e9cital Debussy, Ravel, Reni\u00e9, Tournier ...) - Camac Harps Shop","isPartOf":{"@id":"https:\/\/shop.camac-harps.com\/en\/#website"},"primaryImageOfPage":{"@id":"https:\/\/shop.camac-harps.com\/en\/product\/laurent-melanie-pastel-recital-debussy-ravel-renie-tournier\/#primaryimage"},"image":{"@id":"https:\/\/shop.camac-harps.com\/en\/product\/laurent-melanie-pastel-recital-debussy-ravel-renie-tournier\/#primaryimage"},"thumbnailUrl":"https:\/\/shop.camac-harps.com\/wp-content\/uploads\/sites\/25\/2025\/11\/ltm01-01.jpg","datePublished":"2025-11-25T09:29:11+00:00","breadcrumb":{"@id":"https:\/\/shop.camac-harps.com\/en\/product\/laurent-melanie-pastel-recital-debussy-ravel-renie-tournier\/#breadcrumb"},"inLanguage":"en-US","potentialAction":[{"@type":"ReadAction","target":["https:\/\/shop.camac-harps.com\/en\/product\/laurent-melanie-pastel-recital-debussy-ravel-renie-tournier\/"]}]},{"@type":"ImageObject","inLanguage":"en-US","@id":"https:\/\/shop.camac-harps.com\/en\/product\/laurent-melanie-pastel-recital-debussy-ravel-renie-tournier\/#primaryimage","url":"https:\/\/shop.camac-harps.com\/wp-content\/uploads\/sites\/25\/2025\/11\/ltm01-01.jpg","contentUrl":"https:\/\/shop.camac-harps.com\/wp-content\/uploads\/sites\/25\/2025\/11\/ltm01-01.jpg","width":1200,"height":1200,"caption":"LAURENT M\u00e9lanie - Pastel (R\u00e9cital Debussy, Ravel, Reni\u00e9, Tournier ...)"},{"@type":"BreadcrumbList","@id":"https:\/\/shop.camac-harps.com\/en\/product\/laurent-melanie-pastel-recital-debussy-ravel-renie-tournier\/#breadcrumb","itemListElement":[{"@type":"ListItem","position":1,"name":"Home","item":"https:\/\/shop.camac-harps.com\/en\/"},{"@type":"ListItem","position":2,"name":"Homepage","item":"https:\/\/shop.camac-harps.com\/en\/"},{"@type":"ListItem","position":3,"name":"LAURENT M\u00e9lanie &#8211; Pastel (R\u00e9cital Debussy, Ravel, Reni\u00e9, Tournier &#8230;)"}]},{"@type":"WebSite","@id":"https:\/\/shop.camac-harps.com\/en\/#website","url":"https:\/\/shop.camac-harps.com\/en\/","name":"Camac Harps Shop","description":"","potentialAction":[{"@type":"SearchAction","target":{"@type":"EntryPoint","urlTemplate":"https:\/\/shop.camac-harps.com\/en\/?s={search_term_string}"},"query-input":{"@type":"PropertyValueSpecification","valueRequired":true,"valueName":"search_term_string"}}],"inLanguage":"en-US"}]}},"_links":{"self":[{"href":"https:\/\/shop.camac-harps.com\/en\/wp-json\/wp\/v2\/product\/71296","targetHints":{"allow":["GET"]}}],"collection":[{"href":"https:\/\/shop.camac-harps.com\/en\/wp-json\/wp\/v2\/product"}],"about":[{"href":"https:\/\/shop.camac-harps.com\/en\/wp-json\/wp\/v2\/types\/product"}],"replies":[{"embeddable":true,"href":"https:\/\/shop.camac-harps.com\/en\/wp-json\/wp\/v2\/comments?post=71296"}],"wp:featuredmedia":[{"embeddable":true,"href":"https:\/\/shop.camac-harps.com\/en\/wp-json\/wp\/v2\/media\/71290"}],"wp:attachment":[{"href":"https:\/\/shop.camac-harps.com\/en\/wp-json\/wp\/v2\/media?parent=71296"}],"wp:term":[{"taxonomy":"product_brand","embeddable":true,"href":"https:\/\/shop.camac-harps.com\/en\/wp-json\/wp\/v2\/product_brand?post=71296"},{"taxonomy":"product_cat","embeddable":true,"href":"https:\/\/shop.camac-harps.com\/en\/wp-json\/wp\/v2\/product_cat?post=71296"},{"taxonomy":"product_tag","embeddable":true,"href":"https:\/\/shop.camac-harps.com\/en\/wp-json\/wp\/v2\/product_tag?post=71296"}],"curies":[{"name":"wp","href":"https:\/\/api.w.org\/{rel}","templated":true}]}}