{"id":72711,"date":"2026-02-25T13:46:22","date_gmt":"2026-02-25T13:46:22","guid":{"rendered":"https:\/\/shop.camac-harps.com\/product\/gubri-marianne-resonances-la-harpe-voie-dharmonie-et-de-transformation-in-french\/"},"modified":"2026-02-25T13:46:22","modified_gmt":"2026-02-25T13:46:22","slug":"gubri-marianne-resonances-la-harpe-voie-dharmonie-et-de-transformation-in-french","status":"publish","type":"product","link":"https:\/\/shop.camac-harps.com\/en\/product\/gubri-marianne-resonances-la-harpe-voie-dharmonie-et-de-transformation-in-french\/","title":{"rendered":"GUBRI Marianne &#8211; R\u00e9sonances : La harpe, voie d\u2019harmonie et de transformation (in French)"},"content":{"rendered":"<div>R\u00c9SONANCES :\u00a0Et si la harpe \u00e9tait bien plus qu\u2019un instrument ? Et si ses cordes r\u00e9v\u00e9laient une voie d\u2019harmonie, de conscience et de transformation ?\u00a0R\u00e9sonances \u2013 La harpe, voie d\u2019harmonie et de transformation invite \u00e0 un voyage unique au c\u0153ur du pouvoir du son. Entre mythologie, cr\u00e9ativit\u00e9, musique th\u00e9rapeutique et pratiques de sound healing, Marianne\u00a0<span class=\"il\">Gubri<\/span>\u00a0propose une approche profond\u00e9ment innovante de la harpe, con\u00e7ue comme un arch\u00e9type universel capable d\u2019unifier le visible et l\u2019invisible. Un ouvrage de r\u00e9f\u00e9rence, \u00e0 la fois po\u00e9tique, clair et profond\u00e9ment vivant. Une invitation \u00e0 \u00e9couter autrement\u2026 et \u00e0 renouer avec la beaut\u00e9 vibrante du r\u00e9el. Fruit de plus de vingt-cinq ans de recherche, de pratique et d\u2019exp\u00e9rience clinique internationale, ce livre propose une vision renouvel\u00e9e et profond\u00e9ment humaine de la musique : une musique intentionnelle, qui relie, apaise, r\u00e9gule, \u00e9l\u00e8ve et transforme. Destin\u00e9 aux harpistes, aux musiciens, aux praticiens du son, aux professionnels du soin, ainsi qu\u2019\u00e0 toutes les personnes en qu\u00eate de sens, R\u00e9sonances offre un mod\u00e8le inspirant et novateur pour faire du son un chemin d\u2019\u00e9volution personnelle et professionnelle. Entre sagesse ancienne, recherches contemporaines en musicoth\u00e9rapie, m\u00e9decine int\u00e9grative et exploration cr\u00e9ative, il r\u00e9v\u00e8le comment la harpe peut devenir un v\u00e9ritable instrument d\u2019harmonie \u2013 pour soi, pour l\u2019autre, pour le monde.<\/div>\n<div>Un ouvrage de r\u00e9f\u00e9rence, \u00e0 la fois po\u00e9tique, clair et profond\u00e9ment vivant. Une invitation \u00e0 \u00e9couter autrement\u2026 et \u00e0 renouer avec la beaut\u00e9 vibrante du r\u00e9el.<\/div>\n<div><i>\u201cR\u00e9sonances est un chef-d\u2019oeuvre de la harpe et sonoth\u00e9rapie.\u201d Daniel Perret<\/i><\/div>\n","protected":false},"excerpt":{"rendered":"<p>R\u00c9SONANCES :\u00a0Et si la harpe \u00e9tait bien plus qu\u2019un instrument ? Et si ses cordes r\u00e9v\u00e9laient une voie d\u2019harmonie, de conscience et de transformation ?\u00a0R\u00e9sonances \u2013 La harpe, voie d\u2019harmonie et de transformation invite \u00e0 un voyage unique au c\u0153ur du pouvoir du son. Entre mythologie, cr\u00e9ativit\u00e9, musique th\u00e9rapeutique et pratiques de sound healing, Marianne\u00a0Gubri\u00a0propose [&hellip;]<\/p>\n","protected":false},"featured_media":72704,"comment_status":"open","ping_status":"closed","template":"","meta":{"_acf_changed":false},"product_brand":[],"product_cat":[64],"product_tag":[],"class_list":{"0":"post-72711","1":"product","2":"type-product","3":"status-publish","4":"has-post-thumbnail","6":"product_cat-books","8":"first","9":"instock","10":"taxable","11":"shipping-taxable","12":"purchasable","13":"product-type-simple"},"acf":[],"yoast_head":"<title>GUBRI Marianne - R\u00e9sonances : La harpe, voie d\u2019harmonie et de transformation (in French) - Camac Harps Shop<\/title>\n<meta name=\"robots\" content=\"index, follow, max-snippet:-1, max-image-preview:large, max-video-preview:-1\" \/>\n<link rel=\"canonical\" href=\"https:\/\/shop.camac-harps.com\/en\/product\/gubri-marianne-resonances-la-harpe-voie-dharmonie-et-de-transformation-in-french\/\" \/>\n<meta property=\"og:locale\" content=\"en_US\" \/>\n<meta property=\"og:type\" content=\"article\" \/>\n<meta property=\"og:title\" content=\"GUBRI Marianne - R\u00e9sonances : La harpe, voie d\u2019harmonie et de transformation (in French) - Camac Harps Shop\" \/>\n<meta property=\"og:description\" content=\"R\u00c9SONANCES :\u00a0Et si la harpe \u00e9tait bien plus qu\u2019un instrument ? Et si ses cordes r\u00e9v\u00e9laient une voie d\u2019harmonie, de conscience et de transformation ?\u00a0R\u00e9sonances \u2013 La harpe, voie d\u2019harmonie et de transformation invite \u00e0 un voyage unique au c\u0153ur du pouvoir du son. Entre mythologie, cr\u00e9ativit\u00e9, musique th\u00e9rapeutique et pratiques de sound healing, Marianne\u00a0Gubri\u00a0propose [&hellip;]\" \/>\n<meta property=\"og:url\" content=\"https:\/\/shop.camac-harps.com\/en\/product\/gubri-marianne-resonances-la-harpe-voie-dharmonie-et-de-transformation-in-french\/\" \/>\n<meta property=\"og:site_name\" content=\"Camac Harps Shop\" \/>\n<meta property=\"og:image\" content=\"https:\/\/shop.camac-harps.com\/wp-content\/uploads\/sites\/25\/2026\/02\/gime01-1.jpg\" \/>\n\t<meta property=\"og:image:width\" content=\"311\" \/>\n\t<meta property=\"og:image:height\" content=\"466\" \/>\n\t<meta property=\"og:image:type\" content=\"image\/jpeg\" \/>\n<meta name=\"twitter:card\" content=\"summary_large_image\" \/>\n<meta name=\"twitter:label1\" content=\"Est. reading time\" \/>\n\t<meta name=\"twitter:data1\" content=\"1 minute\" \/>\n<script type=\"application\/ld+json\" class=\"yoast-schema-graph\">{\"@context\":\"https:\/\/schema.org\",\"@graph\":[{\"@type\":\"WebPage\",\"@id\":\"https:\/\/shop.camac-harps.com\/en\/product\/gubri-marianne-resonances-la-harpe-voie-dharmonie-et-de-transformation-in-french\/\",\"url\":\"https:\/\/shop.camac-harps.com\/en\/product\/gubri-marianne-resonances-la-harpe-voie-dharmonie-et-de-transformation-in-french\/\",\"name\":\"GUBRI Marianne - R\u00e9sonances : La harpe, voie d\u2019harmonie et de transformation (in French) - Camac Harps Shop\",\"isPartOf\":{\"@id\":\"https:\/\/shop.camac-harps.com\/en\/#website\"},\"primaryImageOfPage\":{\"@id\":\"https:\/\/shop.camac-harps.com\/en\/product\/gubri-marianne-resonances-la-harpe-voie-dharmonie-et-de-transformation-in-french\/#primaryimage\"},\"image\":{\"@id\":\"https:\/\/shop.camac-harps.com\/en\/product\/gubri-marianne-resonances-la-harpe-voie-dharmonie-et-de-transformation-in-french\/#primaryimage\"},\"thumbnailUrl\":\"https:\/\/shop.camac-harps.com\/wp-content\/uploads\/sites\/25\/2026\/02\/gime01-1.jpg\",\"datePublished\":\"2026-02-25T13:46:22+00:00\",\"breadcrumb\":{\"@id\":\"https:\/\/shop.camac-harps.com\/en\/product\/gubri-marianne-resonances-la-harpe-voie-dharmonie-et-de-transformation-in-french\/#breadcrumb\"},\"inLanguage\":\"en-US\",\"potentialAction\":[{\"@type\":\"ReadAction\",\"target\":[\"https:\/\/shop.camac-harps.com\/en\/product\/gubri-marianne-resonances-la-harpe-voie-dharmonie-et-de-transformation-in-french\/\"]}]},{\"@type\":\"ImageObject\",\"inLanguage\":\"en-US\",\"@id\":\"https:\/\/shop.camac-harps.com\/en\/product\/gubri-marianne-resonances-la-harpe-voie-dharmonie-et-de-transformation-in-french\/#primaryimage\",\"url\":\"https:\/\/shop.camac-harps.com\/wp-content\/uploads\/sites\/25\/2026\/02\/gime01-1.jpg\",\"contentUrl\":\"https:\/\/shop.camac-harps.com\/wp-content\/uploads\/sites\/25\/2026\/02\/gime01-1.jpg\",\"width\":311,\"height\":466,\"caption\":\"GUBRI Marianne : R\u00e9sonances - La harpe, voie d'harmonie et de transformation\"},{\"@type\":\"BreadcrumbList\",\"@id\":\"https:\/\/shop.camac-harps.com\/en\/product\/gubri-marianne-resonances-la-harpe-voie-dharmonie-et-de-transformation-in-french\/#breadcrumb\",\"itemListElement\":[{\"@type\":\"ListItem\",\"position\":1,\"name\":\"Home\",\"item\":\"https:\/\/shop.camac-harps.com\/en\/\"},{\"@type\":\"ListItem\",\"position\":2,\"name\":\"Homepage\",\"item\":\"https:\/\/shop.camac-harps.com\/en\/\"},{\"@type\":\"ListItem\",\"position\":3,\"name\":\"GUBRI Marianne &#8211; R\u00e9sonances : La harpe, voie d\u2019harmonie et de transformation (in French)\"}]},{\"@type\":\"WebSite\",\"@id\":\"https:\/\/shop.camac-harps.com\/en\/#website\",\"url\":\"https:\/\/shop.camac-harps.com\/en\/\",\"name\":\"Camac Harps Shop\",\"description\":\"\",\"potentialAction\":[{\"@type\":\"SearchAction\",\"target\":{\"@type\":\"EntryPoint\",\"urlTemplate\":\"https:\/\/shop.camac-harps.com\/en\/?s={search_term_string}\"},\"query-input\":{\"@type\":\"PropertyValueSpecification\",\"valueRequired\":true,\"valueName\":\"search_term_string\"}}],\"inLanguage\":\"en-US\"}]}<\/script>","yoast_head_json":{"title":"GUBRI Marianne - R\u00e9sonances : La harpe, voie d\u2019harmonie et de transformation (in French) - Camac Harps Shop","robots":{"index":"index","follow":"follow","max-snippet":"max-snippet:-1","max-image-preview":"max-image-preview:large","max-video-preview":"max-video-preview:-1"},"canonical":"https:\/\/shop.camac-harps.com\/en\/product\/gubri-marianne-resonances-la-harpe-voie-dharmonie-et-de-transformation-in-french\/","og_locale":"en_US","og_type":"article","og_title":"GUBRI Marianne - R\u00e9sonances : La harpe, voie d\u2019harmonie et de transformation (in French) - Camac Harps Shop","og_description":"R\u00c9SONANCES :\u00a0Et si la harpe \u00e9tait bien plus qu\u2019un instrument ? Et si ses cordes r\u00e9v\u00e9laient une voie d\u2019harmonie, de conscience et de transformation ?\u00a0R\u00e9sonances \u2013 La harpe, voie d\u2019harmonie et de transformation invite \u00e0 un voyage unique au c\u0153ur du pouvoir du son. Entre mythologie, cr\u00e9ativit\u00e9, musique th\u00e9rapeutique et pratiques de sound healing, Marianne\u00a0Gubri\u00a0propose [&hellip;]","og_url":"https:\/\/shop.camac-harps.com\/en\/product\/gubri-marianne-resonances-la-harpe-voie-dharmonie-et-de-transformation-in-french\/","og_site_name":"Camac Harps Shop","og_image":[{"width":311,"height":466,"url":"https:\/\/shop.camac-harps.com\/wp-content\/uploads\/sites\/25\/2026\/02\/gime01-1.jpg","type":"image\/jpeg"}],"twitter_card":"summary_large_image","twitter_misc":{"Est. reading time":"1 minute"},"schema":{"@context":"https:\/\/schema.org","@graph":[{"@type":"WebPage","@id":"https:\/\/shop.camac-harps.com\/en\/product\/gubri-marianne-resonances-la-harpe-voie-dharmonie-et-de-transformation-in-french\/","url":"https:\/\/shop.camac-harps.com\/en\/product\/gubri-marianne-resonances-la-harpe-voie-dharmonie-et-de-transformation-in-french\/","name":"GUBRI Marianne - R\u00e9sonances : La harpe, voie d\u2019harmonie et de transformation (in French) - Camac Harps Shop","isPartOf":{"@id":"https:\/\/shop.camac-harps.com\/en\/#website"},"primaryImageOfPage":{"@id":"https:\/\/shop.camac-harps.com\/en\/product\/gubri-marianne-resonances-la-harpe-voie-dharmonie-et-de-transformation-in-french\/#primaryimage"},"image":{"@id":"https:\/\/shop.camac-harps.com\/en\/product\/gubri-marianne-resonances-la-harpe-voie-dharmonie-et-de-transformation-in-french\/#primaryimage"},"thumbnailUrl":"https:\/\/shop.camac-harps.com\/wp-content\/uploads\/sites\/25\/2026\/02\/gime01-1.jpg","datePublished":"2026-02-25T13:46:22+00:00","breadcrumb":{"@id":"https:\/\/shop.camac-harps.com\/en\/product\/gubri-marianne-resonances-la-harpe-voie-dharmonie-et-de-transformation-in-french\/#breadcrumb"},"inLanguage":"en-US","potentialAction":[{"@type":"ReadAction","target":["https:\/\/shop.camac-harps.com\/en\/product\/gubri-marianne-resonances-la-harpe-voie-dharmonie-et-de-transformation-in-french\/"]}]},{"@type":"ImageObject","inLanguage":"en-US","@id":"https:\/\/shop.camac-harps.com\/en\/product\/gubri-marianne-resonances-la-harpe-voie-dharmonie-et-de-transformation-in-french\/#primaryimage","url":"https:\/\/shop.camac-harps.com\/wp-content\/uploads\/sites\/25\/2026\/02\/gime01-1.jpg","contentUrl":"https:\/\/shop.camac-harps.com\/wp-content\/uploads\/sites\/25\/2026\/02\/gime01-1.jpg","width":311,"height":466,"caption":"GUBRI Marianne : R\u00e9sonances - La harpe, voie d'harmonie et de transformation"},{"@type":"BreadcrumbList","@id":"https:\/\/shop.camac-harps.com\/en\/product\/gubri-marianne-resonances-la-harpe-voie-dharmonie-et-de-transformation-in-french\/#breadcrumb","itemListElement":[{"@type":"ListItem","position":1,"name":"Home","item":"https:\/\/shop.camac-harps.com\/en\/"},{"@type":"ListItem","position":2,"name":"Homepage","item":"https:\/\/shop.camac-harps.com\/en\/"},{"@type":"ListItem","position":3,"name":"GUBRI Marianne &#8211; R\u00e9sonances : La harpe, voie d\u2019harmonie et de transformation (in French)"}]},{"@type":"WebSite","@id":"https:\/\/shop.camac-harps.com\/en\/#website","url":"https:\/\/shop.camac-harps.com\/en\/","name":"Camac Harps Shop","description":"","potentialAction":[{"@type":"SearchAction","target":{"@type":"EntryPoint","urlTemplate":"https:\/\/shop.camac-harps.com\/en\/?s={search_term_string}"},"query-input":{"@type":"PropertyValueSpecification","valueRequired":true,"valueName":"search_term_string"}}],"inLanguage":"en-US"}]}},"_links":{"self":[{"href":"https:\/\/shop.camac-harps.com\/en\/wp-json\/wp\/v2\/product\/72711","targetHints":{"allow":["GET"]}}],"collection":[{"href":"https:\/\/shop.camac-harps.com\/en\/wp-json\/wp\/v2\/product"}],"about":[{"href":"https:\/\/shop.camac-harps.com\/en\/wp-json\/wp\/v2\/types\/product"}],"replies":[{"embeddable":true,"href":"https:\/\/shop.camac-harps.com\/en\/wp-json\/wp\/v2\/comments?post=72711"}],"wp:featuredmedia":[{"embeddable":true,"href":"https:\/\/shop.camac-harps.com\/en\/wp-json\/wp\/v2\/media\/72704"}],"wp:attachment":[{"href":"https:\/\/shop.camac-harps.com\/en\/wp-json\/wp\/v2\/media?parent=72711"}],"wp:term":[{"taxonomy":"product_brand","embeddable":true,"href":"https:\/\/shop.camac-harps.com\/en\/wp-json\/wp\/v2\/product_brand?post=72711"},{"taxonomy":"product_cat","embeddable":true,"href":"https:\/\/shop.camac-harps.com\/en\/wp-json\/wp\/v2\/product_cat?post=72711"},{"taxonomy":"product_tag","embeddable":true,"href":"https:\/\/shop.camac-harps.com\/en\/wp-json\/wp\/v2\/product_tag?post=72711"}],"curies":[{"name":"wp","href":"https:\/\/api.w.org\/{rel}","templated":true}]}}