{"id":37,"date":"2017-11-01T14:36:37","date_gmt":"2017-11-01T14:36:37","guid":{"rendered":"https:\/\/shop.camac-harps.com\/?page_id=37"},"modified":"2023-12-30T15:08:34","modified_gmt":"2023-12-30T15:08:34","slug":"formulaire-retraction","status":"publish","type":"page","link":"https:\/\/shop.camac-harps.com\/fr\/formulaire-retraction\/","title":{"rendered":"Formulaire de r\u00e9traction"},"content":{"rendered":"<h3>Formulaire de r\u00e9traction Harpes Camac<\/h3>\n<div id=\"attachment_21215\" class=\"wp-caption alignleft\" style=\"width: 212px\"><a href=\"https:\/\/shop.camac-harps.com\/wp-content\/uploads\/sites\/25\/2018\/12\/formulaireretractionfr.pdf\"><img loading=\"lazy\" decoding=\"async\" class=\"size-medium wp-image-21215\" src=\"https:\/\/shop.camac-harps.com\/wp-content\/uploads\/sites\/25\/2018\/12\/formulaireretractionfr-212x300.jpg\" alt=\"Formulaire de r\u00e9traction\" width=\"212\" height=\"300\" srcset=\"https:\/\/shop.camac-harps.com\/wp-content\/uploads\/sites\/25\/2018\/12\/formulaireretractionfr-212x300.jpg 212w, https:\/\/shop.camac-harps.com\/wp-content\/uploads\/sites\/25\/2018\/12\/formulaireretractionfr-768x1086.jpg 768w, https:\/\/shop.camac-harps.com\/wp-content\/uploads\/sites\/25\/2018\/12\/formulaireretractionfr-724x1024.jpg 724w, https:\/\/shop.camac-harps.com\/wp-content\/uploads\/sites\/25\/2018\/12\/formulaireretractionfr-416x588.jpg 416w, https:\/\/shop.camac-harps.com\/wp-content\/uploads\/sites\/25\/2018\/12\/formulaireretractionfr.jpg 1240w\" sizes=\"auto, (max-width: 212px) 100vw, 212px\" \/><\/a><p class=\"wp-caption-text\">T\u00e9l\u00e9charger le bon de r\u00e9traction (PDF, 67KB)<\/p><\/div>\n<p>Pour nous informer de votre volont\u00e9 de vous r\u00e9tracter au plus tard dans les 14 premiers jours apr\u00e8s r\u00e9ception de votre commande, vous devez compl\u00e9ter et envoyer <a href=\"https:\/\/shop.camac-harps.com\/wp-content\/uploads\/sites\/25\/2018\/12\/formulaireretractionfr.pdf\" target=\"_blank\" rel=\"noopener\">ce bon de r\u00e9traction<\/a> uniquement (sans les produits) \u00e0 notre Service clients.\u00a0<\/p>\n<p>&nbsp;<\/p>\n<p>&nbsp;<\/p>\n<p><a href=\"https:\/\/shop.camac-harps.com\/wp-content\/uploads\/sites\/25\/2018\/12\/formulaireretractionfr.pdf\">\u00a0<\/a><\/p>\n","protected":false},"excerpt":{"rendered":"<p>Formulaire de r\u00e9traction Harpes Camac Pour nous informer de votre volont\u00e9 de vous r\u00e9tracter au plus tard dans les 14 premiers jours apr\u00e8s r\u00e9ception de votre commande, vous devez compl\u00e9ter et envoyer ce bon de r\u00e9traction uniquement (sans les produits) \u00e0 notre Service clients.\u00a0 &nbsp; &nbsp; \u00a0<\/p>\n","protected":false},"author":1,"featured_media":0,"parent":0,"menu_order":27,"comment_status":"closed","ping_status":"closed","template":"","meta":{"_acf_changed":false,"footnotes":""},"class_list":["post-37","page","type-page","status-publish","hentry"],"acf":[],"yoast_head":"<title>Formulaire de r\u00e9traction - Camac Harps Shop<\/title>\n<meta name=\"robots\" content=\"index, follow, max-snippet:-1, max-image-preview:large, max-video-preview:-1\" \/>\n<link rel=\"canonical\" href=\"https:\/\/shop.camac-harps.com\/fr\/formulaire-retraction\/\" \/>\n<meta property=\"og:locale\" content=\"fr_FR\" \/>\n<meta property=\"og:type\" content=\"article\" \/>\n<meta property=\"og:title\" content=\"Formulaire de r\u00e9traction - Camac Harps Shop\" \/>\n<meta property=\"og:description\" content=\"Formulaire de r\u00e9traction Harpes Camac Pour nous informer de votre volont\u00e9 de vous r\u00e9tracter au plus tard dans les 14 premiers jours apr\u00e8s r\u00e9ception de votre commande, vous devez compl\u00e9ter et envoyer ce bon de r\u00e9traction uniquement (sans les produits) \u00e0 notre Service clients.\u00a0 &nbsp; &nbsp; \u00a0\" \/>\n<meta property=\"og:url\" content=\"https:\/\/shop.camac-harps.com\/fr\/formulaire-retraction\/\" \/>\n<meta property=\"og:site_name\" content=\"Camac Harps Shop\" \/>\n<meta property=\"article:modified_time\" content=\"2023-12-30T15:08:34+00:00\" \/>\n<meta property=\"og:image\" content=\"https:\/\/shop.camac-harps.com\/wp-content\/uploads\/sites\/25\/2018\/12\/formulaireretractionfr-212x300.jpg\" \/>\n<meta name=\"twitter:card\" content=\"summary_large_image\" \/>\n<script type=\"application\/ld+json\" class=\"yoast-schema-graph\">{\"@context\":\"https:\/\/schema.org\",\"@graph\":[{\"@type\":\"WebPage\",\"@id\":\"https:\/\/shop.camac-harps.com\/fr\/formulaire-retraction\/\",\"url\":\"https:\/\/shop.camac-harps.com\/fr\/formulaire-retraction\/\",\"name\":\"Formulaire de r\u00e9traction - Camac Harps Shop\",\"isPartOf\":{\"@id\":\"https:\/\/shop.camac-harps.com\/fr\/#website\"},\"primaryImageOfPage\":{\"@id\":\"https:\/\/shop.camac-harps.com\/fr\/formulaire-retraction\/#primaryimage\"},\"image\":{\"@id\":\"https:\/\/shop.camac-harps.com\/fr\/formulaire-retraction\/#primaryimage\"},\"thumbnailUrl\":\"https:\/\/shop.camac-harps.com\/wp-content\/uploads\/sites\/25\/2018\/12\/formulaireretractionfr-212x300.jpg\",\"datePublished\":\"2017-11-01T14:36:37+00:00\",\"dateModified\":\"2023-12-30T15:08:34+00:00\",\"breadcrumb\":{\"@id\":\"https:\/\/shop.camac-harps.com\/fr\/formulaire-retraction\/#breadcrumb\"},\"inLanguage\":\"fr-FR\",\"potentialAction\":[{\"@type\":\"ReadAction\",\"target\":[\"https:\/\/shop.camac-harps.com\/fr\/formulaire-retraction\/\"]}]},{\"@type\":\"ImageObject\",\"inLanguage\":\"fr-FR\",\"@id\":\"https:\/\/shop.camac-harps.com\/fr\/formulaire-retraction\/#primaryimage\",\"url\":\"https:\/\/shop.camac-harps.com\/wp-content\/uploads\/sites\/25\/2018\/12\/formulaireretractionfr-212x300.jpg\",\"contentUrl\":\"https:\/\/shop.camac-harps.com\/wp-content\/uploads\/sites\/25\/2018\/12\/formulaireretractionfr-212x300.jpg\"},{\"@type\":\"BreadcrumbList\",\"@id\":\"https:\/\/shop.camac-harps.com\/fr\/formulaire-retraction\/#breadcrumb\",\"itemListElement\":[{\"@type\":\"ListItem\",\"position\":1,\"name\":\"Home\",\"item\":\"https:\/\/shop.camac-harps.com\/fr\/homepage\/\"},{\"@type\":\"ListItem\",\"position\":2,\"name\":\"Formulaire de r\u00e9traction\"}]},{\"@type\":\"WebSite\",\"@id\":\"https:\/\/shop.camac-harps.com\/fr\/#website\",\"url\":\"https:\/\/shop.camac-harps.com\/fr\/\",\"name\":\"Camac Harps Shop\",\"description\":\"\",\"potentialAction\":[{\"@type\":\"SearchAction\",\"target\":{\"@type\":\"EntryPoint\",\"urlTemplate\":\"https:\/\/shop.camac-harps.com\/fr\/?s={search_term_string}\"},\"query-input\":{\"@type\":\"PropertyValueSpecification\",\"valueRequired\":true,\"valueName\":\"search_term_string\"}}],\"inLanguage\":\"fr-FR\"}]}<\/script>","yoast_head_json":{"title":"Formulaire de r\u00e9traction - Camac Harps Shop","robots":{"index":"index","follow":"follow","max-snippet":"max-snippet:-1","max-image-preview":"max-image-preview:large","max-video-preview":"max-video-preview:-1"},"canonical":"https:\/\/shop.camac-harps.com\/fr\/formulaire-retraction\/","og_locale":"fr_FR","og_type":"article","og_title":"Formulaire de r\u00e9traction - Camac Harps Shop","og_description":"Formulaire de r\u00e9traction Harpes Camac Pour nous informer de votre volont\u00e9 de vous r\u00e9tracter au plus tard dans les 14 premiers jours apr\u00e8s r\u00e9ception de votre commande, vous devez compl\u00e9ter et envoyer ce bon de r\u00e9traction uniquement (sans les produits) \u00e0 notre Service clients.\u00a0 &nbsp; &nbsp; \u00a0","og_url":"https:\/\/shop.camac-harps.com\/fr\/formulaire-retraction\/","og_site_name":"Camac Harps Shop","article_modified_time":"2023-12-30T15:08:34+00:00","og_image":[{"url":"https:\/\/shop.camac-harps.com\/wp-content\/uploads\/sites\/25\/2018\/12\/formulaireretractionfr-212x300.jpg","type":"","width":"","height":""}],"twitter_card":"summary_large_image","schema":{"@context":"https:\/\/schema.org","@graph":[{"@type":"WebPage","@id":"https:\/\/shop.camac-harps.com\/fr\/formulaire-retraction\/","url":"https:\/\/shop.camac-harps.com\/fr\/formulaire-retraction\/","name":"Formulaire de r\u00e9traction - Camac Harps Shop","isPartOf":{"@id":"https:\/\/shop.camac-harps.com\/fr\/#website"},"primaryImageOfPage":{"@id":"https:\/\/shop.camac-harps.com\/fr\/formulaire-retraction\/#primaryimage"},"image":{"@id":"https:\/\/shop.camac-harps.com\/fr\/formulaire-retraction\/#primaryimage"},"thumbnailUrl":"https:\/\/shop.camac-harps.com\/wp-content\/uploads\/sites\/25\/2018\/12\/formulaireretractionfr-212x300.jpg","datePublished":"2017-11-01T14:36:37+00:00","dateModified":"2023-12-30T15:08:34+00:00","breadcrumb":{"@id":"https:\/\/shop.camac-harps.com\/fr\/formulaire-retraction\/#breadcrumb"},"inLanguage":"fr-FR","potentialAction":[{"@type":"ReadAction","target":["https:\/\/shop.camac-harps.com\/fr\/formulaire-retraction\/"]}]},{"@type":"ImageObject","inLanguage":"fr-FR","@id":"https:\/\/shop.camac-harps.com\/fr\/formulaire-retraction\/#primaryimage","url":"https:\/\/shop.camac-harps.com\/wp-content\/uploads\/sites\/25\/2018\/12\/formulaireretractionfr-212x300.jpg","contentUrl":"https:\/\/shop.camac-harps.com\/wp-content\/uploads\/sites\/25\/2018\/12\/formulaireretractionfr-212x300.jpg"},{"@type":"BreadcrumbList","@id":"https:\/\/shop.camac-harps.com\/fr\/formulaire-retraction\/#breadcrumb","itemListElement":[{"@type":"ListItem","position":1,"name":"Home","item":"https:\/\/shop.camac-harps.com\/fr\/homepage\/"},{"@type":"ListItem","position":2,"name":"Formulaire de r\u00e9traction"}]},{"@type":"WebSite","@id":"https:\/\/shop.camac-harps.com\/fr\/#website","url":"https:\/\/shop.camac-harps.com\/fr\/","name":"Camac Harps Shop","description":"","potentialAction":[{"@type":"SearchAction","target":{"@type":"EntryPoint","urlTemplate":"https:\/\/shop.camac-harps.com\/fr\/?s={search_term_string}"},"query-input":{"@type":"PropertyValueSpecification","valueRequired":true,"valueName":"search_term_string"}}],"inLanguage":"fr-FR"}]}},"_links":{"self":[{"href":"https:\/\/shop.camac-harps.com\/fr\/wp-json\/wp\/v2\/pages\/37","targetHints":{"allow":["GET"]}}],"collection":[{"href":"https:\/\/shop.camac-harps.com\/fr\/wp-json\/wp\/v2\/pages"}],"about":[{"href":"https:\/\/shop.camac-harps.com\/fr\/wp-json\/wp\/v2\/types\/page"}],"author":[{"embeddable":true,"href":"https:\/\/shop.camac-harps.com\/fr\/wp-json\/wp\/v2\/users\/1"}],"replies":[{"embeddable":true,"href":"https:\/\/shop.camac-harps.com\/fr\/wp-json\/wp\/v2\/comments?post=37"}],"version-history":[{"count":4,"href":"https:\/\/shop.camac-harps.com\/fr\/wp-json\/wp\/v2\/pages\/37\/revisions"}],"predecessor-version":[{"id":21235,"href":"https:\/\/shop.camac-harps.com\/fr\/wp-json\/wp\/v2\/pages\/37\/revisions\/21235"}],"wp:attachment":[{"href":"https:\/\/shop.camac-harps.com\/fr\/wp-json\/wp\/v2\/media?parent=37"}],"curies":[{"name":"wp","href":"https:\/\/api.w.org\/{rel}","templated":true}]}}