{"id":47399,"date":"2022-08-26T07:55:20","date_gmt":"2022-08-26T07:55:20","guid":{"rendered":"https:\/\/shop.camac-harps.com\/?page_id=47399"},"modified":"2023-12-30T15:08:29","modified_gmt":"2023-12-30T15:08:29","slug":"delais-et-options-de-livraison","status":"publish","type":"page","link":"https:\/\/shop.camac-harps.com\/fr\/delais-et-options-de-livraison\/","title":{"rendered":"D\u00e9lais et options de livraison"},"content":{"rendered":"<p style=\"text-align: justify;\">La boutique en ligne Camac vous propose les options de livraison suivantes :<\/p>\n<ul style=\"text-align: justify;\">\n<li>\n<h4 style=\"text-align: left;\">Courrier standard<\/h4>\n<\/li>\n<\/ul>\n<p style=\"text-align: justify;\">L\u2019envoi standard par la poste est l&rsquo;option la moins ch\u00e8re. L\u2019envoi standard par la poste est l\u2019option la moins ch\u00e8re. Cela signifie que votre commande sera envoy\u00e9e <strong>en lettre verte<\/strong>, sans num\u00e9ro de suivi ou assurance et sans d\u00e9lai de livraison garanti (minimum 3 jours).<\/p>\n<p style=\"text-align: justify;\">Si vous choisissez cette option, il est utile de savoir que toutes les commandes de notre boutique en ligne partent de nos bureaux et ateliers de Mouzeil, au c\u0153ur de la campagne nantaise. Compte tenu des fluctuations des services postaux selon certaines destinations, nous ne pouvons malheureusement pas vous garantir un d\u00e9lai de livraison, celui-ci pouvant varier <span style=\"font-weight: 400;\">de quelques jours (France) \u00e0 quelques semaines (pays \u00e9trangers).<\/span><\/p>\n<p>Si cela ne vous convient pas, nous vous recommandons (par ordre croissant de prix) :<\/p>\n<ul style=\"text-align: justify;\">\n<li>\n<h4 style=\"text-align: left;\">UPS standard<\/h4>\n<\/li>\n<\/ul>\n<p style=\"text-align: justify;\">Ce service propose un num\u00e9ro de suivi, ce qui vous permet de savoir quand la commande est susceptible d&rsquo;arriver. Vous devrez \u00eatre pr\u00e9sent \u00e0 l\u2019adresse de livraison (domicile ou bureau) lorsque le colis arrivera, afin de pouvoir signer le re\u00e7u. En cas d\u2019absence, vous pourrez fixer une nouvelle livraison avec les services d\u2019UPS.<\/p>\n<ul style=\"text-align: justify;\">\n<li>\n<h4 style=\"text-align: left;\">Point d&rsquo;acc\u00e8s standard UPS<\/h4>\n<\/li>\n<\/ul>\n<p style=\"text-align: justify;\">Le colis dispose d&rsquo;un num\u00e9ro de suivi et sera livr\u00e9 au point d&rsquo;acc\u00e8s UPS le plus proche de votre domicile. Les clients qui sont souvent absents de leur domicile appr\u00e9cient cette option.<\/p>\n<ul style=\"text-align: justify;\">\n<li>\n<h4 style=\"text-align: left;\">UPS express<\/h4>\n<\/li>\n<\/ul>\n<p style=\"text-align: justify;\">Ce service comporte un num\u00e9ro de suivi et est livr\u00e9 \u00e0 votre domicile. C&rsquo;est le moyen le plus rapide de recevoir votre commande.<\/p>\n","protected":false},"excerpt":{"rendered":"<p>La boutique en ligne Camac vous propose les options de livraison suivantes : Courrier standard L\u2019envoi standard par la poste est l&rsquo;option la moins ch\u00e8re. L\u2019envoi standard par la poste est l\u2019option la moins ch\u00e8re. Cela signifie que votre commande sera envoy\u00e9e en lettre verte, sans num\u00e9ro de suivi ou assurance et sans d\u00e9lai de [&hellip;]<\/p>\n","protected":false},"author":3,"featured_media":0,"parent":0,"menu_order":12,"comment_status":"closed","ping_status":"closed","template":"","meta":{"_acf_changed":false,"footnotes":""},"class_list":["post-47399","page","type-page","status-publish","hentry"],"acf":[],"yoast_head":"<title>D\u00e9lais et options de livraison - Camac Harps Shop<\/title>\n<meta name=\"robots\" content=\"index, follow, max-snippet:-1, max-image-preview:large, max-video-preview:-1\" \/>\n<link rel=\"canonical\" href=\"https:\/\/shop.camac-harps.com\/fr\/delais-et-options-de-livraison\/\" \/>\n<meta property=\"og:locale\" content=\"fr_FR\" \/>\n<meta property=\"og:type\" content=\"article\" \/>\n<meta property=\"og:title\" content=\"D\u00e9lais et options de livraison - Camac Harps Shop\" \/>\n<meta property=\"og:description\" content=\"La boutique en ligne Camac vous propose les options de livraison suivantes : Courrier standard L\u2019envoi standard par la poste est l&rsquo;option la moins ch\u00e8re. L\u2019envoi standard par la poste est l\u2019option la moins ch\u00e8re. Cela signifie que votre commande sera envoy\u00e9e en lettre verte, sans num\u00e9ro de suivi ou assurance et sans d\u00e9lai de [&hellip;]\" \/>\n<meta property=\"og:url\" content=\"https:\/\/shop.camac-harps.com\/fr\/delais-et-options-de-livraison\/\" \/>\n<meta property=\"og:site_name\" content=\"Camac Harps Shop\" \/>\n<meta property=\"article:modified_time\" content=\"2023-12-30T15:08:29+00:00\" \/>\n<meta name=\"twitter:card\" content=\"summary_large_image\" \/>\n<meta name=\"twitter:label1\" content=\"Dur\u00e9e de lecture estim\u00e9e\" \/>\n\t<meta name=\"twitter:data1\" content=\"2 minutes\" \/>\n<script type=\"application\/ld+json\" class=\"yoast-schema-graph\">{\"@context\":\"https:\/\/schema.org\",\"@graph\":[{\"@type\":\"WebPage\",\"@id\":\"https:\/\/shop.camac-harps.com\/fr\/delais-et-options-de-livraison\/\",\"url\":\"https:\/\/shop.camac-harps.com\/fr\/delais-et-options-de-livraison\/\",\"name\":\"D\u00e9lais et options de livraison - Camac Harps Shop\",\"isPartOf\":{\"@id\":\"https:\/\/shop.camac-harps.com\/fr\/#website\"},\"datePublished\":\"2022-08-26T07:55:20+00:00\",\"dateModified\":\"2023-12-30T15:08:29+00:00\",\"breadcrumb\":{\"@id\":\"https:\/\/shop.camac-harps.com\/fr\/delais-et-options-de-livraison\/#breadcrumb\"},\"inLanguage\":\"fr-FR\",\"potentialAction\":[{\"@type\":\"ReadAction\",\"target\":[\"https:\/\/shop.camac-harps.com\/fr\/delais-et-options-de-livraison\/\"]}]},{\"@type\":\"BreadcrumbList\",\"@id\":\"https:\/\/shop.camac-harps.com\/fr\/delais-et-options-de-livraison\/#breadcrumb\",\"itemListElement\":[{\"@type\":\"ListItem\",\"position\":1,\"name\":\"Home\",\"item\":\"https:\/\/shop.camac-harps.com\/fr\/homepage\/\"},{\"@type\":\"ListItem\",\"position\":2,\"name\":\"D\u00e9lais et options de livraison\"}]},{\"@type\":\"WebSite\",\"@id\":\"https:\/\/shop.camac-harps.com\/fr\/#website\",\"url\":\"https:\/\/shop.camac-harps.com\/fr\/\",\"name\":\"Camac Harps Shop\",\"description\":\"\",\"potentialAction\":[{\"@type\":\"SearchAction\",\"target\":{\"@type\":\"EntryPoint\",\"urlTemplate\":\"https:\/\/shop.camac-harps.com\/fr\/?s={search_term_string}\"},\"query-input\":{\"@type\":\"PropertyValueSpecification\",\"valueRequired\":true,\"valueName\":\"search_term_string\"}}],\"inLanguage\":\"fr-FR\"}]}<\/script>","yoast_head_json":{"title":"D\u00e9lais et options de livraison - Camac Harps Shop","robots":{"index":"index","follow":"follow","max-snippet":"max-snippet:-1","max-image-preview":"max-image-preview:large","max-video-preview":"max-video-preview:-1"},"canonical":"https:\/\/shop.camac-harps.com\/fr\/delais-et-options-de-livraison\/","og_locale":"fr_FR","og_type":"article","og_title":"D\u00e9lais et options de livraison - Camac Harps Shop","og_description":"La boutique en ligne Camac vous propose les options de livraison suivantes : Courrier standard L\u2019envoi standard par la poste est l&rsquo;option la moins ch\u00e8re. L\u2019envoi standard par la poste est l\u2019option la moins ch\u00e8re. Cela signifie que votre commande sera envoy\u00e9e en lettre verte, sans num\u00e9ro de suivi ou assurance et sans d\u00e9lai de [&hellip;]","og_url":"https:\/\/shop.camac-harps.com\/fr\/delais-et-options-de-livraison\/","og_site_name":"Camac Harps Shop","article_modified_time":"2023-12-30T15:08:29+00:00","twitter_card":"summary_large_image","twitter_misc":{"Dur\u00e9e de lecture estim\u00e9e":"2 minutes"},"schema":{"@context":"https:\/\/schema.org","@graph":[{"@type":"WebPage","@id":"https:\/\/shop.camac-harps.com\/fr\/delais-et-options-de-livraison\/","url":"https:\/\/shop.camac-harps.com\/fr\/delais-et-options-de-livraison\/","name":"D\u00e9lais et options de livraison - Camac Harps Shop","isPartOf":{"@id":"https:\/\/shop.camac-harps.com\/fr\/#website"},"datePublished":"2022-08-26T07:55:20+00:00","dateModified":"2023-12-30T15:08:29+00:00","breadcrumb":{"@id":"https:\/\/shop.camac-harps.com\/fr\/delais-et-options-de-livraison\/#breadcrumb"},"inLanguage":"fr-FR","potentialAction":[{"@type":"ReadAction","target":["https:\/\/shop.camac-harps.com\/fr\/delais-et-options-de-livraison\/"]}]},{"@type":"BreadcrumbList","@id":"https:\/\/shop.camac-harps.com\/fr\/delais-et-options-de-livraison\/#breadcrumb","itemListElement":[{"@type":"ListItem","position":1,"name":"Home","item":"https:\/\/shop.camac-harps.com\/fr\/homepage\/"},{"@type":"ListItem","position":2,"name":"D\u00e9lais et options de livraison"}]},{"@type":"WebSite","@id":"https:\/\/shop.camac-harps.com\/fr\/#website","url":"https:\/\/shop.camac-harps.com\/fr\/","name":"Camac Harps Shop","description":"","potentialAction":[{"@type":"SearchAction","target":{"@type":"EntryPoint","urlTemplate":"https:\/\/shop.camac-harps.com\/fr\/?s={search_term_string}"},"query-input":{"@type":"PropertyValueSpecification","valueRequired":true,"valueName":"search_term_string"}}],"inLanguage":"fr-FR"}]}},"_links":{"self":[{"href":"https:\/\/shop.camac-harps.com\/fr\/wp-json\/wp\/v2\/pages\/47399","targetHints":{"allow":["GET"]}}],"collection":[{"href":"https:\/\/shop.camac-harps.com\/fr\/wp-json\/wp\/v2\/pages"}],"about":[{"href":"https:\/\/shop.camac-harps.com\/fr\/wp-json\/wp\/v2\/types\/page"}],"author":[{"embeddable":true,"href":"https:\/\/shop.camac-harps.com\/fr\/wp-json\/wp\/v2\/users\/3"}],"replies":[{"embeddable":true,"href":"https:\/\/shop.camac-harps.com\/fr\/wp-json\/wp\/v2\/comments?post=47399"}],"version-history":[{"count":4,"href":"https:\/\/shop.camac-harps.com\/fr\/wp-json\/wp\/v2\/pages\/47399\/revisions"}],"predecessor-version":[{"id":51628,"href":"https:\/\/shop.camac-harps.com\/fr\/wp-json\/wp\/v2\/pages\/47399\/revisions\/51628"}],"wp:attachment":[{"href":"https:\/\/shop.camac-harps.com\/fr\/wp-json\/wp\/v2\/media?parent=47399"}],"curies":[{"name":"wp","href":"https:\/\/api.w.org\/{rel}","templated":true}]}}