{"id":60,"date":"2017-11-01T14:51:20","date_gmt":"2017-11-01T14:51:20","guid":{"rendered":"https:\/\/shop.camac-harps.com\/?page_id=60"},"modified":"2023-12-30T15:08:30","modified_gmt":"2023-12-30T15:08:30","slug":"privacy","status":"publish","type":"page","link":"https:\/\/shop.camac-harps.com\/fr\/privacy\/","title":{"rendered":"Protection de donn\u00e9es, cookies"},"content":{"rendered":"<p><b>Donn\u00e9es personnelles et droit d\u2019opposition<\/b><\/p>\n<p>HARPES CAMAC est le responsable du traitement des donn\u00e9es personnelles des Clients utilisant le Site et assure avoir accompli les formalit\u00e9s ad\u00e9quates \u00e0 sa mise en conformit\u00e9 avec les dispositions de la Loi dite \u00ab\u00a0informatique et libert\u00e9\u00a0\u00bb du 6 janvier 1978, dans sa version modifi\u00e9e par la Loi n\u00b02018-493 du 20 juin 2018, et du R\u00e8glement 2016\/679 du Parlement europ\u00e9en et du Conseil du 27 avril 2016.<span class=\"Apple-converted-space\">\u00a0<\/span><\/p>\n<p><strong>Donn\u00e9es personnelles collect\u00e9es<\/strong><\/p>\n<p>Les donn\u00e9es personnelles collect\u00e9es et enregistr\u00e9es sont celles qui sont obligatoires dans le cadre de l\u2019\u00e9tablissement de la Commande et n\u00e9cessaires \u00e0 la bonne ex\u00e9cution de celle-ci dont, notamment, la livraison et la gestion des \u00e9ventuelles r\u00e9clamations, \u00e0 savoir\u00a0:<\/p>\n<ul>\n<li>les nom et pr\u00e9noms du Client,<span class=\"Apple-converted-space\">\u00a0<\/span><\/li>\n<li>l\u2019adresse mail et postale ainsi que le num\u00e9ro de t\u00e9l\u00e9phone du Client.<\/li>\n<\/ul>\n<p>HARPES CAMAC est \u00e9galement susceptible de collecter les informations de connexion du Client (adresse IP, type de navigateur, d\u00e9tail des visites sur le Site, notamment au moyen de cookies, ce qui inclut par exemple\u00a0: quantit\u00e9 de donn\u00e9es re\u00e7ues, lieu de connexion, pages vues, etc.). Ces informations sont \u00e9galement des Donn\u00e9es personnelles.<\/p>\n<p>Les donn\u00e9es personnelles peuvent \u00eatre collect\u00e9es de la mani\u00e8re suivante\u00a0:<\/p>\n<ul>\n<li>lors de la cr\u00e9ation du Compte,<\/li>\n<li>lors de l\u2019utilisation du Site,<\/li>\n<li>lorsque le Client passe Commande,<\/li>\n<li>lorsque le Client contacte HARPES CAMAC pour un probl\u00e8me avec le Site ou toute autre raison.<\/li>\n<\/ul>\n<p><b>Finalit\u00e9s des traitements<\/b><\/p>\n<p>Les donn\u00e9es sont trait\u00e9es par HARPES CAMAC et pourront \u00eatre utilis\u00e9es afin\u00a0:<\/p>\n<ul>\n<li>d\u2019informer le Client des offres commerciales et des nouveaux Produits de HARPES CAMAC,<\/li>\n<li>de permettre la gestion et le suivi des Commandes,<\/li>\n<li>de permettre la mise en relation du Client et des prestataires de livraison,<\/li>\n<li>de permettre au Client d\u2019utiliser le Site,<\/li>\n<li>de permettre l\u2019administration des Comptes des Clients,<\/li>\n<li>de v\u00e9rifier l\u2019identit\u00e9 du Client, en cas de besoin,<\/li>\n<li>de permettre le suivi d\u2019une Commande avec le Client en cas d\u2019incident,<\/li>\n<li>d\u2019obtenir un retour Client sur la Commande et le Site et d\u2019am\u00e9liorer la qualit\u00e9 de l\u2019offre de HARPES CAMAC,<\/li>\n<li>de notifier au Client toute modification du Site ou des pr\u00e9sentes CGV.<\/li>\n<\/ul>\n<p>Ces donn\u00e9es ne feront pas l\u2019objet de transfert en dehors de l\u2019Union Europ\u00e9enne. Elles ne seront \u00e9galement pas transmises \u00e0 des partenaires commerciaux.<\/p>\n<p>Dans le cas o\u00f9 le Client aurait accept\u00e9 de recevoir les offres de HARPES CAMAC en cochant la cas pr\u00e9vue \u00e0 cet effet, il pourra se d\u00e9sinscrire gratuitement<span class=\"Apple-converted-space\">\u00a0 <\/span>et \u00e0 tout moment, en cliquant sur le lien \u00ab\u00a0se d\u00e9sinscrire\u00a0\u00bb pr\u00e9sent sur les mails qui lui sont adress\u00e9s, en se connectant sur son Compte ou en envoyant un mail \u00e0 info@camac-harps.com. En outre, chaque Client a la possibilit\u00e9 de s&rsquo;inscrire gratuitement sur la liste d&rsquo;opposition au d\u00e9marchage t\u00e9l\u00e9phonique en remplissant le formulaire disponible \u00e0 l\u2019adresse suivante\u00a0: bloctel.gouv.fr.<\/p>\n<p>Les donn\u00e9es personnelles fournies par le Client ne seront jamais revendues ou fournies \u00e0 des tiers sans son autorisation \u00e9crite pr\u00e9alable. Les donn\u00e9es pourront toutefois \u00eatre fournies, gratuitement, aux tiers suivants, ce que le Client d\u00e9clare accepter\u00a0:<\/p>\n<ul>\n<li>aux prestataires et aux sous-traitants de HARPES CAMAC dans le cadre de l\u2019ex\u00e9cution de la Commande (livraison, gestion marketing et relation client, prospection commerciale, etc.), HARPES CAMAC restant alors responsable de traitement,<\/li>\n<li>aux partenaires de HARPES CAMAC notamment pour le retrait des Commandes ou pour le paiement en ligne des Commandes,<\/li>\n<li>\u00e0 toute entit\u00e9 administrative ou judiciaire, si HARPES CAMAC y est tenue par la loi ou par une d\u00e9cision de justice.<\/li>\n<\/ul>\n<p>Les tiers agissant sur instruction de HARPES CAMAC n\u2019acqui\u00e8rent aucun droit sur les donn\u00e9es personnelles ou tout autre contenu qui pourrait leur \u00eatre fourni. Ils mettent en place des proc\u00e9dures techniques et organisationnelles \u00e9quivalentes \u00e0 celle de HARPES CAMAC pour prot\u00e9ger la s\u00e9curit\u00e9 des donn\u00e9es personnelles, et \u00e9viter le vol, la suppression ou toute autre utilisation non autoris\u00e9e de celles-ci.<\/p>\n<p><b>Cookies<\/b><\/p>\n<p>Des cookies de session et de suivi d\u2019activit\u00e9 peuvent \u00e9galement \u00eatre d\u00e9pos\u00e9s lors de la visite du Site afin d\u2019am\u00e9liorer l\u2019exp\u00e9rience du Client, d\u2019\u00e9tablir des statistiques de fr\u00e9quentation, de fournir un Compte, d\u2019afficher des contenus publicitaires adapt\u00e9s, de mettre en \u0153uvre des mesures de s\u00e9curit\u00e9, d\u2019adapter le Site au terminal d\u2019acc\u00e8s. Le Client dispose de la possibilit\u00e9 de refuser l\u2019installation de cookies lors de la premi\u00e8re visite du Site ou peut les supprimer via l\u2019option le permettant sur son navigateur.<\/p>\n<p>Des cookies de tiers, li\u00e9s aux r\u00e9seaux sociaux, peuvent \u00e9galement \u00eatre d\u00e9pos\u00e9s lors de l\u2019utilisation des fonctions sociales du Site.<\/p>\n<p>Ces cookies ne stockent aucune information personnelle mais peuvent \u00eatre utilis\u00e9s pour identifier le Client sur le Site. Ils ne pourront \u00eatre utilis\u00e9s que par HARPES CAMAC.<\/p>\n<p>Les cookies utilis\u00e9s figurent sur la page suivante :<span class=\"Apple-converted-space\">\u00a0<\/span><\/p>\n<ul>\n<li>&#8211; WPML<\/li>\n<li>&#8211; WordPress Administration<\/li>\n<li>&#8211; Cookiebar Save<\/li>\n<li>&#8211; Google Analytics<\/li>\n<\/ul>\n<p><b>Dur\u00e9e de conservation<\/b><\/p>\n<p>HARPES CAMAC stockera les donn\u00e9es personnelles pour la dur\u00e9e d\u2019activit\u00e9 du Compte et proc\u00e8dera \u00e0 leur suppression lors de la suppression dudit Compte \u00e0 la demande du Client. Une fois le Compte supprim\u00e9, seules les donn\u00e9es n\u00e9cessaires \u00e0 l\u2019archivage des Commandes, des \u00e9changes avec HARPES CAMAC, \u00e0 la comptabilit\u00e9 ou au respect des obligations l\u00e9gales et r\u00e8glementaires de HARPES CAMAC pourront encore \u00eatre d\u00e9tenues, dans le respect des r\u00e8gles applicables \u00e0 ce type de donn\u00e9es.<\/p>\n<p><b>Droits attach\u00e9s aux donn\u00e9es personnelles<\/b><\/p>\n<p>Conform\u00e9ment \u00e0 la r\u00e9glementation en vigueur, le Client b\u00e9n\u00e9ficie des droits d&rsquo;acc\u00e8s, d\u2019effacement et de rectification des donn\u00e9es les concernant ainsi que du droit de limitation et d&rsquo;opposition au traitement de ses donn\u00e9es. Ils disposent \u00e9galement du droit de d\u00e9finir des directives relatives au sort de ses donn\u00e9es personnelles apr\u00e8s son d\u00e9c\u00e8s.<span class=\"Apple-converted-space\">\u00a0<\/span><\/p>\n<p>L\u2019exercice du droit d\u2019effacement et du droit d\u2019opposition sur les donn\u00e9es obligatoires est susceptible d\u2019emp\u00eacher le Client de b\u00e9n\u00e9ficier de certains services propos\u00e9s par HARPES CAMAC.<\/p>\n<p>S\u2019il souhaite exercer l\u2019un de ses droits, le Client peut adresser un courrier \u00e9lectronique ou postal aux adresses suivantes : info@camac-harps.com ou LES HARPES CAMAC, service clients, La Richerais, BP 15 &#8211;<span class=\"Apple-converted-space\">\u00a0 <\/span>44850 MOUZEIL, en pr\u00e9cisant dans l\u2019objet \u00ab Droit des personnes \u00bb et en joignant la copie de son justificatif d\u2019identit\u00e9.<span class=\"Apple-converted-space\">\u00a0<\/span><\/p>\n<p>Enfin, le Client a \u00e9galement la facult\u00e9 d\u2019introduire toute r\u00e9clamation s\u2019agissant du respect des droits vis\u00e9s ci-dessus aupr\u00e8s de la CNIL en adressant sa demande \u00e0 : CNIL &#8211; 3 Place de Fontenoy &#8211; TSA 80715 &#8211; 75334 PARIS CEDEX 07.<\/p>\n<p><b>Propri\u00e9t\u00e9 intellectuelle et confidentialit\u00e9<\/b><\/p>\n<p>Tous les \u00e9l\u00e9ments communiqu\u00e9s par HARPES CAMAC sur son site internet ou dans le cadre de l\u2019ex\u00e9cution de la Commande, notamment les informations contenues dans les fiches techniques des Produits, sont susceptibles d\u2019\u00eatre prot\u00e9g\u00e9s par un droit de propri\u00e9t\u00e9 intellectuelle au titre du droit d&rsquo;auteur, des marques ou des brevets et sont la propri\u00e9t\u00e9 exclusive de cette derni\u00e8re. Le Client s&rsquo;interdit donc de les reproduire, de les repr\u00e9senter, de les modifier ou de les diffuser, totalement ou partiellement, sans l&rsquo;autorisation pr\u00e9alable et \u00e9crite de la soci\u00e9t\u00e9 HARPES CAMAC\/CAMAC HARPS. Toute utilisation sans autorisation est susceptible de constituer un d\u00e9lit de contrefa\u00e7on et d&rsquo;exposer \u00e0 des poursuites judiciaires.<\/p>\n<p>Enfin, tout lien mis en place en direction du site internet de HARPES CAMAC, doit faire l\u2019objet d\u2019une autorisation pr\u00e9alable et \u00e9crite de ce dernier. A ce titre, HARPES CAMAC d\u00e9cline toute responsabilit\u00e9 concernant le contenu de ces liens. En toute hypoth\u00e8se, les liens hypertextes renvoyant au site internet de la soci\u00e9t\u00e9 HARPES CAMAC\/CAMAC HARPS devront \u00eatre retir\u00e9s \u00e0 premi\u00e8re demande de celle-ci.<\/p>\n","protected":false},"excerpt":{"rendered":"<p>Donn\u00e9es personnelles et droit d\u2019opposition HARPES CAMAC est le responsable du traitement des donn\u00e9es personnelles des Clients utilisant le Site et assure avoir accompli les formalit\u00e9s ad\u00e9quates \u00e0 sa mise en conformit\u00e9 avec les dispositions de la Loi dite \u00ab\u00a0informatique et libert\u00e9\u00a0\u00bb du 6 janvier 1978, dans sa version modifi\u00e9e par la Loi n\u00b02018-493 du [&hellip;]<\/p>\n","protected":false},"author":1,"featured_media":0,"parent":0,"menu_order":16,"comment_status":"closed","ping_status":"closed","template":"","meta":{"_acf_changed":false,"footnotes":""},"class_list":["post-60","page","type-page","status-publish","hentry"],"acf":[],"yoast_head":"<title>Protection de donn\u00e9es, cookies - Camac Harps Shop<\/title>\n<meta name=\"robots\" content=\"index, follow, max-snippet:-1, max-image-preview:large, max-video-preview:-1\" \/>\n<link rel=\"canonical\" href=\"https:\/\/shop.camac-harps.com\/fr\/privacy\/\" \/>\n<meta property=\"og:locale\" content=\"fr_FR\" \/>\n<meta property=\"og:type\" content=\"article\" \/>\n<meta property=\"og:title\" content=\"Protection de donn\u00e9es, cookies - Camac Harps Shop\" \/>\n<meta property=\"og:description\" content=\"Donn\u00e9es personnelles et droit d\u2019opposition HARPES CAMAC est le responsable du traitement des donn\u00e9es personnelles des Clients utilisant le Site et assure avoir accompli les formalit\u00e9s ad\u00e9quates \u00e0 sa mise en conformit\u00e9 avec les dispositions de la Loi dite \u00ab\u00a0informatique et libert\u00e9\u00a0\u00bb du 6 janvier 1978, dans sa version modifi\u00e9e par la Loi n\u00b02018-493 du [&hellip;]\" \/>\n<meta property=\"og:url\" content=\"https:\/\/shop.camac-harps.com\/fr\/privacy\/\" \/>\n<meta property=\"og:site_name\" content=\"Camac Harps Shop\" \/>\n<meta property=\"article:modified_time\" content=\"2023-12-30T15:08:30+00:00\" \/>\n<meta name=\"twitter:card\" content=\"summary_large_image\" \/>\n<meta name=\"twitter:label1\" content=\"Dur\u00e9e de lecture estim\u00e9e\" \/>\n\t<meta name=\"twitter:data1\" content=\"7 minutes\" \/>\n<script type=\"application\/ld+json\" class=\"yoast-schema-graph\">{\"@context\":\"https:\/\/schema.org\",\"@graph\":[{\"@type\":\"WebPage\",\"@id\":\"https:\/\/shop.camac-harps.com\/fr\/privacy\/\",\"url\":\"https:\/\/shop.camac-harps.com\/fr\/privacy\/\",\"name\":\"Protection de donn\u00e9es, cookies - Camac Harps Shop\",\"isPartOf\":{\"@id\":\"https:\/\/shop.camac-harps.com\/fr\/#website\"},\"datePublished\":\"2017-11-01T14:51:20+00:00\",\"dateModified\":\"2023-12-30T15:08:30+00:00\",\"breadcrumb\":{\"@id\":\"https:\/\/shop.camac-harps.com\/fr\/privacy\/#breadcrumb\"},\"inLanguage\":\"fr-FR\",\"potentialAction\":[{\"@type\":\"ReadAction\",\"target\":[\"https:\/\/shop.camac-harps.com\/fr\/privacy\/\"]}]},{\"@type\":\"BreadcrumbList\",\"@id\":\"https:\/\/shop.camac-harps.com\/fr\/privacy\/#breadcrumb\",\"itemListElement\":[{\"@type\":\"ListItem\",\"position\":1,\"name\":\"Home\",\"item\":\"https:\/\/shop.camac-harps.com\/fr\/homepage\/\"},{\"@type\":\"ListItem\",\"position\":2,\"name\":\"Protection de donn\u00e9es, cookies\"}]},{\"@type\":\"WebSite\",\"@id\":\"https:\/\/shop.camac-harps.com\/fr\/#website\",\"url\":\"https:\/\/shop.camac-harps.com\/fr\/\",\"name\":\"Camac Harps Shop\",\"description\":\"\",\"potentialAction\":[{\"@type\":\"SearchAction\",\"target\":{\"@type\":\"EntryPoint\",\"urlTemplate\":\"https:\/\/shop.camac-harps.com\/fr\/?s={search_term_string}\"},\"query-input\":{\"@type\":\"PropertyValueSpecification\",\"valueRequired\":true,\"valueName\":\"search_term_string\"}}],\"inLanguage\":\"fr-FR\"}]}<\/script>","yoast_head_json":{"title":"Protection de donn\u00e9es, cookies - Camac Harps Shop","robots":{"index":"index","follow":"follow","max-snippet":"max-snippet:-1","max-image-preview":"max-image-preview:large","max-video-preview":"max-video-preview:-1"},"canonical":"https:\/\/shop.camac-harps.com\/fr\/privacy\/","og_locale":"fr_FR","og_type":"article","og_title":"Protection de donn\u00e9es, cookies - Camac Harps Shop","og_description":"Donn\u00e9es personnelles et droit d\u2019opposition HARPES CAMAC est le responsable du traitement des donn\u00e9es personnelles des Clients utilisant le Site et assure avoir accompli les formalit\u00e9s ad\u00e9quates \u00e0 sa mise en conformit\u00e9 avec les dispositions de la Loi dite \u00ab\u00a0informatique et libert\u00e9\u00a0\u00bb du 6 janvier 1978, dans sa version modifi\u00e9e par la Loi n\u00b02018-493 du [&hellip;]","og_url":"https:\/\/shop.camac-harps.com\/fr\/privacy\/","og_site_name":"Camac Harps Shop","article_modified_time":"2023-12-30T15:08:30+00:00","twitter_card":"summary_large_image","twitter_misc":{"Dur\u00e9e de lecture estim\u00e9e":"7 minutes"},"schema":{"@context":"https:\/\/schema.org","@graph":[{"@type":"WebPage","@id":"https:\/\/shop.camac-harps.com\/fr\/privacy\/","url":"https:\/\/shop.camac-harps.com\/fr\/privacy\/","name":"Protection de donn\u00e9es, cookies - Camac Harps Shop","isPartOf":{"@id":"https:\/\/shop.camac-harps.com\/fr\/#website"},"datePublished":"2017-11-01T14:51:20+00:00","dateModified":"2023-12-30T15:08:30+00:00","breadcrumb":{"@id":"https:\/\/shop.camac-harps.com\/fr\/privacy\/#breadcrumb"},"inLanguage":"fr-FR","potentialAction":[{"@type":"ReadAction","target":["https:\/\/shop.camac-harps.com\/fr\/privacy\/"]}]},{"@type":"BreadcrumbList","@id":"https:\/\/shop.camac-harps.com\/fr\/privacy\/#breadcrumb","itemListElement":[{"@type":"ListItem","position":1,"name":"Home","item":"https:\/\/shop.camac-harps.com\/fr\/homepage\/"},{"@type":"ListItem","position":2,"name":"Protection de donn\u00e9es, cookies"}]},{"@type":"WebSite","@id":"https:\/\/shop.camac-harps.com\/fr\/#website","url":"https:\/\/shop.camac-harps.com\/fr\/","name":"Camac Harps Shop","description":"","potentialAction":[{"@type":"SearchAction","target":{"@type":"EntryPoint","urlTemplate":"https:\/\/shop.camac-harps.com\/fr\/?s={search_term_string}"},"query-input":{"@type":"PropertyValueSpecification","valueRequired":true,"valueName":"search_term_string"}}],"inLanguage":"fr-FR"}]}},"_links":{"self":[{"href":"https:\/\/shop.camac-harps.com\/fr\/wp-json\/wp\/v2\/pages\/60","targetHints":{"allow":["GET"]}}],"collection":[{"href":"https:\/\/shop.camac-harps.com\/fr\/wp-json\/wp\/v2\/pages"}],"about":[{"href":"https:\/\/shop.camac-harps.com\/fr\/wp-json\/wp\/v2\/types\/page"}],"author":[{"embeddable":true,"href":"https:\/\/shop.camac-harps.com\/fr\/wp-json\/wp\/v2\/users\/1"}],"replies":[{"embeddable":true,"href":"https:\/\/shop.camac-harps.com\/fr\/wp-json\/wp\/v2\/comments?post=60"}],"version-history":[{"count":7,"href":"https:\/\/shop.camac-harps.com\/fr\/wp-json\/wp\/v2\/pages\/60\/revisions"}],"predecessor-version":[{"id":21233,"href":"https:\/\/shop.camac-harps.com\/fr\/wp-json\/wp\/v2\/pages\/60\/revisions\/21233"}],"wp:attachment":[{"href":"https:\/\/shop.camac-harps.com\/fr\/wp-json\/wp\/v2\/media?parent=60"}],"curies":[{"name":"wp","href":"https:\/\/api.w.org\/{rel}","templated":true}]}}