{"id":10529,"date":"2018-07-06T10:25:53","date_gmt":"2018-07-06T10:25:53","guid":{"rendered":"https:\/\/shop.camac-harps.com\/product\/bochsa-r-n-c-50-lecons-progressives-vol-2-2\/"},"modified":"2026-02-25T16:28:13","modified_gmt":"2026-02-25T16:28:13","slug":"bochsa-r-n-c-50-lecons-progressives-vol-2","status":"publish","type":"product","link":"https:\/\/shop.camac-harps.com\/fr\/produit\/bochsa-r-n-c-50-lecons-progressives-vol-2\/","title":{"rendered":"BOCHSA R.N.C : 50 Le\u00e7ons Progressives Vol 2"},"content":{"rendered":"<p>26 &#8211; Air allemand ; 27 &#8211; De Richard Coeur de Lion ; 28 &#8211; Le Troubadour ; 29 &#8211; de Richard ; 30 &#8211; de Pleyel ; 31 &#8211; Charmante Grabrielle ; 32 &#8211; Il pleut, il pleut, berg\u00e8re ; 33 &#8211; Te bien aimer, \u00d4 ma ch\u00e8re Z\u00e9lie ; 34 &#8211; Je suis Lindor ; 35 &#8211; Plaisir d&rsquo;amour ; 36 &#8211; Adagio de Haydn ; 37 &#8211; Aussit\u00f4t que la Lumi\u00e8re ; 38 &#8211; Andante de mozart ; 39 &#8211; Allegretto de Mozart ; 40 &#8211; Andante de Piasiello ; 41 &#8211; Au bord d&rsquo;une fontaine ; 42 &#8211; \u00d4 ma tendre musette ; 43 &#8211; Que ne suis-je la foug\u00e8re ; 44 &#8211; de Raoul Barbe bleue ; 45 &#8211; d&rsquo;ARmide ; 46 &#8211; marche, du Mariage de Figaro de Mozart ; 47 &#8211; mon coeur soupire de Mozart ; 48 &#8211; d&rsquo;un bouquet de romarin ; 49 &#8211; A peine sorti de l&rsquo;enfance de Joseph ; 50 &#8211; God save the King (th\u00e8me vari\u00e9)<\/p>\n","protected":false},"excerpt":{"rendered":"<p>26 &#8211; Air allemand ; 27 &#8211; De Richard Coeur de Lion ; 28 &#8211; Le Troubadour ; 29 &#8211; de Richard ; 30 &#8211; de Pleyel ; 31 &#8211; Charmante Grabrielle ; 32 &#8211; Il pleut, il pleut, berg\u00e8re ; 33 &#8211; Te bien aimer, \u00d4 ma ch\u00e8re Z\u00e9lie ; 34 &#8211; Je suis [&hellip;]<\/p>\n","protected":false},"featured_media":450,"comment_status":"open","ping_status":"closed","template":"","meta":{"_acf_changed":false},"product_brand":[],"product_cat":[42,33],"product_tag":[],"class_list":{"0":"post-10529","1":"product","2":"type-product","3":"status-publish","4":"has-post-thumbnail","6":"product_cat-methodes-exercices-etudes","7":"product_cat-partitions-pour-harpe","9":"first","10":"instock","11":"taxable","12":"shipping-taxable","13":"purchasable","14":"product-type-simple"},"acf":[],"yoast_head":"<title>BOCHSA R.N.C : 50 Le\u00e7ons Progressives Vol 2 - Camac Harps Shop<\/title>\n<meta name=\"robots\" content=\"index, follow, max-snippet:-1, max-image-preview:large, max-video-preview:-1\" \/>\n<link rel=\"canonical\" href=\"https:\/\/shop.camac-harps.com\/fr\/produit\/bochsa-r-n-c-50-lecons-progressives-vol-2\/\" \/>\n<meta property=\"og:locale\" content=\"fr_FR\" \/>\n<meta property=\"og:type\" content=\"article\" \/>\n<meta property=\"og:title\" content=\"BOCHSA R.N.C : 50 Le\u00e7ons Progressives Vol 2 - Camac Harps Shop\" \/>\n<meta property=\"og:description\" content=\"26 &#8211; Air allemand ; 27 &#8211; De Richard Coeur de Lion ; 28 &#8211; Le Troubadour ; 29 &#8211; de Richard ; 30 &#8211; de Pleyel ; 31 &#8211; Charmante Grabrielle ; 32 &#8211; Il pleut, il pleut, berg\u00e8re ; 33 &#8211; Te bien aimer, \u00d4 ma ch\u00e8re Z\u00e9lie ; 34 &#8211; Je suis [&hellip;]\" \/>\n<meta property=\"og:url\" content=\"https:\/\/shop.camac-harps.com\/fr\/produit\/bochsa-r-n-c-50-lecons-progressives-vol-2\/\" \/>\n<meta property=\"og:site_name\" content=\"Camac Harps Shop\" \/>\n<meta property=\"article:modified_time\" content=\"2026-02-25T16:28:13+00:00\" \/>\n<meta property=\"og:image\" content=\"https:\/\/shop.camac-harps.com\/wp-content\/uploads\/sites\/25\/2018\/07\/bar09.jpg\" \/>\n\t<meta property=\"og:image:width\" content=\"423\" \/>\n\t<meta property=\"og:image:height\" content=\"600\" \/>\n\t<meta property=\"og:image:type\" content=\"image\/jpeg\" \/>\n<meta name=\"twitter:card\" content=\"summary_large_image\" \/>\n<meta name=\"twitter:label1\" content=\"Dur\u00e9e de lecture estim\u00e9e\" \/>\n\t<meta name=\"twitter:data1\" content=\"1 minute\" \/>\n<script type=\"application\/ld+json\" class=\"yoast-schema-graph\">{\"@context\":\"https:\/\/schema.org\",\"@graph\":[{\"@type\":\"WebPage\",\"@id\":\"https:\/\/shop.camac-harps.com\/fr\/produit\/bochsa-r-n-c-50-lecons-progressives-vol-2\/\",\"url\":\"https:\/\/shop.camac-harps.com\/fr\/produit\/bochsa-r-n-c-50-lecons-progressives-vol-2\/\",\"name\":\"BOCHSA R.N.C : 50 Le\u00e7ons Progressives Vol 2 - Camac Harps Shop\",\"isPartOf\":{\"@id\":\"https:\/\/shop.camac-harps.com\/fr\/#website\"},\"primaryImageOfPage\":{\"@id\":\"https:\/\/shop.camac-harps.com\/fr\/produit\/bochsa-r-n-c-50-lecons-progressives-vol-2\/#primaryimage\"},\"image\":{\"@id\":\"https:\/\/shop.camac-harps.com\/fr\/produit\/bochsa-r-n-c-50-lecons-progressives-vol-2\/#primaryimage\"},\"thumbnailUrl\":\"https:\/\/shop.camac-harps.com\/wp-content\/uploads\/sites\/25\/2018\/07\/bar09.jpg\",\"datePublished\":\"2018-07-06T10:25:53+00:00\",\"dateModified\":\"2026-02-25T16:28:13+00:00\",\"breadcrumb\":{\"@id\":\"https:\/\/shop.camac-harps.com\/fr\/produit\/bochsa-r-n-c-50-lecons-progressives-vol-2\/#breadcrumb\"},\"inLanguage\":\"fr-FR\",\"potentialAction\":[{\"@type\":\"ReadAction\",\"target\":[\"https:\/\/shop.camac-harps.com\/fr\/produit\/bochsa-r-n-c-50-lecons-progressives-vol-2\/\"]}]},{\"@type\":\"ImageObject\",\"inLanguage\":\"fr-FR\",\"@id\":\"https:\/\/shop.camac-harps.com\/fr\/produit\/bochsa-r-n-c-50-lecons-progressives-vol-2\/#primaryimage\",\"url\":\"https:\/\/shop.camac-harps.com\/wp-content\/uploads\/sites\/25\/2018\/07\/bar09.jpg\",\"contentUrl\":\"https:\/\/shop.camac-harps.com\/wp-content\/uploads\/sites\/25\/2018\/07\/bar09.jpg\",\"width\":423,\"height\":600},{\"@type\":\"BreadcrumbList\",\"@id\":\"https:\/\/shop.camac-harps.com\/fr\/produit\/bochsa-r-n-c-50-lecons-progressives-vol-2\/#breadcrumb\",\"itemListElement\":[{\"@type\":\"ListItem\",\"position\":1,\"name\":\"Home\",\"item\":\"https:\/\/shop.camac-harps.com\/fr\/homepage\/\"},{\"@type\":\"ListItem\",\"position\":2,\"name\":\"Accueil\",\"item\":\"https:\/\/shop.camac-harps.com\/fr\/homepage\/\"},{\"@type\":\"ListItem\",\"position\":3,\"name\":\"BOCHSA R.N.C : 50 Le\u00e7ons Progressives Vol 2\"}]},{\"@type\":\"WebSite\",\"@id\":\"https:\/\/shop.camac-harps.com\/fr\/#website\",\"url\":\"https:\/\/shop.camac-harps.com\/fr\/\",\"name\":\"Camac Harps Shop\",\"description\":\"\",\"potentialAction\":[{\"@type\":\"SearchAction\",\"target\":{\"@type\":\"EntryPoint\",\"urlTemplate\":\"https:\/\/shop.camac-harps.com\/fr\/?s={search_term_string}\"},\"query-input\":{\"@type\":\"PropertyValueSpecification\",\"valueRequired\":true,\"valueName\":\"search_term_string\"}}],\"inLanguage\":\"fr-FR\"}]}<\/script>","yoast_head_json":{"title":"BOCHSA R.N.C : 50 Le\u00e7ons Progressives Vol 2 - Camac Harps Shop","robots":{"index":"index","follow":"follow","max-snippet":"max-snippet:-1","max-image-preview":"max-image-preview:large","max-video-preview":"max-video-preview:-1"},"canonical":"https:\/\/shop.camac-harps.com\/fr\/produit\/bochsa-r-n-c-50-lecons-progressives-vol-2\/","og_locale":"fr_FR","og_type":"article","og_title":"BOCHSA R.N.C : 50 Le\u00e7ons Progressives Vol 2 - Camac Harps Shop","og_description":"26 &#8211; Air allemand ; 27 &#8211; De Richard Coeur de Lion ; 28 &#8211; Le Troubadour ; 29 &#8211; de Richard ; 30 &#8211; de Pleyel ; 31 &#8211; Charmante Grabrielle ; 32 &#8211; Il pleut, il pleut, berg\u00e8re ; 33 &#8211; Te bien aimer, \u00d4 ma ch\u00e8re Z\u00e9lie ; 34 &#8211; Je suis [&hellip;]","og_url":"https:\/\/shop.camac-harps.com\/fr\/produit\/bochsa-r-n-c-50-lecons-progressives-vol-2\/","og_site_name":"Camac Harps Shop","article_modified_time":"2026-02-25T16:28:13+00:00","og_image":[{"width":423,"height":600,"url":"https:\/\/shop.camac-harps.com\/wp-content\/uploads\/sites\/25\/2018\/07\/bar09.jpg","type":"image\/jpeg"}],"twitter_card":"summary_large_image","twitter_misc":{"Dur\u00e9e de lecture estim\u00e9e":"1 minute"},"schema":{"@context":"https:\/\/schema.org","@graph":[{"@type":"WebPage","@id":"https:\/\/shop.camac-harps.com\/fr\/produit\/bochsa-r-n-c-50-lecons-progressives-vol-2\/","url":"https:\/\/shop.camac-harps.com\/fr\/produit\/bochsa-r-n-c-50-lecons-progressives-vol-2\/","name":"BOCHSA R.N.C : 50 Le\u00e7ons Progressives Vol 2 - Camac Harps Shop","isPartOf":{"@id":"https:\/\/shop.camac-harps.com\/fr\/#website"},"primaryImageOfPage":{"@id":"https:\/\/shop.camac-harps.com\/fr\/produit\/bochsa-r-n-c-50-lecons-progressives-vol-2\/#primaryimage"},"image":{"@id":"https:\/\/shop.camac-harps.com\/fr\/produit\/bochsa-r-n-c-50-lecons-progressives-vol-2\/#primaryimage"},"thumbnailUrl":"https:\/\/shop.camac-harps.com\/wp-content\/uploads\/sites\/25\/2018\/07\/bar09.jpg","datePublished":"2018-07-06T10:25:53+00:00","dateModified":"2026-02-25T16:28:13+00:00","breadcrumb":{"@id":"https:\/\/shop.camac-harps.com\/fr\/produit\/bochsa-r-n-c-50-lecons-progressives-vol-2\/#breadcrumb"},"inLanguage":"fr-FR","potentialAction":[{"@type":"ReadAction","target":["https:\/\/shop.camac-harps.com\/fr\/produit\/bochsa-r-n-c-50-lecons-progressives-vol-2\/"]}]},{"@type":"ImageObject","inLanguage":"fr-FR","@id":"https:\/\/shop.camac-harps.com\/fr\/produit\/bochsa-r-n-c-50-lecons-progressives-vol-2\/#primaryimage","url":"https:\/\/shop.camac-harps.com\/wp-content\/uploads\/sites\/25\/2018\/07\/bar09.jpg","contentUrl":"https:\/\/shop.camac-harps.com\/wp-content\/uploads\/sites\/25\/2018\/07\/bar09.jpg","width":423,"height":600},{"@type":"BreadcrumbList","@id":"https:\/\/shop.camac-harps.com\/fr\/produit\/bochsa-r-n-c-50-lecons-progressives-vol-2\/#breadcrumb","itemListElement":[{"@type":"ListItem","position":1,"name":"Home","item":"https:\/\/shop.camac-harps.com\/fr\/homepage\/"},{"@type":"ListItem","position":2,"name":"Accueil","item":"https:\/\/shop.camac-harps.com\/fr\/homepage\/"},{"@type":"ListItem","position":3,"name":"BOCHSA R.N.C : 50 Le\u00e7ons Progressives Vol 2"}]},{"@type":"WebSite","@id":"https:\/\/shop.camac-harps.com\/fr\/#website","url":"https:\/\/shop.camac-harps.com\/fr\/","name":"Camac Harps Shop","description":"","potentialAction":[{"@type":"SearchAction","target":{"@type":"EntryPoint","urlTemplate":"https:\/\/shop.camac-harps.com\/fr\/?s={search_term_string}"},"query-input":{"@type":"PropertyValueSpecification","valueRequired":true,"valueName":"search_term_string"}}],"inLanguage":"fr-FR"}]}},"_links":{"self":[{"href":"https:\/\/shop.camac-harps.com\/fr\/wp-json\/wp\/v2\/product\/10529","targetHints":{"allow":["GET"]}}],"collection":[{"href":"https:\/\/shop.camac-harps.com\/fr\/wp-json\/wp\/v2\/product"}],"about":[{"href":"https:\/\/shop.camac-harps.com\/fr\/wp-json\/wp\/v2\/types\/product"}],"replies":[{"embeddable":true,"href":"https:\/\/shop.camac-harps.com\/fr\/wp-json\/wp\/v2\/comments?post=10529"}],"wp:featuredmedia":[{"embeddable":true,"href":"https:\/\/shop.camac-harps.com\/fr\/wp-json\/wp\/v2\/media\/450"}],"wp:attachment":[{"href":"https:\/\/shop.camac-harps.com\/fr\/wp-json\/wp\/v2\/media?parent=10529"}],"wp:term":[{"taxonomy":"product_brand","embeddable":true,"href":"https:\/\/shop.camac-harps.com\/fr\/wp-json\/wp\/v2\/product_brand?post=10529"},{"taxonomy":"product_cat","embeddable":true,"href":"https:\/\/shop.camac-harps.com\/fr\/wp-json\/wp\/v2\/product_cat?post=10529"},{"taxonomy":"product_tag","embeddable":true,"href":"https:\/\/shop.camac-harps.com\/fr\/wp-json\/wp\/v2\/product_tag?post=10529"}],"curies":[{"name":"wp","href":"https:\/\/api.w.org\/{rel}","templated":true}]}}