{"id":10640,"date":"2018-07-06T10:27:11","date_gmt":"2018-07-06T10:27:11","guid":{"rendered":"https:\/\/shop.camac-harps.com\/product\/canton-sabien-harpologie-2-cd-2\/"},"modified":"2024-11-07T15:23:05","modified_gmt":"2024-11-07T15:23:05","slug":"canton-sabien-harpologie-2","status":"publish","type":"product","link":"https:\/\/shop.camac-harps.com\/fr\/produit\/canton-sabien-harpologie-2\/","title":{"rendered":"CANTON Sabien : Harpologie 2 (avec t\u00e9l\u00e9chargement sur harpologie.com)"},"content":{"rendered":"<p>Vid\u00e9os disponible sur Spotify, Youtube et en t\u00e9l\u00e9chargement sur\u00a0<a href=\"https:\/\/harpologie.com\/fr\/telechargements\/\">https\u00a0:\/\/harpologie.com\/fr\/telechargements\/<\/a><\/p>\n","protected":false},"excerpt":{"rendered":"<p>Vid\u00e9os disponible sur Spotify, Youtube et en t\u00e9l\u00e9chargement sur\u00a0https\u00a0:\/\/harpologie.com\/fr\/telechargements\/<\/p>\n","protected":false},"featured_media":567,"comment_status":"open","ping_status":"closed","template":"","meta":{"_acf_changed":false},"product_brand":[],"product_cat":[42,33],"product_tag":[],"class_list":{"0":"post-10640","1":"product","2":"type-product","3":"status-publish","4":"has-post-thumbnail","6":"product_cat-methodes-exercices-etudes","7":"product_cat-partitions-pour-harpe","9":"first","10":"instock","11":"taxable","12":"shipping-taxable","13":"purchasable","14":"product-type-simple"},"acf":[],"yoast_head":"<title>CANTON Sabien : Harpologie 2 (avec t\u00e9l\u00e9chargement sur harpologie.com) - Camac Harps Shop<\/title>\n<meta name=\"robots\" content=\"index, follow, max-snippet:-1, max-image-preview:large, max-video-preview:-1\" \/>\n<link rel=\"canonical\" href=\"https:\/\/shop.camac-harps.com\/fr\/produit\/canton-sabien-harpologie-2\/\" \/>\n<meta property=\"og:locale\" content=\"fr_FR\" \/>\n<meta property=\"og:type\" content=\"article\" \/>\n<meta property=\"og:title\" content=\"CANTON Sabien : Harpologie 2 (avec t\u00e9l\u00e9chargement sur harpologie.com) - Camac Harps Shop\" \/>\n<meta property=\"og:description\" content=\"Vid\u00e9os disponible sur Spotify, Youtube et en t\u00e9l\u00e9chargement sur\u00a0https\u00a0:\/\/harpologie.com\/fr\/telechargements\/\" \/>\n<meta property=\"og:url\" content=\"https:\/\/shop.camac-harps.com\/fr\/produit\/canton-sabien-harpologie-2\/\" \/>\n<meta property=\"og:site_name\" content=\"Camac Harps Shop\" \/>\n<meta property=\"article:modified_time\" content=\"2024-11-07T15:23:05+00:00\" \/>\n<meta property=\"og:image\" content=\"https:\/\/shop.camac-harps.com\/wp-content\/uploads\/sites\/25\/2018\/07\/cnsa02.jpg\" \/>\n\t<meta property=\"og:image:width\" content=\"423\" \/>\n\t<meta property=\"og:image:height\" content=\"600\" \/>\n\t<meta property=\"og:image:type\" content=\"image\/jpeg\" \/>\n<meta name=\"twitter:card\" content=\"summary_large_image\" \/>\n<meta name=\"twitter:label1\" content=\"Dur\u00e9e de lecture estim\u00e9e\" \/>\n\t<meta name=\"twitter:data1\" content=\"1 minute\" \/>\n<script type=\"application\/ld+json\" class=\"yoast-schema-graph\">{\"@context\":\"https:\/\/schema.org\",\"@graph\":[{\"@type\":\"WebPage\",\"@id\":\"https:\/\/shop.camac-harps.com\/fr\/produit\/canton-sabien-harpologie-2\/\",\"url\":\"https:\/\/shop.camac-harps.com\/fr\/produit\/canton-sabien-harpologie-2\/\",\"name\":\"CANTON Sabien : Harpologie 2 (avec t\u00e9l\u00e9chargement sur harpologie.com) - Camac Harps Shop\",\"isPartOf\":{\"@id\":\"https:\/\/shop.camac-harps.com\/fr\/#website\"},\"primaryImageOfPage\":{\"@id\":\"https:\/\/shop.camac-harps.com\/fr\/produit\/canton-sabien-harpologie-2\/#primaryimage\"},\"image\":{\"@id\":\"https:\/\/shop.camac-harps.com\/fr\/produit\/canton-sabien-harpologie-2\/#primaryimage\"},\"thumbnailUrl\":\"https:\/\/shop.camac-harps.com\/wp-content\/uploads\/sites\/25\/2018\/07\/cnsa02.jpg\",\"datePublished\":\"2018-07-06T10:27:11+00:00\",\"dateModified\":\"2024-11-07T15:23:05+00:00\",\"breadcrumb\":{\"@id\":\"https:\/\/shop.camac-harps.com\/fr\/produit\/canton-sabien-harpologie-2\/#breadcrumb\"},\"inLanguage\":\"fr-FR\",\"potentialAction\":[{\"@type\":\"ReadAction\",\"target\":[\"https:\/\/shop.camac-harps.com\/fr\/produit\/canton-sabien-harpologie-2\/\"]}]},{\"@type\":\"ImageObject\",\"inLanguage\":\"fr-FR\",\"@id\":\"https:\/\/shop.camac-harps.com\/fr\/produit\/canton-sabien-harpologie-2\/#primaryimage\",\"url\":\"https:\/\/shop.camac-harps.com\/wp-content\/uploads\/sites\/25\/2018\/07\/cnsa02.jpg\",\"contentUrl\":\"https:\/\/shop.camac-harps.com\/wp-content\/uploads\/sites\/25\/2018\/07\/cnsa02.jpg\",\"width\":423,\"height\":600},{\"@type\":\"BreadcrumbList\",\"@id\":\"https:\/\/shop.camac-harps.com\/fr\/produit\/canton-sabien-harpologie-2\/#breadcrumb\",\"itemListElement\":[{\"@type\":\"ListItem\",\"position\":1,\"name\":\"Home\",\"item\":\"https:\/\/shop.camac-harps.com\/fr\/homepage\/\"},{\"@type\":\"ListItem\",\"position\":2,\"name\":\"Accueil\",\"item\":\"https:\/\/shop.camac-harps.com\/fr\/homepage\/\"},{\"@type\":\"ListItem\",\"position\":3,\"name\":\"CANTON Sabien : Harpologie 2 (avec t\u00e9l\u00e9chargement sur harpologie.com)\"}]},{\"@type\":\"WebSite\",\"@id\":\"https:\/\/shop.camac-harps.com\/fr\/#website\",\"url\":\"https:\/\/shop.camac-harps.com\/fr\/\",\"name\":\"Camac Harps Shop\",\"description\":\"\",\"potentialAction\":[{\"@type\":\"SearchAction\",\"target\":{\"@type\":\"EntryPoint\",\"urlTemplate\":\"https:\/\/shop.camac-harps.com\/fr\/?s={search_term_string}\"},\"query-input\":{\"@type\":\"PropertyValueSpecification\",\"valueRequired\":true,\"valueName\":\"search_term_string\"}}],\"inLanguage\":\"fr-FR\"}]}<\/script>","yoast_head_json":{"title":"CANTON Sabien : Harpologie 2 (avec t\u00e9l\u00e9chargement sur harpologie.com) - Camac Harps Shop","robots":{"index":"index","follow":"follow","max-snippet":"max-snippet:-1","max-image-preview":"max-image-preview:large","max-video-preview":"max-video-preview:-1"},"canonical":"https:\/\/shop.camac-harps.com\/fr\/produit\/canton-sabien-harpologie-2\/","og_locale":"fr_FR","og_type":"article","og_title":"CANTON Sabien : Harpologie 2 (avec t\u00e9l\u00e9chargement sur harpologie.com) - Camac Harps Shop","og_description":"Vid\u00e9os disponible sur Spotify, Youtube et en t\u00e9l\u00e9chargement sur\u00a0https\u00a0:\/\/harpologie.com\/fr\/telechargements\/","og_url":"https:\/\/shop.camac-harps.com\/fr\/produit\/canton-sabien-harpologie-2\/","og_site_name":"Camac Harps Shop","article_modified_time":"2024-11-07T15:23:05+00:00","og_image":[{"width":423,"height":600,"url":"https:\/\/shop.camac-harps.com\/wp-content\/uploads\/sites\/25\/2018\/07\/cnsa02.jpg","type":"image\/jpeg"}],"twitter_card":"summary_large_image","twitter_misc":{"Dur\u00e9e de lecture estim\u00e9e":"1 minute"},"schema":{"@context":"https:\/\/schema.org","@graph":[{"@type":"WebPage","@id":"https:\/\/shop.camac-harps.com\/fr\/produit\/canton-sabien-harpologie-2\/","url":"https:\/\/shop.camac-harps.com\/fr\/produit\/canton-sabien-harpologie-2\/","name":"CANTON Sabien : Harpologie 2 (avec t\u00e9l\u00e9chargement sur harpologie.com) - Camac Harps Shop","isPartOf":{"@id":"https:\/\/shop.camac-harps.com\/fr\/#website"},"primaryImageOfPage":{"@id":"https:\/\/shop.camac-harps.com\/fr\/produit\/canton-sabien-harpologie-2\/#primaryimage"},"image":{"@id":"https:\/\/shop.camac-harps.com\/fr\/produit\/canton-sabien-harpologie-2\/#primaryimage"},"thumbnailUrl":"https:\/\/shop.camac-harps.com\/wp-content\/uploads\/sites\/25\/2018\/07\/cnsa02.jpg","datePublished":"2018-07-06T10:27:11+00:00","dateModified":"2024-11-07T15:23:05+00:00","breadcrumb":{"@id":"https:\/\/shop.camac-harps.com\/fr\/produit\/canton-sabien-harpologie-2\/#breadcrumb"},"inLanguage":"fr-FR","potentialAction":[{"@type":"ReadAction","target":["https:\/\/shop.camac-harps.com\/fr\/produit\/canton-sabien-harpologie-2\/"]}]},{"@type":"ImageObject","inLanguage":"fr-FR","@id":"https:\/\/shop.camac-harps.com\/fr\/produit\/canton-sabien-harpologie-2\/#primaryimage","url":"https:\/\/shop.camac-harps.com\/wp-content\/uploads\/sites\/25\/2018\/07\/cnsa02.jpg","contentUrl":"https:\/\/shop.camac-harps.com\/wp-content\/uploads\/sites\/25\/2018\/07\/cnsa02.jpg","width":423,"height":600},{"@type":"BreadcrumbList","@id":"https:\/\/shop.camac-harps.com\/fr\/produit\/canton-sabien-harpologie-2\/#breadcrumb","itemListElement":[{"@type":"ListItem","position":1,"name":"Home","item":"https:\/\/shop.camac-harps.com\/fr\/homepage\/"},{"@type":"ListItem","position":2,"name":"Accueil","item":"https:\/\/shop.camac-harps.com\/fr\/homepage\/"},{"@type":"ListItem","position":3,"name":"CANTON Sabien : Harpologie 2 (avec t\u00e9l\u00e9chargement sur harpologie.com)"}]},{"@type":"WebSite","@id":"https:\/\/shop.camac-harps.com\/fr\/#website","url":"https:\/\/shop.camac-harps.com\/fr\/","name":"Camac Harps Shop","description":"","potentialAction":[{"@type":"SearchAction","target":{"@type":"EntryPoint","urlTemplate":"https:\/\/shop.camac-harps.com\/fr\/?s={search_term_string}"},"query-input":{"@type":"PropertyValueSpecification","valueRequired":true,"valueName":"search_term_string"}}],"inLanguage":"fr-FR"}]}},"_links":{"self":[{"href":"https:\/\/shop.camac-harps.com\/fr\/wp-json\/wp\/v2\/product\/10640","targetHints":{"allow":["GET"]}}],"collection":[{"href":"https:\/\/shop.camac-harps.com\/fr\/wp-json\/wp\/v2\/product"}],"about":[{"href":"https:\/\/shop.camac-harps.com\/fr\/wp-json\/wp\/v2\/types\/product"}],"replies":[{"embeddable":true,"href":"https:\/\/shop.camac-harps.com\/fr\/wp-json\/wp\/v2\/comments?post=10640"}],"wp:featuredmedia":[{"embeddable":true,"href":"https:\/\/shop.camac-harps.com\/fr\/wp-json\/wp\/v2\/media\/567"}],"wp:attachment":[{"href":"https:\/\/shop.camac-harps.com\/fr\/wp-json\/wp\/v2\/media?parent=10640"}],"wp:term":[{"taxonomy":"product_brand","embeddable":true,"href":"https:\/\/shop.camac-harps.com\/fr\/wp-json\/wp\/v2\/product_brand?post=10640"},{"taxonomy":"product_cat","embeddable":true,"href":"https:\/\/shop.camac-harps.com\/fr\/wp-json\/wp\/v2\/product_cat?post=10640"},{"taxonomy":"product_tag","embeddable":true,"href":"https:\/\/shop.camac-harps.com\/fr\/wp-json\/wp\/v2\/product_tag?post=10640"}],"curies":[{"name":"wp","href":"https:\/\/api.w.org\/{rel}","templated":true}]}}