{"id":11632,"date":"2018-07-06T10:41:41","date_gmt":"2018-07-06T10:41:41","guid":{"rendered":"https:\/\/shop.camac-harps.com\/product\/divers-aut-coll-panorama-vol-3-moyenne-difficulte\/"},"modified":"2026-02-24T15:39:02","modified_gmt":"2026-02-24T15:39:02","slug":"divers-aut-coll-panorama-vol-3-moyenne-difficulte","status":"publish","type":"product","link":"https:\/\/shop.camac-harps.com\/fr\/produit\/divers-aut-coll-panorama-vol-3-moyenne-difficulte\/","title":{"rendered":"DIVERS AUT. : Coll. Panorama Vol 3 moyenne difficulte"},"content":{"rendered":"<p>Dinu Ghezzo : \u00e9tudes fantasy ;<br \/>\nDieter Acker : Caprice ; <br \/>\nDia Succari : feuilles en automne ; <br \/>\nChristophe Looten : Orph\u00e9e ; <br \/>\nMasayuki Nagatomi : \u00e9tudes pour les sonorit\u00e9s vari\u00e9es.<\/p>\n","protected":false},"excerpt":{"rendered":"<p>Dinu Ghezzo : \u00e9tudes fantasy ; Dieter Acker : Caprice ; Dia Succari : feuilles en automne ; Christophe Looten : Orph\u00e9e ; Masayuki Nagatomi : \u00e9tudes pour les sonorit\u00e9s vari\u00e9es.<\/p>\n","protected":false},"featured_media":1608,"comment_status":"open","ping_status":"closed","template":"","meta":{"_acf_changed":false},"product_brand":[],"product_cat":[33,45],"product_tag":[],"class_list":{"0":"post-11632","1":"product","2":"type-product","3":"status-publish","4":"has-post-thumbnail","6":"product_cat-partitions-pour-harpe","7":"product_cat-solos-harpe-a-pedales","9":"first","10":"instock","11":"taxable","12":"shipping-taxable","13":"purchasable","14":"product-type-simple"},"acf":[],"yoast_head":"<title>DIVERS AUT. : Coll. Panorama Vol 3 moyenne difficulte - Camac Harps Shop<\/title>\n<meta name=\"robots\" content=\"index, follow, max-snippet:-1, max-image-preview:large, max-video-preview:-1\" \/>\n<link rel=\"canonical\" href=\"https:\/\/shop.camac-harps.com\/fr\/produit\/divers-aut-coll-panorama-vol-3-moyenne-difficulte\/\" \/>\n<meta property=\"og:locale\" content=\"fr_FR\" \/>\n<meta property=\"og:type\" content=\"article\" \/>\n<meta property=\"og:title\" content=\"DIVERS AUT. : Coll. Panorama Vol 3 moyenne difficulte - Camac Harps Shop\" \/>\n<meta property=\"og:description\" content=\"Dinu Ghezzo : \u00e9tudes fantasy ; Dieter Acker : Caprice ; Dia Succari : feuilles en automne ; Christophe Looten : Orph\u00e9e ; Masayuki Nagatomi : \u00e9tudes pour les sonorit\u00e9s vari\u00e9es.\" \/>\n<meta property=\"og:url\" content=\"https:\/\/shop.camac-harps.com\/fr\/produit\/divers-aut-coll-panorama-vol-3-moyenne-difficulte\/\" \/>\n<meta property=\"og:site_name\" content=\"Camac Harps Shop\" \/>\n<meta property=\"article:modified_time\" content=\"2026-02-24T15:39:02+00:00\" \/>\n<meta property=\"og:image\" content=\"https:\/\/shop.camac-harps.com\/wp-content\/uploads\/sites\/25\/2018\/07\/dsa10.jpg\" \/>\n\t<meta property=\"og:image:width\" content=\"423\" \/>\n\t<meta property=\"og:image:height\" content=\"600\" \/>\n\t<meta property=\"og:image:type\" content=\"image\/jpeg\" \/>\n<meta name=\"twitter:card\" content=\"summary_large_image\" \/>\n<meta name=\"twitter:label1\" content=\"Dur\u00e9e de lecture estim\u00e9e\" \/>\n\t<meta name=\"twitter:data1\" content=\"1 minute\" \/>\n<script type=\"application\/ld+json\" class=\"yoast-schema-graph\">{\"@context\":\"https:\/\/schema.org\",\"@graph\":[{\"@type\":\"WebPage\",\"@id\":\"https:\/\/shop.camac-harps.com\/fr\/produit\/divers-aut-coll-panorama-vol-3-moyenne-difficulte\/\",\"url\":\"https:\/\/shop.camac-harps.com\/fr\/produit\/divers-aut-coll-panorama-vol-3-moyenne-difficulte\/\",\"name\":\"DIVERS AUT. : Coll. Panorama Vol 3 moyenne difficulte - Camac Harps Shop\",\"isPartOf\":{\"@id\":\"https:\/\/shop.camac-harps.com\/fr\/#website\"},\"primaryImageOfPage\":{\"@id\":\"https:\/\/shop.camac-harps.com\/fr\/produit\/divers-aut-coll-panorama-vol-3-moyenne-difficulte\/#primaryimage\"},\"image\":{\"@id\":\"https:\/\/shop.camac-harps.com\/fr\/produit\/divers-aut-coll-panorama-vol-3-moyenne-difficulte\/#primaryimage\"},\"thumbnailUrl\":\"https:\/\/shop.camac-harps.com\/wp-content\/uploads\/sites\/25\/2018\/07\/dsa10.jpg\",\"datePublished\":\"2018-07-06T10:41:41+00:00\",\"dateModified\":\"2026-02-24T15:39:02+00:00\",\"breadcrumb\":{\"@id\":\"https:\/\/shop.camac-harps.com\/fr\/produit\/divers-aut-coll-panorama-vol-3-moyenne-difficulte\/#breadcrumb\"},\"inLanguage\":\"fr-FR\",\"potentialAction\":[{\"@type\":\"ReadAction\",\"target\":[\"https:\/\/shop.camac-harps.com\/fr\/produit\/divers-aut-coll-panorama-vol-3-moyenne-difficulte\/\"]}]},{\"@type\":\"ImageObject\",\"inLanguage\":\"fr-FR\",\"@id\":\"https:\/\/shop.camac-harps.com\/fr\/produit\/divers-aut-coll-panorama-vol-3-moyenne-difficulte\/#primaryimage\",\"url\":\"https:\/\/shop.camac-harps.com\/wp-content\/uploads\/sites\/25\/2018\/07\/dsa10.jpg\",\"contentUrl\":\"https:\/\/shop.camac-harps.com\/wp-content\/uploads\/sites\/25\/2018\/07\/dsa10.jpg\",\"width\":423,\"height\":600},{\"@type\":\"BreadcrumbList\",\"@id\":\"https:\/\/shop.camac-harps.com\/fr\/produit\/divers-aut-coll-panorama-vol-3-moyenne-difficulte\/#breadcrumb\",\"itemListElement\":[{\"@type\":\"ListItem\",\"position\":1,\"name\":\"Home\",\"item\":\"https:\/\/shop.camac-harps.com\/fr\/homepage\/\"},{\"@type\":\"ListItem\",\"position\":2,\"name\":\"Accueil\",\"item\":\"https:\/\/shop.camac-harps.com\/fr\/homepage\/\"},{\"@type\":\"ListItem\",\"position\":3,\"name\":\"DIVERS AUT. : Coll. Panorama Vol 3 moyenne difficulte\"}]},{\"@type\":\"WebSite\",\"@id\":\"https:\/\/shop.camac-harps.com\/fr\/#website\",\"url\":\"https:\/\/shop.camac-harps.com\/fr\/\",\"name\":\"Camac Harps Shop\",\"description\":\"\",\"potentialAction\":[{\"@type\":\"SearchAction\",\"target\":{\"@type\":\"EntryPoint\",\"urlTemplate\":\"https:\/\/shop.camac-harps.com\/fr\/?s={search_term_string}\"},\"query-input\":{\"@type\":\"PropertyValueSpecification\",\"valueRequired\":true,\"valueName\":\"search_term_string\"}}],\"inLanguage\":\"fr-FR\"}]}<\/script>","yoast_head_json":{"title":"DIVERS AUT. : Coll. Panorama Vol 3 moyenne difficulte - Camac Harps Shop","robots":{"index":"index","follow":"follow","max-snippet":"max-snippet:-1","max-image-preview":"max-image-preview:large","max-video-preview":"max-video-preview:-1"},"canonical":"https:\/\/shop.camac-harps.com\/fr\/produit\/divers-aut-coll-panorama-vol-3-moyenne-difficulte\/","og_locale":"fr_FR","og_type":"article","og_title":"DIVERS AUT. : Coll. Panorama Vol 3 moyenne difficulte - Camac Harps Shop","og_description":"Dinu Ghezzo : \u00e9tudes fantasy ; Dieter Acker : Caprice ; Dia Succari : feuilles en automne ; Christophe Looten : Orph\u00e9e ; Masayuki Nagatomi : \u00e9tudes pour les sonorit\u00e9s vari\u00e9es.","og_url":"https:\/\/shop.camac-harps.com\/fr\/produit\/divers-aut-coll-panorama-vol-3-moyenne-difficulte\/","og_site_name":"Camac Harps Shop","article_modified_time":"2026-02-24T15:39:02+00:00","og_image":[{"width":423,"height":600,"url":"https:\/\/shop.camac-harps.com\/wp-content\/uploads\/sites\/25\/2018\/07\/dsa10.jpg","type":"image\/jpeg"}],"twitter_card":"summary_large_image","twitter_misc":{"Dur\u00e9e de lecture estim\u00e9e":"1 minute"},"schema":{"@context":"https:\/\/schema.org","@graph":[{"@type":"WebPage","@id":"https:\/\/shop.camac-harps.com\/fr\/produit\/divers-aut-coll-panorama-vol-3-moyenne-difficulte\/","url":"https:\/\/shop.camac-harps.com\/fr\/produit\/divers-aut-coll-panorama-vol-3-moyenne-difficulte\/","name":"DIVERS AUT. : Coll. Panorama Vol 3 moyenne difficulte - Camac Harps Shop","isPartOf":{"@id":"https:\/\/shop.camac-harps.com\/fr\/#website"},"primaryImageOfPage":{"@id":"https:\/\/shop.camac-harps.com\/fr\/produit\/divers-aut-coll-panorama-vol-3-moyenne-difficulte\/#primaryimage"},"image":{"@id":"https:\/\/shop.camac-harps.com\/fr\/produit\/divers-aut-coll-panorama-vol-3-moyenne-difficulte\/#primaryimage"},"thumbnailUrl":"https:\/\/shop.camac-harps.com\/wp-content\/uploads\/sites\/25\/2018\/07\/dsa10.jpg","datePublished":"2018-07-06T10:41:41+00:00","dateModified":"2026-02-24T15:39:02+00:00","breadcrumb":{"@id":"https:\/\/shop.camac-harps.com\/fr\/produit\/divers-aut-coll-panorama-vol-3-moyenne-difficulte\/#breadcrumb"},"inLanguage":"fr-FR","potentialAction":[{"@type":"ReadAction","target":["https:\/\/shop.camac-harps.com\/fr\/produit\/divers-aut-coll-panorama-vol-3-moyenne-difficulte\/"]}]},{"@type":"ImageObject","inLanguage":"fr-FR","@id":"https:\/\/shop.camac-harps.com\/fr\/produit\/divers-aut-coll-panorama-vol-3-moyenne-difficulte\/#primaryimage","url":"https:\/\/shop.camac-harps.com\/wp-content\/uploads\/sites\/25\/2018\/07\/dsa10.jpg","contentUrl":"https:\/\/shop.camac-harps.com\/wp-content\/uploads\/sites\/25\/2018\/07\/dsa10.jpg","width":423,"height":600},{"@type":"BreadcrumbList","@id":"https:\/\/shop.camac-harps.com\/fr\/produit\/divers-aut-coll-panorama-vol-3-moyenne-difficulte\/#breadcrumb","itemListElement":[{"@type":"ListItem","position":1,"name":"Home","item":"https:\/\/shop.camac-harps.com\/fr\/homepage\/"},{"@type":"ListItem","position":2,"name":"Accueil","item":"https:\/\/shop.camac-harps.com\/fr\/homepage\/"},{"@type":"ListItem","position":3,"name":"DIVERS AUT. : Coll. Panorama Vol 3 moyenne difficulte"}]},{"@type":"WebSite","@id":"https:\/\/shop.camac-harps.com\/fr\/#website","url":"https:\/\/shop.camac-harps.com\/fr\/","name":"Camac Harps Shop","description":"","potentialAction":[{"@type":"SearchAction","target":{"@type":"EntryPoint","urlTemplate":"https:\/\/shop.camac-harps.com\/fr\/?s={search_term_string}"},"query-input":{"@type":"PropertyValueSpecification","valueRequired":true,"valueName":"search_term_string"}}],"inLanguage":"fr-FR"}]}},"_links":{"self":[{"href":"https:\/\/shop.camac-harps.com\/fr\/wp-json\/wp\/v2\/product\/11632","targetHints":{"allow":["GET"]}}],"collection":[{"href":"https:\/\/shop.camac-harps.com\/fr\/wp-json\/wp\/v2\/product"}],"about":[{"href":"https:\/\/shop.camac-harps.com\/fr\/wp-json\/wp\/v2\/types\/product"}],"replies":[{"embeddable":true,"href":"https:\/\/shop.camac-harps.com\/fr\/wp-json\/wp\/v2\/comments?post=11632"}],"wp:featuredmedia":[{"embeddable":true,"href":"https:\/\/shop.camac-harps.com\/fr\/wp-json\/wp\/v2\/media\/1608"}],"wp:attachment":[{"href":"https:\/\/shop.camac-harps.com\/fr\/wp-json\/wp\/v2\/media?parent=11632"}],"wp:term":[{"taxonomy":"product_brand","embeddable":true,"href":"https:\/\/shop.camac-harps.com\/fr\/wp-json\/wp\/v2\/product_brand?post=11632"},{"taxonomy":"product_cat","embeddable":true,"href":"https:\/\/shop.camac-harps.com\/fr\/wp-json\/wp\/v2\/product_cat?post=11632"},{"taxonomy":"product_tag","embeddable":true,"href":"https:\/\/shop.camac-harps.com\/fr\/wp-json\/wp\/v2\/product_tag?post=11632"}],"curies":[{"name":"wp","href":"https:\/\/api.w.org\/{rel}","templated":true}]}}