{"id":12325,"date":"2018-07-06T10:53:21","date_gmt":"2018-07-06T10:53:21","guid":{"rendered":"https:\/\/shop.camac-harps.com\/product\/kassap-sylvain-claire-2\/"},"modified":"2024-11-07T15:18:59","modified_gmt":"2024-11-07T15:18:59","slug":"kassap-sylvain-claire","status":"publish","type":"product","link":"https:\/\/shop.camac-harps.com\/fr\/produit\/kassap-sylvain-claire\/","title":{"rendered":"KASSAP Sylvain : Claire"},"content":{"rendered":"<p>CLAIRE, pour Harpe ( et harpiste ! ) est inspir\u00e9 d&rsquo;un personnage de \u00ab\u00a0Quai Ouest\u00a0\u00bb de Bernard-Marie KOLTES. Le ou la harpiste doit jouer la partie de percussion sur la harpe et dire la partie de voix. La pi\u00e8ce est rythmique, comme un Flamenco lent. \u00ab\u00a0CLAIRE\u00a0\u00bb est d\u00e9di\u00e9 \u00e0 H\u00e9l\u00e8ne Breschand.<\/p>\n","protected":false},"excerpt":{"rendered":"<p>CLAIRE, pour Harpe ( et harpiste ! ) est inspir\u00e9 d&rsquo;un personnage de \u00ab\u00a0Quai Ouest\u00a0\u00bb de Bernard-Marie KOLTES. Le ou la harpiste doit jouer la partie de percussion sur la harpe et dire la partie de voix. La pi\u00e8ce est rythmique, comme un Flamenco lent. \u00ab\u00a0CLAIRE\u00a0\u00bb est d\u00e9di\u00e9 \u00e0 H\u00e9l\u00e8ne Breschand.<\/p>\n","protected":false},"featured_media":2331,"comment_status":"open","ping_status":"closed","template":"","meta":{"_acf_changed":false},"product_brand":[],"product_cat":[33,45],"product_tag":[],"class_list":{"0":"post-12325","1":"product","2":"type-product","3":"status-publish","4":"has-post-thumbnail","6":"product_cat-partitions-pour-harpe","7":"product_cat-solos-harpe-a-pedales","9":"first","10":"instock","11":"taxable","12":"shipping-taxable","13":"purchasable","14":"product-type-simple"},"acf":[],"yoast_head":"<title>KASSAP Sylvain : Claire - Camac Harps Shop<\/title>\n<meta name=\"robots\" content=\"index, follow, max-snippet:-1, max-image-preview:large, max-video-preview:-1\" \/>\n<link rel=\"canonical\" href=\"https:\/\/shop.camac-harps.com\/fr\/produit\/kassap-sylvain-claire\/\" \/>\n<meta property=\"og:locale\" content=\"fr_FR\" \/>\n<meta property=\"og:type\" content=\"article\" \/>\n<meta property=\"og:title\" content=\"KASSAP Sylvain : Claire - Camac Harps Shop\" \/>\n<meta property=\"og:description\" content=\"CLAIRE, pour Harpe ( et harpiste ! ) est inspir\u00e9 d&rsquo;un personnage de \u00ab\u00a0Quai Ouest\u00a0\u00bb de Bernard-Marie KOLTES. Le ou la harpiste doit jouer la partie de percussion sur la harpe et dire la partie de voix. La pi\u00e8ce est rythmique, comme un Flamenco lent. \u00ab\u00a0CLAIRE\u00a0\u00bb est d\u00e9di\u00e9 \u00e0 H\u00e9l\u00e8ne Breschand.\" \/>\n<meta property=\"og:url\" content=\"https:\/\/shop.camac-harps.com\/fr\/produit\/kassap-sylvain-claire\/\" \/>\n<meta property=\"og:site_name\" content=\"Camac Harps Shop\" \/>\n<meta property=\"article:modified_time\" content=\"2024-11-07T15:18:59+00:00\" \/>\n<meta property=\"og:image\" content=\"https:\/\/shop.camac-harps.com\/wp-content\/uploads\/sites\/25\/2018\/07\/kps01.jpg\" \/>\n\t<meta property=\"og:image:width\" content=\"424\" \/>\n\t<meta property=\"og:image:height\" content=\"600\" \/>\n\t<meta property=\"og:image:type\" content=\"image\/jpeg\" \/>\n<meta name=\"twitter:card\" content=\"summary_large_image\" \/>\n<script type=\"application\/ld+json\" class=\"yoast-schema-graph\">{\"@context\":\"https:\/\/schema.org\",\"@graph\":[{\"@type\":\"WebPage\",\"@id\":\"https:\/\/shop.camac-harps.com\/fr\/produit\/kassap-sylvain-claire\/\",\"url\":\"https:\/\/shop.camac-harps.com\/fr\/produit\/kassap-sylvain-claire\/\",\"name\":\"KASSAP Sylvain : Claire - Camac Harps Shop\",\"isPartOf\":{\"@id\":\"https:\/\/shop.camac-harps.com\/fr\/#website\"},\"primaryImageOfPage\":{\"@id\":\"https:\/\/shop.camac-harps.com\/fr\/produit\/kassap-sylvain-claire\/#primaryimage\"},\"image\":{\"@id\":\"https:\/\/shop.camac-harps.com\/fr\/produit\/kassap-sylvain-claire\/#primaryimage\"},\"thumbnailUrl\":\"https:\/\/shop.camac-harps.com\/wp-content\/uploads\/sites\/25\/2018\/07\/kps01.jpg\",\"datePublished\":\"2018-07-06T10:53:21+00:00\",\"dateModified\":\"2024-11-07T15:18:59+00:00\",\"breadcrumb\":{\"@id\":\"https:\/\/shop.camac-harps.com\/fr\/produit\/kassap-sylvain-claire\/#breadcrumb\"},\"inLanguage\":\"fr-FR\",\"potentialAction\":[{\"@type\":\"ReadAction\",\"target\":[\"https:\/\/shop.camac-harps.com\/fr\/produit\/kassap-sylvain-claire\/\"]}]},{\"@type\":\"ImageObject\",\"inLanguage\":\"fr-FR\",\"@id\":\"https:\/\/shop.camac-harps.com\/fr\/produit\/kassap-sylvain-claire\/#primaryimage\",\"url\":\"https:\/\/shop.camac-harps.com\/wp-content\/uploads\/sites\/25\/2018\/07\/kps01.jpg\",\"contentUrl\":\"https:\/\/shop.camac-harps.com\/wp-content\/uploads\/sites\/25\/2018\/07\/kps01.jpg\",\"width\":424,\"height\":600},{\"@type\":\"BreadcrumbList\",\"@id\":\"https:\/\/shop.camac-harps.com\/fr\/produit\/kassap-sylvain-claire\/#breadcrumb\",\"itemListElement\":[{\"@type\":\"ListItem\",\"position\":1,\"name\":\"Home\",\"item\":\"https:\/\/shop.camac-harps.com\/fr\/homepage\/\"},{\"@type\":\"ListItem\",\"position\":2,\"name\":\"Accueil\",\"item\":\"https:\/\/shop.camac-harps.com\/fr\/homepage\/\"},{\"@type\":\"ListItem\",\"position\":3,\"name\":\"KASSAP Sylvain : Claire\"}]},{\"@type\":\"WebSite\",\"@id\":\"https:\/\/shop.camac-harps.com\/fr\/#website\",\"url\":\"https:\/\/shop.camac-harps.com\/fr\/\",\"name\":\"Camac Harps Shop\",\"description\":\"\",\"potentialAction\":[{\"@type\":\"SearchAction\",\"target\":{\"@type\":\"EntryPoint\",\"urlTemplate\":\"https:\/\/shop.camac-harps.com\/fr\/?s={search_term_string}\"},\"query-input\":{\"@type\":\"PropertyValueSpecification\",\"valueRequired\":true,\"valueName\":\"search_term_string\"}}],\"inLanguage\":\"fr-FR\"}]}<\/script>","yoast_head_json":{"title":"KASSAP Sylvain : Claire - Camac Harps Shop","robots":{"index":"index","follow":"follow","max-snippet":"max-snippet:-1","max-image-preview":"max-image-preview:large","max-video-preview":"max-video-preview:-1"},"canonical":"https:\/\/shop.camac-harps.com\/fr\/produit\/kassap-sylvain-claire\/","og_locale":"fr_FR","og_type":"article","og_title":"KASSAP Sylvain : Claire - Camac Harps Shop","og_description":"CLAIRE, pour Harpe ( et harpiste ! ) est inspir\u00e9 d&rsquo;un personnage de \u00ab\u00a0Quai Ouest\u00a0\u00bb de Bernard-Marie KOLTES. Le ou la harpiste doit jouer la partie de percussion sur la harpe et dire la partie de voix. La pi\u00e8ce est rythmique, comme un Flamenco lent. \u00ab\u00a0CLAIRE\u00a0\u00bb est d\u00e9di\u00e9 \u00e0 H\u00e9l\u00e8ne Breschand.","og_url":"https:\/\/shop.camac-harps.com\/fr\/produit\/kassap-sylvain-claire\/","og_site_name":"Camac Harps Shop","article_modified_time":"2024-11-07T15:18:59+00:00","og_image":[{"width":424,"height":600,"url":"https:\/\/shop.camac-harps.com\/wp-content\/uploads\/sites\/25\/2018\/07\/kps01.jpg","type":"image\/jpeg"}],"twitter_card":"summary_large_image","schema":{"@context":"https:\/\/schema.org","@graph":[{"@type":"WebPage","@id":"https:\/\/shop.camac-harps.com\/fr\/produit\/kassap-sylvain-claire\/","url":"https:\/\/shop.camac-harps.com\/fr\/produit\/kassap-sylvain-claire\/","name":"KASSAP Sylvain : Claire - Camac Harps Shop","isPartOf":{"@id":"https:\/\/shop.camac-harps.com\/fr\/#website"},"primaryImageOfPage":{"@id":"https:\/\/shop.camac-harps.com\/fr\/produit\/kassap-sylvain-claire\/#primaryimage"},"image":{"@id":"https:\/\/shop.camac-harps.com\/fr\/produit\/kassap-sylvain-claire\/#primaryimage"},"thumbnailUrl":"https:\/\/shop.camac-harps.com\/wp-content\/uploads\/sites\/25\/2018\/07\/kps01.jpg","datePublished":"2018-07-06T10:53:21+00:00","dateModified":"2024-11-07T15:18:59+00:00","breadcrumb":{"@id":"https:\/\/shop.camac-harps.com\/fr\/produit\/kassap-sylvain-claire\/#breadcrumb"},"inLanguage":"fr-FR","potentialAction":[{"@type":"ReadAction","target":["https:\/\/shop.camac-harps.com\/fr\/produit\/kassap-sylvain-claire\/"]}]},{"@type":"ImageObject","inLanguage":"fr-FR","@id":"https:\/\/shop.camac-harps.com\/fr\/produit\/kassap-sylvain-claire\/#primaryimage","url":"https:\/\/shop.camac-harps.com\/wp-content\/uploads\/sites\/25\/2018\/07\/kps01.jpg","contentUrl":"https:\/\/shop.camac-harps.com\/wp-content\/uploads\/sites\/25\/2018\/07\/kps01.jpg","width":424,"height":600},{"@type":"BreadcrumbList","@id":"https:\/\/shop.camac-harps.com\/fr\/produit\/kassap-sylvain-claire\/#breadcrumb","itemListElement":[{"@type":"ListItem","position":1,"name":"Home","item":"https:\/\/shop.camac-harps.com\/fr\/homepage\/"},{"@type":"ListItem","position":2,"name":"Accueil","item":"https:\/\/shop.camac-harps.com\/fr\/homepage\/"},{"@type":"ListItem","position":3,"name":"KASSAP Sylvain : Claire"}]},{"@type":"WebSite","@id":"https:\/\/shop.camac-harps.com\/fr\/#website","url":"https:\/\/shop.camac-harps.com\/fr\/","name":"Camac Harps Shop","description":"","potentialAction":[{"@type":"SearchAction","target":{"@type":"EntryPoint","urlTemplate":"https:\/\/shop.camac-harps.com\/fr\/?s={search_term_string}"},"query-input":{"@type":"PropertyValueSpecification","valueRequired":true,"valueName":"search_term_string"}}],"inLanguage":"fr-FR"}]}},"_links":{"self":[{"href":"https:\/\/shop.camac-harps.com\/fr\/wp-json\/wp\/v2\/product\/12325","targetHints":{"allow":["GET"]}}],"collection":[{"href":"https:\/\/shop.camac-harps.com\/fr\/wp-json\/wp\/v2\/product"}],"about":[{"href":"https:\/\/shop.camac-harps.com\/fr\/wp-json\/wp\/v2\/types\/product"}],"replies":[{"embeddable":true,"href":"https:\/\/shop.camac-harps.com\/fr\/wp-json\/wp\/v2\/comments?post=12325"}],"wp:featuredmedia":[{"embeddable":true,"href":"https:\/\/shop.camac-harps.com\/fr\/wp-json\/wp\/v2\/media\/2331"}],"wp:attachment":[{"href":"https:\/\/shop.camac-harps.com\/fr\/wp-json\/wp\/v2\/media?parent=12325"}],"wp:term":[{"taxonomy":"product_brand","embeddable":true,"href":"https:\/\/shop.camac-harps.com\/fr\/wp-json\/wp\/v2\/product_brand?post=12325"},{"taxonomy":"product_cat","embeddable":true,"href":"https:\/\/shop.camac-harps.com\/fr\/wp-json\/wp\/v2\/product_cat?post=12325"},{"taxonomy":"product_tag","embeddable":true,"href":"https:\/\/shop.camac-harps.com\/fr\/wp-json\/wp\/v2\/product_tag?post=12325"}],"curies":[{"name":"wp","href":"https:\/\/api.w.org\/{rel}","templated":true}]}}