{"id":12703,"date":"2018-07-06T11:00:33","date_gmt":"2018-07-06T11:00:33","guid":{"rendered":"https:\/\/shop.camac-harps.com\/product\/pierrot-bernard-musique-ancienne-3-pour-cordes-pincees-2\/"},"modified":"2024-11-07T15:17:49","modified_gmt":"2024-11-07T15:17:49","slug":"pierrot-bernard-musique-ancienne-3-pour-cordes-pincees","status":"publish","type":"product","link":"https:\/\/shop.camac-harps.com\/fr\/produit\/pierrot-bernard-musique-ancienne-3-pour-cordes-pincees\/","title":{"rendered":"PIERROT Bernard : Musique Ancienne 3 pour cordes pincees"},"content":{"rendered":"<p>1 \u2013 Romanesca, O gardame las vacas, Alonso Mudarra (1546), pour harpe \u00e0 simple ou double mouvement .<br \/>2 \u2013 the flat Pavin, Robert Johnson, pour harpe \u00e0 simple ou double mouvement .<br \/>3 \u2013 Fantasia sexta, Francesco da Milano : duo pour harpe \u00e0 simple ou double mouvement et guitare ou harpe celtique .<\/p>\n<p>NB : dans les pi\u00e8ces 1 et 2, accorder les r\u00e9 b\u00e9mol pour la harpe \u00e0 simple mouvement.<\/p>\n","protected":false},"excerpt":{"rendered":"<p>1 \u2013 Romanesca, O gardame las vacas, Alonso Mudarra (1546), pour harpe \u00e0 simple ou double mouvement .2 \u2013 the flat Pavin, Robert Johnson, pour harpe \u00e0 simple ou double mouvement .3 \u2013 Fantasia sexta, Francesco da Milano : duo pour harpe \u00e0 simple ou double mouvement et guitare ou harpe celtique . NB : [&hellip;]<\/p>\n","protected":false},"featured_media":2709,"comment_status":"open","ping_status":"closed","template":"","meta":{"_acf_changed":false},"product_brand":[],"product_cat":[108,33,45],"product_tag":[],"class_list":{"0":"post-12703","1":"product","2":"type-product","3":"status-publish","4":"has-post-thumbnail","6":"product_cat-musique-harpe-celtique","7":"product_cat-partitions-pour-harpe","8":"product_cat-solos-harpe-a-pedales","10":"first","11":"instock","12":"taxable","13":"shipping-taxable","14":"purchasable","15":"product-type-simple"},"acf":[],"yoast_head":"<title>PIERROT Bernard : Musique Ancienne 3 pour cordes pincees - Camac Harps Shop<\/title>\n<meta name=\"robots\" content=\"index, follow, max-snippet:-1, max-image-preview:large, max-video-preview:-1\" \/>\n<link rel=\"canonical\" href=\"https:\/\/shop.camac-harps.com\/fr\/produit\/pierrot-bernard-musique-ancienne-3-pour-cordes-pincees\/\" \/>\n<meta property=\"og:locale\" content=\"fr_FR\" \/>\n<meta property=\"og:type\" content=\"article\" \/>\n<meta property=\"og:title\" content=\"PIERROT Bernard : Musique Ancienne 3 pour cordes pincees - Camac Harps Shop\" \/>\n<meta property=\"og:description\" content=\"1 \u2013 Romanesca, O gardame las vacas, Alonso Mudarra (1546), pour harpe \u00e0 simple ou double mouvement .2 \u2013 the flat Pavin, Robert Johnson, pour harpe \u00e0 simple ou double mouvement .3 \u2013 Fantasia sexta, Francesco da Milano : duo pour harpe \u00e0 simple ou double mouvement et guitare ou harpe celtique . NB : [&hellip;]\" \/>\n<meta property=\"og:url\" content=\"https:\/\/shop.camac-harps.com\/fr\/produit\/pierrot-bernard-musique-ancienne-3-pour-cordes-pincees\/\" \/>\n<meta property=\"og:site_name\" content=\"Camac Harps Shop\" \/>\n<meta property=\"article:modified_time\" content=\"2024-11-07T15:17:49+00:00\" \/>\n<meta property=\"og:image\" content=\"https:\/\/shop.camac-harps.com\/wp-content\/uploads\/sites\/25\/2018\/07\/ptbd03.jpg\" \/>\n\t<meta property=\"og:image:width\" content=\"424\" \/>\n\t<meta property=\"og:image:height\" content=\"600\" \/>\n\t<meta property=\"og:image:type\" content=\"image\/jpeg\" \/>\n<meta name=\"twitter:card\" content=\"summary_large_image\" \/>\n<script type=\"application\/ld+json\" class=\"yoast-schema-graph\">{\"@context\":\"https:\/\/schema.org\",\"@graph\":[{\"@type\":\"WebPage\",\"@id\":\"https:\/\/shop.camac-harps.com\/fr\/produit\/pierrot-bernard-musique-ancienne-3-pour-cordes-pincees\/\",\"url\":\"https:\/\/shop.camac-harps.com\/fr\/produit\/pierrot-bernard-musique-ancienne-3-pour-cordes-pincees\/\",\"name\":\"PIERROT Bernard : Musique Ancienne 3 pour cordes pincees - Camac Harps Shop\",\"isPartOf\":{\"@id\":\"https:\/\/shop.camac-harps.com\/fr\/#website\"},\"primaryImageOfPage\":{\"@id\":\"https:\/\/shop.camac-harps.com\/fr\/produit\/pierrot-bernard-musique-ancienne-3-pour-cordes-pincees\/#primaryimage\"},\"image\":{\"@id\":\"https:\/\/shop.camac-harps.com\/fr\/produit\/pierrot-bernard-musique-ancienne-3-pour-cordes-pincees\/#primaryimage\"},\"thumbnailUrl\":\"https:\/\/shop.camac-harps.com\/wp-content\/uploads\/sites\/25\/2018\/07\/ptbd03.jpg\",\"datePublished\":\"2018-07-06T11:00:33+00:00\",\"dateModified\":\"2024-11-07T15:17:49+00:00\",\"breadcrumb\":{\"@id\":\"https:\/\/shop.camac-harps.com\/fr\/produit\/pierrot-bernard-musique-ancienne-3-pour-cordes-pincees\/#breadcrumb\"},\"inLanguage\":\"fr-FR\",\"potentialAction\":[{\"@type\":\"ReadAction\",\"target\":[\"https:\/\/shop.camac-harps.com\/fr\/produit\/pierrot-bernard-musique-ancienne-3-pour-cordes-pincees\/\"]}]},{\"@type\":\"ImageObject\",\"inLanguage\":\"fr-FR\",\"@id\":\"https:\/\/shop.camac-harps.com\/fr\/produit\/pierrot-bernard-musique-ancienne-3-pour-cordes-pincees\/#primaryimage\",\"url\":\"https:\/\/shop.camac-harps.com\/wp-content\/uploads\/sites\/25\/2018\/07\/ptbd03.jpg\",\"contentUrl\":\"https:\/\/shop.camac-harps.com\/wp-content\/uploads\/sites\/25\/2018\/07\/ptbd03.jpg\",\"width\":424,\"height\":600},{\"@type\":\"BreadcrumbList\",\"@id\":\"https:\/\/shop.camac-harps.com\/fr\/produit\/pierrot-bernard-musique-ancienne-3-pour-cordes-pincees\/#breadcrumb\",\"itemListElement\":[{\"@type\":\"ListItem\",\"position\":1,\"name\":\"Home\",\"item\":\"https:\/\/shop.camac-harps.com\/fr\/homepage\/\"},{\"@type\":\"ListItem\",\"position\":2,\"name\":\"Accueil\",\"item\":\"https:\/\/shop.camac-harps.com\/fr\/homepage\/\"},{\"@type\":\"ListItem\",\"position\":3,\"name\":\"PIERROT Bernard : Musique Ancienne 3 pour cordes pincees\"}]},{\"@type\":\"WebSite\",\"@id\":\"https:\/\/shop.camac-harps.com\/fr\/#website\",\"url\":\"https:\/\/shop.camac-harps.com\/fr\/\",\"name\":\"Camac Harps Shop\",\"description\":\"\",\"potentialAction\":[{\"@type\":\"SearchAction\",\"target\":{\"@type\":\"EntryPoint\",\"urlTemplate\":\"https:\/\/shop.camac-harps.com\/fr\/?s={search_term_string}\"},\"query-input\":{\"@type\":\"PropertyValueSpecification\",\"valueRequired\":true,\"valueName\":\"search_term_string\"}}],\"inLanguage\":\"fr-FR\"}]}<\/script>","yoast_head_json":{"title":"PIERROT Bernard : Musique Ancienne 3 pour cordes pincees - Camac Harps Shop","robots":{"index":"index","follow":"follow","max-snippet":"max-snippet:-1","max-image-preview":"max-image-preview:large","max-video-preview":"max-video-preview:-1"},"canonical":"https:\/\/shop.camac-harps.com\/fr\/produit\/pierrot-bernard-musique-ancienne-3-pour-cordes-pincees\/","og_locale":"fr_FR","og_type":"article","og_title":"PIERROT Bernard : Musique Ancienne 3 pour cordes pincees - Camac Harps Shop","og_description":"1 \u2013 Romanesca, O gardame las vacas, Alonso Mudarra (1546), pour harpe \u00e0 simple ou double mouvement .2 \u2013 the flat Pavin, Robert Johnson, pour harpe \u00e0 simple ou double mouvement .3 \u2013 Fantasia sexta, Francesco da Milano : duo pour harpe \u00e0 simple ou double mouvement et guitare ou harpe celtique . NB : [&hellip;]","og_url":"https:\/\/shop.camac-harps.com\/fr\/produit\/pierrot-bernard-musique-ancienne-3-pour-cordes-pincees\/","og_site_name":"Camac Harps Shop","article_modified_time":"2024-11-07T15:17:49+00:00","og_image":[{"width":424,"height":600,"url":"https:\/\/shop.camac-harps.com\/wp-content\/uploads\/sites\/25\/2018\/07\/ptbd03.jpg","type":"image\/jpeg"}],"twitter_card":"summary_large_image","schema":{"@context":"https:\/\/schema.org","@graph":[{"@type":"WebPage","@id":"https:\/\/shop.camac-harps.com\/fr\/produit\/pierrot-bernard-musique-ancienne-3-pour-cordes-pincees\/","url":"https:\/\/shop.camac-harps.com\/fr\/produit\/pierrot-bernard-musique-ancienne-3-pour-cordes-pincees\/","name":"PIERROT Bernard : Musique Ancienne 3 pour cordes pincees - Camac Harps Shop","isPartOf":{"@id":"https:\/\/shop.camac-harps.com\/fr\/#website"},"primaryImageOfPage":{"@id":"https:\/\/shop.camac-harps.com\/fr\/produit\/pierrot-bernard-musique-ancienne-3-pour-cordes-pincees\/#primaryimage"},"image":{"@id":"https:\/\/shop.camac-harps.com\/fr\/produit\/pierrot-bernard-musique-ancienne-3-pour-cordes-pincees\/#primaryimage"},"thumbnailUrl":"https:\/\/shop.camac-harps.com\/wp-content\/uploads\/sites\/25\/2018\/07\/ptbd03.jpg","datePublished":"2018-07-06T11:00:33+00:00","dateModified":"2024-11-07T15:17:49+00:00","breadcrumb":{"@id":"https:\/\/shop.camac-harps.com\/fr\/produit\/pierrot-bernard-musique-ancienne-3-pour-cordes-pincees\/#breadcrumb"},"inLanguage":"fr-FR","potentialAction":[{"@type":"ReadAction","target":["https:\/\/shop.camac-harps.com\/fr\/produit\/pierrot-bernard-musique-ancienne-3-pour-cordes-pincees\/"]}]},{"@type":"ImageObject","inLanguage":"fr-FR","@id":"https:\/\/shop.camac-harps.com\/fr\/produit\/pierrot-bernard-musique-ancienne-3-pour-cordes-pincees\/#primaryimage","url":"https:\/\/shop.camac-harps.com\/wp-content\/uploads\/sites\/25\/2018\/07\/ptbd03.jpg","contentUrl":"https:\/\/shop.camac-harps.com\/wp-content\/uploads\/sites\/25\/2018\/07\/ptbd03.jpg","width":424,"height":600},{"@type":"BreadcrumbList","@id":"https:\/\/shop.camac-harps.com\/fr\/produit\/pierrot-bernard-musique-ancienne-3-pour-cordes-pincees\/#breadcrumb","itemListElement":[{"@type":"ListItem","position":1,"name":"Home","item":"https:\/\/shop.camac-harps.com\/fr\/homepage\/"},{"@type":"ListItem","position":2,"name":"Accueil","item":"https:\/\/shop.camac-harps.com\/fr\/homepage\/"},{"@type":"ListItem","position":3,"name":"PIERROT Bernard : Musique Ancienne 3 pour cordes pincees"}]},{"@type":"WebSite","@id":"https:\/\/shop.camac-harps.com\/fr\/#website","url":"https:\/\/shop.camac-harps.com\/fr\/","name":"Camac Harps Shop","description":"","potentialAction":[{"@type":"SearchAction","target":{"@type":"EntryPoint","urlTemplate":"https:\/\/shop.camac-harps.com\/fr\/?s={search_term_string}"},"query-input":{"@type":"PropertyValueSpecification","valueRequired":true,"valueName":"search_term_string"}}],"inLanguage":"fr-FR"}]}},"_links":{"self":[{"href":"https:\/\/shop.camac-harps.com\/fr\/wp-json\/wp\/v2\/product\/12703","targetHints":{"allow":["GET"]}}],"collection":[{"href":"https:\/\/shop.camac-harps.com\/fr\/wp-json\/wp\/v2\/product"}],"about":[{"href":"https:\/\/shop.camac-harps.com\/fr\/wp-json\/wp\/v2\/types\/product"}],"replies":[{"embeddable":true,"href":"https:\/\/shop.camac-harps.com\/fr\/wp-json\/wp\/v2\/comments?post=12703"}],"wp:featuredmedia":[{"embeddable":true,"href":"https:\/\/shop.camac-harps.com\/fr\/wp-json\/wp\/v2\/media\/2709"}],"wp:attachment":[{"href":"https:\/\/shop.camac-harps.com\/fr\/wp-json\/wp\/v2\/media?parent=12703"}],"wp:term":[{"taxonomy":"product_brand","embeddable":true,"href":"https:\/\/shop.camac-harps.com\/fr\/wp-json\/wp\/v2\/product_brand?post=12703"},{"taxonomy":"product_cat","embeddable":true,"href":"https:\/\/shop.camac-harps.com\/fr\/wp-json\/wp\/v2\/product_cat?post=12703"},{"taxonomy":"product_tag","embeddable":true,"href":"https:\/\/shop.camac-harps.com\/fr\/wp-json\/wp\/v2\/product_tag?post=12703"}],"curies":[{"name":"wp","href":"https:\/\/api.w.org\/{rel}","templated":true}]}}