{"id":13744,"date":"2018-07-06T11:31:32","date_gmt":"2018-07-06T11:31:32","guid":{"rendered":"https:\/\/shop.camac-harps.com\/product\/thomas-john-cambria-pour-2-harps-duo-sur-des-melodies-galloises-parties-separees\/"},"modified":"2024-11-07T15:14:30","modified_gmt":"2024-11-07T15:14:30","slug":"thomas-john-cambria-pour-2-harps-duo-sur-des-melodies-galloises-parties-separees","status":"publish","type":"product","link":"https:\/\/shop.camac-harps.com\/fr\/produit\/thomas-john-cambria-pour-2-harps-duo-sur-des-melodies-galloises-parties-separees\/","title":{"rendered":"THOMAS John : Cambria, pour 2 harps (duo sur des m\u00e9lodies galloises) &#8211; parties s\u00e9par\u00e9es"},"content":{"rendered":"","protected":false},"excerpt":{"rendered":"","protected":false},"featured_media":3849,"comment_status":"open","ping_status":"closed","template":"","meta":{"_acf_changed":false},"product_brand":[],"product_cat":[51,33],"product_tag":[],"class_list":{"0":"post-13744","1":"product","2":"type-product","3":"status-publish","4":"has-post-thumbnail","6":"product_cat-ensembles-de-harpes","7":"product_cat-partitions-pour-harpe","9":"first","10":"instock","11":"taxable","12":"shipping-taxable","13":"purchasable","14":"product-type-simple"},"acf":[],"yoast_head":"<title>THOMAS John : Cambria, pour 2 harps (duo sur des m\u00e9lodies galloises) - parties s\u00e9par\u00e9es - Camac Harps Shop<\/title>\n<meta name=\"robots\" content=\"index, follow, max-snippet:-1, max-image-preview:large, max-video-preview:-1\" \/>\n<link rel=\"canonical\" href=\"https:\/\/shop.camac-harps.com\/fr\/produit\/thomas-john-cambria-pour-2-harps-duo-sur-des-melodies-galloises-parties-separees\/\" \/>\n<meta property=\"og:locale\" content=\"fr_FR\" \/>\n<meta property=\"og:type\" content=\"article\" \/>\n<meta property=\"og:title\" content=\"THOMAS John : Cambria, pour 2 harps (duo sur des m\u00e9lodies galloises) - parties s\u00e9par\u00e9es - Camac Harps Shop\" \/>\n<meta property=\"og:url\" content=\"https:\/\/shop.camac-harps.com\/fr\/produit\/thomas-john-cambria-pour-2-harps-duo-sur-des-melodies-galloises-parties-separees\/\" \/>\n<meta property=\"og:site_name\" content=\"Camac Harps Shop\" \/>\n<meta property=\"article:modified_time\" content=\"2024-11-07T15:14:30+00:00\" \/>\n<meta property=\"og:image\" content=\"https:\/\/shop.camac-harps.com\/wp-content\/uploads\/sites\/25\/2018\/07\/tsj28.jpg\" \/>\n\t<meta property=\"og:image:width\" content=\"424\" \/>\n\t<meta property=\"og:image:height\" content=\"600\" \/>\n\t<meta property=\"og:image:type\" content=\"image\/jpeg\" \/>\n<meta name=\"twitter:card\" content=\"summary_large_image\" \/>\n<script type=\"application\/ld+json\" class=\"yoast-schema-graph\">{\"@context\":\"https:\/\/schema.org\",\"@graph\":[{\"@type\":\"WebPage\",\"@id\":\"https:\/\/shop.camac-harps.com\/fr\/produit\/thomas-john-cambria-pour-2-harps-duo-sur-des-melodies-galloises-parties-separees\/\",\"url\":\"https:\/\/shop.camac-harps.com\/fr\/produit\/thomas-john-cambria-pour-2-harps-duo-sur-des-melodies-galloises-parties-separees\/\",\"name\":\"THOMAS John : Cambria, pour 2 harps (duo sur des m\u00e9lodies galloises) - parties s\u00e9par\u00e9es - Camac Harps Shop\",\"isPartOf\":{\"@id\":\"https:\/\/shop.camac-harps.com\/fr\/#website\"},\"primaryImageOfPage\":{\"@id\":\"https:\/\/shop.camac-harps.com\/fr\/produit\/thomas-john-cambria-pour-2-harps-duo-sur-des-melodies-galloises-parties-separees\/#primaryimage\"},\"image\":{\"@id\":\"https:\/\/shop.camac-harps.com\/fr\/produit\/thomas-john-cambria-pour-2-harps-duo-sur-des-melodies-galloises-parties-separees\/#primaryimage\"},\"thumbnailUrl\":\"https:\/\/shop.camac-harps.com\/wp-content\/uploads\/sites\/25\/2018\/07\/tsj28.jpg\",\"datePublished\":\"2018-07-06T11:31:32+00:00\",\"dateModified\":\"2024-11-07T15:14:30+00:00\",\"breadcrumb\":{\"@id\":\"https:\/\/shop.camac-harps.com\/fr\/produit\/thomas-john-cambria-pour-2-harps-duo-sur-des-melodies-galloises-parties-separees\/#breadcrumb\"},\"inLanguage\":\"fr-FR\",\"potentialAction\":[{\"@type\":\"ReadAction\",\"target\":[\"https:\/\/shop.camac-harps.com\/fr\/produit\/thomas-john-cambria-pour-2-harps-duo-sur-des-melodies-galloises-parties-separees\/\"]}]},{\"@type\":\"ImageObject\",\"inLanguage\":\"fr-FR\",\"@id\":\"https:\/\/shop.camac-harps.com\/fr\/produit\/thomas-john-cambria-pour-2-harps-duo-sur-des-melodies-galloises-parties-separees\/#primaryimage\",\"url\":\"https:\/\/shop.camac-harps.com\/wp-content\/uploads\/sites\/25\/2018\/07\/tsj28.jpg\",\"contentUrl\":\"https:\/\/shop.camac-harps.com\/wp-content\/uploads\/sites\/25\/2018\/07\/tsj28.jpg\",\"width\":424,\"height\":600},{\"@type\":\"BreadcrumbList\",\"@id\":\"https:\/\/shop.camac-harps.com\/fr\/produit\/thomas-john-cambria-pour-2-harps-duo-sur-des-melodies-galloises-parties-separees\/#breadcrumb\",\"itemListElement\":[{\"@type\":\"ListItem\",\"position\":1,\"name\":\"Home\",\"item\":\"https:\/\/shop.camac-harps.com\/fr\/homepage\/\"},{\"@type\":\"ListItem\",\"position\":2,\"name\":\"Accueil\",\"item\":\"https:\/\/shop.camac-harps.com\/fr\/homepage\/\"},{\"@type\":\"ListItem\",\"position\":3,\"name\":\"THOMAS John : Cambria, pour 2 harps (duo sur des m\u00e9lodies galloises) &#8211; parties s\u00e9par\u00e9es\"}]},{\"@type\":\"WebSite\",\"@id\":\"https:\/\/shop.camac-harps.com\/fr\/#website\",\"url\":\"https:\/\/shop.camac-harps.com\/fr\/\",\"name\":\"Camac Harps Shop\",\"description\":\"\",\"potentialAction\":[{\"@type\":\"SearchAction\",\"target\":{\"@type\":\"EntryPoint\",\"urlTemplate\":\"https:\/\/shop.camac-harps.com\/fr\/?s={search_term_string}\"},\"query-input\":{\"@type\":\"PropertyValueSpecification\",\"valueRequired\":true,\"valueName\":\"search_term_string\"}}],\"inLanguage\":\"fr-FR\"}]}<\/script>","yoast_head_json":{"title":"THOMAS John : Cambria, pour 2 harps (duo sur des m\u00e9lodies galloises) - parties s\u00e9par\u00e9es - Camac Harps Shop","robots":{"index":"index","follow":"follow","max-snippet":"max-snippet:-1","max-image-preview":"max-image-preview:large","max-video-preview":"max-video-preview:-1"},"canonical":"https:\/\/shop.camac-harps.com\/fr\/produit\/thomas-john-cambria-pour-2-harps-duo-sur-des-melodies-galloises-parties-separees\/","og_locale":"fr_FR","og_type":"article","og_title":"THOMAS John : Cambria, pour 2 harps (duo sur des m\u00e9lodies galloises) - parties s\u00e9par\u00e9es - Camac Harps Shop","og_url":"https:\/\/shop.camac-harps.com\/fr\/produit\/thomas-john-cambria-pour-2-harps-duo-sur-des-melodies-galloises-parties-separees\/","og_site_name":"Camac Harps Shop","article_modified_time":"2024-11-07T15:14:30+00:00","og_image":[{"width":424,"height":600,"url":"https:\/\/shop.camac-harps.com\/wp-content\/uploads\/sites\/25\/2018\/07\/tsj28.jpg","type":"image\/jpeg"}],"twitter_card":"summary_large_image","schema":{"@context":"https:\/\/schema.org","@graph":[{"@type":"WebPage","@id":"https:\/\/shop.camac-harps.com\/fr\/produit\/thomas-john-cambria-pour-2-harps-duo-sur-des-melodies-galloises-parties-separees\/","url":"https:\/\/shop.camac-harps.com\/fr\/produit\/thomas-john-cambria-pour-2-harps-duo-sur-des-melodies-galloises-parties-separees\/","name":"THOMAS John : Cambria, pour 2 harps (duo sur des m\u00e9lodies galloises) - parties s\u00e9par\u00e9es - Camac Harps Shop","isPartOf":{"@id":"https:\/\/shop.camac-harps.com\/fr\/#website"},"primaryImageOfPage":{"@id":"https:\/\/shop.camac-harps.com\/fr\/produit\/thomas-john-cambria-pour-2-harps-duo-sur-des-melodies-galloises-parties-separees\/#primaryimage"},"image":{"@id":"https:\/\/shop.camac-harps.com\/fr\/produit\/thomas-john-cambria-pour-2-harps-duo-sur-des-melodies-galloises-parties-separees\/#primaryimage"},"thumbnailUrl":"https:\/\/shop.camac-harps.com\/wp-content\/uploads\/sites\/25\/2018\/07\/tsj28.jpg","datePublished":"2018-07-06T11:31:32+00:00","dateModified":"2024-11-07T15:14:30+00:00","breadcrumb":{"@id":"https:\/\/shop.camac-harps.com\/fr\/produit\/thomas-john-cambria-pour-2-harps-duo-sur-des-melodies-galloises-parties-separees\/#breadcrumb"},"inLanguage":"fr-FR","potentialAction":[{"@type":"ReadAction","target":["https:\/\/shop.camac-harps.com\/fr\/produit\/thomas-john-cambria-pour-2-harps-duo-sur-des-melodies-galloises-parties-separees\/"]}]},{"@type":"ImageObject","inLanguage":"fr-FR","@id":"https:\/\/shop.camac-harps.com\/fr\/produit\/thomas-john-cambria-pour-2-harps-duo-sur-des-melodies-galloises-parties-separees\/#primaryimage","url":"https:\/\/shop.camac-harps.com\/wp-content\/uploads\/sites\/25\/2018\/07\/tsj28.jpg","contentUrl":"https:\/\/shop.camac-harps.com\/wp-content\/uploads\/sites\/25\/2018\/07\/tsj28.jpg","width":424,"height":600},{"@type":"BreadcrumbList","@id":"https:\/\/shop.camac-harps.com\/fr\/produit\/thomas-john-cambria-pour-2-harps-duo-sur-des-melodies-galloises-parties-separees\/#breadcrumb","itemListElement":[{"@type":"ListItem","position":1,"name":"Home","item":"https:\/\/shop.camac-harps.com\/fr\/homepage\/"},{"@type":"ListItem","position":2,"name":"Accueil","item":"https:\/\/shop.camac-harps.com\/fr\/homepage\/"},{"@type":"ListItem","position":3,"name":"THOMAS John : Cambria, pour 2 harps (duo sur des m\u00e9lodies galloises) &#8211; parties s\u00e9par\u00e9es"}]},{"@type":"WebSite","@id":"https:\/\/shop.camac-harps.com\/fr\/#website","url":"https:\/\/shop.camac-harps.com\/fr\/","name":"Camac Harps Shop","description":"","potentialAction":[{"@type":"SearchAction","target":{"@type":"EntryPoint","urlTemplate":"https:\/\/shop.camac-harps.com\/fr\/?s={search_term_string}"},"query-input":{"@type":"PropertyValueSpecification","valueRequired":true,"valueName":"search_term_string"}}],"inLanguage":"fr-FR"}]}},"_links":{"self":[{"href":"https:\/\/shop.camac-harps.com\/fr\/wp-json\/wp\/v2\/product\/13744","targetHints":{"allow":["GET"]}}],"collection":[{"href":"https:\/\/shop.camac-harps.com\/fr\/wp-json\/wp\/v2\/product"}],"about":[{"href":"https:\/\/shop.camac-harps.com\/fr\/wp-json\/wp\/v2\/types\/product"}],"replies":[{"embeddable":true,"href":"https:\/\/shop.camac-harps.com\/fr\/wp-json\/wp\/v2\/comments?post=13744"}],"wp:featuredmedia":[{"embeddable":true,"href":"https:\/\/shop.camac-harps.com\/fr\/wp-json\/wp\/v2\/media\/3849"}],"wp:attachment":[{"href":"https:\/\/shop.camac-harps.com\/fr\/wp-json\/wp\/v2\/media?parent=13744"}],"wp:term":[{"taxonomy":"product_brand","embeddable":true,"href":"https:\/\/shop.camac-harps.com\/fr\/wp-json\/wp\/v2\/product_brand?post=13744"},{"taxonomy":"product_cat","embeddable":true,"href":"https:\/\/shop.camac-harps.com\/fr\/wp-json\/wp\/v2\/product_cat?post=13744"},{"taxonomy":"product_tag","embeddable":true,"href":"https:\/\/shop.camac-harps.com\/fr\/wp-json\/wp\/v2\/product_tag?post=13744"}],"curies":[{"name":"wp","href":"https:\/\/api.w.org\/{rel}","templated":true}]}}