{"id":13846,"date":"2018-07-06T11:33:09","date_gmt":"2018-07-06T11:33:09","guid":{"rendered":"https:\/\/shop.camac-harps.com\/product\/divers-aut-traits-dorchestre-storck-konhauser-ed7856\/"},"modified":"2024-11-07T15:14:12","modified_gmt":"2024-11-07T15:14:12","slug":"divers-aut-traits-dorchestre-storck-konhauser-ed7856","status":"publish","type":"product","link":"https:\/\/shop.camac-harps.com\/fr\/produit\/divers-aut-traits-dorchestre-storck-konhauser-ed7856\/","title":{"rendered":"DIVERS AUT. : Traits d&rsquo;orchestre (Storck\/Konh\u00e4user) ED7856"},"content":{"rendered":"<p>BARTOK: musique pour cordes, percussions et c\u00e9lesta ;<br \/>Concerto pour orchestre ; <br \/>BERLIOZ: symphonie fantastique, la valse ; <br \/>BRITTEN ; young person\u2019s guide to the orchestra ; <br \/>BR\u00dcCKNER : symphonie n\u00b0 8 en do mineur ; <br \/>DONIZETTI : Lucia di Lammermoor ; <br \/>FRANCK : symphonie en r\u00e9 mineur ; <br \/>HENZE : Ondine ; <br \/>LEONCAVALLO : der Bajazzo ; <br \/>MASCAGNI : cavaliera Rusticana, sicilienne ; <br \/>RAVEL : Alborada del gracioso ;<br \/>Tzigane ;<br \/>Concerto pour piano en sol Majeur ;<br \/>SMETANA : mein Vaterland, Vy&#347;ehrad ; <br \/>STRAUSS: don Juan op20 ; <br \/>Salome op 54, la danse de Salom\u00e9 ; <br \/>Ein Helden leben op 40 ; <br \/>STRAVINSKY : symphonie en trois mouvements ; <br \/>THOMAS : ouverture de Mignon ; <br \/>TSCHA\u00cfKOVSKI : le lac des cygnes op 20, acte 2, n\u00b013 ; <br \/>Suite de Casse-noisette : la valse des fleurs ;<br \/>VERDI : un bal masqu\u00e9 ; <br \/>La force du destin ; <br \/>A\u00efda ; <br \/>WAGNER : Tannh\u00e4user, Lied des Tannh\u00e4user, Der S\u00e4ngerkrieg ; <br \/>Les maitres chanteurs de N\u00fcremberg ;<br \/>Tristan et Isolde : la mort d\u2019Isolde ; <br \/>WEBER : l\u2019invitation \u00e0 la valse.<\/p>\n","protected":false},"excerpt":{"rendered":"<p>BARTOK: musique pour cordes, percussions et c\u00e9lesta ;Concerto pour orchestre ; BERLIOZ: symphonie fantastique, la valse ; BRITTEN ; young person\u2019s guide to the orchestra ; BR\u00dcCKNER : symphonie n\u00b0 8 en do mineur ; DONIZETTI : Lucia di Lammermoor ; FRANCK : symphonie en r\u00e9 mineur ; HENZE : Ondine ; LEONCAVALLO : der [&hellip;]<\/p>\n","protected":false},"featured_media":3963,"comment_status":"open","ping_status":"closed","template":"","meta":{"_acf_changed":false},"product_brand":[],"product_cat":[57,33],"product_tag":[],"class_list":{"0":"post-13846","1":"product","2":"type-product","3":"status-publish","4":"has-post-thumbnail","6":"product_cat-concertos-traits-dorchestre","7":"product_cat-partitions-pour-harpe","9":"first","10":"instock","11":"taxable","12":"shipping-taxable","13":"purchasable","14":"product-type-simple"},"acf":[],"yoast_head":"<title>DIVERS AUT. : Traits d&#039;orchestre (Storck\/Konh\u00e4user) ED7856 - Camac Harps Shop<\/title>\n<meta name=\"robots\" content=\"index, follow, max-snippet:-1, max-image-preview:large, max-video-preview:-1\" \/>\n<link rel=\"canonical\" href=\"https:\/\/shop.camac-harps.com\/fr\/produit\/divers-aut-traits-dorchestre-storck-konhauser-ed7856\/\" \/>\n<meta property=\"og:locale\" content=\"fr_FR\" \/>\n<meta property=\"og:type\" content=\"article\" \/>\n<meta property=\"og:title\" content=\"DIVERS AUT. : Traits d&#039;orchestre (Storck\/Konh\u00e4user) ED7856 - Camac Harps Shop\" \/>\n<meta property=\"og:description\" content=\"BARTOK: musique pour cordes, percussions et c\u00e9lesta ;Concerto pour orchestre ; BERLIOZ: symphonie fantastique, la valse ; BRITTEN ; young person\u2019s guide to the orchestra ; BR\u00dcCKNER : symphonie n\u00b0 8 en do mineur ; DONIZETTI : Lucia di Lammermoor ; FRANCK : symphonie en r\u00e9 mineur ; HENZE : Ondine ; LEONCAVALLO : der [&hellip;]\" \/>\n<meta property=\"og:url\" content=\"https:\/\/shop.camac-harps.com\/fr\/produit\/divers-aut-traits-dorchestre-storck-konhauser-ed7856\/\" \/>\n<meta property=\"og:site_name\" content=\"Camac Harps Shop\" \/>\n<meta property=\"article:modified_time\" content=\"2024-11-07T15:14:12+00:00\" \/>\n<meta property=\"og:image\" content=\"https:\/\/shop.camac-harps.com\/wp-content\/uploads\/sites\/25\/2018\/07\/dsa05.jpg\" \/>\n\t<meta property=\"og:image:width\" content=\"423\" \/>\n\t<meta property=\"og:image:height\" content=\"600\" \/>\n\t<meta property=\"og:image:type\" content=\"image\/jpeg\" \/>\n<meta name=\"twitter:card\" content=\"summary_large_image\" \/>\n<meta name=\"twitter:label1\" content=\"Dur\u00e9e de lecture estim\u00e9e\" \/>\n\t<meta name=\"twitter:data1\" content=\"1 minute\" \/>\n<script type=\"application\/ld+json\" class=\"yoast-schema-graph\">{\"@context\":\"https:\/\/schema.org\",\"@graph\":[{\"@type\":\"WebPage\",\"@id\":\"https:\/\/shop.camac-harps.com\/fr\/produit\/divers-aut-traits-dorchestre-storck-konhauser-ed7856\/\",\"url\":\"https:\/\/shop.camac-harps.com\/fr\/produit\/divers-aut-traits-dorchestre-storck-konhauser-ed7856\/\",\"name\":\"DIVERS AUT. : Traits d'orchestre (Storck\/Konh\u00e4user) ED7856 - Camac Harps Shop\",\"isPartOf\":{\"@id\":\"https:\/\/shop.camac-harps.com\/fr\/#website\"},\"primaryImageOfPage\":{\"@id\":\"https:\/\/shop.camac-harps.com\/fr\/produit\/divers-aut-traits-dorchestre-storck-konhauser-ed7856\/#primaryimage\"},\"image\":{\"@id\":\"https:\/\/shop.camac-harps.com\/fr\/produit\/divers-aut-traits-dorchestre-storck-konhauser-ed7856\/#primaryimage\"},\"thumbnailUrl\":\"https:\/\/shop.camac-harps.com\/wp-content\/uploads\/sites\/25\/2018\/07\/dsa05.jpg\",\"datePublished\":\"2018-07-06T11:33:09+00:00\",\"dateModified\":\"2024-11-07T15:14:12+00:00\",\"breadcrumb\":{\"@id\":\"https:\/\/shop.camac-harps.com\/fr\/produit\/divers-aut-traits-dorchestre-storck-konhauser-ed7856\/#breadcrumb\"},\"inLanguage\":\"fr-FR\",\"potentialAction\":[{\"@type\":\"ReadAction\",\"target\":[\"https:\/\/shop.camac-harps.com\/fr\/produit\/divers-aut-traits-dorchestre-storck-konhauser-ed7856\/\"]}]},{\"@type\":\"ImageObject\",\"inLanguage\":\"fr-FR\",\"@id\":\"https:\/\/shop.camac-harps.com\/fr\/produit\/divers-aut-traits-dorchestre-storck-konhauser-ed7856\/#primaryimage\",\"url\":\"https:\/\/shop.camac-harps.com\/wp-content\/uploads\/sites\/25\/2018\/07\/dsa05.jpg\",\"contentUrl\":\"https:\/\/shop.camac-harps.com\/wp-content\/uploads\/sites\/25\/2018\/07\/dsa05.jpg\",\"width\":423,\"height\":600},{\"@type\":\"BreadcrumbList\",\"@id\":\"https:\/\/shop.camac-harps.com\/fr\/produit\/divers-aut-traits-dorchestre-storck-konhauser-ed7856\/#breadcrumb\",\"itemListElement\":[{\"@type\":\"ListItem\",\"position\":1,\"name\":\"Home\",\"item\":\"https:\/\/shop.camac-harps.com\/fr\/homepage\/\"},{\"@type\":\"ListItem\",\"position\":2,\"name\":\"Accueil\",\"item\":\"https:\/\/shop.camac-harps.com\/fr\/homepage\/\"},{\"@type\":\"ListItem\",\"position\":3,\"name\":\"DIVERS AUT. : Traits d&#8217;orchestre (Storck\/Konh\u00e4user) ED7856\"}]},{\"@type\":\"WebSite\",\"@id\":\"https:\/\/shop.camac-harps.com\/fr\/#website\",\"url\":\"https:\/\/shop.camac-harps.com\/fr\/\",\"name\":\"Camac Harps Shop\",\"description\":\"\",\"potentialAction\":[{\"@type\":\"SearchAction\",\"target\":{\"@type\":\"EntryPoint\",\"urlTemplate\":\"https:\/\/shop.camac-harps.com\/fr\/?s={search_term_string}\"},\"query-input\":{\"@type\":\"PropertyValueSpecification\",\"valueRequired\":true,\"valueName\":\"search_term_string\"}}],\"inLanguage\":\"fr-FR\"}]}<\/script>","yoast_head_json":{"title":"DIVERS AUT. : Traits d'orchestre (Storck\/Konh\u00e4user) ED7856 - Camac Harps Shop","robots":{"index":"index","follow":"follow","max-snippet":"max-snippet:-1","max-image-preview":"max-image-preview:large","max-video-preview":"max-video-preview:-1"},"canonical":"https:\/\/shop.camac-harps.com\/fr\/produit\/divers-aut-traits-dorchestre-storck-konhauser-ed7856\/","og_locale":"fr_FR","og_type":"article","og_title":"DIVERS AUT. : Traits d'orchestre (Storck\/Konh\u00e4user) ED7856 - Camac Harps Shop","og_description":"BARTOK: musique pour cordes, percussions et c\u00e9lesta ;Concerto pour orchestre ; BERLIOZ: symphonie fantastique, la valse ; BRITTEN ; young person\u2019s guide to the orchestra ; BR\u00dcCKNER : symphonie n\u00b0 8 en do mineur ; DONIZETTI : Lucia di Lammermoor ; FRANCK : symphonie en r\u00e9 mineur ; HENZE : Ondine ; LEONCAVALLO : der [&hellip;]","og_url":"https:\/\/shop.camac-harps.com\/fr\/produit\/divers-aut-traits-dorchestre-storck-konhauser-ed7856\/","og_site_name":"Camac Harps Shop","article_modified_time":"2024-11-07T15:14:12+00:00","og_image":[{"width":423,"height":600,"url":"https:\/\/shop.camac-harps.com\/wp-content\/uploads\/sites\/25\/2018\/07\/dsa05.jpg","type":"image\/jpeg"}],"twitter_card":"summary_large_image","twitter_misc":{"Dur\u00e9e de lecture estim\u00e9e":"1 minute"},"schema":{"@context":"https:\/\/schema.org","@graph":[{"@type":"WebPage","@id":"https:\/\/shop.camac-harps.com\/fr\/produit\/divers-aut-traits-dorchestre-storck-konhauser-ed7856\/","url":"https:\/\/shop.camac-harps.com\/fr\/produit\/divers-aut-traits-dorchestre-storck-konhauser-ed7856\/","name":"DIVERS AUT. : Traits d'orchestre (Storck\/Konh\u00e4user) ED7856 - Camac Harps Shop","isPartOf":{"@id":"https:\/\/shop.camac-harps.com\/fr\/#website"},"primaryImageOfPage":{"@id":"https:\/\/shop.camac-harps.com\/fr\/produit\/divers-aut-traits-dorchestre-storck-konhauser-ed7856\/#primaryimage"},"image":{"@id":"https:\/\/shop.camac-harps.com\/fr\/produit\/divers-aut-traits-dorchestre-storck-konhauser-ed7856\/#primaryimage"},"thumbnailUrl":"https:\/\/shop.camac-harps.com\/wp-content\/uploads\/sites\/25\/2018\/07\/dsa05.jpg","datePublished":"2018-07-06T11:33:09+00:00","dateModified":"2024-11-07T15:14:12+00:00","breadcrumb":{"@id":"https:\/\/shop.camac-harps.com\/fr\/produit\/divers-aut-traits-dorchestre-storck-konhauser-ed7856\/#breadcrumb"},"inLanguage":"fr-FR","potentialAction":[{"@type":"ReadAction","target":["https:\/\/shop.camac-harps.com\/fr\/produit\/divers-aut-traits-dorchestre-storck-konhauser-ed7856\/"]}]},{"@type":"ImageObject","inLanguage":"fr-FR","@id":"https:\/\/shop.camac-harps.com\/fr\/produit\/divers-aut-traits-dorchestre-storck-konhauser-ed7856\/#primaryimage","url":"https:\/\/shop.camac-harps.com\/wp-content\/uploads\/sites\/25\/2018\/07\/dsa05.jpg","contentUrl":"https:\/\/shop.camac-harps.com\/wp-content\/uploads\/sites\/25\/2018\/07\/dsa05.jpg","width":423,"height":600},{"@type":"BreadcrumbList","@id":"https:\/\/shop.camac-harps.com\/fr\/produit\/divers-aut-traits-dorchestre-storck-konhauser-ed7856\/#breadcrumb","itemListElement":[{"@type":"ListItem","position":1,"name":"Home","item":"https:\/\/shop.camac-harps.com\/fr\/homepage\/"},{"@type":"ListItem","position":2,"name":"Accueil","item":"https:\/\/shop.camac-harps.com\/fr\/homepage\/"},{"@type":"ListItem","position":3,"name":"DIVERS AUT. : Traits d&#8217;orchestre (Storck\/Konh\u00e4user) ED7856"}]},{"@type":"WebSite","@id":"https:\/\/shop.camac-harps.com\/fr\/#website","url":"https:\/\/shop.camac-harps.com\/fr\/","name":"Camac Harps Shop","description":"","potentialAction":[{"@type":"SearchAction","target":{"@type":"EntryPoint","urlTemplate":"https:\/\/shop.camac-harps.com\/fr\/?s={search_term_string}"},"query-input":{"@type":"PropertyValueSpecification","valueRequired":true,"valueName":"search_term_string"}}],"inLanguage":"fr-FR"}]}},"_links":{"self":[{"href":"https:\/\/shop.camac-harps.com\/fr\/wp-json\/wp\/v2\/product\/13846","targetHints":{"allow":["GET"]}}],"collection":[{"href":"https:\/\/shop.camac-harps.com\/fr\/wp-json\/wp\/v2\/product"}],"about":[{"href":"https:\/\/shop.camac-harps.com\/fr\/wp-json\/wp\/v2\/types\/product"}],"replies":[{"embeddable":true,"href":"https:\/\/shop.camac-harps.com\/fr\/wp-json\/wp\/v2\/comments?post=13846"}],"wp:featuredmedia":[{"embeddable":true,"href":"https:\/\/shop.camac-harps.com\/fr\/wp-json\/wp\/v2\/media\/3963"}],"wp:attachment":[{"href":"https:\/\/shop.camac-harps.com\/fr\/wp-json\/wp\/v2\/media?parent=13846"}],"wp:term":[{"taxonomy":"product_brand","embeddable":true,"href":"https:\/\/shop.camac-harps.com\/fr\/wp-json\/wp\/v2\/product_brand?post=13846"},{"taxonomy":"product_cat","embeddable":true,"href":"https:\/\/shop.camac-harps.com\/fr\/wp-json\/wp\/v2\/product_cat?post=13846"},{"taxonomy":"product_tag","embeddable":true,"href":"https:\/\/shop.camac-harps.com\/fr\/wp-json\/wp\/v2\/product_tag?post=13846"}],"curies":[{"name":"wp","href":"https:\/\/api.w.org\/{rel}","templated":true}]}}