{"id":13981,"date":"2018-07-06T11:35:18","date_gmt":"2018-07-06T11:35:18","guid":{"rendered":"https:\/\/shop.camac-harps.com\/product\/anonyme-22-chansons-populaires-giovaninetti-hc\/"},"modified":"2026-02-06T11:46:06","modified_gmt":"2026-02-06T11:46:06","slug":"anonyme-22-chansons-populaires-giovaninetti-hc","status":"publish","type":"product","link":"https:\/\/shop.camac-harps.com\/fr\/produit\/anonyme-22-chansons-populaires-giovaninetti-hc\/","title":{"rendered":"ANONYME : 22 Chansons Populaires \/ Giovaninetti HC"},"content":{"rendered":"<p>Ne pleure pas Jeannette ;<br \/>\nJ\u2019ai descendu dans mon jardin ;<br \/>\nJe vais &#8230; o\u00f9 la route ;<br \/>\nMiren \u00e0 son berger ;<br \/>\nLes gars de Locmin\u00e9 ;<br \/>\nPartons tous 2 ;<br \/>\nLa laine des moutons ;<br \/>\nLes 3 marins de Groix ;<br \/>\nLes scieurs de long ;<br \/>\nVive la rose ;<br \/>\nEh, qui marierons-nous ? ;<br \/>\nC\u2019n\u2019est pas l\u2019\u00e9tat des filles ;<br \/>\nQu\u2019il fait chaud ;<br \/>\nCherchons une promise ;<br \/>\nAh ! que les femmes sont b\u00eates ;<br \/>\nQuand 3 poules ;<br \/>\nChant des corsaires ;<br \/>\nQue venez-vous chercher ;<br \/>\nMoi j\u2019ai 5 sous ;<br \/>\nL\u2019orph\u00e9oniste ;<br \/>\nPlainte des papetiers ;<br \/>\nA la claire fontaine.<\/p>\n","protected":false},"excerpt":{"rendered":"<p>Ne pleure pas Jeannette ; J\u2019ai descendu dans mon jardin ; Je vais &#8230; o\u00f9 la route ; Miren \u00e0 son berger ; Les gars de Locmin\u00e9 ; Partons tous 2 ; La laine des moutons ; Les 3 marins de Groix ; Les scieurs de long ; Vive la rose ; Eh, qui marierons-nous [&hellip;]<\/p>\n","protected":false},"featured_media":4098,"comment_status":"open","ping_status":"closed","template":"","meta":{"_acf_changed":false},"product_brand":[],"product_cat":[108,33],"product_tag":[],"class_list":{"0":"post-13981","1":"product","2":"type-product","3":"status-publish","4":"has-post-thumbnail","6":"product_cat-musique-harpe-celtique","7":"product_cat-partitions-pour-harpe","9":"first","10":"instock","11":"taxable","12":"shipping-taxable","13":"purchasable","14":"product-type-simple"},"acf":[],"yoast_head":"<title>ANONYME : 22 Chansons Populaires \/ Giovaninetti HC - Camac Harps Shop<\/title>\n<meta name=\"robots\" content=\"index, follow, max-snippet:-1, max-image-preview:large, max-video-preview:-1\" \/>\n<link rel=\"canonical\" href=\"https:\/\/shop.camac-harps.com\/fr\/produit\/anonyme-22-chansons-populaires-giovaninetti-hc\/\" \/>\n<meta property=\"og:locale\" content=\"fr_FR\" \/>\n<meta property=\"og:type\" content=\"article\" \/>\n<meta property=\"og:title\" content=\"ANONYME : 22 Chansons Populaires \/ Giovaninetti HC - Camac Harps Shop\" \/>\n<meta property=\"og:description\" content=\"Ne pleure pas Jeannette ; J\u2019ai descendu dans mon jardin ; Je vais &#8230; o\u00f9 la route ; Miren \u00e0 son berger ; Les gars de Locmin\u00e9 ; Partons tous 2 ; La laine des moutons ; Les 3 marins de Groix ; Les scieurs de long ; Vive la rose ; Eh, qui marierons-nous [&hellip;]\" \/>\n<meta property=\"og:url\" content=\"https:\/\/shop.camac-harps.com\/fr\/produit\/anonyme-22-chansons-populaires-giovaninetti-hc\/\" \/>\n<meta property=\"og:site_name\" content=\"Camac Harps Shop\" \/>\n<meta property=\"article:modified_time\" content=\"2026-02-06T11:46:06+00:00\" \/>\n<meta property=\"og:image\" content=\"https:\/\/shop.camac-harps.com\/wp-content\/uploads\/sites\/25\/2018\/07\/ano02.jpg\" \/>\n\t<meta property=\"og:image:width\" content=\"464\" \/>\n\t<meta property=\"og:image:height\" content=\"600\" \/>\n\t<meta property=\"og:image:type\" content=\"image\/jpeg\" \/>\n<meta name=\"twitter:card\" content=\"summary_large_image\" \/>\n<meta name=\"twitter:label1\" content=\"Dur\u00e9e de lecture estim\u00e9e\" \/>\n\t<meta name=\"twitter:data1\" content=\"1 minute\" \/>\n<script type=\"application\/ld+json\" class=\"yoast-schema-graph\">{\"@context\":\"https:\/\/schema.org\",\"@graph\":[{\"@type\":\"WebPage\",\"@id\":\"https:\/\/shop.camac-harps.com\/fr\/produit\/anonyme-22-chansons-populaires-giovaninetti-hc\/\",\"url\":\"https:\/\/shop.camac-harps.com\/fr\/produit\/anonyme-22-chansons-populaires-giovaninetti-hc\/\",\"name\":\"ANONYME : 22 Chansons Populaires \/ Giovaninetti HC - Camac Harps Shop\",\"isPartOf\":{\"@id\":\"https:\/\/shop.camac-harps.com\/fr\/#website\"},\"primaryImageOfPage\":{\"@id\":\"https:\/\/shop.camac-harps.com\/fr\/produit\/anonyme-22-chansons-populaires-giovaninetti-hc\/#primaryimage\"},\"image\":{\"@id\":\"https:\/\/shop.camac-harps.com\/fr\/produit\/anonyme-22-chansons-populaires-giovaninetti-hc\/#primaryimage\"},\"thumbnailUrl\":\"https:\/\/shop.camac-harps.com\/wp-content\/uploads\/sites\/25\/2018\/07\/ano02.jpg\",\"datePublished\":\"2018-07-06T11:35:18+00:00\",\"dateModified\":\"2026-02-06T11:46:06+00:00\",\"breadcrumb\":{\"@id\":\"https:\/\/shop.camac-harps.com\/fr\/produit\/anonyme-22-chansons-populaires-giovaninetti-hc\/#breadcrumb\"},\"inLanguage\":\"fr-FR\",\"potentialAction\":[{\"@type\":\"ReadAction\",\"target\":[\"https:\/\/shop.camac-harps.com\/fr\/produit\/anonyme-22-chansons-populaires-giovaninetti-hc\/\"]}]},{\"@type\":\"ImageObject\",\"inLanguage\":\"fr-FR\",\"@id\":\"https:\/\/shop.camac-harps.com\/fr\/produit\/anonyme-22-chansons-populaires-giovaninetti-hc\/#primaryimage\",\"url\":\"https:\/\/shop.camac-harps.com\/wp-content\/uploads\/sites\/25\/2018\/07\/ano02.jpg\",\"contentUrl\":\"https:\/\/shop.camac-harps.com\/wp-content\/uploads\/sites\/25\/2018\/07\/ano02.jpg\",\"width\":464,\"height\":600},{\"@type\":\"BreadcrumbList\",\"@id\":\"https:\/\/shop.camac-harps.com\/fr\/produit\/anonyme-22-chansons-populaires-giovaninetti-hc\/#breadcrumb\",\"itemListElement\":[{\"@type\":\"ListItem\",\"position\":1,\"name\":\"Home\",\"item\":\"https:\/\/shop.camac-harps.com\/fr\/homepage\/\"},{\"@type\":\"ListItem\",\"position\":2,\"name\":\"Accueil\",\"item\":\"https:\/\/shop.camac-harps.com\/fr\/homepage\/\"},{\"@type\":\"ListItem\",\"position\":3,\"name\":\"ANONYME : 22 Chansons Populaires \/ Giovaninetti HC\"}]},{\"@type\":\"WebSite\",\"@id\":\"https:\/\/shop.camac-harps.com\/fr\/#website\",\"url\":\"https:\/\/shop.camac-harps.com\/fr\/\",\"name\":\"Camac Harps Shop\",\"description\":\"\",\"potentialAction\":[{\"@type\":\"SearchAction\",\"target\":{\"@type\":\"EntryPoint\",\"urlTemplate\":\"https:\/\/shop.camac-harps.com\/fr\/?s={search_term_string}\"},\"query-input\":{\"@type\":\"PropertyValueSpecification\",\"valueRequired\":true,\"valueName\":\"search_term_string\"}}],\"inLanguage\":\"fr-FR\"}]}<\/script>","yoast_head_json":{"title":"ANONYME : 22 Chansons Populaires \/ Giovaninetti HC - Camac Harps Shop","robots":{"index":"index","follow":"follow","max-snippet":"max-snippet:-1","max-image-preview":"max-image-preview:large","max-video-preview":"max-video-preview:-1"},"canonical":"https:\/\/shop.camac-harps.com\/fr\/produit\/anonyme-22-chansons-populaires-giovaninetti-hc\/","og_locale":"fr_FR","og_type":"article","og_title":"ANONYME : 22 Chansons Populaires \/ Giovaninetti HC - Camac Harps Shop","og_description":"Ne pleure pas Jeannette ; J\u2019ai descendu dans mon jardin ; Je vais &#8230; o\u00f9 la route ; Miren \u00e0 son berger ; Les gars de Locmin\u00e9 ; Partons tous 2 ; La laine des moutons ; Les 3 marins de Groix ; Les scieurs de long ; Vive la rose ; Eh, qui marierons-nous [&hellip;]","og_url":"https:\/\/shop.camac-harps.com\/fr\/produit\/anonyme-22-chansons-populaires-giovaninetti-hc\/","og_site_name":"Camac Harps Shop","article_modified_time":"2026-02-06T11:46:06+00:00","og_image":[{"width":464,"height":600,"url":"https:\/\/shop.camac-harps.com\/wp-content\/uploads\/sites\/25\/2018\/07\/ano02.jpg","type":"image\/jpeg"}],"twitter_card":"summary_large_image","twitter_misc":{"Dur\u00e9e de lecture estim\u00e9e":"1 minute"},"schema":{"@context":"https:\/\/schema.org","@graph":[{"@type":"WebPage","@id":"https:\/\/shop.camac-harps.com\/fr\/produit\/anonyme-22-chansons-populaires-giovaninetti-hc\/","url":"https:\/\/shop.camac-harps.com\/fr\/produit\/anonyme-22-chansons-populaires-giovaninetti-hc\/","name":"ANONYME : 22 Chansons Populaires \/ Giovaninetti HC - Camac Harps Shop","isPartOf":{"@id":"https:\/\/shop.camac-harps.com\/fr\/#website"},"primaryImageOfPage":{"@id":"https:\/\/shop.camac-harps.com\/fr\/produit\/anonyme-22-chansons-populaires-giovaninetti-hc\/#primaryimage"},"image":{"@id":"https:\/\/shop.camac-harps.com\/fr\/produit\/anonyme-22-chansons-populaires-giovaninetti-hc\/#primaryimage"},"thumbnailUrl":"https:\/\/shop.camac-harps.com\/wp-content\/uploads\/sites\/25\/2018\/07\/ano02.jpg","datePublished":"2018-07-06T11:35:18+00:00","dateModified":"2026-02-06T11:46:06+00:00","breadcrumb":{"@id":"https:\/\/shop.camac-harps.com\/fr\/produit\/anonyme-22-chansons-populaires-giovaninetti-hc\/#breadcrumb"},"inLanguage":"fr-FR","potentialAction":[{"@type":"ReadAction","target":["https:\/\/shop.camac-harps.com\/fr\/produit\/anonyme-22-chansons-populaires-giovaninetti-hc\/"]}]},{"@type":"ImageObject","inLanguage":"fr-FR","@id":"https:\/\/shop.camac-harps.com\/fr\/produit\/anonyme-22-chansons-populaires-giovaninetti-hc\/#primaryimage","url":"https:\/\/shop.camac-harps.com\/wp-content\/uploads\/sites\/25\/2018\/07\/ano02.jpg","contentUrl":"https:\/\/shop.camac-harps.com\/wp-content\/uploads\/sites\/25\/2018\/07\/ano02.jpg","width":464,"height":600},{"@type":"BreadcrumbList","@id":"https:\/\/shop.camac-harps.com\/fr\/produit\/anonyme-22-chansons-populaires-giovaninetti-hc\/#breadcrumb","itemListElement":[{"@type":"ListItem","position":1,"name":"Home","item":"https:\/\/shop.camac-harps.com\/fr\/homepage\/"},{"@type":"ListItem","position":2,"name":"Accueil","item":"https:\/\/shop.camac-harps.com\/fr\/homepage\/"},{"@type":"ListItem","position":3,"name":"ANONYME : 22 Chansons Populaires \/ Giovaninetti HC"}]},{"@type":"WebSite","@id":"https:\/\/shop.camac-harps.com\/fr\/#website","url":"https:\/\/shop.camac-harps.com\/fr\/","name":"Camac Harps Shop","description":"","potentialAction":[{"@type":"SearchAction","target":{"@type":"EntryPoint","urlTemplate":"https:\/\/shop.camac-harps.com\/fr\/?s={search_term_string}"},"query-input":{"@type":"PropertyValueSpecification","valueRequired":true,"valueName":"search_term_string"}}],"inLanguage":"fr-FR"}]}},"_links":{"self":[{"href":"https:\/\/shop.camac-harps.com\/fr\/wp-json\/wp\/v2\/product\/13981","targetHints":{"allow":["GET"]}}],"collection":[{"href":"https:\/\/shop.camac-harps.com\/fr\/wp-json\/wp\/v2\/product"}],"about":[{"href":"https:\/\/shop.camac-harps.com\/fr\/wp-json\/wp\/v2\/types\/product"}],"replies":[{"embeddable":true,"href":"https:\/\/shop.camac-harps.com\/fr\/wp-json\/wp\/v2\/comments?post=13981"}],"wp:featuredmedia":[{"embeddable":true,"href":"https:\/\/shop.camac-harps.com\/fr\/wp-json\/wp\/v2\/media\/4098"}],"wp:attachment":[{"href":"https:\/\/shop.camac-harps.com\/fr\/wp-json\/wp\/v2\/media?parent=13981"}],"wp:term":[{"taxonomy":"product_brand","embeddable":true,"href":"https:\/\/shop.camac-harps.com\/fr\/wp-json\/wp\/v2\/product_brand?post=13981"},{"taxonomy":"product_cat","embeddable":true,"href":"https:\/\/shop.camac-harps.com\/fr\/wp-json\/wp\/v2\/product_cat?post=13981"},{"taxonomy":"product_tag","embeddable":true,"href":"https:\/\/shop.camac-harps.com\/fr\/wp-json\/wp\/v2\/product_tag?post=13981"}],"curies":[{"name":"wp","href":"https:\/\/api.w.org\/{rel}","templated":true}]}}