{"id":14533,"date":"2018-07-06T11:43:34","date_gmt":"2018-07-06T11:43:34","guid":{"rendered":"https:\/\/shop.camac-harps.com\/product\/gourlaouen-a-recueil-troubadour-3-2\/"},"modified":"2024-12-19T10:29:29","modified_gmt":"2024-12-19T10:29:29","slug":"gourlaouen-a-recueil-troubadour-3","status":"publish","type":"product","link":"https:\/\/shop.camac-harps.com\/fr\/produit\/gourlaouen-a-recueil-troubadour-3\/","title":{"rendered":"GOURLAOUEN A. : Recueil Troubadour 3"},"content":{"rendered":"<p>SUITE de \u00ab AN DRO \u00bb (3)<br \/>\nSUITE de \u00ab CANTIQUES \u00bb : <br \/>\nLes pri\u00e8res ; <br \/>\nLa Reine dans l\u2019\u00e9glise ; <br \/>\nSUITE de \u00ab LARIDE \u00bb<br \/>\nLarid\u00e9 de Muzillac ; <br \/>\nLarid\u00e9 de Vannes ; <br \/>\nLarid\u00e9 de Sarzhav ; <br \/>\nSUITE de \u00ab MARCHES\u00bb : Marche du pays de Vannes ; <br \/>\nMarche de Pommerit-le-Vicomte ; <br \/>\nMarche de Carnac ; <br \/>\nSuite de \u00ab POLKAS\u00bb<br \/>\nSUITE :<br \/>\nMarche \u2013 Lescou\u00ebt \u2013 Gouarec ; <br \/>\nDans Kas A-Bahr \u2013 Hennebont ; <br \/>\nDanse ronde.<\/p>\n","protected":false},"excerpt":{"rendered":"<p>SUITE de \u00ab AN DRO \u00bb (3) SUITE de \u00ab CANTIQUES \u00bb : Les pri\u00e8res ; La Reine dans l\u2019\u00e9glise ; SUITE de \u00ab LARIDE \u00bb Larid\u00e9 de Muzillac ; Larid\u00e9 de Vannes ; Larid\u00e9 de Sarzhav ; SUITE de \u00ab MARCHES\u00bb : Marche du pays de Vannes ; Marche de Pommerit-le-Vicomte ; Marche de [&hellip;]<\/p>\n","protected":false},"featured_media":4143,"comment_status":"open","ping_status":"closed","template":"","meta":{"_acf_changed":false},"product_brand":[],"product_cat":[105,827,33],"product_tag":[],"class_list":{"0":"post-14533","1":"product","2":"type-product","3":"status-publish","4":"has-post-thumbnail","6":"product_cat-musique-harpe-troubadour-bardic","7":"product_cat-musique_pour_harpe_a_22_cordes","8":"product_cat-partitions-pour-harpe","10":"first","11":"instock","12":"taxable","13":"shipping-taxable","14":"purchasable","15":"product-type-simple"},"acf":[],"yoast_head":"<title>GOURLAOUEN A. : Recueil Troubadour 3 - Camac Harps Shop<\/title>\n<meta name=\"robots\" content=\"index, follow, max-snippet:-1, max-image-preview:large, max-video-preview:-1\" \/>\n<link rel=\"canonical\" href=\"https:\/\/shop.camac-harps.com\/fr\/produit\/gourlaouen-a-recueil-troubadour-3\/\" \/>\n<meta property=\"og:locale\" content=\"fr_FR\" \/>\n<meta property=\"og:type\" content=\"article\" \/>\n<meta property=\"og:title\" content=\"GOURLAOUEN A. : Recueil Troubadour 3 - Camac Harps Shop\" \/>\n<meta property=\"og:description\" content=\"SUITE de \u00ab AN DRO \u00bb (3) SUITE de \u00ab CANTIQUES \u00bb : Les pri\u00e8res ; La Reine dans l\u2019\u00e9glise ; SUITE de \u00ab LARIDE \u00bb Larid\u00e9 de Muzillac ; Larid\u00e9 de Vannes ; Larid\u00e9 de Sarzhav ; SUITE de \u00ab MARCHES\u00bb : Marche du pays de Vannes ; Marche de Pommerit-le-Vicomte ; Marche de [&hellip;]\" \/>\n<meta property=\"og:url\" content=\"https:\/\/shop.camac-harps.com\/fr\/produit\/gourlaouen-a-recueil-troubadour-3\/\" \/>\n<meta property=\"og:site_name\" content=\"Camac Harps Shop\" \/>\n<meta property=\"article:modified_time\" content=\"2024-12-19T10:29:29+00:00\" \/>\n<meta property=\"og:image\" content=\"https:\/\/shop.camac-harps.com\/wp-content\/uploads\/sites\/25\/2018\/07\/gna24.jpg\" \/>\n\t<meta property=\"og:image:width\" content=\"566\" \/>\n\t<meta property=\"og:image:height\" content=\"800\" \/>\n\t<meta property=\"og:image:type\" content=\"image\/jpeg\" \/>\n<meta name=\"twitter:card\" content=\"summary_large_image\" \/>\n<meta name=\"twitter:label1\" content=\"Dur\u00e9e de lecture estim\u00e9e\" \/>\n\t<meta name=\"twitter:data1\" content=\"1 minute\" \/>\n<script type=\"application\/ld+json\" class=\"yoast-schema-graph\">{\"@context\":\"https:\/\/schema.org\",\"@graph\":[{\"@type\":\"WebPage\",\"@id\":\"https:\/\/shop.camac-harps.com\/fr\/produit\/gourlaouen-a-recueil-troubadour-3\/\",\"url\":\"https:\/\/shop.camac-harps.com\/fr\/produit\/gourlaouen-a-recueil-troubadour-3\/\",\"name\":\"GOURLAOUEN A. : Recueil Troubadour 3 - Camac Harps Shop\",\"isPartOf\":{\"@id\":\"https:\/\/shop.camac-harps.com\/fr\/#website\"},\"primaryImageOfPage\":{\"@id\":\"https:\/\/shop.camac-harps.com\/fr\/produit\/gourlaouen-a-recueil-troubadour-3\/#primaryimage\"},\"image\":{\"@id\":\"https:\/\/shop.camac-harps.com\/fr\/produit\/gourlaouen-a-recueil-troubadour-3\/#primaryimage\"},\"thumbnailUrl\":\"https:\/\/shop.camac-harps.com\/wp-content\/uploads\/sites\/25\/2018\/07\/gna24.jpg\",\"datePublished\":\"2018-07-06T11:43:34+00:00\",\"dateModified\":\"2024-12-19T10:29:29+00:00\",\"breadcrumb\":{\"@id\":\"https:\/\/shop.camac-harps.com\/fr\/produit\/gourlaouen-a-recueil-troubadour-3\/#breadcrumb\"},\"inLanguage\":\"fr-FR\",\"potentialAction\":[{\"@type\":\"ReadAction\",\"target\":[\"https:\/\/shop.camac-harps.com\/fr\/produit\/gourlaouen-a-recueil-troubadour-3\/\"]}]},{\"@type\":\"ImageObject\",\"inLanguage\":\"fr-FR\",\"@id\":\"https:\/\/shop.camac-harps.com\/fr\/produit\/gourlaouen-a-recueil-troubadour-3\/#primaryimage\",\"url\":\"https:\/\/shop.camac-harps.com\/wp-content\/uploads\/sites\/25\/2018\/07\/gna24.jpg\",\"contentUrl\":\"https:\/\/shop.camac-harps.com\/wp-content\/uploads\/sites\/25\/2018\/07\/gna24.jpg\",\"width\":566,\"height\":800},{\"@type\":\"BreadcrumbList\",\"@id\":\"https:\/\/shop.camac-harps.com\/fr\/produit\/gourlaouen-a-recueil-troubadour-3\/#breadcrumb\",\"itemListElement\":[{\"@type\":\"ListItem\",\"position\":1,\"name\":\"Home\",\"item\":\"https:\/\/shop.camac-harps.com\/fr\/homepage\/\"},{\"@type\":\"ListItem\",\"position\":2,\"name\":\"Accueil\",\"item\":\"https:\/\/shop.camac-harps.com\/fr\/homepage\/\"},{\"@type\":\"ListItem\",\"position\":3,\"name\":\"GOURLAOUEN A. : Recueil Troubadour 3\"}]},{\"@type\":\"WebSite\",\"@id\":\"https:\/\/shop.camac-harps.com\/fr\/#website\",\"url\":\"https:\/\/shop.camac-harps.com\/fr\/\",\"name\":\"Camac Harps Shop\",\"description\":\"\",\"potentialAction\":[{\"@type\":\"SearchAction\",\"target\":{\"@type\":\"EntryPoint\",\"urlTemplate\":\"https:\/\/shop.camac-harps.com\/fr\/?s={search_term_string}\"},\"query-input\":{\"@type\":\"PropertyValueSpecification\",\"valueRequired\":true,\"valueName\":\"search_term_string\"}}],\"inLanguage\":\"fr-FR\"}]}<\/script>","yoast_head_json":{"title":"GOURLAOUEN A. : Recueil Troubadour 3 - Camac Harps Shop","robots":{"index":"index","follow":"follow","max-snippet":"max-snippet:-1","max-image-preview":"max-image-preview:large","max-video-preview":"max-video-preview:-1"},"canonical":"https:\/\/shop.camac-harps.com\/fr\/produit\/gourlaouen-a-recueil-troubadour-3\/","og_locale":"fr_FR","og_type":"article","og_title":"GOURLAOUEN A. : Recueil Troubadour 3 - Camac Harps Shop","og_description":"SUITE de \u00ab AN DRO \u00bb (3) SUITE de \u00ab CANTIQUES \u00bb : Les pri\u00e8res ; La Reine dans l\u2019\u00e9glise ; SUITE de \u00ab LARIDE \u00bb Larid\u00e9 de Muzillac ; Larid\u00e9 de Vannes ; Larid\u00e9 de Sarzhav ; SUITE de \u00ab MARCHES\u00bb : Marche du pays de Vannes ; Marche de Pommerit-le-Vicomte ; Marche de [&hellip;]","og_url":"https:\/\/shop.camac-harps.com\/fr\/produit\/gourlaouen-a-recueil-troubadour-3\/","og_site_name":"Camac Harps Shop","article_modified_time":"2024-12-19T10:29:29+00:00","og_image":[{"width":566,"height":800,"url":"https:\/\/shop.camac-harps.com\/wp-content\/uploads\/sites\/25\/2018\/07\/gna24.jpg","type":"image\/jpeg"}],"twitter_card":"summary_large_image","twitter_misc":{"Dur\u00e9e de lecture estim\u00e9e":"1 minute"},"schema":{"@context":"https:\/\/schema.org","@graph":[{"@type":"WebPage","@id":"https:\/\/shop.camac-harps.com\/fr\/produit\/gourlaouen-a-recueil-troubadour-3\/","url":"https:\/\/shop.camac-harps.com\/fr\/produit\/gourlaouen-a-recueil-troubadour-3\/","name":"GOURLAOUEN A. : Recueil Troubadour 3 - Camac Harps Shop","isPartOf":{"@id":"https:\/\/shop.camac-harps.com\/fr\/#website"},"primaryImageOfPage":{"@id":"https:\/\/shop.camac-harps.com\/fr\/produit\/gourlaouen-a-recueil-troubadour-3\/#primaryimage"},"image":{"@id":"https:\/\/shop.camac-harps.com\/fr\/produit\/gourlaouen-a-recueil-troubadour-3\/#primaryimage"},"thumbnailUrl":"https:\/\/shop.camac-harps.com\/wp-content\/uploads\/sites\/25\/2018\/07\/gna24.jpg","datePublished":"2018-07-06T11:43:34+00:00","dateModified":"2024-12-19T10:29:29+00:00","breadcrumb":{"@id":"https:\/\/shop.camac-harps.com\/fr\/produit\/gourlaouen-a-recueil-troubadour-3\/#breadcrumb"},"inLanguage":"fr-FR","potentialAction":[{"@type":"ReadAction","target":["https:\/\/shop.camac-harps.com\/fr\/produit\/gourlaouen-a-recueil-troubadour-3\/"]}]},{"@type":"ImageObject","inLanguage":"fr-FR","@id":"https:\/\/shop.camac-harps.com\/fr\/produit\/gourlaouen-a-recueil-troubadour-3\/#primaryimage","url":"https:\/\/shop.camac-harps.com\/wp-content\/uploads\/sites\/25\/2018\/07\/gna24.jpg","contentUrl":"https:\/\/shop.camac-harps.com\/wp-content\/uploads\/sites\/25\/2018\/07\/gna24.jpg","width":566,"height":800},{"@type":"BreadcrumbList","@id":"https:\/\/shop.camac-harps.com\/fr\/produit\/gourlaouen-a-recueil-troubadour-3\/#breadcrumb","itemListElement":[{"@type":"ListItem","position":1,"name":"Home","item":"https:\/\/shop.camac-harps.com\/fr\/homepage\/"},{"@type":"ListItem","position":2,"name":"Accueil","item":"https:\/\/shop.camac-harps.com\/fr\/homepage\/"},{"@type":"ListItem","position":3,"name":"GOURLAOUEN A. : Recueil Troubadour 3"}]},{"@type":"WebSite","@id":"https:\/\/shop.camac-harps.com\/fr\/#website","url":"https:\/\/shop.camac-harps.com\/fr\/","name":"Camac Harps Shop","description":"","potentialAction":[{"@type":"SearchAction","target":{"@type":"EntryPoint","urlTemplate":"https:\/\/shop.camac-harps.com\/fr\/?s={search_term_string}"},"query-input":{"@type":"PropertyValueSpecification","valueRequired":true,"valueName":"search_term_string"}}],"inLanguage":"fr-FR"}]}},"_links":{"self":[{"href":"https:\/\/shop.camac-harps.com\/fr\/wp-json\/wp\/v2\/product\/14533","targetHints":{"allow":["GET"]}}],"collection":[{"href":"https:\/\/shop.camac-harps.com\/fr\/wp-json\/wp\/v2\/product"}],"about":[{"href":"https:\/\/shop.camac-harps.com\/fr\/wp-json\/wp\/v2\/types\/product"}],"replies":[{"embeddable":true,"href":"https:\/\/shop.camac-harps.com\/fr\/wp-json\/wp\/v2\/comments?post=14533"}],"wp:featuredmedia":[{"embeddable":true,"href":"https:\/\/shop.camac-harps.com\/fr\/wp-json\/wp\/v2\/media\/4143"}],"wp:attachment":[{"href":"https:\/\/shop.camac-harps.com\/fr\/wp-json\/wp\/v2\/media?parent=14533"}],"wp:term":[{"taxonomy":"product_brand","embeddable":true,"href":"https:\/\/shop.camac-harps.com\/fr\/wp-json\/wp\/v2\/product_brand?post=14533"},{"taxonomy":"product_cat","embeddable":true,"href":"https:\/\/shop.camac-harps.com\/fr\/wp-json\/wp\/v2\/product_cat?post=14533"},{"taxonomy":"product_tag","embeddable":true,"href":"https:\/\/shop.camac-harps.com\/fr\/wp-json\/wp\/v2\/product_tag?post=14533"}],"curies":[{"name":"wp","href":"https:\/\/api.w.org\/{rel}","templated":true}]}}