{"id":14908,"date":"2018-07-06T11:51:04","date_gmt":"2018-07-06T11:51:04","guid":{"rendered":"https:\/\/shop.camac-harps.com\/product\/myrdhin-zil-gorchan-judicael-oratorio-hc-partie-de-harpe\/"},"modified":"2024-11-07T15:12:36","modified_gmt":"2024-11-07T15:12:36","slug":"myrdhin-zil-gorchan-judicael-oratorio-hc-partie-de-harpe","status":"publish","type":"product","link":"https:\/\/shop.camac-harps.com\/fr\/produit\/myrdhin-zil-gorchan-judicael-oratorio-hc-partie-de-harpe\/","title":{"rendered":"MYRDHIN &#8211; ZIL : Gorc&rsquo;han Judicael &#8211; Oratorio HC \/Partie de Harpe"},"content":{"rendered":"<p>Myrdhin et Zil, avec Eug\u00e8ne Berel : Gorchan Judica\u00ebl, oratorio pour ch\u0153ur, HC, bombarde et r\u00e9citant \/ partie de harpe ; <br \/>\u00ab\u00a0Arriv\u00e9e des Brittons en Domnon\u00e9e ; <br \/>Hymne \u00e0 l\u2019Armorique ; <br \/>Premier combat de Judica\u00ebl ;<br \/>Remords de Judica\u00ebl ; <br \/>Judica\u00ebl parmi les moines ; <br \/>Dialogue avec Meen ; <br \/>Retour du roi ; <br \/>Judica\u00ebl \u00e9pouse M\u00e9rovo\u00eb ; <br \/>La chasse ; <br \/>Mort de M\u00e9rovo\u00eb ; <br \/>Le l\u00e9preux ; <br \/>Ch\u0153ur final\u00a0\u00bb<\/p>\n","protected":false},"excerpt":{"rendered":"<p>Myrdhin et Zil, avec Eug\u00e8ne Berel : Gorchan Judica\u00ebl, oratorio pour ch\u0153ur, HC, bombarde et r\u00e9citant \/ partie de harpe ; \u00ab\u00a0Arriv\u00e9e des Brittons en Domnon\u00e9e ; Hymne \u00e0 l\u2019Armorique ; Premier combat de Judica\u00ebl ;Remords de Judica\u00ebl ; Judica\u00ebl parmi les moines ; Dialogue avec Meen ; Retour du roi ; Judica\u00ebl \u00e9pouse M\u00e9rovo\u00eb [&hellip;]<\/p>\n","protected":false},"featured_media":4539,"comment_status":"open","ping_status":"closed","template":"","meta":{"_acf_changed":false},"product_brand":[],"product_cat":[108,33],"product_tag":[],"class_list":{"0":"post-14908","1":"product","2":"type-product","3":"status-publish","4":"has-post-thumbnail","6":"product_cat-musique-harpe-celtique","7":"product_cat-partitions-pour-harpe","9":"first","10":"instock","11":"taxable","12":"shipping-taxable","13":"purchasable","14":"product-type-simple"},"acf":[],"yoast_head":"<title>MYRDHIN - ZIL : Gorc&#039;han Judicael - Oratorio HC \/Partie de Harpe - Camac Harps Shop<\/title>\n<meta name=\"robots\" content=\"index, follow, max-snippet:-1, max-image-preview:large, max-video-preview:-1\" \/>\n<link rel=\"canonical\" href=\"https:\/\/shop.camac-harps.com\/fr\/produit\/myrdhin-zil-gorchan-judicael-oratorio-hc-partie-de-harpe\/\" \/>\n<meta property=\"og:locale\" content=\"fr_FR\" \/>\n<meta property=\"og:type\" content=\"article\" \/>\n<meta property=\"og:title\" content=\"MYRDHIN - ZIL : Gorc&#039;han Judicael - Oratorio HC \/Partie de Harpe - Camac Harps Shop\" \/>\n<meta property=\"og:description\" content=\"Myrdhin et Zil, avec Eug\u00e8ne Berel : Gorchan Judica\u00ebl, oratorio pour ch\u0153ur, HC, bombarde et r\u00e9citant \/ partie de harpe ; \u00ab\u00a0Arriv\u00e9e des Brittons en Domnon\u00e9e ; Hymne \u00e0 l\u2019Armorique ; Premier combat de Judica\u00ebl ;Remords de Judica\u00ebl ; Judica\u00ebl parmi les moines ; Dialogue avec Meen ; Retour du roi ; Judica\u00ebl \u00e9pouse M\u00e9rovo\u00eb [&hellip;]\" \/>\n<meta property=\"og:url\" content=\"https:\/\/shop.camac-harps.com\/fr\/produit\/myrdhin-zil-gorchan-judicael-oratorio-hc-partie-de-harpe\/\" \/>\n<meta property=\"og:site_name\" content=\"Camac Harps Shop\" \/>\n<meta property=\"article:modified_time\" content=\"2024-11-07T15:12:36+00:00\" \/>\n<meta property=\"og:image\" content=\"https:\/\/shop.camac-harps.com\/wp-content\/uploads\/sites\/25\/2018\/07\/mnz21.jpg\" \/>\n\t<meta property=\"og:image:width\" content=\"424\" \/>\n\t<meta property=\"og:image:height\" content=\"600\" \/>\n\t<meta property=\"og:image:type\" content=\"image\/jpeg\" \/>\n<meta name=\"twitter:card\" content=\"summary_large_image\" \/>\n<script type=\"application\/ld+json\" class=\"yoast-schema-graph\">{\"@context\":\"https:\/\/schema.org\",\"@graph\":[{\"@type\":\"WebPage\",\"@id\":\"https:\/\/shop.camac-harps.com\/fr\/produit\/myrdhin-zil-gorchan-judicael-oratorio-hc-partie-de-harpe\/\",\"url\":\"https:\/\/shop.camac-harps.com\/fr\/produit\/myrdhin-zil-gorchan-judicael-oratorio-hc-partie-de-harpe\/\",\"name\":\"MYRDHIN - ZIL : Gorc'han Judicael - Oratorio HC \/Partie de Harpe - Camac Harps Shop\",\"isPartOf\":{\"@id\":\"https:\/\/shop.camac-harps.com\/fr\/#website\"},\"primaryImageOfPage\":{\"@id\":\"https:\/\/shop.camac-harps.com\/fr\/produit\/myrdhin-zil-gorchan-judicael-oratorio-hc-partie-de-harpe\/#primaryimage\"},\"image\":{\"@id\":\"https:\/\/shop.camac-harps.com\/fr\/produit\/myrdhin-zil-gorchan-judicael-oratorio-hc-partie-de-harpe\/#primaryimage\"},\"thumbnailUrl\":\"https:\/\/shop.camac-harps.com\/wp-content\/uploads\/sites\/25\/2018\/07\/mnz21.jpg\",\"datePublished\":\"2018-07-06T11:51:04+00:00\",\"dateModified\":\"2024-11-07T15:12:36+00:00\",\"breadcrumb\":{\"@id\":\"https:\/\/shop.camac-harps.com\/fr\/produit\/myrdhin-zil-gorchan-judicael-oratorio-hc-partie-de-harpe\/#breadcrumb\"},\"inLanguage\":\"fr-FR\",\"potentialAction\":[{\"@type\":\"ReadAction\",\"target\":[\"https:\/\/shop.camac-harps.com\/fr\/produit\/myrdhin-zil-gorchan-judicael-oratorio-hc-partie-de-harpe\/\"]}]},{\"@type\":\"ImageObject\",\"inLanguage\":\"fr-FR\",\"@id\":\"https:\/\/shop.camac-harps.com\/fr\/produit\/myrdhin-zil-gorchan-judicael-oratorio-hc-partie-de-harpe\/#primaryimage\",\"url\":\"https:\/\/shop.camac-harps.com\/wp-content\/uploads\/sites\/25\/2018\/07\/mnz21.jpg\",\"contentUrl\":\"https:\/\/shop.camac-harps.com\/wp-content\/uploads\/sites\/25\/2018\/07\/mnz21.jpg\",\"width\":424,\"height\":600},{\"@type\":\"BreadcrumbList\",\"@id\":\"https:\/\/shop.camac-harps.com\/fr\/produit\/myrdhin-zil-gorchan-judicael-oratorio-hc-partie-de-harpe\/#breadcrumb\",\"itemListElement\":[{\"@type\":\"ListItem\",\"position\":1,\"name\":\"Home\",\"item\":\"https:\/\/shop.camac-harps.com\/fr\/homepage\/\"},{\"@type\":\"ListItem\",\"position\":2,\"name\":\"Accueil\",\"item\":\"https:\/\/shop.camac-harps.com\/fr\/homepage\/\"},{\"@type\":\"ListItem\",\"position\":3,\"name\":\"MYRDHIN &#8211; ZIL : Gorc&#8217;han Judicael &#8211; Oratorio HC \/Partie de Harpe\"}]},{\"@type\":\"WebSite\",\"@id\":\"https:\/\/shop.camac-harps.com\/fr\/#website\",\"url\":\"https:\/\/shop.camac-harps.com\/fr\/\",\"name\":\"Camac Harps Shop\",\"description\":\"\",\"potentialAction\":[{\"@type\":\"SearchAction\",\"target\":{\"@type\":\"EntryPoint\",\"urlTemplate\":\"https:\/\/shop.camac-harps.com\/fr\/?s={search_term_string}\"},\"query-input\":{\"@type\":\"PropertyValueSpecification\",\"valueRequired\":true,\"valueName\":\"search_term_string\"}}],\"inLanguage\":\"fr-FR\"}]}<\/script>","yoast_head_json":{"title":"MYRDHIN - ZIL : Gorc'han Judicael - Oratorio HC \/Partie de Harpe - Camac Harps Shop","robots":{"index":"index","follow":"follow","max-snippet":"max-snippet:-1","max-image-preview":"max-image-preview:large","max-video-preview":"max-video-preview:-1"},"canonical":"https:\/\/shop.camac-harps.com\/fr\/produit\/myrdhin-zil-gorchan-judicael-oratorio-hc-partie-de-harpe\/","og_locale":"fr_FR","og_type":"article","og_title":"MYRDHIN - ZIL : Gorc'han Judicael - Oratorio HC \/Partie de Harpe - Camac Harps Shop","og_description":"Myrdhin et Zil, avec Eug\u00e8ne Berel : Gorchan Judica\u00ebl, oratorio pour ch\u0153ur, HC, bombarde et r\u00e9citant \/ partie de harpe ; \u00ab\u00a0Arriv\u00e9e des Brittons en Domnon\u00e9e ; Hymne \u00e0 l\u2019Armorique ; Premier combat de Judica\u00ebl ;Remords de Judica\u00ebl ; Judica\u00ebl parmi les moines ; Dialogue avec Meen ; Retour du roi ; Judica\u00ebl \u00e9pouse M\u00e9rovo\u00eb [&hellip;]","og_url":"https:\/\/shop.camac-harps.com\/fr\/produit\/myrdhin-zil-gorchan-judicael-oratorio-hc-partie-de-harpe\/","og_site_name":"Camac Harps Shop","article_modified_time":"2024-11-07T15:12:36+00:00","og_image":[{"width":424,"height":600,"url":"https:\/\/shop.camac-harps.com\/wp-content\/uploads\/sites\/25\/2018\/07\/mnz21.jpg","type":"image\/jpeg"}],"twitter_card":"summary_large_image","schema":{"@context":"https:\/\/schema.org","@graph":[{"@type":"WebPage","@id":"https:\/\/shop.camac-harps.com\/fr\/produit\/myrdhin-zil-gorchan-judicael-oratorio-hc-partie-de-harpe\/","url":"https:\/\/shop.camac-harps.com\/fr\/produit\/myrdhin-zil-gorchan-judicael-oratorio-hc-partie-de-harpe\/","name":"MYRDHIN - ZIL : Gorc'han Judicael - Oratorio HC \/Partie de Harpe - Camac Harps Shop","isPartOf":{"@id":"https:\/\/shop.camac-harps.com\/fr\/#website"},"primaryImageOfPage":{"@id":"https:\/\/shop.camac-harps.com\/fr\/produit\/myrdhin-zil-gorchan-judicael-oratorio-hc-partie-de-harpe\/#primaryimage"},"image":{"@id":"https:\/\/shop.camac-harps.com\/fr\/produit\/myrdhin-zil-gorchan-judicael-oratorio-hc-partie-de-harpe\/#primaryimage"},"thumbnailUrl":"https:\/\/shop.camac-harps.com\/wp-content\/uploads\/sites\/25\/2018\/07\/mnz21.jpg","datePublished":"2018-07-06T11:51:04+00:00","dateModified":"2024-11-07T15:12:36+00:00","breadcrumb":{"@id":"https:\/\/shop.camac-harps.com\/fr\/produit\/myrdhin-zil-gorchan-judicael-oratorio-hc-partie-de-harpe\/#breadcrumb"},"inLanguage":"fr-FR","potentialAction":[{"@type":"ReadAction","target":["https:\/\/shop.camac-harps.com\/fr\/produit\/myrdhin-zil-gorchan-judicael-oratorio-hc-partie-de-harpe\/"]}]},{"@type":"ImageObject","inLanguage":"fr-FR","@id":"https:\/\/shop.camac-harps.com\/fr\/produit\/myrdhin-zil-gorchan-judicael-oratorio-hc-partie-de-harpe\/#primaryimage","url":"https:\/\/shop.camac-harps.com\/wp-content\/uploads\/sites\/25\/2018\/07\/mnz21.jpg","contentUrl":"https:\/\/shop.camac-harps.com\/wp-content\/uploads\/sites\/25\/2018\/07\/mnz21.jpg","width":424,"height":600},{"@type":"BreadcrumbList","@id":"https:\/\/shop.camac-harps.com\/fr\/produit\/myrdhin-zil-gorchan-judicael-oratorio-hc-partie-de-harpe\/#breadcrumb","itemListElement":[{"@type":"ListItem","position":1,"name":"Home","item":"https:\/\/shop.camac-harps.com\/fr\/homepage\/"},{"@type":"ListItem","position":2,"name":"Accueil","item":"https:\/\/shop.camac-harps.com\/fr\/homepage\/"},{"@type":"ListItem","position":3,"name":"MYRDHIN &#8211; ZIL : Gorc&#8217;han Judicael &#8211; Oratorio HC \/Partie de Harpe"}]},{"@type":"WebSite","@id":"https:\/\/shop.camac-harps.com\/fr\/#website","url":"https:\/\/shop.camac-harps.com\/fr\/","name":"Camac Harps Shop","description":"","potentialAction":[{"@type":"SearchAction","target":{"@type":"EntryPoint","urlTemplate":"https:\/\/shop.camac-harps.com\/fr\/?s={search_term_string}"},"query-input":{"@type":"PropertyValueSpecification","valueRequired":true,"valueName":"search_term_string"}}],"inLanguage":"fr-FR"}]}},"_links":{"self":[{"href":"https:\/\/shop.camac-harps.com\/fr\/wp-json\/wp\/v2\/product\/14908","targetHints":{"allow":["GET"]}}],"collection":[{"href":"https:\/\/shop.camac-harps.com\/fr\/wp-json\/wp\/v2\/product"}],"about":[{"href":"https:\/\/shop.camac-harps.com\/fr\/wp-json\/wp\/v2\/types\/product"}],"replies":[{"embeddable":true,"href":"https:\/\/shop.camac-harps.com\/fr\/wp-json\/wp\/v2\/comments?post=14908"}],"wp:featuredmedia":[{"embeddable":true,"href":"https:\/\/shop.camac-harps.com\/fr\/wp-json\/wp\/v2\/media\/4539"}],"wp:attachment":[{"href":"https:\/\/shop.camac-harps.com\/fr\/wp-json\/wp\/v2\/media?parent=14908"}],"wp:term":[{"taxonomy":"product_brand","embeddable":true,"href":"https:\/\/shop.camac-harps.com\/fr\/wp-json\/wp\/v2\/product_brand?post=14908"},{"taxonomy":"product_cat","embeddable":true,"href":"https:\/\/shop.camac-harps.com\/fr\/wp-json\/wp\/v2\/product_cat?post=14908"},{"taxonomy":"product_tag","embeddable":true,"href":"https:\/\/shop.camac-harps.com\/fr\/wp-json\/wp\/v2\/product_tag?post=14908"}],"curies":[{"name":"wp","href":"https:\/\/api.w.org\/{rel}","templated":true}]}}