{"id":16540,"date":"2018-07-06T13:26:57","date_gmt":"2018-07-06T13:26:57","guid":{"rendered":"https:\/\/shop.camac-harps.com\/product\/chariot-passe-partout-camac-pour-harpe-a-pedales\/"},"modified":"2024-11-07T15:09:41","modified_gmt":"2024-11-07T15:09:41","slug":"chariot-passe-partout-camac-pour-harpe-a-pedales","status":"publish","type":"product","link":"https:\/\/shop.camac-harps.com\/fr\/produit\/chariot-passe-partout-camac-pour-harpe-a-pedales\/","title":{"rendered":"Chariot Passe-Partout Camac &#8211; pour harpe \u00e0 p\u00e9dales"},"content":{"rendered":"","protected":false},"excerpt":{"rendered":"<p>La plateforme du chariot Passe-Partout est \u00e9tudi\u00e9e pour s&rsquo;ajuster au socle des harpes \u00e0 p\u00e9dales Camac. Les pieds arri\u00e8res viennent en appui sur la partie verticale, tandis qu&rsquo;un ergot m\u00e9tallique se loge derri\u00e8re une pi\u00e8ce situ\u00e9e sous la harpe. Le chariot est ensuite s\u00e9curis\u00e9 \u00e0 la harpe gr\u00e2ce \u00e0 une canne coud\u00e9e qui s&rsquo;ins\u00e8re dans une ou\u00efe de la caisse de r\u00e9sonance, accessible par l&rsquo;ouverture arri\u00e8re de la housse fine.<br \/>\nDans le cas d&rsquo;une utilisation avec housse de transport, il sera plus ais\u00e9 d&rsquo;utiliser le chariot sans le chausson du socle, la canne coud\u00e9e s&rsquo;ins\u00e9rant par l&rsquo;ouverture pr\u00e9vue \u00e0 cet effet \u00e0 l&rsquo;arri\u00e8re de la housse de transport.<br \/>\nToutefois, il est possible d&rsquo;utiliser le chariot avec sa housse compl\u00e8te : dans ce cas il ne sera simplement pas possible de bloquer le socle de la harpe sur la plateforme du chariot, la pression du blocage de la canne coud\u00e9e permettant d&rsquo;assurer la fixation du chariot \u00e0 la harpe.<\/p>\n","protected":false},"featured_media":5604,"comment_status":"open","ping_status":"closed","template":"","meta":{"_acf_changed":false},"product_brand":[],"product_cat":[39,99],"product_tag":[],"class_list":{"0":"post-16540","1":"product","2":"type-product","3":"status-publish","4":"has-post-thumbnail","6":"product_cat-accessoires-housses","7":"product_cat-chariots","9":"first","10":"instock","11":"taxable","12":"shipping-taxable","13":"product-type-simple"},"acf":[],"yoast_head":"<title>Chariot Passe-Partout Camac - pour harpe \u00e0 p\u00e9dales - Camac Harps Shop<\/title>\n<meta name=\"robots\" content=\"index, follow, max-snippet:-1, max-image-preview:large, max-video-preview:-1\" \/>\n<link rel=\"canonical\" href=\"https:\/\/shop.camac-harps.com\/fr\/produit\/chariot-passe-partout-camac-pour-harpe-a-pedales\/\" \/>\n<meta property=\"og:locale\" content=\"fr_FR\" \/>\n<meta property=\"og:type\" content=\"article\" \/>\n<meta property=\"og:title\" content=\"Chariot Passe-Partout Camac - pour harpe \u00e0 p\u00e9dales - Camac Harps Shop\" \/>\n<meta property=\"og:description\" content=\"La plateforme du chariot Passe-Partout est \u00e9tudi\u00e9e pour s&#039;ajuster au socle des harpes \u00e0 p\u00e9dales Camac. Les pieds arri\u00e8res viennent en appui sur la partie verticale, tandis qu&#039;un ergot m\u00e9tallique se loge derri\u00e8re une pi\u00e8ce situ\u00e9e sous la harpe. Le chariot est ensuite s\u00e9curis\u00e9 \u00e0 la harpe gr\u00e2ce \u00e0 une canne coud\u00e9e qui s&#039;ins\u00e8re dans une ou\u00efe de la caisse de r\u00e9sonance, accessible par l&#039;ouverture arri\u00e8re de la housse fine. Dans le cas d&#039;une utilisation avec housse de transport, il sera plus ais\u00e9 d&#039;utiliser le chariot sans le chausson du socle, la canne coud\u00e9e s&#039;ins\u00e9rant par l&#039;ouverture pr\u00e9vue \u00e0 cet effet \u00e0 l&#039;arri\u00e8re de la housse de transport. Toutefois, il est possible d&#039;utiliser le chariot avec sa housse compl\u00e8te : dans ce cas il ne sera simplement pas possible de bloquer le socle de la harpe sur la plateforme du chariot, la pression du blocage de la canne coud\u00e9e permettant d&#039;assurer la fixation du chariot \u00e0 la harpe.\" \/>\n<meta property=\"og:url\" content=\"https:\/\/shop.camac-harps.com\/fr\/produit\/chariot-passe-partout-camac-pour-harpe-a-pedales\/\" \/>\n<meta property=\"og:site_name\" content=\"Camac Harps Shop\" \/>\n<meta property=\"article:modified_time\" content=\"2024-11-07T15:09:41+00:00\" \/>\n<meta property=\"og:image\" content=\"https:\/\/shop.camac-harps.com\/wp-content\/uploads\/sites\/25\/2018\/07\/chariots-gh.jpg\" \/>\n\t<meta property=\"og:image:width\" content=\"191\" \/>\n\t<meta property=\"og:image:height\" content=\"312\" \/>\n\t<meta property=\"og:image:type\" content=\"image\/jpeg\" \/>\n<meta name=\"twitter:card\" content=\"summary_large_image\" \/>\n<script type=\"application\/ld+json\" class=\"yoast-schema-graph\">{\"@context\":\"https:\\\/\\\/schema.org\",\"@graph\":[{\"@type\":\"WebPage\",\"@id\":\"https:\\\/\\\/shop.camac-harps.com\\\/fr\\\/produit\\\/chariot-passe-partout-camac-pour-harpe-a-pedales\\\/\",\"url\":\"https:\\\/\\\/shop.camac-harps.com\\\/fr\\\/produit\\\/chariot-passe-partout-camac-pour-harpe-a-pedales\\\/\",\"name\":\"Chariot Passe-Partout Camac - pour harpe \u00e0 p\u00e9dales - Camac Harps Shop\",\"isPartOf\":{\"@id\":\"https:\\\/\\\/shop.camac-harps.com\\\/fr\\\/#website\"},\"primaryImageOfPage\":{\"@id\":\"https:\\\/\\\/shop.camac-harps.com\\\/fr\\\/produit\\\/chariot-passe-partout-camac-pour-harpe-a-pedales\\\/#primaryimage\"},\"image\":{\"@id\":\"https:\\\/\\\/shop.camac-harps.com\\\/fr\\\/produit\\\/chariot-passe-partout-camac-pour-harpe-a-pedales\\\/#primaryimage\"},\"thumbnailUrl\":\"https:\\\/\\\/shop.camac-harps.com\\\/wp-content\\\/uploads\\\/sites\\\/25\\\/2018\\\/07\\\/chariots-gh.jpg\",\"datePublished\":\"2018-07-06T13:26:57+00:00\",\"dateModified\":\"2024-11-07T15:09:41+00:00\",\"breadcrumb\":{\"@id\":\"https:\\\/\\\/shop.camac-harps.com\\\/fr\\\/produit\\\/chariot-passe-partout-camac-pour-harpe-a-pedales\\\/#breadcrumb\"},\"inLanguage\":\"fr-FR\",\"potentialAction\":[{\"@type\":\"ReadAction\",\"target\":[\"https:\\\/\\\/shop.camac-harps.com\\\/fr\\\/produit\\\/chariot-passe-partout-camac-pour-harpe-a-pedales\\\/\"]}]},{\"@type\":\"ImageObject\",\"inLanguage\":\"fr-FR\",\"@id\":\"https:\\\/\\\/shop.camac-harps.com\\\/fr\\\/produit\\\/chariot-passe-partout-camac-pour-harpe-a-pedales\\\/#primaryimage\",\"url\":\"https:\\\/\\\/shop.camac-harps.com\\\/wp-content\\\/uploads\\\/sites\\\/25\\\/2018\\\/07\\\/chariots-gh.jpg\",\"contentUrl\":\"https:\\\/\\\/shop.camac-harps.com\\\/wp-content\\\/uploads\\\/sites\\\/25\\\/2018\\\/07\\\/chariots-gh.jpg\",\"width\":191,\"height\":312},{\"@type\":\"BreadcrumbList\",\"@id\":\"https:\\\/\\\/shop.camac-harps.com\\\/fr\\\/produit\\\/chariot-passe-partout-camac-pour-harpe-a-pedales\\\/#breadcrumb\",\"itemListElement\":[{\"@type\":\"ListItem\",\"position\":1,\"name\":\"Home\",\"item\":\"https:\\\/\\\/shop.camac-harps.com\\\/fr\\\/\"},{\"@type\":\"ListItem\",\"position\":2,\"name\":\"Accueil\",\"item\":\"https:\\\/\\\/shop.camac-harps.com\\\/fr\\\/\"},{\"@type\":\"ListItem\",\"position\":3,\"name\":\"Chariot Passe-Partout Camac &#8211; pour harpe \u00e0 p\u00e9dales\"}]},{\"@type\":\"WebSite\",\"@id\":\"https:\\\/\\\/shop.camac-harps.com\\\/fr\\\/#website\",\"url\":\"https:\\\/\\\/shop.camac-harps.com\\\/fr\\\/\",\"name\":\"Camac Harps Shop\",\"description\":\"\",\"potentialAction\":[{\"@type\":\"SearchAction\",\"target\":{\"@type\":\"EntryPoint\",\"urlTemplate\":\"https:\\\/\\\/shop.camac-harps.com\\\/fr\\\/?s={search_term_string}\"},\"query-input\":{\"@type\":\"PropertyValueSpecification\",\"valueRequired\":true,\"valueName\":\"search_term_string\"}}],\"inLanguage\":\"fr-FR\"}]}<\/script>","yoast_head_json":{"title":"Chariot Passe-Partout Camac - pour harpe \u00e0 p\u00e9dales - Camac Harps Shop","robots":{"index":"index","follow":"follow","max-snippet":"max-snippet:-1","max-image-preview":"max-image-preview:large","max-video-preview":"max-video-preview:-1"},"canonical":"https:\/\/shop.camac-harps.com\/fr\/produit\/chariot-passe-partout-camac-pour-harpe-a-pedales\/","og_locale":"fr_FR","og_type":"article","og_title":"Chariot Passe-Partout Camac - pour harpe \u00e0 p\u00e9dales - Camac Harps Shop","og_description":"La plateforme du chariot Passe-Partout est \u00e9tudi\u00e9e pour s'ajuster au socle des harpes \u00e0 p\u00e9dales Camac. Les pieds arri\u00e8res viennent en appui sur la partie verticale, tandis qu'un ergot m\u00e9tallique se loge derri\u00e8re une pi\u00e8ce situ\u00e9e sous la harpe. Le chariot est ensuite s\u00e9curis\u00e9 \u00e0 la harpe gr\u00e2ce \u00e0 une canne coud\u00e9e qui s'ins\u00e8re dans une ou\u00efe de la caisse de r\u00e9sonance, accessible par l'ouverture arri\u00e8re de la housse fine. Dans le cas d'une utilisation avec housse de transport, il sera plus ais\u00e9 d'utiliser le chariot sans le chausson du socle, la canne coud\u00e9e s'ins\u00e9rant par l'ouverture pr\u00e9vue \u00e0 cet effet \u00e0 l'arri\u00e8re de la housse de transport. Toutefois, il est possible d'utiliser le chariot avec sa housse compl\u00e8te : dans ce cas il ne sera simplement pas possible de bloquer le socle de la harpe sur la plateforme du chariot, la pression du blocage de la canne coud\u00e9e permettant d'assurer la fixation du chariot \u00e0 la harpe.","og_url":"https:\/\/shop.camac-harps.com\/fr\/produit\/chariot-passe-partout-camac-pour-harpe-a-pedales\/","og_site_name":"Camac Harps Shop","article_modified_time":"2024-11-07T15:09:41+00:00","og_image":[{"width":191,"height":312,"url":"https:\/\/shop.camac-harps.com\/wp-content\/uploads\/sites\/25\/2018\/07\/chariots-gh.jpg","type":"image\/jpeg"}],"twitter_card":"summary_large_image","schema":{"@context":"https:\/\/schema.org","@graph":[{"@type":"WebPage","@id":"https:\/\/shop.camac-harps.com\/fr\/produit\/chariot-passe-partout-camac-pour-harpe-a-pedales\/","url":"https:\/\/shop.camac-harps.com\/fr\/produit\/chariot-passe-partout-camac-pour-harpe-a-pedales\/","name":"Chariot Passe-Partout Camac - pour harpe \u00e0 p\u00e9dales - Camac Harps Shop","isPartOf":{"@id":"https:\/\/shop.camac-harps.com\/fr\/#website"},"primaryImageOfPage":{"@id":"https:\/\/shop.camac-harps.com\/fr\/produit\/chariot-passe-partout-camac-pour-harpe-a-pedales\/#primaryimage"},"image":{"@id":"https:\/\/shop.camac-harps.com\/fr\/produit\/chariot-passe-partout-camac-pour-harpe-a-pedales\/#primaryimage"},"thumbnailUrl":"https:\/\/shop.camac-harps.com\/wp-content\/uploads\/sites\/25\/2018\/07\/chariots-gh.jpg","datePublished":"2018-07-06T13:26:57+00:00","dateModified":"2024-11-07T15:09:41+00:00","breadcrumb":{"@id":"https:\/\/shop.camac-harps.com\/fr\/produit\/chariot-passe-partout-camac-pour-harpe-a-pedales\/#breadcrumb"},"inLanguage":"fr-FR","potentialAction":[{"@type":"ReadAction","target":["https:\/\/shop.camac-harps.com\/fr\/produit\/chariot-passe-partout-camac-pour-harpe-a-pedales\/"]}]},{"@type":"ImageObject","inLanguage":"fr-FR","@id":"https:\/\/shop.camac-harps.com\/fr\/produit\/chariot-passe-partout-camac-pour-harpe-a-pedales\/#primaryimage","url":"https:\/\/shop.camac-harps.com\/wp-content\/uploads\/sites\/25\/2018\/07\/chariots-gh.jpg","contentUrl":"https:\/\/shop.camac-harps.com\/wp-content\/uploads\/sites\/25\/2018\/07\/chariots-gh.jpg","width":191,"height":312},{"@type":"BreadcrumbList","@id":"https:\/\/shop.camac-harps.com\/fr\/produit\/chariot-passe-partout-camac-pour-harpe-a-pedales\/#breadcrumb","itemListElement":[{"@type":"ListItem","position":1,"name":"Home","item":"https:\/\/shop.camac-harps.com\/fr\/"},{"@type":"ListItem","position":2,"name":"Accueil","item":"https:\/\/shop.camac-harps.com\/fr\/"},{"@type":"ListItem","position":3,"name":"Chariot Passe-Partout Camac &#8211; pour harpe \u00e0 p\u00e9dales"}]},{"@type":"WebSite","@id":"https:\/\/shop.camac-harps.com\/fr\/#website","url":"https:\/\/shop.camac-harps.com\/fr\/","name":"Camac Harps Shop","description":"","potentialAction":[{"@type":"SearchAction","target":{"@type":"EntryPoint","urlTemplate":"https:\/\/shop.camac-harps.com\/fr\/?s={search_term_string}"},"query-input":{"@type":"PropertyValueSpecification","valueRequired":true,"valueName":"search_term_string"}}],"inLanguage":"fr-FR"}]}},"_links":{"self":[{"href":"https:\/\/shop.camac-harps.com\/fr\/wp-json\/wp\/v2\/product\/16540","targetHints":{"allow":["GET"]}}],"collection":[{"href":"https:\/\/shop.camac-harps.com\/fr\/wp-json\/wp\/v2\/product"}],"about":[{"href":"https:\/\/shop.camac-harps.com\/fr\/wp-json\/wp\/v2\/types\/product"}],"replies":[{"embeddable":true,"href":"https:\/\/shop.camac-harps.com\/fr\/wp-json\/wp\/v2\/comments?post=16540"}],"wp:featuredmedia":[{"embeddable":true,"href":"https:\/\/shop.camac-harps.com\/fr\/wp-json\/wp\/v2\/media\/5604"}],"wp:attachment":[{"href":"https:\/\/shop.camac-harps.com\/fr\/wp-json\/wp\/v2\/media?parent=16540"}],"wp:term":[{"taxonomy":"product_brand","embeddable":true,"href":"https:\/\/shop.camac-harps.com\/fr\/wp-json\/wp\/v2\/product_brand?post=16540"},{"taxonomy":"product_cat","embeddable":true,"href":"https:\/\/shop.camac-harps.com\/fr\/wp-json\/wp\/v2\/product_cat?post=16540"},{"taxonomy":"product_tag","embeddable":true,"href":"https:\/\/shop.camac-harps.com\/fr\/wp-json\/wp\/v2\/product_tag?post=16540"}],"curies":[{"name":"wp","href":"https:\/\/api.w.org\/{rel}","templated":true}]}}