{"id":16624,"date":"2018-07-06T13:28:51","date_gmt":"2018-07-06T13:28:51","guid":{"rendered":"https:\/\/shop.camac-harps.com\/product\/cle-daccord-en-caoutchouc\/"},"modified":"2025-02-14T16:49:17","modified_gmt":"2025-02-14T16:49:17","slug":"cle-daccord-en-caoutchouc-pour-harpe-a-pedales","status":"publish","type":"product","link":"https:\/\/shop.camac-harps.com\/fr\/produit\/cle-daccord-en-caoutchouc-pour-harpe-a-pedales\/","title":{"rendered":"Cl\u00e9 d&rsquo;accord en caoutchouc pour harpe \u00e0 p\u00e9dales &#8211; noir"},"content":{"rendered":"<p>Cette cl\u00e9 d&rsquo;accord en caoutchouc est parfaitement ajust\u00e9e aux dimensions des chevilles des harpes \u00e0 p\u00e9dales Camac. Sa mati\u00e8re souple permet de limiter les chocs en cas de chute de la cl\u00e9 sur la harpe.<\/p>\n","protected":false},"excerpt":{"rendered":"<p>Cette cl\u00e9 d&rsquo;accord en caoutchouc est parfaitement ajust\u00e9e aux dimensions des chevilles des harpes \u00e0 p\u00e9dales Camac. Sa mati\u00e8re souple permet de limiter les chocs en cas de chute de la cl\u00e9 sur la harpe.<\/p>\n","protected":false},"featured_media":44498,"comment_status":"open","ping_status":"closed","template":"","meta":{"_acf_changed":false},"product_brand":[],"product_cat":[39,87],"product_tag":[],"class_list":{"0":"post-16624","1":"product","2":"type-product","3":"status-publish","4":"has-post-thumbnail","6":"product_cat-accessoires-housses","7":"product_cat-cles-daccord-et-divers","9":"first","10":"instock","11":"taxable","12":"shipping-taxable","13":"purchasable","14":"product-type-simple"},"acf":[],"yoast_head":"<title>Cl\u00e9 d&#039;accord en caoutchouc pour harpe \u00e0 p\u00e9dales - noir - Boutique en ligne Camac<\/title>\n<meta name=\"description\" content=\"Compatible avec nos harpes \u00e0 p\u00e9dales, ainsi que nos harpes celtiques fabriqu\u00e9es apr\u00e8s 2000 | 7 couleurs au choix | Disponible en ligne.\" \/>\n<meta name=\"robots\" content=\"index, follow, max-snippet:-1, max-image-preview:large, max-video-preview:-1\" \/>\n<link rel=\"canonical\" href=\"https:\/\/shop.camac-harps.com\/fr\/produit\/cle-daccord-en-caoutchouc-pour-harpe-a-pedales\/\" \/>\n<meta property=\"og:locale\" content=\"fr_FR\" \/>\n<meta property=\"og:type\" content=\"article\" \/>\n<meta property=\"og:title\" content=\"Cl\u00e9 d&#039;accord en caoutchouc pour harpe \u00e0 p\u00e9dales - noir - Boutique en ligne Camac\" \/>\n<meta property=\"og:description\" content=\"Compatible avec nos harpes \u00e0 p\u00e9dales, ainsi que nos harpes celtiques fabriqu\u00e9es apr\u00e8s 2000 | 7 couleurs au choix | Disponible en ligne.\" \/>\n<meta property=\"og:url\" content=\"https:\/\/shop.camac-harps.com\/fr\/produit\/cle-daccord-en-caoutchouc-pour-harpe-a-pedales\/\" \/>\n<meta property=\"og:site_name\" content=\"Camac Harps Shop\" \/>\n<meta property=\"article:modified_time\" content=\"2025-02-14T16:49:17+00:00\" \/>\n<meta property=\"og:image\" content=\"https:\/\/shop.camac-harps.com\/wp-content\/uploads\/sites\/25\/2022\/02\/cle-gh.jpg\" \/>\n\t<meta property=\"og:image:width\" content=\"300\" \/>\n\t<meta property=\"og:image:height\" content=\"225\" \/>\n\t<meta property=\"og:image:type\" content=\"image\/jpeg\" \/>\n<meta name=\"twitter:card\" content=\"summary_large_image\" \/>\n<meta name=\"twitter:label1\" content=\"Dur\u00e9e de lecture estim\u00e9e\" \/>\n\t<meta name=\"twitter:data1\" content=\"1 minute\" \/>\n<script type=\"application\/ld+json\" class=\"yoast-schema-graph\">{\"@context\":\"https:\/\/schema.org\",\"@graph\":[{\"@type\":\"WebPage\",\"@id\":\"https:\/\/shop.camac-harps.com\/fr\/produit\/cle-daccord-en-caoutchouc-pour-harpe-a-pedales\/\",\"url\":\"https:\/\/shop.camac-harps.com\/fr\/produit\/cle-daccord-en-caoutchouc-pour-harpe-a-pedales\/\",\"name\":\"Cl\u00e9 d'accord en caoutchouc pour harpe \u00e0 p\u00e9dales - noir - Boutique en ligne Camac\",\"isPartOf\":{\"@id\":\"https:\/\/shop.camac-harps.com\/fr\/#website\"},\"primaryImageOfPage\":{\"@id\":\"https:\/\/shop.camac-harps.com\/fr\/produit\/cle-daccord-en-caoutchouc-pour-harpe-a-pedales\/#primaryimage\"},\"image\":{\"@id\":\"https:\/\/shop.camac-harps.com\/fr\/produit\/cle-daccord-en-caoutchouc-pour-harpe-a-pedales\/#primaryimage\"},\"thumbnailUrl\":\"https:\/\/shop.camac-harps.com\/wp-content\/uploads\/sites\/25\/2022\/02\/cle-gh.jpg\",\"datePublished\":\"2018-07-06T13:28:51+00:00\",\"dateModified\":\"2025-02-14T16:49:17+00:00\",\"description\":\"Compatible avec nos harpes \u00e0 p\u00e9dales, ainsi que nos harpes celtiques fabriqu\u00e9es apr\u00e8s 2000 | 7 couleurs au choix | Disponible en ligne.\",\"breadcrumb\":{\"@id\":\"https:\/\/shop.camac-harps.com\/fr\/produit\/cle-daccord-en-caoutchouc-pour-harpe-a-pedales\/#breadcrumb\"},\"inLanguage\":\"fr-FR\",\"potentialAction\":[{\"@type\":\"ReadAction\",\"target\":[\"https:\/\/shop.camac-harps.com\/fr\/produit\/cle-daccord-en-caoutchouc-pour-harpe-a-pedales\/\"]}]},{\"@type\":\"ImageObject\",\"inLanguage\":\"fr-FR\",\"@id\":\"https:\/\/shop.camac-harps.com\/fr\/produit\/cle-daccord-en-caoutchouc-pour-harpe-a-pedales\/#primaryimage\",\"url\":\"https:\/\/shop.camac-harps.com\/wp-content\/uploads\/sites\/25\/2022\/02\/cle-gh.jpg\",\"contentUrl\":\"https:\/\/shop.camac-harps.com\/wp-content\/uploads\/sites\/25\/2022\/02\/cle-gh.jpg\",\"width\":300,\"height\":225,\"caption\":\"Cl\u00e9 d'accord noir\"},{\"@type\":\"BreadcrumbList\",\"@id\":\"https:\/\/shop.camac-harps.com\/fr\/produit\/cle-daccord-en-caoutchouc-pour-harpe-a-pedales\/#breadcrumb\",\"itemListElement\":[{\"@type\":\"ListItem\",\"position\":1,\"name\":\"Home\",\"item\":\"https:\/\/shop.camac-harps.com\/fr\/homepage\/\"},{\"@type\":\"ListItem\",\"position\":2,\"name\":\"Accueil\",\"item\":\"https:\/\/shop.camac-harps.com\/fr\/homepage\/\"},{\"@type\":\"ListItem\",\"position\":3,\"name\":\"Cl\u00e9 d&#8217;accord en caoutchouc pour harpe \u00e0 p\u00e9dales &#8211; noir\"}]},{\"@type\":\"WebSite\",\"@id\":\"https:\/\/shop.camac-harps.com\/fr\/#website\",\"url\":\"https:\/\/shop.camac-harps.com\/fr\/\",\"name\":\"Camac Harps Shop\",\"description\":\"\",\"potentialAction\":[{\"@type\":\"SearchAction\",\"target\":{\"@type\":\"EntryPoint\",\"urlTemplate\":\"https:\/\/shop.camac-harps.com\/fr\/?s={search_term_string}\"},\"query-input\":{\"@type\":\"PropertyValueSpecification\",\"valueRequired\":true,\"valueName\":\"search_term_string\"}}],\"inLanguage\":\"fr-FR\"}]}<\/script>","yoast_head_json":{"title":"Cl\u00e9 d'accord en caoutchouc pour harpe \u00e0 p\u00e9dales - noir - Boutique en ligne Camac","description":"Compatible avec nos harpes \u00e0 p\u00e9dales, ainsi que nos harpes celtiques fabriqu\u00e9es apr\u00e8s 2000 | 7 couleurs au choix | Disponible en ligne.","robots":{"index":"index","follow":"follow","max-snippet":"max-snippet:-1","max-image-preview":"max-image-preview:large","max-video-preview":"max-video-preview:-1"},"canonical":"https:\/\/shop.camac-harps.com\/fr\/produit\/cle-daccord-en-caoutchouc-pour-harpe-a-pedales\/","og_locale":"fr_FR","og_type":"article","og_title":"Cl\u00e9 d'accord en caoutchouc pour harpe \u00e0 p\u00e9dales - noir - Boutique en ligne Camac","og_description":"Compatible avec nos harpes \u00e0 p\u00e9dales, ainsi que nos harpes celtiques fabriqu\u00e9es apr\u00e8s 2000 | 7 couleurs au choix | Disponible en ligne.","og_url":"https:\/\/shop.camac-harps.com\/fr\/produit\/cle-daccord-en-caoutchouc-pour-harpe-a-pedales\/","og_site_name":"Camac Harps Shop","article_modified_time":"2025-02-14T16:49:17+00:00","og_image":[{"width":300,"height":225,"url":"https:\/\/shop.camac-harps.com\/wp-content\/uploads\/sites\/25\/2022\/02\/cle-gh.jpg","type":"image\/jpeg"}],"twitter_card":"summary_large_image","twitter_misc":{"Dur\u00e9e de lecture estim\u00e9e":"1 minute"},"schema":{"@context":"https:\/\/schema.org","@graph":[{"@type":"WebPage","@id":"https:\/\/shop.camac-harps.com\/fr\/produit\/cle-daccord-en-caoutchouc-pour-harpe-a-pedales\/","url":"https:\/\/shop.camac-harps.com\/fr\/produit\/cle-daccord-en-caoutchouc-pour-harpe-a-pedales\/","name":"Cl\u00e9 d'accord en caoutchouc pour harpe \u00e0 p\u00e9dales - noir - Boutique en ligne Camac","isPartOf":{"@id":"https:\/\/shop.camac-harps.com\/fr\/#website"},"primaryImageOfPage":{"@id":"https:\/\/shop.camac-harps.com\/fr\/produit\/cle-daccord-en-caoutchouc-pour-harpe-a-pedales\/#primaryimage"},"image":{"@id":"https:\/\/shop.camac-harps.com\/fr\/produit\/cle-daccord-en-caoutchouc-pour-harpe-a-pedales\/#primaryimage"},"thumbnailUrl":"https:\/\/shop.camac-harps.com\/wp-content\/uploads\/sites\/25\/2022\/02\/cle-gh.jpg","datePublished":"2018-07-06T13:28:51+00:00","dateModified":"2025-02-14T16:49:17+00:00","description":"Compatible avec nos harpes \u00e0 p\u00e9dales, ainsi que nos harpes celtiques fabriqu\u00e9es apr\u00e8s 2000 | 7 couleurs au choix | Disponible en ligne.","breadcrumb":{"@id":"https:\/\/shop.camac-harps.com\/fr\/produit\/cle-daccord-en-caoutchouc-pour-harpe-a-pedales\/#breadcrumb"},"inLanguage":"fr-FR","potentialAction":[{"@type":"ReadAction","target":["https:\/\/shop.camac-harps.com\/fr\/produit\/cle-daccord-en-caoutchouc-pour-harpe-a-pedales\/"]}]},{"@type":"ImageObject","inLanguage":"fr-FR","@id":"https:\/\/shop.camac-harps.com\/fr\/produit\/cle-daccord-en-caoutchouc-pour-harpe-a-pedales\/#primaryimage","url":"https:\/\/shop.camac-harps.com\/wp-content\/uploads\/sites\/25\/2022\/02\/cle-gh.jpg","contentUrl":"https:\/\/shop.camac-harps.com\/wp-content\/uploads\/sites\/25\/2022\/02\/cle-gh.jpg","width":300,"height":225,"caption":"Cl\u00e9 d'accord noir"},{"@type":"BreadcrumbList","@id":"https:\/\/shop.camac-harps.com\/fr\/produit\/cle-daccord-en-caoutchouc-pour-harpe-a-pedales\/#breadcrumb","itemListElement":[{"@type":"ListItem","position":1,"name":"Home","item":"https:\/\/shop.camac-harps.com\/fr\/homepage\/"},{"@type":"ListItem","position":2,"name":"Accueil","item":"https:\/\/shop.camac-harps.com\/fr\/homepage\/"},{"@type":"ListItem","position":3,"name":"Cl\u00e9 d&#8217;accord en caoutchouc pour harpe \u00e0 p\u00e9dales &#8211; noir"}]},{"@type":"WebSite","@id":"https:\/\/shop.camac-harps.com\/fr\/#website","url":"https:\/\/shop.camac-harps.com\/fr\/","name":"Camac Harps Shop","description":"","potentialAction":[{"@type":"SearchAction","target":{"@type":"EntryPoint","urlTemplate":"https:\/\/shop.camac-harps.com\/fr\/?s={search_term_string}"},"query-input":{"@type":"PropertyValueSpecification","valueRequired":true,"valueName":"search_term_string"}}],"inLanguage":"fr-FR"}]}},"_links":{"self":[{"href":"https:\/\/shop.camac-harps.com\/fr\/wp-json\/wp\/v2\/product\/16624","targetHints":{"allow":["GET"]}}],"collection":[{"href":"https:\/\/shop.camac-harps.com\/fr\/wp-json\/wp\/v2\/product"}],"about":[{"href":"https:\/\/shop.camac-harps.com\/fr\/wp-json\/wp\/v2\/types\/product"}],"replies":[{"embeddable":true,"href":"https:\/\/shop.camac-harps.com\/fr\/wp-json\/wp\/v2\/comments?post=16624"}],"wp:featuredmedia":[{"embeddable":true,"href":"https:\/\/shop.camac-harps.com\/fr\/wp-json\/wp\/v2\/media\/44498"}],"wp:attachment":[{"href":"https:\/\/shop.camac-harps.com\/fr\/wp-json\/wp\/v2\/media?parent=16624"}],"wp:term":[{"taxonomy":"product_brand","embeddable":true,"href":"https:\/\/shop.camac-harps.com\/fr\/wp-json\/wp\/v2\/product_brand?post=16624"},{"taxonomy":"product_cat","embeddable":true,"href":"https:\/\/shop.camac-harps.com\/fr\/wp-json\/wp\/v2\/product_cat?post=16624"},{"taxonomy":"product_tag","embeddable":true,"href":"https:\/\/shop.camac-harps.com\/fr\/wp-json\/wp\/v2\/product_tag?post=16624"}],"curies":[{"name":"wp","href":"https:\/\/api.w.org\/{rel}","templated":true}]}}