{"id":17254,"date":"2018-07-06T13:42:18","date_gmt":"2018-07-06T13:42:18","guid":{"rendered":"https:\/\/shop.camac-harps.com\/product\/renie-henriette-classiques-de-la-harpe-recueil-n-2-2\/"},"modified":"2024-11-07T15:08:46","modified_gmt":"2024-11-07T15:08:46","slug":"renie-henriette-classiques-de-la-harpe-recueil-n-2","status":"publish","type":"product","link":"https:\/\/shop.camac-harps.com\/fr\/produit\/renie-henriette-classiques-de-la-harpe-recueil-n-2\/","title":{"rendered":"RENIE Henriette : Classiques de la harpe, recueil n\u00b0 2"},"content":{"rendered":"<ul style=\"list-style-type: circle;\">\n<li>Daquin : L&rsquo;Hirondelle<\/li>\n<li>Zipoli : Sarabande et Gigue\u00a0<\/li>\n<li>Scarlatti : Pi\u00e8ce en R\u00e9<\/li>\n<li>Lully : C\u00e9l\u00e8bre Gavotte en Rondeau ( Ballets du Roy )\u00a0<\/li>\n<li>Mendelssohn : Barcarolle ( Romance sans paroles n\u00b0 6 )<\/li>\n<li>Chopin : Pr\u00e9ludes n\u00b0 20 et 23\u00a0<\/li>\n<\/ul>\n","protected":false},"excerpt":{"rendered":"<p>Daquin : L&rsquo;Hirondelle Zipoli : Sarabande et Gigue\u00a0 Scarlatti : Pi\u00e8ce en R\u00e9 Lully : C\u00e9l\u00e8bre Gavotte en Rondeau ( Ballets du Roy )\u00a0 Mendelssohn : Barcarolle ( Romance sans paroles n\u00b0 6 ) Chopin : Pr\u00e9ludes n\u00b0 20 et 23\u00a0<\/p>\n","protected":false},"featured_media":6189,"comment_status":"open","ping_status":"closed","template":"","meta":{"_acf_changed":false},"product_brand":[],"product_cat":[33,45],"product_tag":[],"class_list":{"0":"post-17254","1":"product","2":"type-product","3":"status-publish","4":"has-post-thumbnail","6":"product_cat-partitions-pour-harpe","7":"product_cat-solos-harpe-a-pedales","9":"first","10":"instock","11":"taxable","12":"shipping-taxable","13":"purchasable","14":"product-type-simple"},"acf":[],"yoast_head":"<title>RENIE Henriette : Classiques de la harpe, recueil n\u00b0 2 - Camac Harps Shop<\/title>\n<meta name=\"robots\" content=\"index, follow, max-snippet:-1, max-image-preview:large, max-video-preview:-1\" \/>\n<link rel=\"canonical\" href=\"https:\/\/shop.camac-harps.com\/fr\/produit\/renie-henriette-classiques-de-la-harpe-recueil-n-2\/\" \/>\n<meta property=\"og:locale\" content=\"fr_FR\" \/>\n<meta property=\"og:type\" content=\"article\" \/>\n<meta property=\"og:title\" content=\"RENIE Henriette : Classiques de la harpe, recueil n\u00b0 2 - Camac Harps Shop\" \/>\n<meta property=\"og:description\" content=\"Daquin : L&rsquo;Hirondelle Zipoli : Sarabande et Gigue\u00a0 Scarlatti : Pi\u00e8ce en R\u00e9 Lully : C\u00e9l\u00e8bre Gavotte en Rondeau ( Ballets du Roy )\u00a0 Mendelssohn : Barcarolle ( Romance sans paroles n\u00b0 6 ) Chopin : Pr\u00e9ludes n\u00b0 20 et 23\u00a0\" \/>\n<meta property=\"og:url\" content=\"https:\/\/shop.camac-harps.com\/fr\/produit\/renie-henriette-classiques-de-la-harpe-recueil-n-2\/\" \/>\n<meta property=\"og:site_name\" content=\"Camac Harps Shop\" \/>\n<meta property=\"article:modified_time\" content=\"2024-11-07T15:08:46+00:00\" \/>\n<meta property=\"og:image\" content=\"https:\/\/shop.camac-harps.com\/wp-content\/uploads\/sites\/25\/2018\/07\/reh08-e1569483945822.jpg\" \/>\n\t<meta property=\"og:image:width\" content=\"411\" \/>\n\t<meta property=\"og:image:height\" content=\"562\" \/>\n\t<meta property=\"og:image:type\" content=\"image\/jpeg\" \/>\n<meta name=\"twitter:card\" content=\"summary_large_image\" \/>\n<meta name=\"twitter:label1\" content=\"Dur\u00e9e de lecture estim\u00e9e\" \/>\n\t<meta name=\"twitter:data1\" content=\"1 minute\" \/>\n<script type=\"application\/ld+json\" class=\"yoast-schema-graph\">{\"@context\":\"https:\/\/schema.org\",\"@graph\":[{\"@type\":\"WebPage\",\"@id\":\"https:\/\/shop.camac-harps.com\/fr\/produit\/renie-henriette-classiques-de-la-harpe-recueil-n-2\/\",\"url\":\"https:\/\/shop.camac-harps.com\/fr\/produit\/renie-henriette-classiques-de-la-harpe-recueil-n-2\/\",\"name\":\"RENIE Henriette : Classiques de la harpe, recueil n\u00b0 2 - Camac Harps Shop\",\"isPartOf\":{\"@id\":\"https:\/\/shop.camac-harps.com\/fr\/#website\"},\"primaryImageOfPage\":{\"@id\":\"https:\/\/shop.camac-harps.com\/fr\/produit\/renie-henriette-classiques-de-la-harpe-recueil-n-2\/#primaryimage\"},\"image\":{\"@id\":\"https:\/\/shop.camac-harps.com\/fr\/produit\/renie-henriette-classiques-de-la-harpe-recueil-n-2\/#primaryimage\"},\"thumbnailUrl\":\"https:\/\/shop.camac-harps.com\/wp-content\/uploads\/sites\/25\/2018\/07\/reh08-e1569483945822.jpg\",\"datePublished\":\"2018-07-06T13:42:18+00:00\",\"dateModified\":\"2024-11-07T15:08:46+00:00\",\"breadcrumb\":{\"@id\":\"https:\/\/shop.camac-harps.com\/fr\/produit\/renie-henriette-classiques-de-la-harpe-recueil-n-2\/#breadcrumb\"},\"inLanguage\":\"fr-FR\",\"potentialAction\":[{\"@type\":\"ReadAction\",\"target\":[\"https:\/\/shop.camac-harps.com\/fr\/produit\/renie-henriette-classiques-de-la-harpe-recueil-n-2\/\"]}]},{\"@type\":\"ImageObject\",\"inLanguage\":\"fr-FR\",\"@id\":\"https:\/\/shop.camac-harps.com\/fr\/produit\/renie-henriette-classiques-de-la-harpe-recueil-n-2\/#primaryimage\",\"url\":\"https:\/\/shop.camac-harps.com\/wp-content\/uploads\/sites\/25\/2018\/07\/reh08-e1569483945822.jpg\",\"contentUrl\":\"https:\/\/shop.camac-harps.com\/wp-content\/uploads\/sites\/25\/2018\/07\/reh08-e1569483945822.jpg\",\"width\":411,\"height\":562,\"caption\":\"RENIE Henriette : Classiques de la harpe, recueil n\u00b0 2\"},{\"@type\":\"BreadcrumbList\",\"@id\":\"https:\/\/shop.camac-harps.com\/fr\/produit\/renie-henriette-classiques-de-la-harpe-recueil-n-2\/#breadcrumb\",\"itemListElement\":[{\"@type\":\"ListItem\",\"position\":1,\"name\":\"Home\",\"item\":\"https:\/\/shop.camac-harps.com\/fr\/homepage\/\"},{\"@type\":\"ListItem\",\"position\":2,\"name\":\"Accueil\",\"item\":\"https:\/\/shop.camac-harps.com\/fr\/homepage\/\"},{\"@type\":\"ListItem\",\"position\":3,\"name\":\"RENIE Henriette : Classiques de la harpe, recueil n\u00b0 2\"}]},{\"@type\":\"WebSite\",\"@id\":\"https:\/\/shop.camac-harps.com\/fr\/#website\",\"url\":\"https:\/\/shop.camac-harps.com\/fr\/\",\"name\":\"Camac Harps Shop\",\"description\":\"\",\"potentialAction\":[{\"@type\":\"SearchAction\",\"target\":{\"@type\":\"EntryPoint\",\"urlTemplate\":\"https:\/\/shop.camac-harps.com\/fr\/?s={search_term_string}\"},\"query-input\":{\"@type\":\"PropertyValueSpecification\",\"valueRequired\":true,\"valueName\":\"search_term_string\"}}],\"inLanguage\":\"fr-FR\"}]}<\/script>","yoast_head_json":{"title":"RENIE Henriette : Classiques de la harpe, recueil n\u00b0 2 - Camac Harps Shop","robots":{"index":"index","follow":"follow","max-snippet":"max-snippet:-1","max-image-preview":"max-image-preview:large","max-video-preview":"max-video-preview:-1"},"canonical":"https:\/\/shop.camac-harps.com\/fr\/produit\/renie-henriette-classiques-de-la-harpe-recueil-n-2\/","og_locale":"fr_FR","og_type":"article","og_title":"RENIE Henriette : Classiques de la harpe, recueil n\u00b0 2 - Camac Harps Shop","og_description":"Daquin : L&rsquo;Hirondelle Zipoli : Sarabande et Gigue\u00a0 Scarlatti : Pi\u00e8ce en R\u00e9 Lully : C\u00e9l\u00e8bre Gavotte en Rondeau ( Ballets du Roy )\u00a0 Mendelssohn : Barcarolle ( Romance sans paroles n\u00b0 6 ) Chopin : Pr\u00e9ludes n\u00b0 20 et 23\u00a0","og_url":"https:\/\/shop.camac-harps.com\/fr\/produit\/renie-henriette-classiques-de-la-harpe-recueil-n-2\/","og_site_name":"Camac Harps Shop","article_modified_time":"2024-11-07T15:08:46+00:00","og_image":[{"width":411,"height":562,"url":"https:\/\/shop.camac-harps.com\/wp-content\/uploads\/sites\/25\/2018\/07\/reh08-e1569483945822.jpg","type":"image\/jpeg"}],"twitter_card":"summary_large_image","twitter_misc":{"Dur\u00e9e de lecture estim\u00e9e":"1 minute"},"schema":{"@context":"https:\/\/schema.org","@graph":[{"@type":"WebPage","@id":"https:\/\/shop.camac-harps.com\/fr\/produit\/renie-henriette-classiques-de-la-harpe-recueil-n-2\/","url":"https:\/\/shop.camac-harps.com\/fr\/produit\/renie-henriette-classiques-de-la-harpe-recueil-n-2\/","name":"RENIE Henriette : Classiques de la harpe, recueil n\u00b0 2 - Camac Harps Shop","isPartOf":{"@id":"https:\/\/shop.camac-harps.com\/fr\/#website"},"primaryImageOfPage":{"@id":"https:\/\/shop.camac-harps.com\/fr\/produit\/renie-henriette-classiques-de-la-harpe-recueil-n-2\/#primaryimage"},"image":{"@id":"https:\/\/shop.camac-harps.com\/fr\/produit\/renie-henriette-classiques-de-la-harpe-recueil-n-2\/#primaryimage"},"thumbnailUrl":"https:\/\/shop.camac-harps.com\/wp-content\/uploads\/sites\/25\/2018\/07\/reh08-e1569483945822.jpg","datePublished":"2018-07-06T13:42:18+00:00","dateModified":"2024-11-07T15:08:46+00:00","breadcrumb":{"@id":"https:\/\/shop.camac-harps.com\/fr\/produit\/renie-henriette-classiques-de-la-harpe-recueil-n-2\/#breadcrumb"},"inLanguage":"fr-FR","potentialAction":[{"@type":"ReadAction","target":["https:\/\/shop.camac-harps.com\/fr\/produit\/renie-henriette-classiques-de-la-harpe-recueil-n-2\/"]}]},{"@type":"ImageObject","inLanguage":"fr-FR","@id":"https:\/\/shop.camac-harps.com\/fr\/produit\/renie-henriette-classiques-de-la-harpe-recueil-n-2\/#primaryimage","url":"https:\/\/shop.camac-harps.com\/wp-content\/uploads\/sites\/25\/2018\/07\/reh08-e1569483945822.jpg","contentUrl":"https:\/\/shop.camac-harps.com\/wp-content\/uploads\/sites\/25\/2018\/07\/reh08-e1569483945822.jpg","width":411,"height":562,"caption":"RENIE Henriette : Classiques de la harpe, recueil n\u00b0 2"},{"@type":"BreadcrumbList","@id":"https:\/\/shop.camac-harps.com\/fr\/produit\/renie-henriette-classiques-de-la-harpe-recueil-n-2\/#breadcrumb","itemListElement":[{"@type":"ListItem","position":1,"name":"Home","item":"https:\/\/shop.camac-harps.com\/fr\/homepage\/"},{"@type":"ListItem","position":2,"name":"Accueil","item":"https:\/\/shop.camac-harps.com\/fr\/homepage\/"},{"@type":"ListItem","position":3,"name":"RENIE Henriette : Classiques de la harpe, recueil n\u00b0 2"}]},{"@type":"WebSite","@id":"https:\/\/shop.camac-harps.com\/fr\/#website","url":"https:\/\/shop.camac-harps.com\/fr\/","name":"Camac Harps Shop","description":"","potentialAction":[{"@type":"SearchAction","target":{"@type":"EntryPoint","urlTemplate":"https:\/\/shop.camac-harps.com\/fr\/?s={search_term_string}"},"query-input":{"@type":"PropertyValueSpecification","valueRequired":true,"valueName":"search_term_string"}}],"inLanguage":"fr-FR"}]}},"_links":{"self":[{"href":"https:\/\/shop.camac-harps.com\/fr\/wp-json\/wp\/v2\/product\/17254","targetHints":{"allow":["GET"]}}],"collection":[{"href":"https:\/\/shop.camac-harps.com\/fr\/wp-json\/wp\/v2\/product"}],"about":[{"href":"https:\/\/shop.camac-harps.com\/fr\/wp-json\/wp\/v2\/types\/product"}],"replies":[{"embeddable":true,"href":"https:\/\/shop.camac-harps.com\/fr\/wp-json\/wp\/v2\/comments?post=17254"}],"wp:featuredmedia":[{"embeddable":true,"href":"https:\/\/shop.camac-harps.com\/fr\/wp-json\/wp\/v2\/media\/6189"}],"wp:attachment":[{"href":"https:\/\/shop.camac-harps.com\/fr\/wp-json\/wp\/v2\/media?parent=17254"}],"wp:term":[{"taxonomy":"product_brand","embeddable":true,"href":"https:\/\/shop.camac-harps.com\/fr\/wp-json\/wp\/v2\/product_brand?post=17254"},{"taxonomy":"product_cat","embeddable":true,"href":"https:\/\/shop.camac-harps.com\/fr\/wp-json\/wp\/v2\/product_cat?post=17254"},{"taxonomy":"product_tag","embeddable":true,"href":"https:\/\/shop.camac-harps.com\/fr\/wp-json\/wp\/v2\/product_tag?post=17254"}],"curies":[{"name":"wp","href":"https:\/\/api.w.org\/{rel}","templated":true}]}}