{"id":18667,"date":"2018-07-06T14:13:32","date_gmt":"2018-07-06T14:13:32","guid":{"rendered":"https:\/\/shop.camac-harps.com\/product\/corde-fluoro-carbone-pour-isolde-version-classique-si-0\/"},"modified":"2026-04-01T15:51:37","modified_gmt":"2026-04-01T15:51:37","slug":"corde-fluorocarbone-kurschner-pour-harpe-isolde-classique-si-0","status":"publish","type":"product","link":"https:\/\/shop.camac-harps.com\/fr\/produit\/corde-fluorocarbone-kurschner-pour-harpe-isolde-classique-si-0\/","title":{"rendered":"Corde fluorocarbone (K\u00fcrschner) pour harpe Isolde Classique : Si 0"},"content":{"rendered":"","protected":false},"excerpt":{"rendered":"<p style=\"text-align: justify;\"><strong>Quelle est la diff\u00e9rence entre les cordes fluorocarbone K\u00fcrschner et les cordes Alliance Savarez ?<\/strong><\/p>\n<p>&nbsp;<\/p>\n<p style=\"text-align: justify;\">Il s&rsquo;agit du m\u00eame mat\u00e9riau, le fluorocarbone, mais quand les cordes K\u00fcrschner sont en monofilament dans les registres m\u00e9dium et grave, celles de Savarez sont en multifilament tress\u00e9. Certains harpistes pr\u00e9f\u00e8rent le son des cordes K\u00fcrschner dans le registre m\u00e9dium, mais trouvent le monofilament moins robuste que le multifilament tress\u00e9. Nous avons donc cr\u00e9\u00e9 les deux options pour l&rsquo;Isolde Classique, afin de r\u00e9pondre aux diff\u00e9rentes pr\u00e9f\u00e9rences et exigences des harpistes.<\/p>\n","protected":false},"featured_media":328,"comment_status":"open","ping_status":"closed","template":"","meta":{"_acf_changed":false},"product_brand":[],"product_cat":[66,36,123,405,497],"product_tag":[],"class_list":{"0":"post-18667","1":"product","2":"type-product","3":"status-publish","4":"has-post-thumbnail","6":"product_cat-cordes-individuelles","7":"product_cat-cordes-pour-harpe","8":"product_cat-cordes-pour-harpe-celtique","9":"product_cat-cordes-pour-isolde-classique-originales-kurschner","10":"product_cat-pour-harpe-celtique-a-cordes-fluorocarbone","12":"first","13":"instock","14":"taxable","15":"shipping-taxable","16":"purchasable","17":"product-type-simple"},"acf":[],"yoast_head":"<title>Corde fluorocarbone (K\u00fcrschner) pour harpe Isolde Classique | Si 0<\/title>\n<meta name=\"description\" content=\"Fluorocarbone offre une sonorit\u00e9 proche du boyau, il dure beaucoup plus longtemps, et il tient mieux l\u2019accord | Boutique en ligne Camac.\" \/>\n<meta name=\"robots\" content=\"index, follow, max-snippet:-1, max-image-preview:large, max-video-preview:-1\" \/>\n<link rel=\"canonical\" href=\"https:\/\/shop.camac-harps.com\/fr\/produit\/corde-fluorocarbone-kurschner-pour-harpe-isolde-classique-si-0\/\" \/>\n<meta property=\"og:locale\" content=\"fr_FR\" \/>\n<meta property=\"og:type\" content=\"article\" \/>\n<meta property=\"og:title\" content=\"Corde fluorocarbone (K\u00fcrschner) pour harpe Isolde Classique | Si 0\" \/>\n<meta property=\"og:description\" content=\"Fluorocarbone offre une sonorit\u00e9 proche du boyau, il dure beaucoup plus longtemps, et il tient mieux l\u2019accord | Boutique en ligne Camac.\" \/>\n<meta property=\"og:url\" content=\"https:\/\/shop.camac-harps.com\/fr\/produit\/corde-fluorocarbone-kurschner-pour-harpe-isolde-classique-si-0\/\" \/>\n<meta property=\"og:site_name\" content=\"Camac Harps Shop\" \/>\n<meta property=\"article:modified_time\" content=\"2026-04-01T15:51:37+00:00\" \/>\n<meta property=\"og:image\" content=\"https:\/\/shop.camac-harps.com\/wp-content\/uploads\/sites\/25\/2018\/07\/kurschner.jpg\" \/>\n\t<meta property=\"og:image:width\" content=\"304\" \/>\n\t<meta property=\"og:image:height\" content=\"300\" \/>\n\t<meta property=\"og:image:type\" content=\"image\/jpeg\" \/>\n<meta name=\"twitter:card\" content=\"summary_large_image\" \/>\n<script type=\"application\/ld+json\" class=\"yoast-schema-graph\">{\"@context\":\"https:\/\/schema.org\",\"@graph\":[{\"@type\":\"WebPage\",\"@id\":\"https:\/\/shop.camac-harps.com\/fr\/produit\/corde-fluorocarbone-kurschner-pour-harpe-isolde-classique-si-0\/\",\"url\":\"https:\/\/shop.camac-harps.com\/fr\/produit\/corde-fluorocarbone-kurschner-pour-harpe-isolde-classique-si-0\/\",\"name\":\"Corde fluorocarbone (K\u00fcrschner) pour harpe Isolde Classique | Si 0\",\"isPartOf\":{\"@id\":\"https:\/\/shop.camac-harps.com\/fr\/#website\"},\"primaryImageOfPage\":{\"@id\":\"https:\/\/shop.camac-harps.com\/fr\/produit\/corde-fluorocarbone-kurschner-pour-harpe-isolde-classique-si-0\/#primaryimage\"},\"image\":{\"@id\":\"https:\/\/shop.camac-harps.com\/fr\/produit\/corde-fluorocarbone-kurschner-pour-harpe-isolde-classique-si-0\/#primaryimage\"},\"thumbnailUrl\":\"https:\/\/shop.camac-harps.com\/wp-content\/uploads\/sites\/25\/2018\/07\/kurschner.jpg\",\"datePublished\":\"2018-07-06T14:13:32+00:00\",\"dateModified\":\"2026-04-01T15:51:37+00:00\",\"description\":\"Fluorocarbone offre une sonorit\u00e9 proche du boyau, il dure beaucoup plus longtemps, et il tient mieux l\u2019accord | Boutique en ligne Camac.\",\"breadcrumb\":{\"@id\":\"https:\/\/shop.camac-harps.com\/fr\/produit\/corde-fluorocarbone-kurschner-pour-harpe-isolde-classique-si-0\/#breadcrumb\"},\"inLanguage\":\"fr-FR\",\"potentialAction\":[{\"@type\":\"ReadAction\",\"target\":[\"https:\/\/shop.camac-harps.com\/fr\/produit\/corde-fluorocarbone-kurschner-pour-harpe-isolde-classique-si-0\/\"]}]},{\"@type\":\"ImageObject\",\"inLanguage\":\"fr-FR\",\"@id\":\"https:\/\/shop.camac-harps.com\/fr\/produit\/corde-fluorocarbone-kurschner-pour-harpe-isolde-classique-si-0\/#primaryimage\",\"url\":\"https:\/\/shop.camac-harps.com\/wp-content\/uploads\/sites\/25\/2018\/07\/kurschner.jpg\",\"contentUrl\":\"https:\/\/shop.camac-harps.com\/wp-content\/uploads\/sites\/25\/2018\/07\/kurschner.jpg\",\"width\":304,\"height\":300,\"caption\":\"K\u00fcrschner fluorocarbon\"},{\"@type\":\"BreadcrumbList\",\"@id\":\"https:\/\/shop.camac-harps.com\/fr\/produit\/corde-fluorocarbone-kurschner-pour-harpe-isolde-classique-si-0\/#breadcrumb\",\"itemListElement\":[{\"@type\":\"ListItem\",\"position\":1,\"name\":\"Home\",\"item\":\"https:\/\/shop.camac-harps.com\/fr\/homepage\/\"},{\"@type\":\"ListItem\",\"position\":2,\"name\":\"Accueil\",\"item\":\"https:\/\/shop.camac-harps.com\/fr\/homepage\/\"},{\"@type\":\"ListItem\",\"position\":3,\"name\":\"Corde fluorocarbone (K\u00fcrschner) pour harpe Isolde Classique : Si 0\"}]},{\"@type\":\"WebSite\",\"@id\":\"https:\/\/shop.camac-harps.com\/fr\/#website\",\"url\":\"https:\/\/shop.camac-harps.com\/fr\/\",\"name\":\"Camac Harps Shop\",\"description\":\"\",\"potentialAction\":[{\"@type\":\"SearchAction\",\"target\":{\"@type\":\"EntryPoint\",\"urlTemplate\":\"https:\/\/shop.camac-harps.com\/fr\/?s={search_term_string}\"},\"query-input\":{\"@type\":\"PropertyValueSpecification\",\"valueRequired\":true,\"valueName\":\"search_term_string\"}}],\"inLanguage\":\"fr-FR\"}]}<\/script>","yoast_head_json":{"title":"Corde fluorocarbone (K\u00fcrschner) pour harpe Isolde Classique | Si 0","description":"Fluorocarbone offre une sonorit\u00e9 proche du boyau, il dure beaucoup plus longtemps, et il tient mieux l\u2019accord | Boutique en ligne Camac.","robots":{"index":"index","follow":"follow","max-snippet":"max-snippet:-1","max-image-preview":"max-image-preview:large","max-video-preview":"max-video-preview:-1"},"canonical":"https:\/\/shop.camac-harps.com\/fr\/produit\/corde-fluorocarbone-kurschner-pour-harpe-isolde-classique-si-0\/","og_locale":"fr_FR","og_type":"article","og_title":"Corde fluorocarbone (K\u00fcrschner) pour harpe Isolde Classique | Si 0","og_description":"Fluorocarbone offre une sonorit\u00e9 proche du boyau, il dure beaucoup plus longtemps, et il tient mieux l\u2019accord | Boutique en ligne Camac.","og_url":"https:\/\/shop.camac-harps.com\/fr\/produit\/corde-fluorocarbone-kurschner-pour-harpe-isolde-classique-si-0\/","og_site_name":"Camac Harps Shop","article_modified_time":"2026-04-01T15:51:37+00:00","og_image":[{"width":304,"height":300,"url":"https:\/\/shop.camac-harps.com\/wp-content\/uploads\/sites\/25\/2018\/07\/kurschner.jpg","type":"image\/jpeg"}],"twitter_card":"summary_large_image","schema":{"@context":"https:\/\/schema.org","@graph":[{"@type":"WebPage","@id":"https:\/\/shop.camac-harps.com\/fr\/produit\/corde-fluorocarbone-kurschner-pour-harpe-isolde-classique-si-0\/","url":"https:\/\/shop.camac-harps.com\/fr\/produit\/corde-fluorocarbone-kurschner-pour-harpe-isolde-classique-si-0\/","name":"Corde fluorocarbone (K\u00fcrschner) pour harpe Isolde Classique | Si 0","isPartOf":{"@id":"https:\/\/shop.camac-harps.com\/fr\/#website"},"primaryImageOfPage":{"@id":"https:\/\/shop.camac-harps.com\/fr\/produit\/corde-fluorocarbone-kurschner-pour-harpe-isolde-classique-si-0\/#primaryimage"},"image":{"@id":"https:\/\/shop.camac-harps.com\/fr\/produit\/corde-fluorocarbone-kurschner-pour-harpe-isolde-classique-si-0\/#primaryimage"},"thumbnailUrl":"https:\/\/shop.camac-harps.com\/wp-content\/uploads\/sites\/25\/2018\/07\/kurschner.jpg","datePublished":"2018-07-06T14:13:32+00:00","dateModified":"2026-04-01T15:51:37+00:00","description":"Fluorocarbone offre une sonorit\u00e9 proche du boyau, il dure beaucoup plus longtemps, et il tient mieux l\u2019accord | Boutique en ligne Camac.","breadcrumb":{"@id":"https:\/\/shop.camac-harps.com\/fr\/produit\/corde-fluorocarbone-kurschner-pour-harpe-isolde-classique-si-0\/#breadcrumb"},"inLanguage":"fr-FR","potentialAction":[{"@type":"ReadAction","target":["https:\/\/shop.camac-harps.com\/fr\/produit\/corde-fluorocarbone-kurschner-pour-harpe-isolde-classique-si-0\/"]}]},{"@type":"ImageObject","inLanguage":"fr-FR","@id":"https:\/\/shop.camac-harps.com\/fr\/produit\/corde-fluorocarbone-kurschner-pour-harpe-isolde-classique-si-0\/#primaryimage","url":"https:\/\/shop.camac-harps.com\/wp-content\/uploads\/sites\/25\/2018\/07\/kurschner.jpg","contentUrl":"https:\/\/shop.camac-harps.com\/wp-content\/uploads\/sites\/25\/2018\/07\/kurschner.jpg","width":304,"height":300,"caption":"K\u00fcrschner fluorocarbon"},{"@type":"BreadcrumbList","@id":"https:\/\/shop.camac-harps.com\/fr\/produit\/corde-fluorocarbone-kurschner-pour-harpe-isolde-classique-si-0\/#breadcrumb","itemListElement":[{"@type":"ListItem","position":1,"name":"Home","item":"https:\/\/shop.camac-harps.com\/fr\/homepage\/"},{"@type":"ListItem","position":2,"name":"Accueil","item":"https:\/\/shop.camac-harps.com\/fr\/homepage\/"},{"@type":"ListItem","position":3,"name":"Corde fluorocarbone (K\u00fcrschner) pour harpe Isolde Classique : Si 0"}]},{"@type":"WebSite","@id":"https:\/\/shop.camac-harps.com\/fr\/#website","url":"https:\/\/shop.camac-harps.com\/fr\/","name":"Camac Harps Shop","description":"","potentialAction":[{"@type":"SearchAction","target":{"@type":"EntryPoint","urlTemplate":"https:\/\/shop.camac-harps.com\/fr\/?s={search_term_string}"},"query-input":{"@type":"PropertyValueSpecification","valueRequired":true,"valueName":"search_term_string"}}],"inLanguage":"fr-FR"}]}},"_links":{"self":[{"href":"https:\/\/shop.camac-harps.com\/fr\/wp-json\/wp\/v2\/product\/18667","targetHints":{"allow":["GET"]}}],"collection":[{"href":"https:\/\/shop.camac-harps.com\/fr\/wp-json\/wp\/v2\/product"}],"about":[{"href":"https:\/\/shop.camac-harps.com\/fr\/wp-json\/wp\/v2\/types\/product"}],"replies":[{"embeddable":true,"href":"https:\/\/shop.camac-harps.com\/fr\/wp-json\/wp\/v2\/comments?post=18667"}],"wp:featuredmedia":[{"embeddable":true,"href":"https:\/\/shop.camac-harps.com\/fr\/wp-json\/wp\/v2\/media\/328"}],"wp:attachment":[{"href":"https:\/\/shop.camac-harps.com\/fr\/wp-json\/wp\/v2\/media?parent=18667"}],"wp:term":[{"taxonomy":"product_brand","embeddable":true,"href":"https:\/\/shop.camac-harps.com\/fr\/wp-json\/wp\/v2\/product_brand?post=18667"},{"taxonomy":"product_cat","embeddable":true,"href":"https:\/\/shop.camac-harps.com\/fr\/wp-json\/wp\/v2\/product_cat?post=18667"},{"taxonomy":"product_tag","embeddable":true,"href":"https:\/\/shop.camac-harps.com\/fr\/wp-json\/wp\/v2\/product_tag?post=18667"}],"curies":[{"name":"wp","href":"https:\/\/api.w.org\/{rel}","templated":true}]}}