{"id":18754,"date":"2018-07-06T14:15:20","date_gmt":"2018-07-06T14:15:20","guid":{"rendered":"https:\/\/shop.camac-harps.com\/product\/jeu-de-cordes-fluoro-carbone-pour-isolde-version-classique-do-00-a-re-26\/"},"modified":"2026-04-01T15:52:57","modified_gmt":"2026-04-01T15:52:57","slug":"jeu-de-cordes-originales-kurschner-pour-isolde-classique-do-00-au-re-26","status":"publish","type":"product","link":"https:\/\/shop.camac-harps.com\/fr\/produit\/jeu-de-cordes-originales-kurschner-pour-isolde-classique-do-00-au-re-26\/","title":{"rendered":"Jeu de cordes originales K\u00fcrschner pour Isolde Classique : Do 00 au R\u00e9 26"},"content":{"rendered":"<p><strong>Quelle est la diff\u00e9rence entre les cordes fluorocarbone K\u00fcrschner et les cordes Alliance Savarez ?<\/strong><\/p>\n<p style=\"text-align: justify\">Il s&rsquo;agit du m\u00eame mat\u00e9riau, le fluorocarbone, mais quand les cordes K\u00fcrschner sont en monofilament dans les registres m\u00e9dium et grave, celles de <a href=\"https:\/\/shop.camac-harps.com\/fr\/category\/cordes-pour-harpe\/cordes-par-jeu\/jeux-de-cordes-pour-harpe-celtique\/jeux-de-cordes-pour-isolde-celtique-ou-classique\/jeux-de-cordes-fluorocarbone-alliance-savarez-pour-isolde-classique\/\" target=\"_blank\" rel=\"noopener noreferrer\">Savarez<\/a> sont en multifilament tress\u00e9. Certains harpistes pr\u00e9f\u00e8rent le son des cordes K\u00fcrschner dans le registre m\u00e9dium, mais trouvent le monofilament moins robuste que le multifilament tress\u00e9. Nous avons donc cr\u00e9\u00e9 les deux options pour <a href=\"https:\/\/www.camac-harps.com\/fr\/harps-fr\/lever-fr\/isolde-%c2%b7-classic\/\">l&rsquo;Isolde Classique<\/a>, afin de r\u00e9pondre aux diff\u00e9rentes pr\u00e9f\u00e9rences et exigences des harpistes.\u00a0<\/p>\n","protected":false},"excerpt":{"rendered":"<p>Quelle est la diff\u00e9rence entre les cordes fluorocarbone K\u00fcrschner et les cordes Alliance Savarez ? Il s&rsquo;agit du m\u00eame mat\u00e9riau, le fluorocarbone, mais quand les cordes K\u00fcrschner sont en monofilament dans les registres m\u00e9dium et grave, celles de Savarez sont en multifilament tress\u00e9. Certains harpistes pr\u00e9f\u00e8rent le son des cordes K\u00fcrschner dans le registre m\u00e9dium, [&hellip;]<\/p>\n","protected":false},"featured_media":328,"comment_status":"open","ping_status":"closed","template":"","meta":{"_acf_changed":false},"product_brand":[],"product_cat":[69,36,481,783,789],"product_tag":[],"class_list":{"0":"post-18754","1":"product","2":"type-product","3":"status-publish","4":"has-post-thumbnail","6":"product_cat-cordes-par-jeu","7":"product_cat-cordes-pour-harpe","8":"product_cat-jeux-de-cordes-pour-harpe-celtique","9":"product_cat-jeux-de-cordes-pour-harpe-celtique-a-cordes-fluorocarbone","10":"product_cat-jeux-pour-isolde-classique-38-cordes","12":"first","13":"instock","14":"taxable","15":"shipping-taxable","16":"purchasable","17":"product-type-simple"},"acf":[],"yoast_head":"<title>Jeu de cordes fluorocarbone (K\u00fcrschner) \u2013 Isolde Classique<\/title>\n<meta name=\"description\" content=\"Jeu de cordes fluorocarbone (K\u00fcrschner) \u2013 Isolde Classique : Do 00 au R\u00e9 26 | En multifilament tress\u00e9 | Fluorocarbone robuste.\" \/>\n<meta name=\"robots\" content=\"index, follow, max-snippet:-1, max-image-preview:large, max-video-preview:-1\" \/>\n<link rel=\"canonical\" href=\"https:\/\/shop.camac-harps.com\/fr\/produit\/jeu-de-cordes-originales-kurschner-pour-isolde-classique-do-00-au-re-26\/\" \/>\n<meta property=\"og:locale\" content=\"fr_FR\" \/>\n<meta property=\"og:type\" content=\"article\" \/>\n<meta property=\"og:title\" content=\"Jeu de cordes fluorocarbone (K\u00fcrschner) \u2013 Isolde Classique\" \/>\n<meta property=\"og:description\" content=\"Jeu de cordes fluorocarbone (K\u00fcrschner) \u2013 Isolde Classique : Do 00 au R\u00e9 26 | En multifilament tress\u00e9 | Fluorocarbone robuste.\" \/>\n<meta property=\"og:url\" content=\"https:\/\/shop.camac-harps.com\/fr\/produit\/jeu-de-cordes-originales-kurschner-pour-isolde-classique-do-00-au-re-26\/\" \/>\n<meta property=\"og:site_name\" content=\"Camac Harps Shop\" \/>\n<meta property=\"article:modified_time\" content=\"2026-04-01T15:52:57+00:00\" \/>\n<meta property=\"og:image\" content=\"https:\/\/shop.camac-harps.com\/wp-content\/uploads\/sites\/25\/2018\/07\/kurschner.jpg\" \/>\n\t<meta property=\"og:image:width\" content=\"304\" \/>\n\t<meta property=\"og:image:height\" content=\"300\" \/>\n\t<meta property=\"og:image:type\" content=\"image\/jpeg\" \/>\n<meta name=\"twitter:card\" content=\"summary_large_image\" \/>\n<meta name=\"twitter:label1\" content=\"Dur\u00e9e de lecture estim\u00e9e\" \/>\n\t<meta name=\"twitter:data1\" content=\"1 minute\" \/>\n<script type=\"application\/ld+json\" class=\"yoast-schema-graph\">{\"@context\":\"https:\/\/schema.org\",\"@graph\":[{\"@type\":\"WebPage\",\"@id\":\"https:\/\/shop.camac-harps.com\/fr\/produit\/jeu-de-cordes-originales-kurschner-pour-isolde-classique-do-00-au-re-26\/\",\"url\":\"https:\/\/shop.camac-harps.com\/fr\/produit\/jeu-de-cordes-originales-kurschner-pour-isolde-classique-do-00-au-re-26\/\",\"name\":\"Jeu de cordes fluorocarbone (K\u00fcrschner) \u2013 Isolde Classique\",\"isPartOf\":{\"@id\":\"https:\/\/shop.camac-harps.com\/fr\/#website\"},\"primaryImageOfPage\":{\"@id\":\"https:\/\/shop.camac-harps.com\/fr\/produit\/jeu-de-cordes-originales-kurschner-pour-isolde-classique-do-00-au-re-26\/#primaryimage\"},\"image\":{\"@id\":\"https:\/\/shop.camac-harps.com\/fr\/produit\/jeu-de-cordes-originales-kurschner-pour-isolde-classique-do-00-au-re-26\/#primaryimage\"},\"thumbnailUrl\":\"https:\/\/shop.camac-harps.com\/wp-content\/uploads\/sites\/25\/2018\/07\/kurschner.jpg\",\"datePublished\":\"2018-07-06T14:15:20+00:00\",\"dateModified\":\"2026-04-01T15:52:57+00:00\",\"description\":\"Jeu de cordes fluorocarbone (K\u00fcrschner) \u2013 Isolde Classique : Do 00 au R\u00e9 26 | En multifilament tress\u00e9 | Fluorocarbone robuste.\",\"breadcrumb\":{\"@id\":\"https:\/\/shop.camac-harps.com\/fr\/produit\/jeu-de-cordes-originales-kurschner-pour-isolde-classique-do-00-au-re-26\/#breadcrumb\"},\"inLanguage\":\"fr-FR\",\"potentialAction\":[{\"@type\":\"ReadAction\",\"target\":[\"https:\/\/shop.camac-harps.com\/fr\/produit\/jeu-de-cordes-originales-kurschner-pour-isolde-classique-do-00-au-re-26\/\"]}]},{\"@type\":\"ImageObject\",\"inLanguage\":\"fr-FR\",\"@id\":\"https:\/\/shop.camac-harps.com\/fr\/produit\/jeu-de-cordes-originales-kurschner-pour-isolde-classique-do-00-au-re-26\/#primaryimage\",\"url\":\"https:\/\/shop.camac-harps.com\/wp-content\/uploads\/sites\/25\/2018\/07\/kurschner.jpg\",\"contentUrl\":\"https:\/\/shop.camac-harps.com\/wp-content\/uploads\/sites\/25\/2018\/07\/kurschner.jpg\",\"width\":304,\"height\":300,\"caption\":\"K\u00fcrschner fluorocarbon\"},{\"@type\":\"BreadcrumbList\",\"@id\":\"https:\/\/shop.camac-harps.com\/fr\/produit\/jeu-de-cordes-originales-kurschner-pour-isolde-classique-do-00-au-re-26\/#breadcrumb\",\"itemListElement\":[{\"@type\":\"ListItem\",\"position\":1,\"name\":\"Home\",\"item\":\"https:\/\/shop.camac-harps.com\/fr\/homepage\/\"},{\"@type\":\"ListItem\",\"position\":2,\"name\":\"Accueil\",\"item\":\"https:\/\/shop.camac-harps.com\/fr\/homepage\/\"},{\"@type\":\"ListItem\",\"position\":3,\"name\":\"Jeu de cordes originales K\u00fcrschner pour Isolde Classique : Do 00 au R\u00e9 26\"}]},{\"@type\":\"WebSite\",\"@id\":\"https:\/\/shop.camac-harps.com\/fr\/#website\",\"url\":\"https:\/\/shop.camac-harps.com\/fr\/\",\"name\":\"Camac Harps Shop\",\"description\":\"\",\"potentialAction\":[{\"@type\":\"SearchAction\",\"target\":{\"@type\":\"EntryPoint\",\"urlTemplate\":\"https:\/\/shop.camac-harps.com\/fr\/?s={search_term_string}\"},\"query-input\":{\"@type\":\"PropertyValueSpecification\",\"valueRequired\":true,\"valueName\":\"search_term_string\"}}],\"inLanguage\":\"fr-FR\"}]}<\/script>","yoast_head_json":{"title":"Jeu de cordes fluorocarbone (K\u00fcrschner) \u2013 Isolde Classique","description":"Jeu de cordes fluorocarbone (K\u00fcrschner) \u2013 Isolde Classique : Do 00 au R\u00e9 26 | En multifilament tress\u00e9 | Fluorocarbone robuste.","robots":{"index":"index","follow":"follow","max-snippet":"max-snippet:-1","max-image-preview":"max-image-preview:large","max-video-preview":"max-video-preview:-1"},"canonical":"https:\/\/shop.camac-harps.com\/fr\/produit\/jeu-de-cordes-originales-kurschner-pour-isolde-classique-do-00-au-re-26\/","og_locale":"fr_FR","og_type":"article","og_title":"Jeu de cordes fluorocarbone (K\u00fcrschner) \u2013 Isolde Classique","og_description":"Jeu de cordes fluorocarbone (K\u00fcrschner) \u2013 Isolde Classique : Do 00 au R\u00e9 26 | En multifilament tress\u00e9 | Fluorocarbone robuste.","og_url":"https:\/\/shop.camac-harps.com\/fr\/produit\/jeu-de-cordes-originales-kurschner-pour-isolde-classique-do-00-au-re-26\/","og_site_name":"Camac Harps Shop","article_modified_time":"2026-04-01T15:52:57+00:00","og_image":[{"width":304,"height":300,"url":"https:\/\/shop.camac-harps.com\/wp-content\/uploads\/sites\/25\/2018\/07\/kurschner.jpg","type":"image\/jpeg"}],"twitter_card":"summary_large_image","twitter_misc":{"Dur\u00e9e de lecture estim\u00e9e":"1 minute"},"schema":{"@context":"https:\/\/schema.org","@graph":[{"@type":"WebPage","@id":"https:\/\/shop.camac-harps.com\/fr\/produit\/jeu-de-cordes-originales-kurschner-pour-isolde-classique-do-00-au-re-26\/","url":"https:\/\/shop.camac-harps.com\/fr\/produit\/jeu-de-cordes-originales-kurschner-pour-isolde-classique-do-00-au-re-26\/","name":"Jeu de cordes fluorocarbone (K\u00fcrschner) \u2013 Isolde Classique","isPartOf":{"@id":"https:\/\/shop.camac-harps.com\/fr\/#website"},"primaryImageOfPage":{"@id":"https:\/\/shop.camac-harps.com\/fr\/produit\/jeu-de-cordes-originales-kurschner-pour-isolde-classique-do-00-au-re-26\/#primaryimage"},"image":{"@id":"https:\/\/shop.camac-harps.com\/fr\/produit\/jeu-de-cordes-originales-kurschner-pour-isolde-classique-do-00-au-re-26\/#primaryimage"},"thumbnailUrl":"https:\/\/shop.camac-harps.com\/wp-content\/uploads\/sites\/25\/2018\/07\/kurschner.jpg","datePublished":"2018-07-06T14:15:20+00:00","dateModified":"2026-04-01T15:52:57+00:00","description":"Jeu de cordes fluorocarbone (K\u00fcrschner) \u2013 Isolde Classique : Do 00 au R\u00e9 26 | En multifilament tress\u00e9 | Fluorocarbone robuste.","breadcrumb":{"@id":"https:\/\/shop.camac-harps.com\/fr\/produit\/jeu-de-cordes-originales-kurschner-pour-isolde-classique-do-00-au-re-26\/#breadcrumb"},"inLanguage":"fr-FR","potentialAction":[{"@type":"ReadAction","target":["https:\/\/shop.camac-harps.com\/fr\/produit\/jeu-de-cordes-originales-kurschner-pour-isolde-classique-do-00-au-re-26\/"]}]},{"@type":"ImageObject","inLanguage":"fr-FR","@id":"https:\/\/shop.camac-harps.com\/fr\/produit\/jeu-de-cordes-originales-kurschner-pour-isolde-classique-do-00-au-re-26\/#primaryimage","url":"https:\/\/shop.camac-harps.com\/wp-content\/uploads\/sites\/25\/2018\/07\/kurschner.jpg","contentUrl":"https:\/\/shop.camac-harps.com\/wp-content\/uploads\/sites\/25\/2018\/07\/kurschner.jpg","width":304,"height":300,"caption":"K\u00fcrschner fluorocarbon"},{"@type":"BreadcrumbList","@id":"https:\/\/shop.camac-harps.com\/fr\/produit\/jeu-de-cordes-originales-kurschner-pour-isolde-classique-do-00-au-re-26\/#breadcrumb","itemListElement":[{"@type":"ListItem","position":1,"name":"Home","item":"https:\/\/shop.camac-harps.com\/fr\/homepage\/"},{"@type":"ListItem","position":2,"name":"Accueil","item":"https:\/\/shop.camac-harps.com\/fr\/homepage\/"},{"@type":"ListItem","position":3,"name":"Jeu de cordes originales K\u00fcrschner pour Isolde Classique : Do 00 au R\u00e9 26"}]},{"@type":"WebSite","@id":"https:\/\/shop.camac-harps.com\/fr\/#website","url":"https:\/\/shop.camac-harps.com\/fr\/","name":"Camac Harps Shop","description":"","potentialAction":[{"@type":"SearchAction","target":{"@type":"EntryPoint","urlTemplate":"https:\/\/shop.camac-harps.com\/fr\/?s={search_term_string}"},"query-input":{"@type":"PropertyValueSpecification","valueRequired":true,"valueName":"search_term_string"}}],"inLanguage":"fr-FR"}]}},"_links":{"self":[{"href":"https:\/\/shop.camac-harps.com\/fr\/wp-json\/wp\/v2\/product\/18754","targetHints":{"allow":["GET"]}}],"collection":[{"href":"https:\/\/shop.camac-harps.com\/fr\/wp-json\/wp\/v2\/product"}],"about":[{"href":"https:\/\/shop.camac-harps.com\/fr\/wp-json\/wp\/v2\/types\/product"}],"replies":[{"embeddable":true,"href":"https:\/\/shop.camac-harps.com\/fr\/wp-json\/wp\/v2\/comments?post=18754"}],"wp:featuredmedia":[{"embeddable":true,"href":"https:\/\/shop.camac-harps.com\/fr\/wp-json\/wp\/v2\/media\/328"}],"wp:attachment":[{"href":"https:\/\/shop.camac-harps.com\/fr\/wp-json\/wp\/v2\/media?parent=18754"}],"wp:term":[{"taxonomy":"product_brand","embeddable":true,"href":"https:\/\/shop.camac-harps.com\/fr\/wp-json\/wp\/v2\/product_brand?post=18754"},{"taxonomy":"product_cat","embeddable":true,"href":"https:\/\/shop.camac-harps.com\/fr\/wp-json\/wp\/v2\/product_cat?post=18754"},{"taxonomy":"product_tag","embeddable":true,"href":"https:\/\/shop.camac-harps.com\/fr\/wp-json\/wp\/v2\/product_tag?post=18754"}],"curies":[{"name":"wp","href":"https:\/\/api.w.org\/{rel}","templated":true}]}}