{"id":18847,"date":"2018-07-06T14:17:21","date_gmt":"2018-07-06T14:17:21","guid":{"rendered":"https:\/\/shop.camac-harps.com\/product\/volta-jean-marc-images-sonores-2\/"},"modified":"2024-11-07T15:05:40","modified_gmt":"2024-11-07T15:05:40","slug":"volta-jean-marc-images-sonores","status":"publish","type":"product","link":"https:\/\/shop.camac-harps.com\/fr\/produit\/volta-jean-marc-images-sonores\/","title":{"rendered":"VOLTA Jean-Marc : Images sonores"},"content":{"rendered":"<p>Par-del\u00e0 la beaut\u00e9, la po\u00e9sie et les \u00e9motions que ces photographies et ces textes ne manqueront pas de susciter, je d\u00e9die cet ouvrage \u00e0 tous les artisans qui, au sein des ateliers Camac, \u0153uvrent jour apr\u00e8s jour, chacun \u00e0 leur place, pour que de simples pi\u00e8ces de bois et de m\u00e9tal deviennent la chair de cet instrument mythique qu&rsquo;est la Harpe.<br \/>Par ces images sonores, c\u2019est \u00e0 leur savoir-faire et \u00e0 leur passion que je veux rendre hommage.<br \/>Jakez Fran\u00e7ois<\/p>\n","protected":false},"excerpt":{"rendered":"<p>Par-del\u00e0 la beaut\u00e9, la po\u00e9sie et les \u00e9motions que ces photographies et ces textes ne manqueront pas de susciter, je d\u00e9die cet ouvrage \u00e0 tous les artisans qui, au sein des ateliers Camac, \u0153uvrent jour apr\u00e8s jour, chacun \u00e0 leur place, pour que de simples pi\u00e8ces de bois et de m\u00e9tal deviennent la chair de [&hellip;]<\/p>\n","protected":false},"featured_media":8175,"comment_status":"open","ping_status":"closed","template":"","meta":{"_acf_changed":false},"product_brand":[],"product_cat":[63],"product_tag":[],"class_list":{"0":"post-18847","1":"product","2":"type-product","3":"status-publish","4":"has-post-thumbnail","6":"product_cat-livres","8":"first","9":"instock","10":"taxable","11":"shipping-taxable","12":"purchasable","13":"product-type-simple"},"acf":[],"yoast_head":"<title>VOLTA Jean-Marc : Images sonores - Camac Harps Shop<\/title>\n<meta name=\"robots\" content=\"index, follow, max-snippet:-1, max-image-preview:large, max-video-preview:-1\" \/>\n<link rel=\"canonical\" href=\"https:\/\/shop.camac-harps.com\/fr\/produit\/volta-jean-marc-images-sonores\/\" \/>\n<meta property=\"og:locale\" content=\"fr_FR\" \/>\n<meta property=\"og:type\" content=\"article\" \/>\n<meta property=\"og:title\" content=\"VOLTA Jean-Marc : Images sonores - Camac Harps Shop\" \/>\n<meta property=\"og:description\" content=\"Par-del\u00e0 la beaut\u00e9, la po\u00e9sie et les \u00e9motions que ces photographies et ces textes ne manqueront pas de susciter, je d\u00e9die cet ouvrage \u00e0 tous les artisans qui, au sein des ateliers Camac, \u0153uvrent jour apr\u00e8s jour, chacun \u00e0 leur place, pour que de simples pi\u00e8ces de bois et de m\u00e9tal deviennent la chair de [&hellip;]\" \/>\n<meta property=\"og:url\" content=\"https:\/\/shop.camac-harps.com\/fr\/produit\/volta-jean-marc-images-sonores\/\" \/>\n<meta property=\"og:site_name\" content=\"Camac Harps Shop\" \/>\n<meta property=\"article:modified_time\" content=\"2024-11-07T15:05:40+00:00\" \/>\n<meta property=\"og:image\" content=\"https:\/\/shop.camac-harps.com\/wp-content\/uploads\/sites\/25\/2018\/07\/vaj01.jpg\" \/>\n\t<meta property=\"og:image:width\" content=\"676\" \/>\n\t<meta property=\"og:image:height\" content=\"800\" \/>\n\t<meta property=\"og:image:type\" content=\"image\/jpeg\" \/>\n<meta name=\"twitter:card\" content=\"summary_large_image\" \/>\n<script type=\"application\/ld+json\" class=\"yoast-schema-graph\">{\"@context\":\"https:\/\/schema.org\",\"@graph\":[{\"@type\":\"WebPage\",\"@id\":\"https:\/\/shop.camac-harps.com\/fr\/produit\/volta-jean-marc-images-sonores\/\",\"url\":\"https:\/\/shop.camac-harps.com\/fr\/produit\/volta-jean-marc-images-sonores\/\",\"name\":\"VOLTA Jean-Marc : Images sonores - Camac Harps Shop\",\"isPartOf\":{\"@id\":\"https:\/\/shop.camac-harps.com\/fr\/#website\"},\"primaryImageOfPage\":{\"@id\":\"https:\/\/shop.camac-harps.com\/fr\/produit\/volta-jean-marc-images-sonores\/#primaryimage\"},\"image\":{\"@id\":\"https:\/\/shop.camac-harps.com\/fr\/produit\/volta-jean-marc-images-sonores\/#primaryimage\"},\"thumbnailUrl\":\"https:\/\/shop.camac-harps.com\/wp-content\/uploads\/sites\/25\/2018\/07\/vaj01.jpg\",\"datePublished\":\"2018-07-06T14:17:21+00:00\",\"dateModified\":\"2024-11-07T15:05:40+00:00\",\"breadcrumb\":{\"@id\":\"https:\/\/shop.camac-harps.com\/fr\/produit\/volta-jean-marc-images-sonores\/#breadcrumb\"},\"inLanguage\":\"fr-FR\",\"potentialAction\":[{\"@type\":\"ReadAction\",\"target\":[\"https:\/\/shop.camac-harps.com\/fr\/produit\/volta-jean-marc-images-sonores\/\"]}]},{\"@type\":\"ImageObject\",\"inLanguage\":\"fr-FR\",\"@id\":\"https:\/\/shop.camac-harps.com\/fr\/produit\/volta-jean-marc-images-sonores\/#primaryimage\",\"url\":\"https:\/\/shop.camac-harps.com\/wp-content\/uploads\/sites\/25\/2018\/07\/vaj01.jpg\",\"contentUrl\":\"https:\/\/shop.camac-harps.com\/wp-content\/uploads\/sites\/25\/2018\/07\/vaj01.jpg\",\"width\":676,\"height\":800},{\"@type\":\"BreadcrumbList\",\"@id\":\"https:\/\/shop.camac-harps.com\/fr\/produit\/volta-jean-marc-images-sonores\/#breadcrumb\",\"itemListElement\":[{\"@type\":\"ListItem\",\"position\":1,\"name\":\"Home\",\"item\":\"https:\/\/shop.camac-harps.com\/fr\/homepage\/\"},{\"@type\":\"ListItem\",\"position\":2,\"name\":\"Accueil\",\"item\":\"https:\/\/shop.camac-harps.com\/fr\/homepage\/\"},{\"@type\":\"ListItem\",\"position\":3,\"name\":\"VOLTA Jean-Marc : Images sonores\"}]},{\"@type\":\"WebSite\",\"@id\":\"https:\/\/shop.camac-harps.com\/fr\/#website\",\"url\":\"https:\/\/shop.camac-harps.com\/fr\/\",\"name\":\"Camac Harps Shop\",\"description\":\"\",\"potentialAction\":[{\"@type\":\"SearchAction\",\"target\":{\"@type\":\"EntryPoint\",\"urlTemplate\":\"https:\/\/shop.camac-harps.com\/fr\/?s={search_term_string}\"},\"query-input\":{\"@type\":\"PropertyValueSpecification\",\"valueRequired\":true,\"valueName\":\"search_term_string\"}}],\"inLanguage\":\"fr-FR\"}]}<\/script>","yoast_head_json":{"title":"VOLTA Jean-Marc : Images sonores - Camac Harps Shop","robots":{"index":"index","follow":"follow","max-snippet":"max-snippet:-1","max-image-preview":"max-image-preview:large","max-video-preview":"max-video-preview:-1"},"canonical":"https:\/\/shop.camac-harps.com\/fr\/produit\/volta-jean-marc-images-sonores\/","og_locale":"fr_FR","og_type":"article","og_title":"VOLTA Jean-Marc : Images sonores - Camac Harps Shop","og_description":"Par-del\u00e0 la beaut\u00e9, la po\u00e9sie et les \u00e9motions que ces photographies et ces textes ne manqueront pas de susciter, je d\u00e9die cet ouvrage \u00e0 tous les artisans qui, au sein des ateliers Camac, \u0153uvrent jour apr\u00e8s jour, chacun \u00e0 leur place, pour que de simples pi\u00e8ces de bois et de m\u00e9tal deviennent la chair de [&hellip;]","og_url":"https:\/\/shop.camac-harps.com\/fr\/produit\/volta-jean-marc-images-sonores\/","og_site_name":"Camac Harps Shop","article_modified_time":"2024-11-07T15:05:40+00:00","og_image":[{"width":676,"height":800,"url":"https:\/\/shop.camac-harps.com\/wp-content\/uploads\/sites\/25\/2018\/07\/vaj01.jpg","type":"image\/jpeg"}],"twitter_card":"summary_large_image","schema":{"@context":"https:\/\/schema.org","@graph":[{"@type":"WebPage","@id":"https:\/\/shop.camac-harps.com\/fr\/produit\/volta-jean-marc-images-sonores\/","url":"https:\/\/shop.camac-harps.com\/fr\/produit\/volta-jean-marc-images-sonores\/","name":"VOLTA Jean-Marc : Images sonores - Camac Harps Shop","isPartOf":{"@id":"https:\/\/shop.camac-harps.com\/fr\/#website"},"primaryImageOfPage":{"@id":"https:\/\/shop.camac-harps.com\/fr\/produit\/volta-jean-marc-images-sonores\/#primaryimage"},"image":{"@id":"https:\/\/shop.camac-harps.com\/fr\/produit\/volta-jean-marc-images-sonores\/#primaryimage"},"thumbnailUrl":"https:\/\/shop.camac-harps.com\/wp-content\/uploads\/sites\/25\/2018\/07\/vaj01.jpg","datePublished":"2018-07-06T14:17:21+00:00","dateModified":"2024-11-07T15:05:40+00:00","breadcrumb":{"@id":"https:\/\/shop.camac-harps.com\/fr\/produit\/volta-jean-marc-images-sonores\/#breadcrumb"},"inLanguage":"fr-FR","potentialAction":[{"@type":"ReadAction","target":["https:\/\/shop.camac-harps.com\/fr\/produit\/volta-jean-marc-images-sonores\/"]}]},{"@type":"ImageObject","inLanguage":"fr-FR","@id":"https:\/\/shop.camac-harps.com\/fr\/produit\/volta-jean-marc-images-sonores\/#primaryimage","url":"https:\/\/shop.camac-harps.com\/wp-content\/uploads\/sites\/25\/2018\/07\/vaj01.jpg","contentUrl":"https:\/\/shop.camac-harps.com\/wp-content\/uploads\/sites\/25\/2018\/07\/vaj01.jpg","width":676,"height":800},{"@type":"BreadcrumbList","@id":"https:\/\/shop.camac-harps.com\/fr\/produit\/volta-jean-marc-images-sonores\/#breadcrumb","itemListElement":[{"@type":"ListItem","position":1,"name":"Home","item":"https:\/\/shop.camac-harps.com\/fr\/homepage\/"},{"@type":"ListItem","position":2,"name":"Accueil","item":"https:\/\/shop.camac-harps.com\/fr\/homepage\/"},{"@type":"ListItem","position":3,"name":"VOLTA Jean-Marc : Images sonores"}]},{"@type":"WebSite","@id":"https:\/\/shop.camac-harps.com\/fr\/#website","url":"https:\/\/shop.camac-harps.com\/fr\/","name":"Camac Harps Shop","description":"","potentialAction":[{"@type":"SearchAction","target":{"@type":"EntryPoint","urlTemplate":"https:\/\/shop.camac-harps.com\/fr\/?s={search_term_string}"},"query-input":{"@type":"PropertyValueSpecification","valueRequired":true,"valueName":"search_term_string"}}],"inLanguage":"fr-FR"}]}},"_links":{"self":[{"href":"https:\/\/shop.camac-harps.com\/fr\/wp-json\/wp\/v2\/product\/18847","targetHints":{"allow":["GET"]}}],"collection":[{"href":"https:\/\/shop.camac-harps.com\/fr\/wp-json\/wp\/v2\/product"}],"about":[{"href":"https:\/\/shop.camac-harps.com\/fr\/wp-json\/wp\/v2\/types\/product"}],"replies":[{"embeddable":true,"href":"https:\/\/shop.camac-harps.com\/fr\/wp-json\/wp\/v2\/comments?post=18847"}],"wp:featuredmedia":[{"embeddable":true,"href":"https:\/\/shop.camac-harps.com\/fr\/wp-json\/wp\/v2\/media\/8175"}],"wp:attachment":[{"href":"https:\/\/shop.camac-harps.com\/fr\/wp-json\/wp\/v2\/media?parent=18847"}],"wp:term":[{"taxonomy":"product_brand","embeddable":true,"href":"https:\/\/shop.camac-harps.com\/fr\/wp-json\/wp\/v2\/product_brand?post=18847"},{"taxonomy":"product_cat","embeddable":true,"href":"https:\/\/shop.camac-harps.com\/fr\/wp-json\/wp\/v2\/product_cat?post=18847"},{"taxonomy":"product_tag","embeddable":true,"href":"https:\/\/shop.camac-harps.com\/fr\/wp-json\/wp\/v2\/product_tag?post=18847"}],"curies":[{"name":"wp","href":"https:\/\/api.w.org\/{rel}","templated":true}]}}