{"id":19315,"date":"2018-07-06T14:31:22","date_gmt":"2018-07-06T14:31:22","guid":{"rendered":"https:\/\/shop.camac-harps.com\/product\/tan-katryna-unleash-the-musician-in-you-livre-en-anglais\/"},"modified":"2026-03-18T08:37:52","modified_gmt":"2026-03-18T08:37:52","slug":"tan-katryna-unleash-the-musician-in-you","status":"publish","type":"product","link":"https:\/\/shop.camac-harps.com\/fr\/produit\/tan-katryna-unleash-the-musician-in-you\/","title":{"rendered":"TAN Katryna : Unleash the musician in you"},"content":{"rendered":"<p>\u00ab La plupart des musiciens du monde ont tout simplement une forte passion pour la musique, et ils d\u00e9veloppent leur propre talent artistique gr\u00e2ce \u00e0 la d\u00e9termination et au travail. \u00bb <em>Unleash the Musician in You<\/em> est un ouvrage qui offre une r\u00e9flexion tr\u00e8s lucide sur la fa\u00e7on dont les jeunes \u00e9l\u00e8ves peuvent r\u00e9ussir dans leur apprentissage de la musique. Un bon enseignement passe presque toujours par une grande limpidit\u00e9 et le livre de Katryna d\u00e9crie la psychologie amateur (encore parfois sous-jacente dans des m\u00e9thodes p\u00e9dagogiques m\u00e9diocres) qui met en avant que la clart\u00e9 et l\u2019expression ou l\u2019intensit\u00e9 \u00e9motionnelles s\u2019excluent mutuellement. Au contraire,\u00a0<em>Unleash the Musician in You<\/em>\u00a0met l\u2019accent en permanence sur le fait que l\u2019expression des \u00e9motions et la dimension artistique dans la musique sont non seulement essentielles, mais peuvent \u00e9galement \u00eatre nourries.\u00a0Ce livre contient des conseils d\u00e9taill\u00e9s sur la fa\u00e7on d&rsquo;obtenir le meilleur de chacun, quel qu&rsquo;il soit, et est de ce fait un guide pr\u00e9cieux aussi bien pour les enseignants que pour les parents ou les \u00e9l\u00e8ves.<\/p>\n","protected":false},"excerpt":{"rendered":"<p>\u00ab La plupart des musiciens du monde ont tout simplement une forte passion pour la musique, et ils d\u00e9veloppent leur propre talent artistique gr\u00e2ce \u00e0 la d\u00e9termination et au travail. \u00bb Unleash the Musician in You est un ouvrage qui offre une r\u00e9flexion tr\u00e8s lucide sur la fa\u00e7on dont les jeunes \u00e9l\u00e8ves peuvent r\u00e9ussir dans [&hellip;]<\/p>\n","protected":false},"featured_media":8760,"comment_status":"open","ping_status":"closed","template":"","meta":{"_acf_changed":false},"product_brand":[],"product_cat":[63],"product_tag":[],"class_list":{"0":"post-19315","1":"product","2":"type-product","3":"status-publish","4":"has-post-thumbnail","6":"product_cat-livres","8":"first","9":"outofstock","10":"taxable","11":"shipping-taxable","12":"purchasable","13":"product-type-simple"},"acf":[],"yoast_head":"<title>TAN Katryna : Unleash the musician in you - Camac Harps Shop<\/title>\n<meta name=\"robots\" content=\"index, follow, max-snippet:-1, max-image-preview:large, max-video-preview:-1\" \/>\n<link rel=\"canonical\" href=\"https:\/\/shop.camac-harps.com\/fr\/produit\/tan-katryna-unleash-the-musician-in-you\/\" \/>\n<meta property=\"og:locale\" content=\"fr_FR\" \/>\n<meta property=\"og:type\" content=\"article\" \/>\n<meta property=\"og:title\" content=\"TAN Katryna : Unleash the musician in you - Camac Harps Shop\" \/>\n<meta property=\"og:description\" content=\"\u00ab La plupart des musiciens du monde ont tout simplement une forte passion pour la musique, et ils d\u00e9veloppent leur propre talent artistique gr\u00e2ce \u00e0 la d\u00e9termination et au travail. \u00bb Unleash the Musician in You est un ouvrage qui offre une r\u00e9flexion tr\u00e8s lucide sur la fa\u00e7on dont les jeunes \u00e9l\u00e8ves peuvent r\u00e9ussir dans [&hellip;]\" \/>\n<meta property=\"og:url\" content=\"https:\/\/shop.camac-harps.com\/fr\/produit\/tan-katryna-unleash-the-musician-in-you\/\" \/>\n<meta property=\"og:site_name\" content=\"Camac Harps Shop\" \/>\n<meta property=\"article:modified_time\" content=\"2026-03-18T08:37:52+00:00\" \/>\n<meta property=\"og:image\" content=\"https:\/\/shop.camac-harps.com\/wp-content\/uploads\/sites\/25\/2018\/07\/tan01-1.jpg\" \/>\n\t<meta property=\"og:image:width\" content=\"584\" \/>\n\t<meta property=\"og:image:height\" content=\"800\" \/>\n\t<meta property=\"og:image:type\" content=\"image\/jpeg\" \/>\n<meta name=\"twitter:card\" content=\"summary_large_image\" \/>\n<meta name=\"twitter:label1\" content=\"Dur\u00e9e de lecture estim\u00e9e\" \/>\n\t<meta name=\"twitter:data1\" content=\"1 minute\" \/>\n<script type=\"application\/ld+json\" class=\"yoast-schema-graph\">{\"@context\":\"https:\/\/schema.org\",\"@graph\":[{\"@type\":\"WebPage\",\"@id\":\"https:\/\/shop.camac-harps.com\/fr\/produit\/tan-katryna-unleash-the-musician-in-you\/\",\"url\":\"https:\/\/shop.camac-harps.com\/fr\/produit\/tan-katryna-unleash-the-musician-in-you\/\",\"name\":\"TAN Katryna : Unleash the musician in you - Camac Harps Shop\",\"isPartOf\":{\"@id\":\"https:\/\/shop.camac-harps.com\/fr\/#website\"},\"primaryImageOfPage\":{\"@id\":\"https:\/\/shop.camac-harps.com\/fr\/produit\/tan-katryna-unleash-the-musician-in-you\/#primaryimage\"},\"image\":{\"@id\":\"https:\/\/shop.camac-harps.com\/fr\/produit\/tan-katryna-unleash-the-musician-in-you\/#primaryimage\"},\"thumbnailUrl\":\"https:\/\/shop.camac-harps.com\/wp-content\/uploads\/sites\/25\/2018\/07\/tan01-1.jpg\",\"datePublished\":\"2018-07-06T14:31:22+00:00\",\"dateModified\":\"2026-03-18T08:37:52+00:00\",\"breadcrumb\":{\"@id\":\"https:\/\/shop.camac-harps.com\/fr\/produit\/tan-katryna-unleash-the-musician-in-you\/#breadcrumb\"},\"inLanguage\":\"fr-FR\",\"potentialAction\":[{\"@type\":\"ReadAction\",\"target\":[\"https:\/\/shop.camac-harps.com\/fr\/produit\/tan-katryna-unleash-the-musician-in-you\/\"]}]},{\"@type\":\"ImageObject\",\"inLanguage\":\"fr-FR\",\"@id\":\"https:\/\/shop.camac-harps.com\/fr\/produit\/tan-katryna-unleash-the-musician-in-you\/#primaryimage\",\"url\":\"https:\/\/shop.camac-harps.com\/wp-content\/uploads\/sites\/25\/2018\/07\/tan01-1.jpg\",\"contentUrl\":\"https:\/\/shop.camac-harps.com\/wp-content\/uploads\/sites\/25\/2018\/07\/tan01-1.jpg\",\"width\":584,\"height\":800},{\"@type\":\"BreadcrumbList\",\"@id\":\"https:\/\/shop.camac-harps.com\/fr\/produit\/tan-katryna-unleash-the-musician-in-you\/#breadcrumb\",\"itemListElement\":[{\"@type\":\"ListItem\",\"position\":1,\"name\":\"Home\",\"item\":\"https:\/\/shop.camac-harps.com\/fr\/homepage\/\"},{\"@type\":\"ListItem\",\"position\":2,\"name\":\"Accueil\",\"item\":\"https:\/\/shop.camac-harps.com\/fr\/homepage\/\"},{\"@type\":\"ListItem\",\"position\":3,\"name\":\"TAN Katryna : Unleash the musician in you\"}]},{\"@type\":\"WebSite\",\"@id\":\"https:\/\/shop.camac-harps.com\/fr\/#website\",\"url\":\"https:\/\/shop.camac-harps.com\/fr\/\",\"name\":\"Camac Harps Shop\",\"description\":\"\",\"potentialAction\":[{\"@type\":\"SearchAction\",\"target\":{\"@type\":\"EntryPoint\",\"urlTemplate\":\"https:\/\/shop.camac-harps.com\/fr\/?s={search_term_string}\"},\"query-input\":{\"@type\":\"PropertyValueSpecification\",\"valueRequired\":true,\"valueName\":\"search_term_string\"}}],\"inLanguage\":\"fr-FR\"}]}<\/script>","yoast_head_json":{"title":"TAN Katryna : Unleash the musician in you - Camac Harps Shop","robots":{"index":"index","follow":"follow","max-snippet":"max-snippet:-1","max-image-preview":"max-image-preview:large","max-video-preview":"max-video-preview:-1"},"canonical":"https:\/\/shop.camac-harps.com\/fr\/produit\/tan-katryna-unleash-the-musician-in-you\/","og_locale":"fr_FR","og_type":"article","og_title":"TAN Katryna : Unleash the musician in you - Camac Harps Shop","og_description":"\u00ab La plupart des musiciens du monde ont tout simplement une forte passion pour la musique, et ils d\u00e9veloppent leur propre talent artistique gr\u00e2ce \u00e0 la d\u00e9termination et au travail. \u00bb Unleash the Musician in You est un ouvrage qui offre une r\u00e9flexion tr\u00e8s lucide sur la fa\u00e7on dont les jeunes \u00e9l\u00e8ves peuvent r\u00e9ussir dans [&hellip;]","og_url":"https:\/\/shop.camac-harps.com\/fr\/produit\/tan-katryna-unleash-the-musician-in-you\/","og_site_name":"Camac Harps Shop","article_modified_time":"2026-03-18T08:37:52+00:00","og_image":[{"width":584,"height":800,"url":"https:\/\/shop.camac-harps.com\/wp-content\/uploads\/sites\/25\/2018\/07\/tan01-1.jpg","type":"image\/jpeg"}],"twitter_card":"summary_large_image","twitter_misc":{"Dur\u00e9e de lecture estim\u00e9e":"1 minute"},"schema":{"@context":"https:\/\/schema.org","@graph":[{"@type":"WebPage","@id":"https:\/\/shop.camac-harps.com\/fr\/produit\/tan-katryna-unleash-the-musician-in-you\/","url":"https:\/\/shop.camac-harps.com\/fr\/produit\/tan-katryna-unleash-the-musician-in-you\/","name":"TAN Katryna : Unleash the musician in you - Camac Harps Shop","isPartOf":{"@id":"https:\/\/shop.camac-harps.com\/fr\/#website"},"primaryImageOfPage":{"@id":"https:\/\/shop.camac-harps.com\/fr\/produit\/tan-katryna-unleash-the-musician-in-you\/#primaryimage"},"image":{"@id":"https:\/\/shop.camac-harps.com\/fr\/produit\/tan-katryna-unleash-the-musician-in-you\/#primaryimage"},"thumbnailUrl":"https:\/\/shop.camac-harps.com\/wp-content\/uploads\/sites\/25\/2018\/07\/tan01-1.jpg","datePublished":"2018-07-06T14:31:22+00:00","dateModified":"2026-03-18T08:37:52+00:00","breadcrumb":{"@id":"https:\/\/shop.camac-harps.com\/fr\/produit\/tan-katryna-unleash-the-musician-in-you\/#breadcrumb"},"inLanguage":"fr-FR","potentialAction":[{"@type":"ReadAction","target":["https:\/\/shop.camac-harps.com\/fr\/produit\/tan-katryna-unleash-the-musician-in-you\/"]}]},{"@type":"ImageObject","inLanguage":"fr-FR","@id":"https:\/\/shop.camac-harps.com\/fr\/produit\/tan-katryna-unleash-the-musician-in-you\/#primaryimage","url":"https:\/\/shop.camac-harps.com\/wp-content\/uploads\/sites\/25\/2018\/07\/tan01-1.jpg","contentUrl":"https:\/\/shop.camac-harps.com\/wp-content\/uploads\/sites\/25\/2018\/07\/tan01-1.jpg","width":584,"height":800},{"@type":"BreadcrumbList","@id":"https:\/\/shop.camac-harps.com\/fr\/produit\/tan-katryna-unleash-the-musician-in-you\/#breadcrumb","itemListElement":[{"@type":"ListItem","position":1,"name":"Home","item":"https:\/\/shop.camac-harps.com\/fr\/homepage\/"},{"@type":"ListItem","position":2,"name":"Accueil","item":"https:\/\/shop.camac-harps.com\/fr\/homepage\/"},{"@type":"ListItem","position":3,"name":"TAN Katryna : Unleash the musician in you"}]},{"@type":"WebSite","@id":"https:\/\/shop.camac-harps.com\/fr\/#website","url":"https:\/\/shop.camac-harps.com\/fr\/","name":"Camac Harps Shop","description":"","potentialAction":[{"@type":"SearchAction","target":{"@type":"EntryPoint","urlTemplate":"https:\/\/shop.camac-harps.com\/fr\/?s={search_term_string}"},"query-input":{"@type":"PropertyValueSpecification","valueRequired":true,"valueName":"search_term_string"}}],"inLanguage":"fr-FR"}]}},"_links":{"self":[{"href":"https:\/\/shop.camac-harps.com\/fr\/wp-json\/wp\/v2\/product\/19315","targetHints":{"allow":["GET"]}}],"collection":[{"href":"https:\/\/shop.camac-harps.com\/fr\/wp-json\/wp\/v2\/product"}],"about":[{"href":"https:\/\/shop.camac-harps.com\/fr\/wp-json\/wp\/v2\/types\/product"}],"replies":[{"embeddable":true,"href":"https:\/\/shop.camac-harps.com\/fr\/wp-json\/wp\/v2\/comments?post=19315"}],"wp:featuredmedia":[{"embeddable":true,"href":"https:\/\/shop.camac-harps.com\/fr\/wp-json\/wp\/v2\/media\/8760"}],"wp:attachment":[{"href":"https:\/\/shop.camac-harps.com\/fr\/wp-json\/wp\/v2\/media?parent=19315"}],"wp:term":[{"taxonomy":"product_brand","embeddable":true,"href":"https:\/\/shop.camac-harps.com\/fr\/wp-json\/wp\/v2\/product_brand?post=19315"},{"taxonomy":"product_cat","embeddable":true,"href":"https:\/\/shop.camac-harps.com\/fr\/wp-json\/wp\/v2\/product_cat?post=19315"},{"taxonomy":"product_tag","embeddable":true,"href":"https:\/\/shop.camac-harps.com\/fr\/wp-json\/wp\/v2\/product_tag?post=19315"}],"curies":[{"name":"wp","href":"https:\/\/api.w.org\/{rel}","templated":true}]}}