{"id":19447,"date":"2018-07-06T14:36:32","date_gmt":"2018-07-06T14:36:32","guid":{"rendered":"https:\/\/shop.camac-harps.com\/product\/divers-auteurs-anthologie-de-la-harpe-bretonne-vol-3\/"},"modified":"2025-04-02T08:17:00","modified_gmt":"2025-04-02T08:17:00","slug":"divers-auteurs-anthologie-de-la-harpe-bretonne-vol-3","status":"publish","type":"product","link":"https:\/\/shop.camac-harps.com\/fr\/produit\/divers-auteurs-anthologie-de-la-harpe-bretonne-vol-3\/","title":{"rendered":"Divers auteurs : Anthologie de la Harpe Bretonne &#8211; Vol 3"},"content":{"rendered":"<p>L\u2019ANTHOLOGIE DE LA HARPE BRETONNE est une collection de trois recueils de partitions pour harpe celtique regroupant une quarantaine de harpistes bretons ou vivant en Bretagne parmi les meilleurs repr\u00e9sentants de la harpe celtique moderne.<\/p>\n<p>Toutes les g\u00e9n\u00e9rations sont pr\u00e9sentes dans cette collection : celle d\u2019une r\u00e9appropriation bretonne de l\u2019instrument au 20\u00e8me si\u00e8cle &#8211; avec le tr\u00e8s embl\u00e9matique Alan Stivell \u2013 comme celles des nouvelles, sans oublier les musiciens r\u00e9cemment disparus. Parmi eux : Kristen Nogu\u00e8s dont les \u0153uvres sont pour la premi\u00e8re fois publi\u00e9es et le compositeur Pierre-Yves Moign dont le travail autour de la mati\u00e8re traditionnelle bretonne et de la harpe celtique en particulier trouve toute sa place dans ces recueils.<br \/>\nPlus d\u2019une centaine de morceaux traditionnels arrang\u00e9s ou compos\u00e9s principalement pour la harpe celtique solo mais aussi des duos et des trios ont \u00e9t\u00e9 r\u00e9unis dans cette anthologie. Connue pour ses cent visages et ses cent coutumes, la Bretagne est ici symbolis\u00e9e par la diversit\u00e9 des styles et des genres abord\u00e9s : airs \u00e0 caract\u00e8re historique, gwerzio\u00f9, danses, marches, m\u00e9lodies lentes, airs religieux, chants de marin, chansons, berceuses&#8230; l\u2019ensemble couvrant un grand nombre de terroirs bretons.<br \/>\nCes morceaux ont \u00e9t\u00e9 class\u00e9s selon les trois niveaux de Conservatoire de musique : le premier volume (niveau \u00e9l\u00e9mentaire ou cycle 1) regroupe des morceaux d\u2019initiation et d\u2019apprentissage des bases de la technique instrumentale. Le volume 2 (niveau interm\u00e9diaire ou cycle 2) pr\u00e9sente un large \u00e9ventail de diffi cult\u00e9s et de styles pour d\u00e9velopper cette technique. Enfin, le volume 3 (niveau avanc\u00e9 ou cycle 3) permet, quant \u00e0 lui, d\u2019atteindre un niveau professionnel. <\/p>\n<p>Nous esp\u00e9rons que vous aurez autant de plaisir \u00e0 jouer ces morceaux que nous en avons eu \u00e0 r\u00e9aliser cette collection. ANTOLOGIEZH TELENN BREIZH n\u2019aurait pu voir le jour sans les harpistes et les personnes qui, par leur int\u00e9r\u00eat, leur enthousiasme, leur \u00e9nergie, ont permis d\u2019accomplir ce projet. Qu\u2019ils en soient ici remerci\u00e9s. \u00c0 tous, nous t\u00e9moignons notre plus profond respect pour le d\u00e9veloppement exceptionnel de notre instrument auquel ils ont contribu\u00e9.<\/p>\n<p>Tristan Le Govic<\/p>\n<p>Harpistes ayant particip\u00e9 \u00e0 l&rsquo;Anthologie de la Harpe Bretonne: <br \/>\nNolwenn Arzel, Anne Auffret, Ho\u00ebla Barbedette, Brigitte Baronnet, Yann Bertrand, Dimitri Boekhoorn, Dominig Bouchaud, Aurore Breger, Nikolaz Cadoret, Gr\u00e9gory Cappoen, Georges Cochevelou, Jakez Fran\u00e7ois, Armelle Gourlaou\u00ebn, Muriel Isambert, Florence Jamain, Gwenael Kerleo, Soazig Kermabon, Mariannig Larc\u2019hantec, Tristan Le Govic, Anne Le Signor, Fran\u00e7oise Le Visage, Mael Lhopiteau, Cristine M\u00e9rienne, Martine Millet, Myrdhin, Pierre Nicolas, Soazig Noblet, Kristen Nogu\u00e8s, Nolwenn Philippe, Anne Postic, Herv\u00e9 Queff\u00e9l\u00e9ant, Pol Queff\u00e9l\u00e9ant, Gwenola Roparzh, Alan Stivell, Vinciane Tronson, Clotilde Trouillaud, Quentin Vestur, Marie Wambergue<\/p>\n","protected":false},"excerpt":{"rendered":"<p>L\u2019ANTHOLOGIE DE LA HARPE BRETONNE est une collection de trois recueils de partitions pour harpe celtique regroupant une quarantaine de harpistes bretons ou vivant en Bretagne parmi les meilleurs repr\u00e9sentants de la harpe celtique moderne. Toutes les g\u00e9n\u00e9rations sont pr\u00e9sentes dans cette collection : celle d\u2019une r\u00e9appropriation bretonne de l\u2019instrument au 20\u00e8me si\u00e8cle &#8211; avec [&hellip;]<\/p>\n","protected":false},"featured_media":8964,"comment_status":"open","ping_status":"closed","template":"","meta":{"_acf_changed":false},"product_brand":[],"product_cat":[108,33],"product_tag":[],"class_list":{"0":"post-19447","1":"product","2":"type-product","3":"status-publish","4":"has-post-thumbnail","6":"product_cat-musique-harpe-celtique","7":"product_cat-partitions-pour-harpe","9":"first","10":"instock","11":"taxable","12":"shipping-taxable","13":"purchasable","14":"product-type-simple"},"acf":[],"yoast_head":"<title>Divers auteurs : Anthologie de la Harpe Bretonne - Vol 3 - Camac Harps Shop<\/title>\n<meta name=\"robots\" content=\"index, follow, max-snippet:-1, max-image-preview:large, max-video-preview:-1\" \/>\n<link rel=\"canonical\" href=\"https:\/\/shop.camac-harps.com\/fr\/produit\/divers-auteurs-anthologie-de-la-harpe-bretonne-vol-3\/\" \/>\n<meta property=\"og:locale\" content=\"fr_FR\" \/>\n<meta property=\"og:type\" content=\"article\" \/>\n<meta property=\"og:title\" content=\"Divers auteurs : Anthologie de la Harpe Bretonne - Vol 3 - Camac Harps Shop\" \/>\n<meta property=\"og:description\" content=\"L\u2019ANTHOLOGIE DE LA HARPE BRETONNE est une collection de trois recueils de partitions pour harpe celtique regroupant une quarantaine de harpistes bretons ou vivant en Bretagne parmi les meilleurs repr\u00e9sentants de la harpe celtique moderne. Toutes les g\u00e9n\u00e9rations sont pr\u00e9sentes dans cette collection : celle d\u2019une r\u00e9appropriation bretonne de l\u2019instrument au 20\u00e8me si\u00e8cle &#8211; avec [&hellip;]\" \/>\n<meta property=\"og:url\" content=\"https:\/\/shop.camac-harps.com\/fr\/produit\/divers-auteurs-anthologie-de-la-harpe-bretonne-vol-3\/\" \/>\n<meta property=\"og:site_name\" content=\"Camac Harps Shop\" \/>\n<meta property=\"article:modified_time\" content=\"2025-04-02T08:17:00+00:00\" \/>\n<meta property=\"og:image\" content=\"https:\/\/shop.camac-harps.com\/wp-content\/uploads\/sites\/25\/2018\/07\/vol3-1.jpg\" \/>\n\t<meta property=\"og:image:width\" content=\"566\" \/>\n\t<meta property=\"og:image:height\" content=\"800\" \/>\n\t<meta property=\"og:image:type\" content=\"image\/jpeg\" \/>\n<meta name=\"twitter:card\" content=\"summary_large_image\" \/>\n<meta name=\"twitter:label1\" content=\"Dur\u00e9e de lecture estim\u00e9e\" \/>\n\t<meta name=\"twitter:data1\" content=\"3 minutes\" \/>\n<script type=\"application\/ld+json\" class=\"yoast-schema-graph\">{\"@context\":\"https:\/\/schema.org\",\"@graph\":[{\"@type\":\"WebPage\",\"@id\":\"https:\/\/shop.camac-harps.com\/fr\/produit\/divers-auteurs-anthologie-de-la-harpe-bretonne-vol-3\/\",\"url\":\"https:\/\/shop.camac-harps.com\/fr\/produit\/divers-auteurs-anthologie-de-la-harpe-bretonne-vol-3\/\",\"name\":\"Divers auteurs : Anthologie de la Harpe Bretonne - Vol 3 - Camac Harps Shop\",\"isPartOf\":{\"@id\":\"https:\/\/shop.camac-harps.com\/fr\/#website\"},\"primaryImageOfPage\":{\"@id\":\"https:\/\/shop.camac-harps.com\/fr\/produit\/divers-auteurs-anthologie-de-la-harpe-bretonne-vol-3\/#primaryimage\"},\"image\":{\"@id\":\"https:\/\/shop.camac-harps.com\/fr\/produit\/divers-auteurs-anthologie-de-la-harpe-bretonne-vol-3\/#primaryimage\"},\"thumbnailUrl\":\"https:\/\/shop.camac-harps.com\/wp-content\/uploads\/sites\/25\/2018\/07\/vol3-1.jpg\",\"datePublished\":\"2018-07-06T14:36:32+00:00\",\"dateModified\":\"2025-04-02T08:17:00+00:00\",\"breadcrumb\":{\"@id\":\"https:\/\/shop.camac-harps.com\/fr\/produit\/divers-auteurs-anthologie-de-la-harpe-bretonne-vol-3\/#breadcrumb\"},\"inLanguage\":\"fr-FR\",\"potentialAction\":[{\"@type\":\"ReadAction\",\"target\":[\"https:\/\/shop.camac-harps.com\/fr\/produit\/divers-auteurs-anthologie-de-la-harpe-bretonne-vol-3\/\"]}]},{\"@type\":\"ImageObject\",\"inLanguage\":\"fr-FR\",\"@id\":\"https:\/\/shop.camac-harps.com\/fr\/produit\/divers-auteurs-anthologie-de-la-harpe-bretonne-vol-3\/#primaryimage\",\"url\":\"https:\/\/shop.camac-harps.com\/wp-content\/uploads\/sites\/25\/2018\/07\/vol3-1.jpg\",\"contentUrl\":\"https:\/\/shop.camac-harps.com\/wp-content\/uploads\/sites\/25\/2018\/07\/vol3-1.jpg\",\"width\":566,\"height\":800},{\"@type\":\"BreadcrumbList\",\"@id\":\"https:\/\/shop.camac-harps.com\/fr\/produit\/divers-auteurs-anthologie-de-la-harpe-bretonne-vol-3\/#breadcrumb\",\"itemListElement\":[{\"@type\":\"ListItem\",\"position\":1,\"name\":\"Home\",\"item\":\"https:\/\/shop.camac-harps.com\/fr\/homepage\/\"},{\"@type\":\"ListItem\",\"position\":2,\"name\":\"Accueil\",\"item\":\"https:\/\/shop.camac-harps.com\/fr\/homepage\/\"},{\"@type\":\"ListItem\",\"position\":3,\"name\":\"Divers auteurs : Anthologie de la Harpe Bretonne &#8211; Vol 3\"}]},{\"@type\":\"WebSite\",\"@id\":\"https:\/\/shop.camac-harps.com\/fr\/#website\",\"url\":\"https:\/\/shop.camac-harps.com\/fr\/\",\"name\":\"Camac Harps Shop\",\"description\":\"\",\"potentialAction\":[{\"@type\":\"SearchAction\",\"target\":{\"@type\":\"EntryPoint\",\"urlTemplate\":\"https:\/\/shop.camac-harps.com\/fr\/?s={search_term_string}\"},\"query-input\":{\"@type\":\"PropertyValueSpecification\",\"valueRequired\":true,\"valueName\":\"search_term_string\"}}],\"inLanguage\":\"fr-FR\"}]}<\/script>","yoast_head_json":{"title":"Divers auteurs : Anthologie de la Harpe Bretonne - Vol 3 - Camac Harps Shop","robots":{"index":"index","follow":"follow","max-snippet":"max-snippet:-1","max-image-preview":"max-image-preview:large","max-video-preview":"max-video-preview:-1"},"canonical":"https:\/\/shop.camac-harps.com\/fr\/produit\/divers-auteurs-anthologie-de-la-harpe-bretonne-vol-3\/","og_locale":"fr_FR","og_type":"article","og_title":"Divers auteurs : Anthologie de la Harpe Bretonne - Vol 3 - Camac Harps Shop","og_description":"L\u2019ANTHOLOGIE DE LA HARPE BRETONNE est une collection de trois recueils de partitions pour harpe celtique regroupant une quarantaine de harpistes bretons ou vivant en Bretagne parmi les meilleurs repr\u00e9sentants de la harpe celtique moderne. Toutes les g\u00e9n\u00e9rations sont pr\u00e9sentes dans cette collection : celle d\u2019une r\u00e9appropriation bretonne de l\u2019instrument au 20\u00e8me si\u00e8cle &#8211; avec [&hellip;]","og_url":"https:\/\/shop.camac-harps.com\/fr\/produit\/divers-auteurs-anthologie-de-la-harpe-bretonne-vol-3\/","og_site_name":"Camac Harps Shop","article_modified_time":"2025-04-02T08:17:00+00:00","og_image":[{"width":566,"height":800,"url":"https:\/\/shop.camac-harps.com\/wp-content\/uploads\/sites\/25\/2018\/07\/vol3-1.jpg","type":"image\/jpeg"}],"twitter_card":"summary_large_image","twitter_misc":{"Dur\u00e9e de lecture estim\u00e9e":"3 minutes"},"schema":{"@context":"https:\/\/schema.org","@graph":[{"@type":"WebPage","@id":"https:\/\/shop.camac-harps.com\/fr\/produit\/divers-auteurs-anthologie-de-la-harpe-bretonne-vol-3\/","url":"https:\/\/shop.camac-harps.com\/fr\/produit\/divers-auteurs-anthologie-de-la-harpe-bretonne-vol-3\/","name":"Divers auteurs : Anthologie de la Harpe Bretonne - Vol 3 - Camac Harps Shop","isPartOf":{"@id":"https:\/\/shop.camac-harps.com\/fr\/#website"},"primaryImageOfPage":{"@id":"https:\/\/shop.camac-harps.com\/fr\/produit\/divers-auteurs-anthologie-de-la-harpe-bretonne-vol-3\/#primaryimage"},"image":{"@id":"https:\/\/shop.camac-harps.com\/fr\/produit\/divers-auteurs-anthologie-de-la-harpe-bretonne-vol-3\/#primaryimage"},"thumbnailUrl":"https:\/\/shop.camac-harps.com\/wp-content\/uploads\/sites\/25\/2018\/07\/vol3-1.jpg","datePublished":"2018-07-06T14:36:32+00:00","dateModified":"2025-04-02T08:17:00+00:00","breadcrumb":{"@id":"https:\/\/shop.camac-harps.com\/fr\/produit\/divers-auteurs-anthologie-de-la-harpe-bretonne-vol-3\/#breadcrumb"},"inLanguage":"fr-FR","potentialAction":[{"@type":"ReadAction","target":["https:\/\/shop.camac-harps.com\/fr\/produit\/divers-auteurs-anthologie-de-la-harpe-bretonne-vol-3\/"]}]},{"@type":"ImageObject","inLanguage":"fr-FR","@id":"https:\/\/shop.camac-harps.com\/fr\/produit\/divers-auteurs-anthologie-de-la-harpe-bretonne-vol-3\/#primaryimage","url":"https:\/\/shop.camac-harps.com\/wp-content\/uploads\/sites\/25\/2018\/07\/vol3-1.jpg","contentUrl":"https:\/\/shop.camac-harps.com\/wp-content\/uploads\/sites\/25\/2018\/07\/vol3-1.jpg","width":566,"height":800},{"@type":"BreadcrumbList","@id":"https:\/\/shop.camac-harps.com\/fr\/produit\/divers-auteurs-anthologie-de-la-harpe-bretonne-vol-3\/#breadcrumb","itemListElement":[{"@type":"ListItem","position":1,"name":"Home","item":"https:\/\/shop.camac-harps.com\/fr\/homepage\/"},{"@type":"ListItem","position":2,"name":"Accueil","item":"https:\/\/shop.camac-harps.com\/fr\/homepage\/"},{"@type":"ListItem","position":3,"name":"Divers auteurs : Anthologie de la Harpe Bretonne &#8211; Vol 3"}]},{"@type":"WebSite","@id":"https:\/\/shop.camac-harps.com\/fr\/#website","url":"https:\/\/shop.camac-harps.com\/fr\/","name":"Camac Harps Shop","description":"","potentialAction":[{"@type":"SearchAction","target":{"@type":"EntryPoint","urlTemplate":"https:\/\/shop.camac-harps.com\/fr\/?s={search_term_string}"},"query-input":{"@type":"PropertyValueSpecification","valueRequired":true,"valueName":"search_term_string"}}],"inLanguage":"fr-FR"}]}},"_links":{"self":[{"href":"https:\/\/shop.camac-harps.com\/fr\/wp-json\/wp\/v2\/product\/19447","targetHints":{"allow":["GET"]}}],"collection":[{"href":"https:\/\/shop.camac-harps.com\/fr\/wp-json\/wp\/v2\/product"}],"about":[{"href":"https:\/\/shop.camac-harps.com\/fr\/wp-json\/wp\/v2\/types\/product"}],"replies":[{"embeddable":true,"href":"https:\/\/shop.camac-harps.com\/fr\/wp-json\/wp\/v2\/comments?post=19447"}],"wp:featuredmedia":[{"embeddable":true,"href":"https:\/\/shop.camac-harps.com\/fr\/wp-json\/wp\/v2\/media\/8964"}],"wp:attachment":[{"href":"https:\/\/shop.camac-harps.com\/fr\/wp-json\/wp\/v2\/media?parent=19447"}],"wp:term":[{"taxonomy":"product_brand","embeddable":true,"href":"https:\/\/shop.camac-harps.com\/fr\/wp-json\/wp\/v2\/product_brand?post=19447"},{"taxonomy":"product_cat","embeddable":true,"href":"https:\/\/shop.camac-harps.com\/fr\/wp-json\/wp\/v2\/product_cat?post=19447"},{"taxonomy":"product_tag","embeddable":true,"href":"https:\/\/shop.camac-harps.com\/fr\/wp-json\/wp\/v2\/product_tag?post=19447"}],"curies":[{"name":"wp","href":"https:\/\/api.w.org\/{rel}","templated":true}]}}