{"id":19567,"date":"2018-07-06T14:40:27","date_gmt":"2018-07-06T14:40:27","guid":{"rendered":"https:\/\/shop.camac-harps.com\/product\/corde-fluorocarbone-pour-excalibur-mi-18\/"},"modified":"2026-04-01T15:51:25","modified_gmt":"2026-04-01T15:51:25","slug":"corde-fluorocarbone-excalibur-mi-18","status":"publish","type":"product","link":"https:\/\/shop.camac-harps.com\/fr\/produit\/corde-fluorocarbone-excalibur-mi-18\/","title":{"rendered":"Corde fluorocarbone (K\u00fcrschner) &#8211; Excalibur : Mi 18"},"content":{"rendered":"<p><strong>Quelle est la diff\u00e9rence entre les cordes fluorocarbone K\u00fcrschner et les cordes Alliance Savarez ?<\/strong><\/p>\n<p style=\"text-align: justify;\">Il s&rsquo;agit du m\u00eame mat\u00e9riau, le fluorocarbone, mais quand les cordes K\u00fcrschner sont en monofilament dans les registres m\u00e9dium et grave, celles de <a href=\"https:\/\/shop.camac-harps.com\/fr\/category\/cordes-pour-harpe\/cordes-individuelles\/cordes-pour-harpe-celtique\/cordes-fluorocarbone\/cordes-pour-excalibur-cordes-alternatives-alliance-savarez\/\">Savarez<\/a> sont en multifilament tress\u00e9. Certains harpistes pr\u00e9f\u00e8rent le son des cordes K\u00fcrschner dans le registre m\u00e9dium, mais trouvent le monofilament moins robuste que le multifilament tress\u00e9. Nous avons donc cr\u00e9\u00e9 les deux options pour <a href=\"https:\/\/www.camac-harps.com\/fr\/harps-fr\/lever-fr\/excalibur\/\">l&rsquo;Excalibur<\/a>, afin de r\u00e9pondre aux diff\u00e9rentes pr\u00e9f\u00e9rences et exigences des harpistes.\u00a0<\/p>\n","protected":false},"excerpt":{"rendered":"<p>Quelle est la diff\u00e9rence entre les cordes fluorocarbone K\u00fcrschner et les cordes Alliance Savarez ? Il s&rsquo;agit du m\u00eame mat\u00e9riau, le fluorocarbone, mais quand les cordes K\u00fcrschner sont en monofilament dans les registres m\u00e9dium et grave, celles de Savarez sont en multifilament tress\u00e9. Certains harpistes pr\u00e9f\u00e8rent le son des cordes K\u00fcrschner dans le registre m\u00e9dium, [&hellip;]<\/p>\n","protected":false},"featured_media":20456,"comment_status":"open","ping_status":"closed","template":"","meta":{"_acf_changed":false},"product_brand":[],"product_cat":[66,447,36,123,497],"product_tag":[],"class_list":{"0":"post-19567","1":"product","2":"type-product","3":"status-publish","4":"has-post-thumbnail","6":"product_cat-cordes-individuelles","7":"product_cat-cordes-pour-excalibur-originales-kurschner","8":"product_cat-cordes-pour-harpe","9":"product_cat-cordes-pour-harpe-celtique","10":"product_cat-pour-harpe-celtique-a-cordes-fluorocarbone","12":"first","13":"instock","14":"taxable","15":"shipping-taxable","16":"purchasable","17":"product-type-simple"},"acf":[],"yoast_head":"<title>Corde fluorocarbone (K\u00fcrschner) pour harpe Excalibur<\/title>\n<meta name=\"description\" content=\"Corde fluorocarbone (K\u00fcrschner) pour harpe Excalibur | Mi 18 | Son exceptionnel dans le registre m\u00e9dium | Boutique en ligne Camac.\" \/>\n<meta name=\"robots\" content=\"index, follow, max-snippet:-1, max-image-preview:large, max-video-preview:-1\" \/>\n<link rel=\"canonical\" href=\"https:\/\/shop.camac-harps.com\/fr\/produit\/corde-fluorocarbone-excalibur-mi-18\/\" \/>\n<meta property=\"og:locale\" content=\"fr_FR\" \/>\n<meta property=\"og:type\" content=\"article\" \/>\n<meta property=\"og:title\" content=\"Corde fluorocarbone (K\u00fcrschner) pour harpe Excalibur\" \/>\n<meta property=\"og:description\" content=\"Corde fluorocarbone (K\u00fcrschner) pour harpe Excalibur | Mi 18 | Son exceptionnel dans le registre m\u00e9dium | Boutique en ligne Camac.\" \/>\n<meta property=\"og:url\" content=\"https:\/\/shop.camac-harps.com\/fr\/produit\/corde-fluorocarbone-excalibur-mi-18\/\" \/>\n<meta property=\"og:site_name\" content=\"Camac Harps Shop\" \/>\n<meta property=\"article:modified_time\" content=\"2026-04-01T15:51:25+00:00\" \/>\n<meta property=\"og:image\" content=\"https:\/\/shop.camac-harps.com\/wp-content\/uploads\/sites\/25\/2018\/07\/kuerschner.jpg\" \/>\n\t<meta property=\"og:image:width\" content=\"600\" \/>\n\t<meta property=\"og:image:height\" content=\"598\" \/>\n\t<meta property=\"og:image:type\" content=\"image\/jpeg\" \/>\n<meta name=\"twitter:card\" content=\"summary_large_image\" \/>\n<script type=\"application\/ld+json\" class=\"yoast-schema-graph\">{\"@context\":\"https:\/\/schema.org\",\"@graph\":[{\"@type\":\"WebPage\",\"@id\":\"https:\/\/shop.camac-harps.com\/fr\/produit\/corde-fluorocarbone-excalibur-mi-18\/\",\"url\":\"https:\/\/shop.camac-harps.com\/fr\/produit\/corde-fluorocarbone-excalibur-mi-18\/\",\"name\":\"Corde fluorocarbone (K\u00fcrschner) pour harpe Excalibur\",\"isPartOf\":{\"@id\":\"https:\/\/shop.camac-harps.com\/fr\/#website\"},\"primaryImageOfPage\":{\"@id\":\"https:\/\/shop.camac-harps.com\/fr\/produit\/corde-fluorocarbone-excalibur-mi-18\/#primaryimage\"},\"image\":{\"@id\":\"https:\/\/shop.camac-harps.com\/fr\/produit\/corde-fluorocarbone-excalibur-mi-18\/#primaryimage\"},\"thumbnailUrl\":\"https:\/\/shop.camac-harps.com\/wp-content\/uploads\/sites\/25\/2018\/07\/kuerschner.jpg\",\"datePublished\":\"2018-07-06T14:40:27+00:00\",\"dateModified\":\"2026-04-01T15:51:25+00:00\",\"description\":\"Corde fluorocarbone (K\u00fcrschner) pour harpe Excalibur | Mi 18 | Son exceptionnel dans le registre m\u00e9dium | Boutique en ligne Camac.\",\"breadcrumb\":{\"@id\":\"https:\/\/shop.camac-harps.com\/fr\/produit\/corde-fluorocarbone-excalibur-mi-18\/#breadcrumb\"},\"inLanguage\":\"fr-FR\",\"potentialAction\":[{\"@type\":\"ReadAction\",\"target\":[\"https:\/\/shop.camac-harps.com\/fr\/produit\/corde-fluorocarbone-excalibur-mi-18\/\"]}]},{\"@type\":\"ImageObject\",\"inLanguage\":\"fr-FR\",\"@id\":\"https:\/\/shop.camac-harps.com\/fr\/produit\/corde-fluorocarbone-excalibur-mi-18\/#primaryimage\",\"url\":\"https:\/\/shop.camac-harps.com\/wp-content\/uploads\/sites\/25\/2018\/07\/kuerschner.jpg\",\"contentUrl\":\"https:\/\/shop.camac-harps.com\/wp-content\/uploads\/sites\/25\/2018\/07\/kuerschner.jpg\",\"width\":600,\"height\":598,\"caption\":\"K\u00fcrschner fluorocarbon\"},{\"@type\":\"BreadcrumbList\",\"@id\":\"https:\/\/shop.camac-harps.com\/fr\/produit\/corde-fluorocarbone-excalibur-mi-18\/#breadcrumb\",\"itemListElement\":[{\"@type\":\"ListItem\",\"position\":1,\"name\":\"Home\",\"item\":\"https:\/\/shop.camac-harps.com\/fr\/homepage\/\"},{\"@type\":\"ListItem\",\"position\":2,\"name\":\"Accueil\",\"item\":\"https:\/\/shop.camac-harps.com\/fr\/homepage\/\"},{\"@type\":\"ListItem\",\"position\":3,\"name\":\"Corde fluorocarbone (K\u00fcrschner) &#8211; Excalibur : Mi 18\"}]},{\"@type\":\"WebSite\",\"@id\":\"https:\/\/shop.camac-harps.com\/fr\/#website\",\"url\":\"https:\/\/shop.camac-harps.com\/fr\/\",\"name\":\"Camac Harps Shop\",\"description\":\"\",\"potentialAction\":[{\"@type\":\"SearchAction\",\"target\":{\"@type\":\"EntryPoint\",\"urlTemplate\":\"https:\/\/shop.camac-harps.com\/fr\/?s={search_term_string}\"},\"query-input\":{\"@type\":\"PropertyValueSpecification\",\"valueRequired\":true,\"valueName\":\"search_term_string\"}}],\"inLanguage\":\"fr-FR\"}]}<\/script>","yoast_head_json":{"title":"Corde fluorocarbone (K\u00fcrschner) pour harpe Excalibur","description":"Corde fluorocarbone (K\u00fcrschner) pour harpe Excalibur | Mi 18 | Son exceptionnel dans le registre m\u00e9dium | Boutique en ligne Camac.","robots":{"index":"index","follow":"follow","max-snippet":"max-snippet:-1","max-image-preview":"max-image-preview:large","max-video-preview":"max-video-preview:-1"},"canonical":"https:\/\/shop.camac-harps.com\/fr\/produit\/corde-fluorocarbone-excalibur-mi-18\/","og_locale":"fr_FR","og_type":"article","og_title":"Corde fluorocarbone (K\u00fcrschner) pour harpe Excalibur","og_description":"Corde fluorocarbone (K\u00fcrschner) pour harpe Excalibur | Mi 18 | Son exceptionnel dans le registre m\u00e9dium | Boutique en ligne Camac.","og_url":"https:\/\/shop.camac-harps.com\/fr\/produit\/corde-fluorocarbone-excalibur-mi-18\/","og_site_name":"Camac Harps Shop","article_modified_time":"2026-04-01T15:51:25+00:00","og_image":[{"width":600,"height":598,"url":"https:\/\/shop.camac-harps.com\/wp-content\/uploads\/sites\/25\/2018\/07\/kuerschner.jpg","type":"image\/jpeg"}],"twitter_card":"summary_large_image","schema":{"@context":"https:\/\/schema.org","@graph":[{"@type":"WebPage","@id":"https:\/\/shop.camac-harps.com\/fr\/produit\/corde-fluorocarbone-excalibur-mi-18\/","url":"https:\/\/shop.camac-harps.com\/fr\/produit\/corde-fluorocarbone-excalibur-mi-18\/","name":"Corde fluorocarbone (K\u00fcrschner) pour harpe Excalibur","isPartOf":{"@id":"https:\/\/shop.camac-harps.com\/fr\/#website"},"primaryImageOfPage":{"@id":"https:\/\/shop.camac-harps.com\/fr\/produit\/corde-fluorocarbone-excalibur-mi-18\/#primaryimage"},"image":{"@id":"https:\/\/shop.camac-harps.com\/fr\/produit\/corde-fluorocarbone-excalibur-mi-18\/#primaryimage"},"thumbnailUrl":"https:\/\/shop.camac-harps.com\/wp-content\/uploads\/sites\/25\/2018\/07\/kuerschner.jpg","datePublished":"2018-07-06T14:40:27+00:00","dateModified":"2026-04-01T15:51:25+00:00","description":"Corde fluorocarbone (K\u00fcrschner) pour harpe Excalibur | Mi 18 | Son exceptionnel dans le registre m\u00e9dium | Boutique en ligne Camac.","breadcrumb":{"@id":"https:\/\/shop.camac-harps.com\/fr\/produit\/corde-fluorocarbone-excalibur-mi-18\/#breadcrumb"},"inLanguage":"fr-FR","potentialAction":[{"@type":"ReadAction","target":["https:\/\/shop.camac-harps.com\/fr\/produit\/corde-fluorocarbone-excalibur-mi-18\/"]}]},{"@type":"ImageObject","inLanguage":"fr-FR","@id":"https:\/\/shop.camac-harps.com\/fr\/produit\/corde-fluorocarbone-excalibur-mi-18\/#primaryimage","url":"https:\/\/shop.camac-harps.com\/wp-content\/uploads\/sites\/25\/2018\/07\/kuerschner.jpg","contentUrl":"https:\/\/shop.camac-harps.com\/wp-content\/uploads\/sites\/25\/2018\/07\/kuerschner.jpg","width":600,"height":598,"caption":"K\u00fcrschner fluorocarbon"},{"@type":"BreadcrumbList","@id":"https:\/\/shop.camac-harps.com\/fr\/produit\/corde-fluorocarbone-excalibur-mi-18\/#breadcrumb","itemListElement":[{"@type":"ListItem","position":1,"name":"Home","item":"https:\/\/shop.camac-harps.com\/fr\/homepage\/"},{"@type":"ListItem","position":2,"name":"Accueil","item":"https:\/\/shop.camac-harps.com\/fr\/homepage\/"},{"@type":"ListItem","position":3,"name":"Corde fluorocarbone (K\u00fcrschner) &#8211; Excalibur : Mi 18"}]},{"@type":"WebSite","@id":"https:\/\/shop.camac-harps.com\/fr\/#website","url":"https:\/\/shop.camac-harps.com\/fr\/","name":"Camac Harps Shop","description":"","potentialAction":[{"@type":"SearchAction","target":{"@type":"EntryPoint","urlTemplate":"https:\/\/shop.camac-harps.com\/fr\/?s={search_term_string}"},"query-input":{"@type":"PropertyValueSpecification","valueRequired":true,"valueName":"search_term_string"}}],"inLanguage":"fr-FR"}]}},"_links":{"self":[{"href":"https:\/\/shop.camac-harps.com\/fr\/wp-json\/wp\/v2\/product\/19567","targetHints":{"allow":["GET"]}}],"collection":[{"href":"https:\/\/shop.camac-harps.com\/fr\/wp-json\/wp\/v2\/product"}],"about":[{"href":"https:\/\/shop.camac-harps.com\/fr\/wp-json\/wp\/v2\/types\/product"}],"replies":[{"embeddable":true,"href":"https:\/\/shop.camac-harps.com\/fr\/wp-json\/wp\/v2\/comments?post=19567"}],"wp:featuredmedia":[{"embeddable":true,"href":"https:\/\/shop.camac-harps.com\/fr\/wp-json\/wp\/v2\/media\/20456"}],"wp:attachment":[{"href":"https:\/\/shop.camac-harps.com\/fr\/wp-json\/wp\/v2\/media?parent=19567"}],"wp:term":[{"taxonomy":"product_brand","embeddable":true,"href":"https:\/\/shop.camac-harps.com\/fr\/wp-json\/wp\/v2\/product_brand?post=19567"},{"taxonomy":"product_cat","embeddable":true,"href":"https:\/\/shop.camac-harps.com\/fr\/wp-json\/wp\/v2\/product_cat?post=19567"},{"taxonomy":"product_tag","embeddable":true,"href":"https:\/\/shop.camac-harps.com\/fr\/wp-json\/wp\/v2\/product_tag?post=19567"}],"curies":[{"name":"wp","href":"https:\/\/api.w.org\/{rel}","templated":true}]}}