{"id":21663,"date":"2019-04-25T18:05:14","date_gmt":"2019-04-25T18:05:14","guid":{"rendered":"https:\/\/shop.camac-harps.com\/?post_type=product&#038;p=21663"},"modified":"2026-02-10T14:02:57","modified_gmt":"2026-02-10T14:02:57","slug":"capteur-et-preampli-ischell-modele-x-jack","status":"publish","type":"product","link":"https:\/\/shop.camac-harps.com\/fr\/produit\/capteur-et-preampli-ischell-modele-x-jack\/","title":{"rendered":"Capteur et pr\u00e9ampli Ischell mod\u00e8le X-JACK"},"content":{"rendered":"<div style=\"text-align: justify;\">La derni\u00e8re version du c\u00e9l\u00e8bre Syst\u00e8me Ischell nomade : le magnifique micro-contact AirBag-C dans une configuration offrant \u00e0 la fois une sortie jack traditionnelle (signal asym\u00e9trique), mais surtout une sortie XLR (signal sym\u00e9tris\u00e9) gr\u00e2ce \u00e0 son pr\u00e9ampli et DI-box inclus. Alimentation par pile 9v incluse, ou \u00ab\u00a0Phantom\u00a0\u00bb en XLR.<\/div>\n<div style=\"text-align: justify;\">Le syst\u00e8me X-Jack est la solution la plus performante et polyvalente pour amplifier votre harpe en toutes circonstances, que ce soit avec un ampli compact ou sur un gros syst\u00e8me professionnel.<\/div>\n<div style=\"text-align: justify;\">\u00a0<\/div>\n<div style=\"text-align: justify;\">Micro de contact, installation amovible, c\u00e2ble micro 45cm, sortie sur Jack et XLR simultan\u00e9s, fonctionne avec alimentation fant\u00f4me ou pile 9v (500H) automatiquement, forts niveaux sur sc\u00e8ne\u2026<\/div>\n<div>\n<p>Sp\u00e9cifications :<br \/>\n\u2022 Micro de contact avec 45cm de c\u00e2ble, 2mm de diam\u00e8tre<\/p>\n<div style=\"text-align: justify;\">\u2022 Fixation du syst\u00e8me dans ou sur l\u2019instrument par velcro<\/div>\n<div style=\"text-align: justify;\">\u2022 Fonctionnement sur alimentation fant\u00f4me de 9v \u00e0 48v ou pile 9v (500 Heures)<\/div>\n<div style=\"text-align: justify;\">\u2022 Coupe bas interne \u00e0 l\u2019XLR 3 positions : Flat \/ 180Hz \/ 360Hz<\/div>\n<div style=\"text-align: justify;\">\u2022 Sortie sym\u00e9trique XLR<\/div>\n<div style=\"text-align: justify;\">\u2022 Sortie Jack asym\u00e9trique<\/div>\n<div style=\"text-align: justify;\">\u2022 P\u00e2te \u00e0 fixer<\/div>\n<div style=\"text-align: justify;\">\u2022 Manuel utilisateur<\/div>\n<div style=\"text-align: justify;\">\u2022 Trousse de rangement<\/div>\n<\/div>\n","protected":false},"excerpt":{"rendered":"<p>La derni\u00e8re version du c\u00e9l\u00e8bre Syst\u00e8me Ischell nomade : le magnifique micro-contact AirBag-C dans une configuration offrant \u00e0 la fois une sortie jack traditionnelle (signal asym\u00e9trique), mais surtout une sortie XLR (signal sym\u00e9tris\u00e9) gr\u00e2ce \u00e0 son pr\u00e9ampli et DI-box inclus. Alimentation par pile 9v incluse, ou \u00ab\u00a0Phantom\u00a0\u00bb en XLR. Le syst\u00e8me X-Jack est la solution [&hellip;]<\/p>\n","protected":false},"featured_media":21564,"comment_status":"open","ping_status":"closed","template":"","meta":{"_acf_changed":false},"product_brand":[],"product_cat":[39,84],"product_tag":[],"class_list":{"0":"post-21663","1":"product","2":"type-product","3":"status-publish","4":"has-post-thumbnail","6":"product_cat-accessoires-housses","7":"product_cat-capteurs-amplis-et-cables","9":"first","10":"instock","11":"taxable","12":"shipping-taxable","13":"purchasable","14":"product-type-simple"},"acf":[],"yoast_head":"<title>Capteur et pr\u00e9ampli Ischell mod\u00e8le X-JACK - Camac Harps Shop<\/title>\n<meta name=\"robots\" content=\"index, follow, max-snippet:-1, max-image-preview:large, max-video-preview:-1\" \/>\n<link rel=\"canonical\" href=\"https:\/\/shop.camac-harps.com\/fr\/produit\/capteur-et-preampli-ischell-modele-x-jack\/\" \/>\n<meta property=\"og:locale\" content=\"fr_FR\" \/>\n<meta property=\"og:type\" content=\"article\" \/>\n<meta property=\"og:title\" content=\"Capteur et pr\u00e9ampli Ischell mod\u00e8le X-JACK - Camac Harps Shop\" \/>\n<meta property=\"og:description\" content=\"La derni\u00e8re version du c\u00e9l\u00e8bre Syst\u00e8me Ischell nomade : le magnifique micro-contact AirBag-C dans une configuration offrant \u00e0 la fois une sortie jack traditionnelle (signal asym\u00e9trique), mais surtout une sortie XLR (signal sym\u00e9tris\u00e9) gr\u00e2ce \u00e0 son pr\u00e9ampli et DI-box inclus. Alimentation par pile 9v incluse, ou \u00ab\u00a0Phantom\u00a0\u00bb en XLR. Le syst\u00e8me X-Jack est la solution [&hellip;]\" \/>\n<meta property=\"og:url\" content=\"https:\/\/shop.camac-harps.com\/fr\/produit\/capteur-et-preampli-ischell-modele-x-jack\/\" \/>\n<meta property=\"og:site_name\" content=\"Camac Harps Shop\" \/>\n<meta property=\"article:modified_time\" content=\"2026-02-10T14:02:57+00:00\" \/>\n<meta property=\"og:image\" content=\"https:\/\/shop.camac-harps.com\/wp-content\/uploads\/sites\/25\/2019\/04\/unnamed-1.jpg\" \/>\n\t<meta property=\"og:image:width\" content=\"600\" \/>\n\t<meta property=\"og:image:height\" content=\"600\" \/>\n\t<meta property=\"og:image:type\" content=\"image\/jpeg\" \/>\n<meta name=\"twitter:card\" content=\"summary_large_image\" \/>\n<meta name=\"twitter:label1\" content=\"Dur\u00e9e de lecture estim\u00e9e\" \/>\n\t<meta name=\"twitter:data1\" content=\"1 minute\" \/>\n<script type=\"application\/ld+json\" class=\"yoast-schema-graph\">{\"@context\":\"https:\/\/schema.org\",\"@graph\":[{\"@type\":\"WebPage\",\"@id\":\"https:\/\/shop.camac-harps.com\/fr\/produit\/capteur-et-preampli-ischell-modele-x-jack\/\",\"url\":\"https:\/\/shop.camac-harps.com\/fr\/produit\/capteur-et-preampli-ischell-modele-x-jack\/\",\"name\":\"Capteur et pr\u00e9ampli Ischell mod\u00e8le X-JACK - Camac Harps Shop\",\"isPartOf\":{\"@id\":\"https:\/\/shop.camac-harps.com\/fr\/#website\"},\"primaryImageOfPage\":{\"@id\":\"https:\/\/shop.camac-harps.com\/fr\/produit\/capteur-et-preampli-ischell-modele-x-jack\/#primaryimage\"},\"image\":{\"@id\":\"https:\/\/shop.camac-harps.com\/fr\/produit\/capteur-et-preampli-ischell-modele-x-jack\/#primaryimage\"},\"thumbnailUrl\":\"https:\/\/shop.camac-harps.com\/wp-content\/uploads\/sites\/25\/2019\/04\/unnamed-1.jpg\",\"datePublished\":\"2019-04-25T18:05:14+00:00\",\"dateModified\":\"2026-02-10T14:02:57+00:00\",\"breadcrumb\":{\"@id\":\"https:\/\/shop.camac-harps.com\/fr\/produit\/capteur-et-preampli-ischell-modele-x-jack\/#breadcrumb\"},\"inLanguage\":\"fr-FR\",\"potentialAction\":[{\"@type\":\"ReadAction\",\"target\":[\"https:\/\/shop.camac-harps.com\/fr\/produit\/capteur-et-preampli-ischell-modele-x-jack\/\"]}]},{\"@type\":\"ImageObject\",\"inLanguage\":\"fr-FR\",\"@id\":\"https:\/\/shop.camac-harps.com\/fr\/produit\/capteur-et-preampli-ischell-modele-x-jack\/#primaryimage\",\"url\":\"https:\/\/shop.camac-harps.com\/wp-content\/uploads\/sites\/25\/2019\/04\/unnamed-1.jpg\",\"contentUrl\":\"https:\/\/shop.camac-harps.com\/wp-content\/uploads\/sites\/25\/2019\/04\/unnamed-1.jpg\",\"width\":600,\"height\":600,\"caption\":\"Capteur et pr\u00e9ampli Ischell mod\u00e8le X-JACK\"},{\"@type\":\"BreadcrumbList\",\"@id\":\"https:\/\/shop.camac-harps.com\/fr\/produit\/capteur-et-preampli-ischell-modele-x-jack\/#breadcrumb\",\"itemListElement\":[{\"@type\":\"ListItem\",\"position\":1,\"name\":\"Home\",\"item\":\"https:\/\/shop.camac-harps.com\/fr\/homepage\/\"},{\"@type\":\"ListItem\",\"position\":2,\"name\":\"Accueil\",\"item\":\"https:\/\/shop.camac-harps.com\/fr\/homepage\/\"},{\"@type\":\"ListItem\",\"position\":3,\"name\":\"Capteur et pr\u00e9ampli Ischell mod\u00e8le X-JACK\"}]},{\"@type\":\"WebSite\",\"@id\":\"https:\/\/shop.camac-harps.com\/fr\/#website\",\"url\":\"https:\/\/shop.camac-harps.com\/fr\/\",\"name\":\"Camac Harps Shop\",\"description\":\"\",\"potentialAction\":[{\"@type\":\"SearchAction\",\"target\":{\"@type\":\"EntryPoint\",\"urlTemplate\":\"https:\/\/shop.camac-harps.com\/fr\/?s={search_term_string}\"},\"query-input\":{\"@type\":\"PropertyValueSpecification\",\"valueRequired\":true,\"valueName\":\"search_term_string\"}}],\"inLanguage\":\"fr-FR\"}]}<\/script>","yoast_head_json":{"title":"Capteur et pr\u00e9ampli Ischell mod\u00e8le X-JACK - Camac Harps Shop","robots":{"index":"index","follow":"follow","max-snippet":"max-snippet:-1","max-image-preview":"max-image-preview:large","max-video-preview":"max-video-preview:-1"},"canonical":"https:\/\/shop.camac-harps.com\/fr\/produit\/capteur-et-preampli-ischell-modele-x-jack\/","og_locale":"fr_FR","og_type":"article","og_title":"Capteur et pr\u00e9ampli Ischell mod\u00e8le X-JACK - Camac Harps Shop","og_description":"La derni\u00e8re version du c\u00e9l\u00e8bre Syst\u00e8me Ischell nomade : le magnifique micro-contact AirBag-C dans une configuration offrant \u00e0 la fois une sortie jack traditionnelle (signal asym\u00e9trique), mais surtout une sortie XLR (signal sym\u00e9tris\u00e9) gr\u00e2ce \u00e0 son pr\u00e9ampli et DI-box inclus. Alimentation par pile 9v incluse, ou \u00ab\u00a0Phantom\u00a0\u00bb en XLR. Le syst\u00e8me X-Jack est la solution [&hellip;]","og_url":"https:\/\/shop.camac-harps.com\/fr\/produit\/capteur-et-preampli-ischell-modele-x-jack\/","og_site_name":"Camac Harps Shop","article_modified_time":"2026-02-10T14:02:57+00:00","og_image":[{"width":600,"height":600,"url":"https:\/\/shop.camac-harps.com\/wp-content\/uploads\/sites\/25\/2019\/04\/unnamed-1.jpg","type":"image\/jpeg"}],"twitter_card":"summary_large_image","twitter_misc":{"Dur\u00e9e de lecture estim\u00e9e":"1 minute"},"schema":{"@context":"https:\/\/schema.org","@graph":[{"@type":"WebPage","@id":"https:\/\/shop.camac-harps.com\/fr\/produit\/capteur-et-preampli-ischell-modele-x-jack\/","url":"https:\/\/shop.camac-harps.com\/fr\/produit\/capteur-et-preampli-ischell-modele-x-jack\/","name":"Capteur et pr\u00e9ampli Ischell mod\u00e8le X-JACK - Camac Harps Shop","isPartOf":{"@id":"https:\/\/shop.camac-harps.com\/fr\/#website"},"primaryImageOfPage":{"@id":"https:\/\/shop.camac-harps.com\/fr\/produit\/capteur-et-preampli-ischell-modele-x-jack\/#primaryimage"},"image":{"@id":"https:\/\/shop.camac-harps.com\/fr\/produit\/capteur-et-preampli-ischell-modele-x-jack\/#primaryimage"},"thumbnailUrl":"https:\/\/shop.camac-harps.com\/wp-content\/uploads\/sites\/25\/2019\/04\/unnamed-1.jpg","datePublished":"2019-04-25T18:05:14+00:00","dateModified":"2026-02-10T14:02:57+00:00","breadcrumb":{"@id":"https:\/\/shop.camac-harps.com\/fr\/produit\/capteur-et-preampli-ischell-modele-x-jack\/#breadcrumb"},"inLanguage":"fr-FR","potentialAction":[{"@type":"ReadAction","target":["https:\/\/shop.camac-harps.com\/fr\/produit\/capteur-et-preampli-ischell-modele-x-jack\/"]}]},{"@type":"ImageObject","inLanguage":"fr-FR","@id":"https:\/\/shop.camac-harps.com\/fr\/produit\/capteur-et-preampli-ischell-modele-x-jack\/#primaryimage","url":"https:\/\/shop.camac-harps.com\/wp-content\/uploads\/sites\/25\/2019\/04\/unnamed-1.jpg","contentUrl":"https:\/\/shop.camac-harps.com\/wp-content\/uploads\/sites\/25\/2019\/04\/unnamed-1.jpg","width":600,"height":600,"caption":"Capteur et pr\u00e9ampli Ischell mod\u00e8le X-JACK"},{"@type":"BreadcrumbList","@id":"https:\/\/shop.camac-harps.com\/fr\/produit\/capteur-et-preampli-ischell-modele-x-jack\/#breadcrumb","itemListElement":[{"@type":"ListItem","position":1,"name":"Home","item":"https:\/\/shop.camac-harps.com\/fr\/homepage\/"},{"@type":"ListItem","position":2,"name":"Accueil","item":"https:\/\/shop.camac-harps.com\/fr\/homepage\/"},{"@type":"ListItem","position":3,"name":"Capteur et pr\u00e9ampli Ischell mod\u00e8le X-JACK"}]},{"@type":"WebSite","@id":"https:\/\/shop.camac-harps.com\/fr\/#website","url":"https:\/\/shop.camac-harps.com\/fr\/","name":"Camac Harps Shop","description":"","potentialAction":[{"@type":"SearchAction","target":{"@type":"EntryPoint","urlTemplate":"https:\/\/shop.camac-harps.com\/fr\/?s={search_term_string}"},"query-input":{"@type":"PropertyValueSpecification","valueRequired":true,"valueName":"search_term_string"}}],"inLanguage":"fr-FR"}]}},"_links":{"self":[{"href":"https:\/\/shop.camac-harps.com\/fr\/wp-json\/wp\/v2\/product\/21663","targetHints":{"allow":["GET"]}}],"collection":[{"href":"https:\/\/shop.camac-harps.com\/fr\/wp-json\/wp\/v2\/product"}],"about":[{"href":"https:\/\/shop.camac-harps.com\/fr\/wp-json\/wp\/v2\/types\/product"}],"replies":[{"embeddable":true,"href":"https:\/\/shop.camac-harps.com\/fr\/wp-json\/wp\/v2\/comments?post=21663"}],"wp:featuredmedia":[{"embeddable":true,"href":"https:\/\/shop.camac-harps.com\/fr\/wp-json\/wp\/v2\/media\/21564"}],"wp:attachment":[{"href":"https:\/\/shop.camac-harps.com\/fr\/wp-json\/wp\/v2\/media?parent=21663"}],"wp:term":[{"taxonomy":"product_brand","embeddable":true,"href":"https:\/\/shop.camac-harps.com\/fr\/wp-json\/wp\/v2\/product_brand?post=21663"},{"taxonomy":"product_cat","embeddable":true,"href":"https:\/\/shop.camac-harps.com\/fr\/wp-json\/wp\/v2\/product_cat?post=21663"},{"taxonomy":"product_tag","embeddable":true,"href":"https:\/\/shop.camac-harps.com\/fr\/wp-json\/wp\/v2\/product_tag?post=21663"}],"curies":[{"name":"wp","href":"https:\/\/api.w.org\/{rel}","templated":true}]}}