{"id":22490,"date":"2019-06-14T13:26:15","date_gmt":"2019-06-14T13:26:15","guid":{"rendered":"https:\/\/shop.camac-harps.com\/?post_type=product&#038;p=22490"},"modified":"2025-03-21T15:34:01","modified_gmt":"2025-03-21T15:34:01","slug":"aubat-andrieu-mathilde-bancaud-laurence-barbe-aurelie-breschand-helene-guide-to-the-contemporary-harp-version-anglaise","status":"publish","type":"product","link":"https:\/\/shop.camac-harps.com\/fr\/produit\/aubat-andrieu-mathilde-bancaud-laurence-barbe-aurelie-breschand-helene-guide-to-the-contemporary-harp-version-anglaise\/","title":{"rendered":"AUBAT-ANDRIEU Mathilde, BANCAUD Laurence, BARBE Aur\u00e9lie, BRESCHAND H\u00e9l\u00e8ne : Guide to the Contemporary Harp (version anglaise)"},"content":{"rendered":"<p style=\"text-align: justify;\"><strong>Version anglaise de <a href=\"https:\/\/shop.camac-harps.com\/en\/product\/aubat-andrieu-mathilde-bancaud-laurence-barbe-aurelie-breschand-helene-la-harpe-aux-xxe-et-xxie-siecles-in-french\/\">La Harpe aux XXe et XXIe Si\u00e8cles<\/a>.<\/strong><\/p>\n<p style=\"text-align: justify;\">Harps and harp music have enjoyed a renaissance over the past century and today can be heard in a broad array of musical contexts. <em>Guide to the Contemporary Harp<\/em> is a comprehensive resource that examines the vibrant present-day landscape of the harp. The authors explore the instrument from all angles, beginning with organology; moving through composition, notation, and playing techniques; and concluding with the contemporary repertoire for the harp. The rapid diversification in these areas of harp performance is the result of both technological innovations in harp making, which have produced the electric harp and MIDI harp, and innovative composers and players. These new instruments and techniques have broadened the concept of what is possible and what constitutes harp music today. <em>Guide to the Contemporary Harp<\/em> is an essential guide for any harpist looking to push the instrument and its music to new heights.<\/p>\n<p style=\"text-align: justify;\"><strong>Mathilde Aubat-Andrieu<\/strong> is a harpist and cofounder of the association <a href=\"http:\/\/www.lessignesdelarc.org\/\">Les Signes de l&rsquo;arc<\/a> (The Signs of the Arch).\u2028<\/p>\n<p style=\"text-align: justify;\"><strong>Laurence Bancaud<\/strong> is a harpist and cofounder of the association Les Signes de\u2028l&rsquo;arc. She is author of <em>Ton-That Ti\u00eat: Dialogue Avec la Nature<\/em>.\u2028<\/p>\n<p style=\"text-align: justify;\"><strong>Aur\u00e9lie Barb\u00e9<\/strong> is a harpist, composer, and cofounder of the association Les Signes de l&rsquo;arc. She is a teacher and performer, specializing in modal, minimalist, and improvised music for both classical and electric harp.\u2028<\/p>\n<p style=\"text-align: justify;\"><strong>H\u00e9l\u00e8ne Breschand<\/strong> is a harpist, composer, and cofounder of the association Les Signes de l&rsquo;arc.\u2028<\/p>\n<p style=\"text-align: justify;\"><strong>Lilian Rossi<\/strong> has pursued an academic career and is author of <em>Doctors and Nurses<\/em>.<\/p>\n<p style=\"text-align: justify;\"><strong>Jean Rossi<\/strong> is an administrative officer. Working as a team, they have translated numerous academic and literary works from French and German.<\/p>\n","protected":false},"excerpt":{"rendered":"<p>Version anglaise de La Harpe aux XXe et XXIe Si\u00e8cles. Harps and harp music have enjoyed a renaissance over the past century and today can be heard in a broad array of musical contexts. Guide to the Contemporary Harp is a comprehensive resource that examines the vibrant present-day landscape of the harp. The authors explore [&hellip;]<\/p>\n","protected":false},"featured_media":22491,"comment_status":"open","ping_status":"closed","template":"","meta":{"_acf_changed":false},"product_brand":[],"product_cat":[63],"product_tag":[],"class_list":{"0":"post-22490","1":"product","2":"type-product","3":"status-publish","4":"has-post-thumbnail","6":"product_cat-livres","8":"first","9":"instock","10":"taxable","11":"shipping-taxable","12":"purchasable","13":"product-type-simple"},"acf":[],"yoast_head":"<title>AUBAT-ANDRIEU Mathilde, BANCAUD Laurence, BARBE Aur\u00e9lie, BRESCHAND H\u00e9l\u00e8ne : Guide to the Contemporary Harp (version anglaise) - Camac Harps Shop<\/title>\n<meta name=\"robots\" content=\"index, follow, max-snippet:-1, max-image-preview:large, max-video-preview:-1\" \/>\n<link rel=\"canonical\" href=\"https:\/\/shop.camac-harps.com\/fr\/produit\/aubat-andrieu-mathilde-bancaud-laurence-barbe-aurelie-breschand-helene-guide-to-the-contemporary-harp-version-anglaise\/\" \/>\n<meta property=\"og:locale\" content=\"fr_FR\" \/>\n<meta property=\"og:type\" content=\"article\" \/>\n<meta property=\"og:title\" content=\"AUBAT-ANDRIEU Mathilde, BANCAUD Laurence, BARBE Aur\u00e9lie, BRESCHAND H\u00e9l\u00e8ne : Guide to the Contemporary Harp (version anglaise) - Camac Harps Shop\" \/>\n<meta property=\"og:description\" content=\"Version anglaise de La Harpe aux XXe et XXIe Si\u00e8cles. Harps and harp music have enjoyed a renaissance over the past century and today can be heard in a broad array of musical contexts. Guide to the Contemporary Harp is a comprehensive resource that examines the vibrant present-day landscape of the harp. The authors explore [&hellip;]\" \/>\n<meta property=\"og:url\" content=\"https:\/\/shop.camac-harps.com\/fr\/produit\/aubat-andrieu-mathilde-bancaud-laurence-barbe-aurelie-breschand-helene-guide-to-the-contemporary-harp-version-anglaise\/\" \/>\n<meta property=\"og:site_name\" content=\"Camac Harps Shop\" \/>\n<meta property=\"article:modified_time\" content=\"2025-03-21T15:34:01+00:00\" \/>\n<meta property=\"og:image\" content=\"https:\/\/shop.camac-harps.com\/wp-content\/uploads\/sites\/25\/2019\/06\/atm02-679x1024.jpg\" \/>\n\t<meta property=\"og:image:width\" content=\"679\" \/>\n\t<meta property=\"og:image:height\" content=\"1024\" \/>\n\t<meta property=\"og:image:type\" content=\"image\/jpeg\" \/>\n<meta name=\"twitter:card\" content=\"summary_large_image\" \/>\n<meta name=\"twitter:label1\" content=\"Dur\u00e9e de lecture estim\u00e9e\" \/>\n\t<meta name=\"twitter:data1\" content=\"2 minutes\" \/>\n<script type=\"application\/ld+json\" class=\"yoast-schema-graph\">{\"@context\":\"https:\/\/schema.org\",\"@graph\":[{\"@type\":\"WebPage\",\"@id\":\"https:\/\/shop.camac-harps.com\/fr\/produit\/aubat-andrieu-mathilde-bancaud-laurence-barbe-aurelie-breschand-helene-guide-to-the-contemporary-harp-version-anglaise\/\",\"url\":\"https:\/\/shop.camac-harps.com\/fr\/produit\/aubat-andrieu-mathilde-bancaud-laurence-barbe-aurelie-breschand-helene-guide-to-the-contemporary-harp-version-anglaise\/\",\"name\":\"AUBAT-ANDRIEU Mathilde, BANCAUD Laurence, BARBE Aur\u00e9lie, BRESCHAND H\u00e9l\u00e8ne : Guide to the Contemporary Harp (version anglaise) - Camac Harps Shop\",\"isPartOf\":{\"@id\":\"https:\/\/shop.camac-harps.com\/fr\/#website\"},\"primaryImageOfPage\":{\"@id\":\"https:\/\/shop.camac-harps.com\/fr\/produit\/aubat-andrieu-mathilde-bancaud-laurence-barbe-aurelie-breschand-helene-guide-to-the-contemporary-harp-version-anglaise\/#primaryimage\"},\"image\":{\"@id\":\"https:\/\/shop.camac-harps.com\/fr\/produit\/aubat-andrieu-mathilde-bancaud-laurence-barbe-aurelie-breschand-helene-guide-to-the-contemporary-harp-version-anglaise\/#primaryimage\"},\"thumbnailUrl\":\"https:\/\/shop.camac-harps.com\/wp-content\/uploads\/sites\/25\/2019\/06\/atm02.jpg\",\"datePublished\":\"2019-06-14T13:26:15+00:00\",\"dateModified\":\"2025-03-21T15:34:01+00:00\",\"breadcrumb\":{\"@id\":\"https:\/\/shop.camac-harps.com\/fr\/produit\/aubat-andrieu-mathilde-bancaud-laurence-barbe-aurelie-breschand-helene-guide-to-the-contemporary-harp-version-anglaise\/#breadcrumb\"},\"inLanguage\":\"fr-FR\",\"potentialAction\":[{\"@type\":\"ReadAction\",\"target\":[\"https:\/\/shop.camac-harps.com\/fr\/produit\/aubat-andrieu-mathilde-bancaud-laurence-barbe-aurelie-breschand-helene-guide-to-the-contemporary-harp-version-anglaise\/\"]}]},{\"@type\":\"ImageObject\",\"inLanguage\":\"fr-FR\",\"@id\":\"https:\/\/shop.camac-harps.com\/fr\/produit\/aubat-andrieu-mathilde-bancaud-laurence-barbe-aurelie-breschand-helene-guide-to-the-contemporary-harp-version-anglaise\/#primaryimage\",\"url\":\"https:\/\/shop.camac-harps.com\/wp-content\/uploads\/sites\/25\/2019\/06\/atm02.jpg\",\"contentUrl\":\"https:\/\/shop.camac-harps.com\/wp-content\/uploads\/sites\/25\/2019\/06\/atm02.jpg\",\"width\":1788,\"height\":2698,\"caption\":\"Les Signes de l'Arc : Guide to the Contemporary Harp\"},{\"@type\":\"BreadcrumbList\",\"@id\":\"https:\/\/shop.camac-harps.com\/fr\/produit\/aubat-andrieu-mathilde-bancaud-laurence-barbe-aurelie-breschand-helene-guide-to-the-contemporary-harp-version-anglaise\/#breadcrumb\",\"itemListElement\":[{\"@type\":\"ListItem\",\"position\":1,\"name\":\"Home\",\"item\":\"https:\/\/shop.camac-harps.com\/fr\/homepage\/\"},{\"@type\":\"ListItem\",\"position\":2,\"name\":\"Accueil\",\"item\":\"https:\/\/shop.camac-harps.com\/fr\/homepage\/\"},{\"@type\":\"ListItem\",\"position\":3,\"name\":\"AUBAT-ANDRIEU Mathilde, BANCAUD Laurence, BARBE Aur\u00e9lie, BRESCHAND H\u00e9l\u00e8ne : Guide to the Contemporary Harp (version anglaise)\"}]},{\"@type\":\"WebSite\",\"@id\":\"https:\/\/shop.camac-harps.com\/fr\/#website\",\"url\":\"https:\/\/shop.camac-harps.com\/fr\/\",\"name\":\"Camac Harps Shop\",\"description\":\"\",\"potentialAction\":[{\"@type\":\"SearchAction\",\"target\":{\"@type\":\"EntryPoint\",\"urlTemplate\":\"https:\/\/shop.camac-harps.com\/fr\/?s={search_term_string}\"},\"query-input\":{\"@type\":\"PropertyValueSpecification\",\"valueRequired\":true,\"valueName\":\"search_term_string\"}}],\"inLanguage\":\"fr-FR\"}]}<\/script>","yoast_head_json":{"title":"AUBAT-ANDRIEU Mathilde, BANCAUD Laurence, BARBE Aur\u00e9lie, BRESCHAND H\u00e9l\u00e8ne : Guide to the Contemporary Harp (version anglaise) - Camac Harps Shop","robots":{"index":"index","follow":"follow","max-snippet":"max-snippet:-1","max-image-preview":"max-image-preview:large","max-video-preview":"max-video-preview:-1"},"canonical":"https:\/\/shop.camac-harps.com\/fr\/produit\/aubat-andrieu-mathilde-bancaud-laurence-barbe-aurelie-breschand-helene-guide-to-the-contemporary-harp-version-anglaise\/","og_locale":"fr_FR","og_type":"article","og_title":"AUBAT-ANDRIEU Mathilde, BANCAUD Laurence, BARBE Aur\u00e9lie, BRESCHAND H\u00e9l\u00e8ne : Guide to the Contemporary Harp (version anglaise) - Camac Harps Shop","og_description":"Version anglaise de La Harpe aux XXe et XXIe Si\u00e8cles. Harps and harp music have enjoyed a renaissance over the past century and today can be heard in a broad array of musical contexts. Guide to the Contemporary Harp is a comprehensive resource that examines the vibrant present-day landscape of the harp. The authors explore [&hellip;]","og_url":"https:\/\/shop.camac-harps.com\/fr\/produit\/aubat-andrieu-mathilde-bancaud-laurence-barbe-aurelie-breschand-helene-guide-to-the-contemporary-harp-version-anglaise\/","og_site_name":"Camac Harps Shop","article_modified_time":"2025-03-21T15:34:01+00:00","og_image":[{"width":679,"height":1024,"url":"https:\/\/shop.camac-harps.com\/wp-content\/uploads\/sites\/25\/2019\/06\/atm02-679x1024.jpg","type":"image\/jpeg"}],"twitter_card":"summary_large_image","twitter_misc":{"Dur\u00e9e de lecture estim\u00e9e":"2 minutes"},"schema":{"@context":"https:\/\/schema.org","@graph":[{"@type":"WebPage","@id":"https:\/\/shop.camac-harps.com\/fr\/produit\/aubat-andrieu-mathilde-bancaud-laurence-barbe-aurelie-breschand-helene-guide-to-the-contemporary-harp-version-anglaise\/","url":"https:\/\/shop.camac-harps.com\/fr\/produit\/aubat-andrieu-mathilde-bancaud-laurence-barbe-aurelie-breschand-helene-guide-to-the-contemporary-harp-version-anglaise\/","name":"AUBAT-ANDRIEU Mathilde, BANCAUD Laurence, BARBE Aur\u00e9lie, BRESCHAND H\u00e9l\u00e8ne : Guide to the Contemporary Harp (version anglaise) - Camac Harps Shop","isPartOf":{"@id":"https:\/\/shop.camac-harps.com\/fr\/#website"},"primaryImageOfPage":{"@id":"https:\/\/shop.camac-harps.com\/fr\/produit\/aubat-andrieu-mathilde-bancaud-laurence-barbe-aurelie-breschand-helene-guide-to-the-contemporary-harp-version-anglaise\/#primaryimage"},"image":{"@id":"https:\/\/shop.camac-harps.com\/fr\/produit\/aubat-andrieu-mathilde-bancaud-laurence-barbe-aurelie-breschand-helene-guide-to-the-contemporary-harp-version-anglaise\/#primaryimage"},"thumbnailUrl":"https:\/\/shop.camac-harps.com\/wp-content\/uploads\/sites\/25\/2019\/06\/atm02.jpg","datePublished":"2019-06-14T13:26:15+00:00","dateModified":"2025-03-21T15:34:01+00:00","breadcrumb":{"@id":"https:\/\/shop.camac-harps.com\/fr\/produit\/aubat-andrieu-mathilde-bancaud-laurence-barbe-aurelie-breschand-helene-guide-to-the-contemporary-harp-version-anglaise\/#breadcrumb"},"inLanguage":"fr-FR","potentialAction":[{"@type":"ReadAction","target":["https:\/\/shop.camac-harps.com\/fr\/produit\/aubat-andrieu-mathilde-bancaud-laurence-barbe-aurelie-breschand-helene-guide-to-the-contemporary-harp-version-anglaise\/"]}]},{"@type":"ImageObject","inLanguage":"fr-FR","@id":"https:\/\/shop.camac-harps.com\/fr\/produit\/aubat-andrieu-mathilde-bancaud-laurence-barbe-aurelie-breschand-helene-guide-to-the-contemporary-harp-version-anglaise\/#primaryimage","url":"https:\/\/shop.camac-harps.com\/wp-content\/uploads\/sites\/25\/2019\/06\/atm02.jpg","contentUrl":"https:\/\/shop.camac-harps.com\/wp-content\/uploads\/sites\/25\/2019\/06\/atm02.jpg","width":1788,"height":2698,"caption":"Les Signes de l'Arc : Guide to the Contemporary Harp"},{"@type":"BreadcrumbList","@id":"https:\/\/shop.camac-harps.com\/fr\/produit\/aubat-andrieu-mathilde-bancaud-laurence-barbe-aurelie-breschand-helene-guide-to-the-contemporary-harp-version-anglaise\/#breadcrumb","itemListElement":[{"@type":"ListItem","position":1,"name":"Home","item":"https:\/\/shop.camac-harps.com\/fr\/homepage\/"},{"@type":"ListItem","position":2,"name":"Accueil","item":"https:\/\/shop.camac-harps.com\/fr\/homepage\/"},{"@type":"ListItem","position":3,"name":"AUBAT-ANDRIEU Mathilde, BANCAUD Laurence, BARBE Aur\u00e9lie, BRESCHAND H\u00e9l\u00e8ne : Guide to the Contemporary Harp (version anglaise)"}]},{"@type":"WebSite","@id":"https:\/\/shop.camac-harps.com\/fr\/#website","url":"https:\/\/shop.camac-harps.com\/fr\/","name":"Camac Harps Shop","description":"","potentialAction":[{"@type":"SearchAction","target":{"@type":"EntryPoint","urlTemplate":"https:\/\/shop.camac-harps.com\/fr\/?s={search_term_string}"},"query-input":{"@type":"PropertyValueSpecification","valueRequired":true,"valueName":"search_term_string"}}],"inLanguage":"fr-FR"}]}},"_links":{"self":[{"href":"https:\/\/shop.camac-harps.com\/fr\/wp-json\/wp\/v2\/product\/22490","targetHints":{"allow":["GET"]}}],"collection":[{"href":"https:\/\/shop.camac-harps.com\/fr\/wp-json\/wp\/v2\/product"}],"about":[{"href":"https:\/\/shop.camac-harps.com\/fr\/wp-json\/wp\/v2\/types\/product"}],"replies":[{"embeddable":true,"href":"https:\/\/shop.camac-harps.com\/fr\/wp-json\/wp\/v2\/comments?post=22490"}],"wp:featuredmedia":[{"embeddable":true,"href":"https:\/\/shop.camac-harps.com\/fr\/wp-json\/wp\/v2\/media\/22491"}],"wp:attachment":[{"href":"https:\/\/shop.camac-harps.com\/fr\/wp-json\/wp\/v2\/media?parent=22490"}],"wp:term":[{"taxonomy":"product_brand","embeddable":true,"href":"https:\/\/shop.camac-harps.com\/fr\/wp-json\/wp\/v2\/product_brand?post=22490"},{"taxonomy":"product_cat","embeddable":true,"href":"https:\/\/shop.camac-harps.com\/fr\/wp-json\/wp\/v2\/product_cat?post=22490"},{"taxonomy":"product_tag","embeddable":true,"href":"https:\/\/shop.camac-harps.com\/fr\/wp-json\/wp\/v2\/product_tag?post=22490"}],"curies":[{"name":"wp","href":"https:\/\/api.w.org\/{rel}","templated":true}]}}