{"id":26038,"date":"2019-11-14T10:18:02","date_gmt":"2019-11-14T10:18:02","guid":{"rendered":"https:\/\/shop.camac-harps.com\/?post_type=product&#038;p=26038"},"modified":"2025-02-14T16:48:34","modified_gmt":"2025-02-14T16:48:34","slug":"pedal-quiet-poudre-dentretien-pour-enrobages-de-pedale-en-cuir","status":"publish","type":"product","link":"https:\/\/shop.camac-harps.com\/fr\/produit\/pedal-quiet-poudre-dentretien-pour-enrobages-de-pedale-en-cuir\/","title":{"rendered":"PEDAL QUIET : poudre d&rsquo;entretien pour enrobages de p\u00e9dale en cuir"},"content":{"rendered":"<p style=\"text-align: justify;\">A l&rsquo;aide d&rsquo;un pinceau, appliquez une petite quantit\u00e9 de poudre sur l&rsquo;enrobage cuir, puis \u00e9talez sur l&rsquo;ensemble de la surface. Proc\u00e9dez de m\u00eame pour les autres enrobages, puis essuyez la poudre qui serait tomb\u00e9e sur le socle ou dans les encoches avec un chiffon.\u00a0<\/p>\n<p>Cette poudre est pour le cuir, \u00e0 l&rsquo;exception d&rsquo;aucune autre mati\u00e8re.<\/p>\n","protected":false},"excerpt":{"rendered":"<p>A l&rsquo;aide d&rsquo;un pinceau, appliquez une petite quantit\u00e9 de poudre sur l&rsquo;enrobage cuir, puis \u00e9talez sur l&rsquo;ensemble de la surface. Proc\u00e9dez de m\u00eame pour les autres enrobages, puis essuyez la poudre qui serait tomb\u00e9e sur le socle ou dans les encoches avec un chiffon.\u00a0 Cette poudre est pour le cuir, \u00e0 l&rsquo;exception d&rsquo;aucune autre mati\u00e8re.<\/p>\n","protected":false},"featured_media":26039,"comment_status":"open","ping_status":"closed","template":"","meta":{"_acf_changed":false},"product_brand":[],"product_cat":[39,441],"product_tag":[],"class_list":{"0":"post-26038","1":"product","2":"type-product","3":"status-publish","4":"has-post-thumbnail","6":"product_cat-accessoires-housses","7":"product_cat-pieces-detachees-et-outillage","9":"first","10":"instock","11":"taxable","12":"shipping-taxable","13":"purchasable","14":"product-type-simple"},"acf":[],"yoast_head":"<title>PEDAL QUIET : poudre d&#039;entretien pour enrobages de p\u00e9dale en cuir - Camac Harps Shop<\/title>\n<meta name=\"robots\" content=\"index, follow, max-snippet:-1, max-image-preview:large, max-video-preview:-1\" \/>\n<link rel=\"canonical\" href=\"https:\/\/shop.camac-harps.com\/fr\/produit\/pedal-quiet-poudre-dentretien-pour-enrobages-de-pedale-en-cuir\/\" \/>\n<meta property=\"og:locale\" content=\"fr_FR\" \/>\n<meta property=\"og:type\" content=\"article\" \/>\n<meta property=\"og:title\" content=\"PEDAL QUIET : poudre d&#039;entretien pour enrobages de p\u00e9dale en cuir - Camac Harps Shop\" \/>\n<meta property=\"og:description\" content=\"A l&rsquo;aide d&rsquo;un pinceau, appliquez une petite quantit\u00e9 de poudre sur l&rsquo;enrobage cuir, puis \u00e9talez sur l&rsquo;ensemble de la surface. Proc\u00e9dez de m\u00eame pour les autres enrobages, puis essuyez la poudre qui serait tomb\u00e9e sur le socle ou dans les encoches avec un chiffon.\u00a0 Cette poudre est pour le cuir, \u00e0 l&rsquo;exception d&rsquo;aucune autre mati\u00e8re.\" \/>\n<meta property=\"og:url\" content=\"https:\/\/shop.camac-harps.com\/fr\/produit\/pedal-quiet-poudre-dentretien-pour-enrobages-de-pedale-en-cuir\/\" \/>\n<meta property=\"og:site_name\" content=\"Camac Harps Shop\" \/>\n<meta property=\"article:modified_time\" content=\"2025-02-14T16:48:34+00:00\" \/>\n<meta property=\"og:image\" content=\"https:\/\/shop.camac-harps.com\/wp-content\/uploads\/sites\/25\/2019\/11\/poudrecuir-1.jpeg\" \/>\n\t<meta property=\"og:image:width\" content=\"774\" \/>\n\t<meta property=\"og:image:height\" content=\"800\" \/>\n\t<meta property=\"og:image:type\" content=\"image\/jpeg\" \/>\n<meta name=\"twitter:card\" content=\"summary_large_image\" \/>\n<script type=\"application\/ld+json\" class=\"yoast-schema-graph\">{\"@context\":\"https:\/\/schema.org\",\"@graph\":[{\"@type\":\"WebPage\",\"@id\":\"https:\/\/shop.camac-harps.com\/fr\/produit\/pedal-quiet-poudre-dentretien-pour-enrobages-de-pedale-en-cuir\/\",\"url\":\"https:\/\/shop.camac-harps.com\/fr\/produit\/pedal-quiet-poudre-dentretien-pour-enrobages-de-pedale-en-cuir\/\",\"name\":\"PEDAL QUIET : poudre d'entretien pour enrobages de p\u00e9dale en cuir - Camac Harps Shop\",\"isPartOf\":{\"@id\":\"https:\/\/shop.camac-harps.com\/fr\/#website\"},\"primaryImageOfPage\":{\"@id\":\"https:\/\/shop.camac-harps.com\/fr\/produit\/pedal-quiet-poudre-dentretien-pour-enrobages-de-pedale-en-cuir\/#primaryimage\"},\"image\":{\"@id\":\"https:\/\/shop.camac-harps.com\/fr\/produit\/pedal-quiet-poudre-dentretien-pour-enrobages-de-pedale-en-cuir\/#primaryimage\"},\"thumbnailUrl\":\"https:\/\/shop.camac-harps.com\/wp-content\/uploads\/sites\/25\/2019\/11\/poudrecuir-1.jpeg\",\"datePublished\":\"2019-11-14T10:18:02+00:00\",\"dateModified\":\"2025-02-14T16:48:34+00:00\",\"breadcrumb\":{\"@id\":\"https:\/\/shop.camac-harps.com\/fr\/produit\/pedal-quiet-poudre-dentretien-pour-enrobages-de-pedale-en-cuir\/#breadcrumb\"},\"inLanguage\":\"fr-FR\",\"potentialAction\":[{\"@type\":\"ReadAction\",\"target\":[\"https:\/\/shop.camac-harps.com\/fr\/produit\/pedal-quiet-poudre-dentretien-pour-enrobages-de-pedale-en-cuir\/\"]}]},{\"@type\":\"ImageObject\",\"inLanguage\":\"fr-FR\",\"@id\":\"https:\/\/shop.camac-harps.com\/fr\/produit\/pedal-quiet-poudre-dentretien-pour-enrobages-de-pedale-en-cuir\/#primaryimage\",\"url\":\"https:\/\/shop.camac-harps.com\/wp-content\/uploads\/sites\/25\/2019\/11\/poudrecuir-1.jpeg\",\"contentUrl\":\"https:\/\/shop.camac-harps.com\/wp-content\/uploads\/sites\/25\/2019\/11\/poudrecuir-1.jpeg\",\"width\":774,\"height\":800,\"caption\":\"PEDAL QUIET : poudre d'entretien pour enrobages de p\u00e9dale en cuir\"},{\"@type\":\"BreadcrumbList\",\"@id\":\"https:\/\/shop.camac-harps.com\/fr\/produit\/pedal-quiet-poudre-dentretien-pour-enrobages-de-pedale-en-cuir\/#breadcrumb\",\"itemListElement\":[{\"@type\":\"ListItem\",\"position\":1,\"name\":\"Home\",\"item\":\"https:\/\/shop.camac-harps.com\/fr\/homepage\/\"},{\"@type\":\"ListItem\",\"position\":2,\"name\":\"Accueil\",\"item\":\"https:\/\/shop.camac-harps.com\/fr\/homepage\/\"},{\"@type\":\"ListItem\",\"position\":3,\"name\":\"PEDAL QUIET : poudre d&#8217;entretien pour enrobages de p\u00e9dale en cuir\"}]},{\"@type\":\"WebSite\",\"@id\":\"https:\/\/shop.camac-harps.com\/fr\/#website\",\"url\":\"https:\/\/shop.camac-harps.com\/fr\/\",\"name\":\"Camac Harps Shop\",\"description\":\"\",\"potentialAction\":[{\"@type\":\"SearchAction\",\"target\":{\"@type\":\"EntryPoint\",\"urlTemplate\":\"https:\/\/shop.camac-harps.com\/fr\/?s={search_term_string}\"},\"query-input\":{\"@type\":\"PropertyValueSpecification\",\"valueRequired\":true,\"valueName\":\"search_term_string\"}}],\"inLanguage\":\"fr-FR\"}]}<\/script>","yoast_head_json":{"title":"PEDAL QUIET : poudre d'entretien pour enrobages de p\u00e9dale en cuir - Camac Harps Shop","robots":{"index":"index","follow":"follow","max-snippet":"max-snippet:-1","max-image-preview":"max-image-preview:large","max-video-preview":"max-video-preview:-1"},"canonical":"https:\/\/shop.camac-harps.com\/fr\/produit\/pedal-quiet-poudre-dentretien-pour-enrobages-de-pedale-en-cuir\/","og_locale":"fr_FR","og_type":"article","og_title":"PEDAL QUIET : poudre d'entretien pour enrobages de p\u00e9dale en cuir - Camac Harps Shop","og_description":"A l&rsquo;aide d&rsquo;un pinceau, appliquez une petite quantit\u00e9 de poudre sur l&rsquo;enrobage cuir, puis \u00e9talez sur l&rsquo;ensemble de la surface. Proc\u00e9dez de m\u00eame pour les autres enrobages, puis essuyez la poudre qui serait tomb\u00e9e sur le socle ou dans les encoches avec un chiffon.\u00a0 Cette poudre est pour le cuir, \u00e0 l&rsquo;exception d&rsquo;aucune autre mati\u00e8re.","og_url":"https:\/\/shop.camac-harps.com\/fr\/produit\/pedal-quiet-poudre-dentretien-pour-enrobages-de-pedale-en-cuir\/","og_site_name":"Camac Harps Shop","article_modified_time":"2025-02-14T16:48:34+00:00","og_image":[{"width":774,"height":800,"url":"https:\/\/shop.camac-harps.com\/wp-content\/uploads\/sites\/25\/2019\/11\/poudrecuir-1.jpeg","type":"image\/jpeg"}],"twitter_card":"summary_large_image","schema":{"@context":"https:\/\/schema.org","@graph":[{"@type":"WebPage","@id":"https:\/\/shop.camac-harps.com\/fr\/produit\/pedal-quiet-poudre-dentretien-pour-enrobages-de-pedale-en-cuir\/","url":"https:\/\/shop.camac-harps.com\/fr\/produit\/pedal-quiet-poudre-dentretien-pour-enrobages-de-pedale-en-cuir\/","name":"PEDAL QUIET : poudre d'entretien pour enrobages de p\u00e9dale en cuir - Camac Harps Shop","isPartOf":{"@id":"https:\/\/shop.camac-harps.com\/fr\/#website"},"primaryImageOfPage":{"@id":"https:\/\/shop.camac-harps.com\/fr\/produit\/pedal-quiet-poudre-dentretien-pour-enrobages-de-pedale-en-cuir\/#primaryimage"},"image":{"@id":"https:\/\/shop.camac-harps.com\/fr\/produit\/pedal-quiet-poudre-dentretien-pour-enrobages-de-pedale-en-cuir\/#primaryimage"},"thumbnailUrl":"https:\/\/shop.camac-harps.com\/wp-content\/uploads\/sites\/25\/2019\/11\/poudrecuir-1.jpeg","datePublished":"2019-11-14T10:18:02+00:00","dateModified":"2025-02-14T16:48:34+00:00","breadcrumb":{"@id":"https:\/\/shop.camac-harps.com\/fr\/produit\/pedal-quiet-poudre-dentretien-pour-enrobages-de-pedale-en-cuir\/#breadcrumb"},"inLanguage":"fr-FR","potentialAction":[{"@type":"ReadAction","target":["https:\/\/shop.camac-harps.com\/fr\/produit\/pedal-quiet-poudre-dentretien-pour-enrobages-de-pedale-en-cuir\/"]}]},{"@type":"ImageObject","inLanguage":"fr-FR","@id":"https:\/\/shop.camac-harps.com\/fr\/produit\/pedal-quiet-poudre-dentretien-pour-enrobages-de-pedale-en-cuir\/#primaryimage","url":"https:\/\/shop.camac-harps.com\/wp-content\/uploads\/sites\/25\/2019\/11\/poudrecuir-1.jpeg","contentUrl":"https:\/\/shop.camac-harps.com\/wp-content\/uploads\/sites\/25\/2019\/11\/poudrecuir-1.jpeg","width":774,"height":800,"caption":"PEDAL QUIET : poudre d'entretien pour enrobages de p\u00e9dale en cuir"},{"@type":"BreadcrumbList","@id":"https:\/\/shop.camac-harps.com\/fr\/produit\/pedal-quiet-poudre-dentretien-pour-enrobages-de-pedale-en-cuir\/#breadcrumb","itemListElement":[{"@type":"ListItem","position":1,"name":"Home","item":"https:\/\/shop.camac-harps.com\/fr\/homepage\/"},{"@type":"ListItem","position":2,"name":"Accueil","item":"https:\/\/shop.camac-harps.com\/fr\/homepage\/"},{"@type":"ListItem","position":3,"name":"PEDAL QUIET : poudre d&#8217;entretien pour enrobages de p\u00e9dale en cuir"}]},{"@type":"WebSite","@id":"https:\/\/shop.camac-harps.com\/fr\/#website","url":"https:\/\/shop.camac-harps.com\/fr\/","name":"Camac Harps Shop","description":"","potentialAction":[{"@type":"SearchAction","target":{"@type":"EntryPoint","urlTemplate":"https:\/\/shop.camac-harps.com\/fr\/?s={search_term_string}"},"query-input":{"@type":"PropertyValueSpecification","valueRequired":true,"valueName":"search_term_string"}}],"inLanguage":"fr-FR"}]}},"_links":{"self":[{"href":"https:\/\/shop.camac-harps.com\/fr\/wp-json\/wp\/v2\/product\/26038","targetHints":{"allow":["GET"]}}],"collection":[{"href":"https:\/\/shop.camac-harps.com\/fr\/wp-json\/wp\/v2\/product"}],"about":[{"href":"https:\/\/shop.camac-harps.com\/fr\/wp-json\/wp\/v2\/types\/product"}],"replies":[{"embeddable":true,"href":"https:\/\/shop.camac-harps.com\/fr\/wp-json\/wp\/v2\/comments?post=26038"}],"wp:featuredmedia":[{"embeddable":true,"href":"https:\/\/shop.camac-harps.com\/fr\/wp-json\/wp\/v2\/media\/26039"}],"wp:attachment":[{"href":"https:\/\/shop.camac-harps.com\/fr\/wp-json\/wp\/v2\/media?parent=26038"}],"wp:term":[{"taxonomy":"product_brand","embeddable":true,"href":"https:\/\/shop.camac-harps.com\/fr\/wp-json\/wp\/v2\/product_brand?post=26038"},{"taxonomy":"product_cat","embeddable":true,"href":"https:\/\/shop.camac-harps.com\/fr\/wp-json\/wp\/v2\/product_cat?post=26038"},{"taxonomy":"product_tag","embeddable":true,"href":"https:\/\/shop.camac-harps.com\/fr\/wp-json\/wp\/v2\/product_tag?post=26038"}],"curies":[{"name":"wp","href":"https:\/\/api.w.org\/{rel}","templated":true}]}}