{"id":26574,"date":"2019-12-12T09:09:22","date_gmt":"2019-12-12T09:09:22","guid":{"rendered":"https:\/\/shop.camac-harps.com\/?post_type=product&#038;p=26574"},"modified":"2025-02-14T16:48:34","modified_gmt":"2025-02-14T16:48:34","slug":"outil-pour-reglage-de-la-justesse-des-leviers-camac","status":"publish","type":"product","link":"https:\/\/shop.camac-harps.com\/fr\/produit\/outil-pour-reglage-de-la-justesse-des-leviers-camac\/","title":{"rendered":"Outil pour r\u00e9glage de la justesse des leviers Camac"},"content":{"rendered":"<p style=\"text-align: justify;\">Outil combin\u00e9 de cl\u00e9 hexagonales pour r\u00e9glage de la justesse des leviers Camac.<\/p>\n<p style=\"text-align: justify;\">Taille 4 mm pour le r\u00e9glage des leviers aigus.<br \/>\nTaille 5 mm pour le r\u00e9glage des leviers medium.<br \/>\nTaille 6 mm pour le r\u00e9glage des leviers basses.<\/p>\n<p style=\"text-align: justify;\">Mode d\u2019emploi : accorder la note \u00e0 vite avec un accordeur \u00e9lectronique. Monter le levier et v\u00e9rifier la justesse de la note alt\u00e9r\u00e9e. Si la note obtenue n&rsquo;est pas juste, il faut corriger le levier en agissant sur le sillet. Abaisser le levier pour agir sur la corde \u00e0 vide.<\/p>\n<p style=\"text-align: justify;\">Si la note est trop haute, il faut visser le sillet (descendre dans la console).<br \/>\nSi la note est trop basse, il faut d\u00e9visser le sillet (sortir de la console).<br \/>\nProc\u00e9der par \u00bc de tour car l&rsquo;effet sur la note obtenue est tr\u00e8s rapide. Apr\u00e8s avoir modifi\u00e9 la position du sillet, bien revoir l&rsquo;accord de la note \u00e0 vide avant de contr\u00f4ler le r\u00e9sultat.<\/p>\n<p style=\"text-align: justify;\">Attention, cet outil peut \u00eatre utilis\u00e9 sur n&rsquo;importe quelle harpe \u00e9quip\u00e9e des leviers Camac.<\/p>\n","protected":false},"excerpt":{"rendered":"<p>Outil combin\u00e9 de cl\u00e9 hexagonales pour r\u00e9glage de la justesse des leviers Camac. Taille 4 mm pour le r\u00e9glage des leviers aigus. Taille 5 mm pour le r\u00e9glage des leviers medium. Taille 6 mm pour le r\u00e9glage des leviers basses. Mode d\u2019emploi : accorder la note \u00e0 vite avec un accordeur \u00e9lectronique. Monter le levier [&hellip;]<\/p>\n","protected":false},"featured_media":26575,"comment_status":"open","ping_status":"closed","template":"","meta":{"_acf_changed":false},"product_brand":[],"product_cat":[39,547,626,441],"product_tag":[],"class_list":{"0":"post-26574","1":"product","2":"type-product","3":"status-publish","4":"has-post-thumbnail","6":"product_cat-accessoires-housses","7":"product_cat-boutique-en-ligne-odyssee","8":"product_cat-outillage-et-entretien","9":"product_cat-pieces-detachees-et-outillage","11":"first","12":"instock","13":"taxable","14":"shipping-taxable","15":"purchasable","16":"product-type-simple"},"acf":[],"yoast_head":"<title>Outil pour r\u00e9glage de la justesse des leviers Camac - Camac Harps Shop<\/title>\n<meta name=\"robots\" content=\"index, follow, max-snippet:-1, max-image-preview:large, max-video-preview:-1\" \/>\n<link rel=\"canonical\" href=\"https:\/\/shop.camac-harps.com\/fr\/produit\/outil-pour-reglage-de-la-justesse-des-leviers-camac\/\" \/>\n<meta property=\"og:locale\" content=\"fr_FR\" \/>\n<meta property=\"og:type\" content=\"article\" \/>\n<meta property=\"og:title\" content=\"Outil pour r\u00e9glage de la justesse des leviers Camac - Camac Harps Shop\" \/>\n<meta property=\"og:description\" content=\"Outil combin\u00e9 de cl\u00e9 hexagonales pour r\u00e9glage de la justesse des leviers Camac. Taille 4 mm pour le r\u00e9glage des leviers aigus. Taille 5 mm pour le r\u00e9glage des leviers medium. Taille 6 mm pour le r\u00e9glage des leviers basses. Mode d\u2019emploi : accorder la note \u00e0 vite avec un accordeur \u00e9lectronique. Monter le levier [&hellip;]\" \/>\n<meta property=\"og:url\" content=\"https:\/\/shop.camac-harps.com\/fr\/produit\/outil-pour-reglage-de-la-justesse-des-leviers-camac\/\" \/>\n<meta property=\"og:site_name\" content=\"Camac Harps Shop\" \/>\n<meta property=\"article:modified_time\" content=\"2025-02-14T16:48:34+00:00\" \/>\n<meta property=\"og:image\" content=\"https:\/\/shop.camac-harps.com\/wp-content\/uploads\/sites\/25\/2019\/12\/clehexa.jpg\" \/>\n\t<meta property=\"og:image:width\" content=\"600\" \/>\n\t<meta property=\"og:image:height\" content=\"800\" \/>\n\t<meta property=\"og:image:type\" content=\"image\/jpeg\" \/>\n<meta name=\"twitter:card\" content=\"summary_large_image\" \/>\n<meta name=\"twitter:label1\" content=\"Dur\u00e9e de lecture estim\u00e9e\" \/>\n\t<meta name=\"twitter:data1\" content=\"1 minute\" \/>\n<script type=\"application\/ld+json\" class=\"yoast-schema-graph\">{\"@context\":\"https:\/\/schema.org\",\"@graph\":[{\"@type\":\"WebPage\",\"@id\":\"https:\/\/shop.camac-harps.com\/fr\/produit\/outil-pour-reglage-de-la-justesse-des-leviers-camac\/\",\"url\":\"https:\/\/shop.camac-harps.com\/fr\/produit\/outil-pour-reglage-de-la-justesse-des-leviers-camac\/\",\"name\":\"Outil pour r\u00e9glage de la justesse des leviers Camac - Camac Harps Shop\",\"isPartOf\":{\"@id\":\"https:\/\/shop.camac-harps.com\/fr\/#website\"},\"primaryImageOfPage\":{\"@id\":\"https:\/\/shop.camac-harps.com\/fr\/produit\/outil-pour-reglage-de-la-justesse-des-leviers-camac\/#primaryimage\"},\"image\":{\"@id\":\"https:\/\/shop.camac-harps.com\/fr\/produit\/outil-pour-reglage-de-la-justesse-des-leviers-camac\/#primaryimage\"},\"thumbnailUrl\":\"https:\/\/shop.camac-harps.com\/wp-content\/uploads\/sites\/25\/2019\/12\/clehexa.jpg\",\"datePublished\":\"2019-12-12T09:09:22+00:00\",\"dateModified\":\"2025-02-14T16:48:34+00:00\",\"breadcrumb\":{\"@id\":\"https:\/\/shop.camac-harps.com\/fr\/produit\/outil-pour-reglage-de-la-justesse-des-leviers-camac\/#breadcrumb\"},\"inLanguage\":\"fr-FR\",\"potentialAction\":[{\"@type\":\"ReadAction\",\"target\":[\"https:\/\/shop.camac-harps.com\/fr\/produit\/outil-pour-reglage-de-la-justesse-des-leviers-camac\/\"]}]},{\"@type\":\"ImageObject\",\"inLanguage\":\"fr-FR\",\"@id\":\"https:\/\/shop.camac-harps.com\/fr\/produit\/outil-pour-reglage-de-la-justesse-des-leviers-camac\/#primaryimage\",\"url\":\"https:\/\/shop.camac-harps.com\/wp-content\/uploads\/sites\/25\/2019\/12\/clehexa.jpg\",\"contentUrl\":\"https:\/\/shop.camac-harps.com\/wp-content\/uploads\/sites\/25\/2019\/12\/clehexa.jpg\",\"width\":600,\"height\":800,\"caption\":\"Outil pour r\u00e9glage de la justesse des leviers Camac\"},{\"@type\":\"BreadcrumbList\",\"@id\":\"https:\/\/shop.camac-harps.com\/fr\/produit\/outil-pour-reglage-de-la-justesse-des-leviers-camac\/#breadcrumb\",\"itemListElement\":[{\"@type\":\"ListItem\",\"position\":1,\"name\":\"Home\",\"item\":\"https:\/\/shop.camac-harps.com\/fr\/homepage\/\"},{\"@type\":\"ListItem\",\"position\":2,\"name\":\"Accueil\",\"item\":\"https:\/\/shop.camac-harps.com\/fr\/homepage\/\"},{\"@type\":\"ListItem\",\"position\":3,\"name\":\"Outil pour r\u00e9glage de la justesse des leviers Camac\"}]},{\"@type\":\"WebSite\",\"@id\":\"https:\/\/shop.camac-harps.com\/fr\/#website\",\"url\":\"https:\/\/shop.camac-harps.com\/fr\/\",\"name\":\"Camac Harps Shop\",\"description\":\"\",\"potentialAction\":[{\"@type\":\"SearchAction\",\"target\":{\"@type\":\"EntryPoint\",\"urlTemplate\":\"https:\/\/shop.camac-harps.com\/fr\/?s={search_term_string}\"},\"query-input\":{\"@type\":\"PropertyValueSpecification\",\"valueRequired\":true,\"valueName\":\"search_term_string\"}}],\"inLanguage\":\"fr-FR\"}]}<\/script>","yoast_head_json":{"title":"Outil pour r\u00e9glage de la justesse des leviers Camac - Camac Harps Shop","robots":{"index":"index","follow":"follow","max-snippet":"max-snippet:-1","max-image-preview":"max-image-preview:large","max-video-preview":"max-video-preview:-1"},"canonical":"https:\/\/shop.camac-harps.com\/fr\/produit\/outil-pour-reglage-de-la-justesse-des-leviers-camac\/","og_locale":"fr_FR","og_type":"article","og_title":"Outil pour r\u00e9glage de la justesse des leviers Camac - Camac Harps Shop","og_description":"Outil combin\u00e9 de cl\u00e9 hexagonales pour r\u00e9glage de la justesse des leviers Camac. Taille 4 mm pour le r\u00e9glage des leviers aigus. Taille 5 mm pour le r\u00e9glage des leviers medium. Taille 6 mm pour le r\u00e9glage des leviers basses. Mode d\u2019emploi : accorder la note \u00e0 vite avec un accordeur \u00e9lectronique. Monter le levier [&hellip;]","og_url":"https:\/\/shop.camac-harps.com\/fr\/produit\/outil-pour-reglage-de-la-justesse-des-leviers-camac\/","og_site_name":"Camac Harps Shop","article_modified_time":"2025-02-14T16:48:34+00:00","og_image":[{"width":600,"height":800,"url":"https:\/\/shop.camac-harps.com\/wp-content\/uploads\/sites\/25\/2019\/12\/clehexa.jpg","type":"image\/jpeg"}],"twitter_card":"summary_large_image","twitter_misc":{"Dur\u00e9e de lecture estim\u00e9e":"1 minute"},"schema":{"@context":"https:\/\/schema.org","@graph":[{"@type":"WebPage","@id":"https:\/\/shop.camac-harps.com\/fr\/produit\/outil-pour-reglage-de-la-justesse-des-leviers-camac\/","url":"https:\/\/shop.camac-harps.com\/fr\/produit\/outil-pour-reglage-de-la-justesse-des-leviers-camac\/","name":"Outil pour r\u00e9glage de la justesse des leviers Camac - Camac Harps Shop","isPartOf":{"@id":"https:\/\/shop.camac-harps.com\/fr\/#website"},"primaryImageOfPage":{"@id":"https:\/\/shop.camac-harps.com\/fr\/produit\/outil-pour-reglage-de-la-justesse-des-leviers-camac\/#primaryimage"},"image":{"@id":"https:\/\/shop.camac-harps.com\/fr\/produit\/outil-pour-reglage-de-la-justesse-des-leviers-camac\/#primaryimage"},"thumbnailUrl":"https:\/\/shop.camac-harps.com\/wp-content\/uploads\/sites\/25\/2019\/12\/clehexa.jpg","datePublished":"2019-12-12T09:09:22+00:00","dateModified":"2025-02-14T16:48:34+00:00","breadcrumb":{"@id":"https:\/\/shop.camac-harps.com\/fr\/produit\/outil-pour-reglage-de-la-justesse-des-leviers-camac\/#breadcrumb"},"inLanguage":"fr-FR","potentialAction":[{"@type":"ReadAction","target":["https:\/\/shop.camac-harps.com\/fr\/produit\/outil-pour-reglage-de-la-justesse-des-leviers-camac\/"]}]},{"@type":"ImageObject","inLanguage":"fr-FR","@id":"https:\/\/shop.camac-harps.com\/fr\/produit\/outil-pour-reglage-de-la-justesse-des-leviers-camac\/#primaryimage","url":"https:\/\/shop.camac-harps.com\/wp-content\/uploads\/sites\/25\/2019\/12\/clehexa.jpg","contentUrl":"https:\/\/shop.camac-harps.com\/wp-content\/uploads\/sites\/25\/2019\/12\/clehexa.jpg","width":600,"height":800,"caption":"Outil pour r\u00e9glage de la justesse des leviers Camac"},{"@type":"BreadcrumbList","@id":"https:\/\/shop.camac-harps.com\/fr\/produit\/outil-pour-reglage-de-la-justesse-des-leviers-camac\/#breadcrumb","itemListElement":[{"@type":"ListItem","position":1,"name":"Home","item":"https:\/\/shop.camac-harps.com\/fr\/homepage\/"},{"@type":"ListItem","position":2,"name":"Accueil","item":"https:\/\/shop.camac-harps.com\/fr\/homepage\/"},{"@type":"ListItem","position":3,"name":"Outil pour r\u00e9glage de la justesse des leviers Camac"}]},{"@type":"WebSite","@id":"https:\/\/shop.camac-harps.com\/fr\/#website","url":"https:\/\/shop.camac-harps.com\/fr\/","name":"Camac Harps Shop","description":"","potentialAction":[{"@type":"SearchAction","target":{"@type":"EntryPoint","urlTemplate":"https:\/\/shop.camac-harps.com\/fr\/?s={search_term_string}"},"query-input":{"@type":"PropertyValueSpecification","valueRequired":true,"valueName":"search_term_string"}}],"inLanguage":"fr-FR"}]}},"_links":{"self":[{"href":"https:\/\/shop.camac-harps.com\/fr\/wp-json\/wp\/v2\/product\/26574","targetHints":{"allow":["GET"]}}],"collection":[{"href":"https:\/\/shop.camac-harps.com\/fr\/wp-json\/wp\/v2\/product"}],"about":[{"href":"https:\/\/shop.camac-harps.com\/fr\/wp-json\/wp\/v2\/types\/product"}],"replies":[{"embeddable":true,"href":"https:\/\/shop.camac-harps.com\/fr\/wp-json\/wp\/v2\/comments?post=26574"}],"wp:featuredmedia":[{"embeddable":true,"href":"https:\/\/shop.camac-harps.com\/fr\/wp-json\/wp\/v2\/media\/26575"}],"wp:attachment":[{"href":"https:\/\/shop.camac-harps.com\/fr\/wp-json\/wp\/v2\/media?parent=26574"}],"wp:term":[{"taxonomy":"product_brand","embeddable":true,"href":"https:\/\/shop.camac-harps.com\/fr\/wp-json\/wp\/v2\/product_brand?post=26574"},{"taxonomy":"product_cat","embeddable":true,"href":"https:\/\/shop.camac-harps.com\/fr\/wp-json\/wp\/v2\/product_cat?post=26574"},{"taxonomy":"product_tag","embeddable":true,"href":"https:\/\/shop.camac-harps.com\/fr\/wp-json\/wp\/v2\/product_tag?post=26574"}],"curies":[{"name":"wp","href":"https:\/\/api.w.org\/{rel}","templated":true}]}}