{"id":27259,"date":"2020-01-24T14:51:08","date_gmt":"2020-01-24T14:51:08","guid":{"rendered":"https:\/\/shop.camac-harps.com\/?post_type=product&#038;p=27259"},"modified":"2026-04-17T13:43:57","modified_gmt":"2026-04-17T13:43:57","slug":"mantovani-bruno-quintette-pour-bertold-brecht-hp-et-quatuor-a-cordes","status":"publish","type":"product","link":"https:\/\/shop.camac-harps.com\/fr\/produit\/mantovani-bruno-quintette-pour-bertold-brecht-hp-et-quatuor-a-cordes\/","title":{"rendered":"MANTOVANI Bruno : Quintette pour Bertold Brecht (hp et quatuor \u00e0 cordes). R\u00e9f 28535HL"},"content":{"rendered":"<p style=\"text-align: justify;\"><a href=\"http:\/\/www.brunomantovani.com\/index.html\" target=\"_blank\" rel=\"noopener noreferrer\">Bruno Mantovani<\/a>, l&rsquo;un des compositeurs fran\u00e7ais les plus renomm\u00e9s de sa g\u00e9n\u00e9ration et ancien directeur du <a href=\"http:\/\/www.conservatoiredeparis.fr\/accueil\/\" target=\"_blank\" rel=\"noopener noreferrer\">Conservatoire National Sup\u00e9rieur de Paris<\/a> (CNSMDP), a compos\u00e9 trois oeuvres majeures pour harpe \u00e0 ce jour. <em><a href=\"https:\/\/shop.camac-harps.com\/fr\/produit\/mantovani-bruno-danse-libre-hp-et-orchestre-de-chambre\/\" target=\"_blank\" rel=\"noopener noreferrer\">Danse libre<\/a><\/em> (concerto pour harpe et orchestre), <em><a href=\"https:\/\/shop.camac-harps.com\/fr\/produit\/mantovani-bruno-tocar-pour-harpe\/\" target=\"_blank\" rel=\"noopener noreferrer\">Tocar<\/a><\/em> (pour harpe solo), et le <em>Quintette pour Berthold Brecht<\/em>. Pour en savoir plus, consultez notre <a href=\"https:\/\/www.camac-harps.com\/blog\/fr\/alaune\/dialogue-avec-bruno-mantovani-a-loccasion-de-son-passage-au-theatre-du-chatelet\/\" target=\"_blank\" rel=\"noopener noreferrer\">interview de Bruno Mantovani<\/a> sur le <a href=\"https:\/\/www.camac-harps.com\/blog\/fr\/alaune\/dialogue-avec-bruno-mantovani-a-loccasion-de-son-passage-au-theatre-du-chatelet\/\" target=\"_blank\" rel=\"noopener noreferrer\">blog Camac<\/a>.<\/p>\n<p style=\"text-align: justify;\"><strong>NOTICE<\/strong><\/p>\n<p style=\"text-align: justify;\">Le Quintette pour Bertolt Brecht est une extension d&rsquo;une musique de sc\u00e8ne que j&rsquo;ai \u00e9crite en 2006 pour la pi\u00e8ce de th\u00e9\u00e2tre Homme pour homme mise en sc\u00e8ne par Emmanuel Demarcy Mota. L&rsquo;argument de cette pi\u00e8ce est d&rsquo;une rare violence sociale, le spectateur assistant \u00e0 la transformation d&rsquo;un homme quelconque au destin tranquille en un monstre de haine et de brutalit\u00e9. Destin\u00e9e \u00e0 la harpe seule, ma partition comportait plusieurs interludes tr\u00e8s expressionnistes o\u00f9 la harpe \u00e9tait souvent utilis\u00e9e \u00e0 contre-emploi, d&rsquo;une fa\u00e7on tr\u00e8s percussive. J&rsquo;ai d\u00e9cid\u00e9 d&rsquo;utiliser le mat\u00e9riau de ces interludes et de le d\u00e9velopper \u00e0 l&rsquo;aide d&rsquo;un quatuor \u00e0 cordes pour \u00e9crire cette oeuvre qui, bien qu&rsquo;autonome, garde du projet originel une forte tension \u00e0 la fois dans les s\u00e9quences denses, mais aussi dans les passages plus \u00e9nigmatiques o\u00f9 la rar\u00e9faction du mat\u00e9riau n&rsquo;agit aucunement dans une logique de d\u00e9tente du discours.<br \/>\nLe mat\u00e9riau issu de la musique de sc\u00e8ne a la fonction d&rsquo;un \u00ab\u00a0refrain\u00a0\u00bb alternant avec des \u00e9l\u00e9ments in\u00e9dits, \u00e0 commencer par une cadence initiale pour violoncelle seul qui pr\u00e9sente le caract\u00e8re rhapsodique et discontinu de la suite. Le quatuor entre ensuite, de fa\u00e7on tr\u00e8s ornementale, l&rsquo;ensemble ayant une forme rappelant le genre du concerto.<br \/>\nLe Quintette pour Bertolt Brecht a \u00e9t\u00e9 cr\u00e9\u00e9 \u00e0 Bad Reichenhall le 22 ao\u00fbt 2009 par Sarah O&rsquo;Brien et le quatuor Danel, co-commanditaire de l&rsquo;oeuvre avec le \u00ab\u00a0Lauers Freunde Quartett\u00a0\u00bb.<\/p>\n<p style=\"text-align: justify;\"><a href=\"http:\/\/www.brunomantovani.com\/index.html\" target=\"_blank\" rel=\"noopener noreferrer\">&#8211; Bruno Mantovani<\/a><\/p>\n","protected":false},"excerpt":{"rendered":"<p>Bruno Mantovani, l&rsquo;un des compositeurs fran\u00e7ais les plus renomm\u00e9s de sa g\u00e9n\u00e9ration et ancien directeur du Conservatoire National Sup\u00e9rieur de Paris (CNSMDP), a compos\u00e9 trois oeuvres majeures pour harpe \u00e0 ce jour. Danse libre (concerto pour harpe et orchestre), Tocar (pour harpe solo), et le Quintette pour Berthold Brecht. Pour en savoir plus, consultez notre [&hellip;]<\/p>\n","protected":false},"featured_media":27263,"comment_status":"open","ping_status":"closed","template":"","meta":{"_acf_changed":false},"product_brand":[],"product_cat":[54,33,117],"product_tag":[],"class_list":{"0":"post-27259","1":"product","2":"type-product","3":"status-publish","4":"has-post-thumbnail","6":"product_cat-musique-de-chambre","7":"product_cat-partitions-pour-harpe","8":"product_cat-quatuors-quintettes","10":"first","11":"instock","12":"taxable","13":"shipping-taxable","14":"purchasable","15":"product-type-simple"},"acf":[],"yoast_head":"<title>MANTOVANI Bruno : Quintette pour Bertold Brecht (hp et quatuor \u00e0 cordes). R\u00e9f 28535HL - Camac Harps Shop<\/title>\n<meta name=\"robots\" content=\"index, follow, max-snippet:-1, max-image-preview:large, max-video-preview:-1\" \/>\n<link rel=\"canonical\" href=\"https:\/\/shop.camac-harps.com\/fr\/produit\/mantovani-bruno-quintette-pour-bertold-brecht-hp-et-quatuor-a-cordes\/\" \/>\n<meta property=\"og:locale\" content=\"fr_FR\" \/>\n<meta property=\"og:type\" content=\"article\" \/>\n<meta property=\"og:title\" content=\"MANTOVANI Bruno : Quintette pour Bertold Brecht (hp et quatuor \u00e0 cordes). R\u00e9f 28535HL - Camac Harps Shop\" \/>\n<meta property=\"og:description\" content=\"Bruno Mantovani, l&rsquo;un des compositeurs fran\u00e7ais les plus renomm\u00e9s de sa g\u00e9n\u00e9ration et ancien directeur du Conservatoire National Sup\u00e9rieur de Paris (CNSMDP), a compos\u00e9 trois oeuvres majeures pour harpe \u00e0 ce jour. Danse libre (concerto pour harpe et orchestre), Tocar (pour harpe solo), et le Quintette pour Berthold Brecht. Pour en savoir plus, consultez notre [&hellip;]\" \/>\n<meta property=\"og:url\" content=\"https:\/\/shop.camac-harps.com\/fr\/produit\/mantovani-bruno-quintette-pour-bertold-brecht-hp-et-quatuor-a-cordes\/\" \/>\n<meta property=\"og:site_name\" content=\"Camac Harps Shop\" \/>\n<meta property=\"article:modified_time\" content=\"2026-04-17T13:43:57+00:00\" \/>\n<meta property=\"og:image\" content=\"https:\/\/shop.camac-harps.com\/wp-content\/uploads\/sites\/25\/2020\/01\/mib02.jpg\" \/>\n\t<meta property=\"og:image:width\" content=\"800\" \/>\n\t<meta property=\"og:image:height\" content=\"626\" \/>\n\t<meta property=\"og:image:type\" content=\"image\/jpeg\" \/>\n<meta name=\"twitter:card\" content=\"summary_large_image\" \/>\n<meta name=\"twitter:label1\" content=\"Dur\u00e9e de lecture estim\u00e9e\" \/>\n\t<meta name=\"twitter:data1\" content=\"2 minutes\" \/>\n<script type=\"application\/ld+json\" class=\"yoast-schema-graph\">{\"@context\":\"https:\/\/schema.org\",\"@graph\":[{\"@type\":\"WebPage\",\"@id\":\"https:\/\/shop.camac-harps.com\/fr\/produit\/mantovani-bruno-quintette-pour-bertold-brecht-hp-et-quatuor-a-cordes\/\",\"url\":\"https:\/\/shop.camac-harps.com\/fr\/produit\/mantovani-bruno-quintette-pour-bertold-brecht-hp-et-quatuor-a-cordes\/\",\"name\":\"MANTOVANI Bruno : Quintette pour Bertold Brecht (hp et quatuor \u00e0 cordes). R\u00e9f 28535HL - Camac Harps Shop\",\"isPartOf\":{\"@id\":\"https:\/\/shop.camac-harps.com\/fr\/#website\"},\"primaryImageOfPage\":{\"@id\":\"https:\/\/shop.camac-harps.com\/fr\/produit\/mantovani-bruno-quintette-pour-bertold-brecht-hp-et-quatuor-a-cordes\/#primaryimage\"},\"image\":{\"@id\":\"https:\/\/shop.camac-harps.com\/fr\/produit\/mantovani-bruno-quintette-pour-bertold-brecht-hp-et-quatuor-a-cordes\/#primaryimage\"},\"thumbnailUrl\":\"https:\/\/shop.camac-harps.com\/wp-content\/uploads\/sites\/25\/2020\/01\/mib02.jpg\",\"datePublished\":\"2020-01-24T14:51:08+00:00\",\"dateModified\":\"2026-04-17T13:43:57+00:00\",\"breadcrumb\":{\"@id\":\"https:\/\/shop.camac-harps.com\/fr\/produit\/mantovani-bruno-quintette-pour-bertold-brecht-hp-et-quatuor-a-cordes\/#breadcrumb\"},\"inLanguage\":\"fr-FR\",\"potentialAction\":[{\"@type\":\"ReadAction\",\"target\":[\"https:\/\/shop.camac-harps.com\/fr\/produit\/mantovani-bruno-quintette-pour-bertold-brecht-hp-et-quatuor-a-cordes\/\"]}]},{\"@type\":\"ImageObject\",\"inLanguage\":\"fr-FR\",\"@id\":\"https:\/\/shop.camac-harps.com\/fr\/produit\/mantovani-bruno-quintette-pour-bertold-brecht-hp-et-quatuor-a-cordes\/#primaryimage\",\"url\":\"https:\/\/shop.camac-harps.com\/wp-content\/uploads\/sites\/25\/2020\/01\/mib02.jpg\",\"contentUrl\":\"https:\/\/shop.camac-harps.com\/wp-content\/uploads\/sites\/25\/2020\/01\/mib02.jpg\",\"width\":800,\"height\":626,\"caption\":\"MANTOVANI Bruno : Quintette pour Bertold Brecht (Hp et Quatuor \u00e0 cordes) - R\u00e9f 28535HL\"},{\"@type\":\"BreadcrumbList\",\"@id\":\"https:\/\/shop.camac-harps.com\/fr\/produit\/mantovani-bruno-quintette-pour-bertold-brecht-hp-et-quatuor-a-cordes\/#breadcrumb\",\"itemListElement\":[{\"@type\":\"ListItem\",\"position\":1,\"name\":\"Home\",\"item\":\"https:\/\/shop.camac-harps.com\/fr\/homepage\/\"},{\"@type\":\"ListItem\",\"position\":2,\"name\":\"Accueil\",\"item\":\"https:\/\/shop.camac-harps.com\/fr\/homepage\/\"},{\"@type\":\"ListItem\",\"position\":3,\"name\":\"MANTOVANI Bruno : Quintette pour Bertold Brecht (hp et quatuor \u00e0 cordes). R\u00e9f 28535HL\"}]},{\"@type\":\"WebSite\",\"@id\":\"https:\/\/shop.camac-harps.com\/fr\/#website\",\"url\":\"https:\/\/shop.camac-harps.com\/fr\/\",\"name\":\"Camac Harps Shop\",\"description\":\"\",\"potentialAction\":[{\"@type\":\"SearchAction\",\"target\":{\"@type\":\"EntryPoint\",\"urlTemplate\":\"https:\/\/shop.camac-harps.com\/fr\/?s={search_term_string}\"},\"query-input\":{\"@type\":\"PropertyValueSpecification\",\"valueRequired\":true,\"valueName\":\"search_term_string\"}}],\"inLanguage\":\"fr-FR\"}]}<\/script>","yoast_head_json":{"title":"MANTOVANI Bruno : Quintette pour Bertold Brecht (hp et quatuor \u00e0 cordes). R\u00e9f 28535HL - Camac Harps Shop","robots":{"index":"index","follow":"follow","max-snippet":"max-snippet:-1","max-image-preview":"max-image-preview:large","max-video-preview":"max-video-preview:-1"},"canonical":"https:\/\/shop.camac-harps.com\/fr\/produit\/mantovani-bruno-quintette-pour-bertold-brecht-hp-et-quatuor-a-cordes\/","og_locale":"fr_FR","og_type":"article","og_title":"MANTOVANI Bruno : Quintette pour Bertold Brecht (hp et quatuor \u00e0 cordes). R\u00e9f 28535HL - Camac Harps Shop","og_description":"Bruno Mantovani, l&rsquo;un des compositeurs fran\u00e7ais les plus renomm\u00e9s de sa g\u00e9n\u00e9ration et ancien directeur du Conservatoire National Sup\u00e9rieur de Paris (CNSMDP), a compos\u00e9 trois oeuvres majeures pour harpe \u00e0 ce jour. Danse libre (concerto pour harpe et orchestre), Tocar (pour harpe solo), et le Quintette pour Berthold Brecht. Pour en savoir plus, consultez notre [&hellip;]","og_url":"https:\/\/shop.camac-harps.com\/fr\/produit\/mantovani-bruno-quintette-pour-bertold-brecht-hp-et-quatuor-a-cordes\/","og_site_name":"Camac Harps Shop","article_modified_time":"2026-04-17T13:43:57+00:00","og_image":[{"width":800,"height":626,"url":"https:\/\/shop.camac-harps.com\/wp-content\/uploads\/sites\/25\/2020\/01\/mib02.jpg","type":"image\/jpeg"}],"twitter_card":"summary_large_image","twitter_misc":{"Dur\u00e9e de lecture estim\u00e9e":"2 minutes"},"schema":{"@context":"https:\/\/schema.org","@graph":[{"@type":"WebPage","@id":"https:\/\/shop.camac-harps.com\/fr\/produit\/mantovani-bruno-quintette-pour-bertold-brecht-hp-et-quatuor-a-cordes\/","url":"https:\/\/shop.camac-harps.com\/fr\/produit\/mantovani-bruno-quintette-pour-bertold-brecht-hp-et-quatuor-a-cordes\/","name":"MANTOVANI Bruno : Quintette pour Bertold Brecht (hp et quatuor \u00e0 cordes). R\u00e9f 28535HL - Camac Harps Shop","isPartOf":{"@id":"https:\/\/shop.camac-harps.com\/fr\/#website"},"primaryImageOfPage":{"@id":"https:\/\/shop.camac-harps.com\/fr\/produit\/mantovani-bruno-quintette-pour-bertold-brecht-hp-et-quatuor-a-cordes\/#primaryimage"},"image":{"@id":"https:\/\/shop.camac-harps.com\/fr\/produit\/mantovani-bruno-quintette-pour-bertold-brecht-hp-et-quatuor-a-cordes\/#primaryimage"},"thumbnailUrl":"https:\/\/shop.camac-harps.com\/wp-content\/uploads\/sites\/25\/2020\/01\/mib02.jpg","datePublished":"2020-01-24T14:51:08+00:00","dateModified":"2026-04-17T13:43:57+00:00","breadcrumb":{"@id":"https:\/\/shop.camac-harps.com\/fr\/produit\/mantovani-bruno-quintette-pour-bertold-brecht-hp-et-quatuor-a-cordes\/#breadcrumb"},"inLanguage":"fr-FR","potentialAction":[{"@type":"ReadAction","target":["https:\/\/shop.camac-harps.com\/fr\/produit\/mantovani-bruno-quintette-pour-bertold-brecht-hp-et-quatuor-a-cordes\/"]}]},{"@type":"ImageObject","inLanguage":"fr-FR","@id":"https:\/\/shop.camac-harps.com\/fr\/produit\/mantovani-bruno-quintette-pour-bertold-brecht-hp-et-quatuor-a-cordes\/#primaryimage","url":"https:\/\/shop.camac-harps.com\/wp-content\/uploads\/sites\/25\/2020\/01\/mib02.jpg","contentUrl":"https:\/\/shop.camac-harps.com\/wp-content\/uploads\/sites\/25\/2020\/01\/mib02.jpg","width":800,"height":626,"caption":"MANTOVANI Bruno : Quintette pour Bertold Brecht (Hp et Quatuor \u00e0 cordes) - R\u00e9f 28535HL"},{"@type":"BreadcrumbList","@id":"https:\/\/shop.camac-harps.com\/fr\/produit\/mantovani-bruno-quintette-pour-bertold-brecht-hp-et-quatuor-a-cordes\/#breadcrumb","itemListElement":[{"@type":"ListItem","position":1,"name":"Home","item":"https:\/\/shop.camac-harps.com\/fr\/homepage\/"},{"@type":"ListItem","position":2,"name":"Accueil","item":"https:\/\/shop.camac-harps.com\/fr\/homepage\/"},{"@type":"ListItem","position":3,"name":"MANTOVANI Bruno : Quintette pour Bertold Brecht (hp et quatuor \u00e0 cordes). R\u00e9f 28535HL"}]},{"@type":"WebSite","@id":"https:\/\/shop.camac-harps.com\/fr\/#website","url":"https:\/\/shop.camac-harps.com\/fr\/","name":"Camac Harps Shop","description":"","potentialAction":[{"@type":"SearchAction","target":{"@type":"EntryPoint","urlTemplate":"https:\/\/shop.camac-harps.com\/fr\/?s={search_term_string}"},"query-input":{"@type":"PropertyValueSpecification","valueRequired":true,"valueName":"search_term_string"}}],"inLanguage":"fr-FR"}]}},"_links":{"self":[{"href":"https:\/\/shop.camac-harps.com\/fr\/wp-json\/wp\/v2\/product\/27259","targetHints":{"allow":["GET"]}}],"collection":[{"href":"https:\/\/shop.camac-harps.com\/fr\/wp-json\/wp\/v2\/product"}],"about":[{"href":"https:\/\/shop.camac-harps.com\/fr\/wp-json\/wp\/v2\/types\/product"}],"replies":[{"embeddable":true,"href":"https:\/\/shop.camac-harps.com\/fr\/wp-json\/wp\/v2\/comments?post=27259"}],"wp:featuredmedia":[{"embeddable":true,"href":"https:\/\/shop.camac-harps.com\/fr\/wp-json\/wp\/v2\/media\/27263"}],"wp:attachment":[{"href":"https:\/\/shop.camac-harps.com\/fr\/wp-json\/wp\/v2\/media?parent=27259"}],"wp:term":[{"taxonomy":"product_brand","embeddable":true,"href":"https:\/\/shop.camac-harps.com\/fr\/wp-json\/wp\/v2\/product_brand?post=27259"},{"taxonomy":"product_cat","embeddable":true,"href":"https:\/\/shop.camac-harps.com\/fr\/wp-json\/wp\/v2\/product_cat?post=27259"},{"taxonomy":"product_tag","embeddable":true,"href":"https:\/\/shop.camac-harps.com\/fr\/wp-json\/wp\/v2\/product_tag?post=27259"}],"curies":[{"name":"wp","href":"https:\/\/api.w.org\/{rel}","templated":true}]}}