{"id":27269,"date":"2020-01-24T14:57:27","date_gmt":"2020-01-24T14:57:27","guid":{"rendered":"https:\/\/shop.camac-harps.com\/?post_type=product&#038;p=27269"},"modified":"2025-02-25T13:31:11","modified_gmt":"2025-02-25T13:31:11","slug":"mantovani-bruno-tocar-pour-harpe","status":"publish","type":"product","link":"https:\/\/shop.camac-harps.com\/fr\/produit\/mantovani-bruno-tocar-pour-harpe\/","title":{"rendered":"MANTOVANI Bruno : Tocar pour Harpe, r\u00e9f. 28416HL"},"content":{"rendered":"<p style=\"text-align: justify;\"><a href=\"http:\/\/www.brunomantovani.com\/index.html\" target=\"_blank\" rel=\"noopener noreferrer\">Bruno Mantovani<\/a>, l&rsquo;un des compositeurs fran\u00e7ais les plus renomm\u00e9s de sa g\u00e9n\u00e9ration et ancien directeur du <a href=\"http:\/\/www.conservatoiredeparis.fr\/accueil\/\" target=\"_blank\" rel=\"noopener noreferrer\">Conservatoire National Sup\u00e9rieur de Paris<\/a> (CNSMDP), a compos\u00e9 trois oeuvres majeures pour harpe \u00e0 ce jour. <em><a href=\"https:\/\/shop.camac-harps.com\/fr\/produit\/mantovani-bruno-danse-libre-hp-et-orchestre-de-chambre\/\" target=\"_blank\" rel=\"noopener noreferrer\">Danse libre<\/a><\/em> (concerto pour harpe et orchestre), <em>Tocar<\/em> (pour harpe solo), et le <a href=\"https:\/\/shop.camac-harps.com\/fr\/produit\/mantovani-bruno-quintette-pour-bertold-brecht-hp-et-quatuor-a-cordes\/\" target=\"_blank\" rel=\"noopener noreferrer\"><em>Quintette pour Berthold Brecht<\/em><\/a>. Pour en savoir plus, consultez notre <a href=\"https:\/\/www.camac-harps.com\/blog\/fr\/alaune\/dialogue-avec-bruno-mantovani-a-loccasion-de-son-passage-au-theatre-du-chatelet\/\" target=\"_blank\" rel=\"noopener noreferrer\">interview de Bruno Mantovani<\/a> sur le <a href=\"https:\/\/www.camac-harps.com\/blog\/fr\/alaune\/dialogue-avec-bruno-mantovani-a-loccasion-de-son-passage-au-theatre-du-chatelet\/\" target=\"_blank\" rel=\"noopener noreferrer\">blog Camac<\/a>.<\/p>\n","protected":false},"excerpt":{"rendered":"<p>Bruno Mantovani, l&rsquo;un des compositeurs fran\u00e7ais les plus renomm\u00e9s de sa g\u00e9n\u00e9ration et ancien directeur du Conservatoire National Sup\u00e9rieur de Paris (CNSMDP), a compos\u00e9 trois oeuvres majeures pour harpe \u00e0 ce jour. Danse libre (concerto pour harpe et orchestre), Tocar (pour harpe solo), et le Quintette pour Berthold Brecht. Pour en savoir plus, consultez notre [&hellip;]<\/p>\n","protected":false},"featured_media":27273,"comment_status":"open","ping_status":"closed","template":"","meta":{"_acf_changed":false},"product_brand":[],"product_cat":[33,45],"product_tag":[],"class_list":{"0":"post-27269","1":"product","2":"type-product","3":"status-publish","4":"has-post-thumbnail","6":"product_cat-partitions-pour-harpe","7":"product_cat-solos-harpe-a-pedales","9":"first","10":"instock","11":"taxable","12":"shipping-taxable","13":"purchasable","14":"product-type-simple"},"acf":[],"yoast_head":"<title>MANTOVANI Bruno : Tocar pour Harpe, r\u00e9f. 28416HL - Camac Harps Shop<\/title>\n<meta name=\"robots\" content=\"index, follow, max-snippet:-1, max-image-preview:large, max-video-preview:-1\" \/>\n<link rel=\"canonical\" href=\"https:\/\/shop.camac-harps.com\/fr\/produit\/mantovani-bruno-tocar-pour-harpe\/\" \/>\n<meta property=\"og:locale\" content=\"fr_FR\" \/>\n<meta property=\"og:type\" content=\"article\" \/>\n<meta property=\"og:title\" content=\"MANTOVANI Bruno : Tocar pour Harpe, r\u00e9f. 28416HL - Camac Harps Shop\" \/>\n<meta property=\"og:description\" content=\"Bruno Mantovani, l&rsquo;un des compositeurs fran\u00e7ais les plus renomm\u00e9s de sa g\u00e9n\u00e9ration et ancien directeur du Conservatoire National Sup\u00e9rieur de Paris (CNSMDP), a compos\u00e9 trois oeuvres majeures pour harpe \u00e0 ce jour. Danse libre (concerto pour harpe et orchestre), Tocar (pour harpe solo), et le Quintette pour Berthold Brecht. Pour en savoir plus, consultez notre [&hellip;]\" \/>\n<meta property=\"og:url\" content=\"https:\/\/shop.camac-harps.com\/fr\/produit\/mantovani-bruno-tocar-pour-harpe\/\" \/>\n<meta property=\"og:site_name\" content=\"Camac Harps Shop\" \/>\n<meta property=\"article:modified_time\" content=\"2025-02-25T13:31:11+00:00\" \/>\n<meta property=\"og:image\" content=\"https:\/\/shop.camac-harps.com\/wp-content\/uploads\/sites\/25\/2020\/01\/mib01.jpg\" \/>\n\t<meta property=\"og:image:width\" content=\"800\" \/>\n\t<meta property=\"og:image:height\" content=\"578\" \/>\n\t<meta property=\"og:image:type\" content=\"image\/jpeg\" \/>\n<meta name=\"twitter:card\" content=\"summary_large_image\" \/>\n<meta name=\"twitter:label1\" content=\"Dur\u00e9e de lecture estim\u00e9e\" \/>\n\t<meta name=\"twitter:data1\" content=\"1 minute\" \/>\n<script type=\"application\/ld+json\" class=\"yoast-schema-graph\">{\"@context\":\"https:\/\/schema.org\",\"@graph\":[{\"@type\":\"WebPage\",\"@id\":\"https:\/\/shop.camac-harps.com\/fr\/produit\/mantovani-bruno-tocar-pour-harpe\/\",\"url\":\"https:\/\/shop.camac-harps.com\/fr\/produit\/mantovani-bruno-tocar-pour-harpe\/\",\"name\":\"MANTOVANI Bruno : Tocar pour Harpe, r\u00e9f. 28416HL - Camac Harps Shop\",\"isPartOf\":{\"@id\":\"https:\/\/shop.camac-harps.com\/fr\/#website\"},\"primaryImageOfPage\":{\"@id\":\"https:\/\/shop.camac-harps.com\/fr\/produit\/mantovani-bruno-tocar-pour-harpe\/#primaryimage\"},\"image\":{\"@id\":\"https:\/\/shop.camac-harps.com\/fr\/produit\/mantovani-bruno-tocar-pour-harpe\/#primaryimage\"},\"thumbnailUrl\":\"https:\/\/shop.camac-harps.com\/wp-content\/uploads\/sites\/25\/2020\/01\/mib01.jpg\",\"datePublished\":\"2020-01-24T14:57:27+00:00\",\"dateModified\":\"2025-02-25T13:31:11+00:00\",\"breadcrumb\":{\"@id\":\"https:\/\/shop.camac-harps.com\/fr\/produit\/mantovani-bruno-tocar-pour-harpe\/#breadcrumb\"},\"inLanguage\":\"fr-FR\",\"potentialAction\":[{\"@type\":\"ReadAction\",\"target\":[\"https:\/\/shop.camac-harps.com\/fr\/produit\/mantovani-bruno-tocar-pour-harpe\/\"]}]},{\"@type\":\"ImageObject\",\"inLanguage\":\"fr-FR\",\"@id\":\"https:\/\/shop.camac-harps.com\/fr\/produit\/mantovani-bruno-tocar-pour-harpe\/#primaryimage\",\"url\":\"https:\/\/shop.camac-harps.com\/wp-content\/uploads\/sites\/25\/2020\/01\/mib01.jpg\",\"contentUrl\":\"https:\/\/shop.camac-harps.com\/wp-content\/uploads\/sites\/25\/2020\/01\/mib01.jpg\",\"width\":800,\"height\":578,\"caption\":\"MANTOVANI Bruno : Tocar pour Harpe\"},{\"@type\":\"BreadcrumbList\",\"@id\":\"https:\/\/shop.camac-harps.com\/fr\/produit\/mantovani-bruno-tocar-pour-harpe\/#breadcrumb\",\"itemListElement\":[{\"@type\":\"ListItem\",\"position\":1,\"name\":\"Home\",\"item\":\"https:\/\/shop.camac-harps.com\/fr\/homepage\/\"},{\"@type\":\"ListItem\",\"position\":2,\"name\":\"Accueil\",\"item\":\"https:\/\/shop.camac-harps.com\/fr\/homepage\/\"},{\"@type\":\"ListItem\",\"position\":3,\"name\":\"MANTOVANI Bruno : Tocar pour Harpe, r\u00e9f. 28416HL\"}]},{\"@type\":\"WebSite\",\"@id\":\"https:\/\/shop.camac-harps.com\/fr\/#website\",\"url\":\"https:\/\/shop.camac-harps.com\/fr\/\",\"name\":\"Camac Harps Shop\",\"description\":\"\",\"potentialAction\":[{\"@type\":\"SearchAction\",\"target\":{\"@type\":\"EntryPoint\",\"urlTemplate\":\"https:\/\/shop.camac-harps.com\/fr\/?s={search_term_string}\"},\"query-input\":{\"@type\":\"PropertyValueSpecification\",\"valueRequired\":true,\"valueName\":\"search_term_string\"}}],\"inLanguage\":\"fr-FR\"}]}<\/script>","yoast_head_json":{"title":"MANTOVANI Bruno : Tocar pour Harpe, r\u00e9f. 28416HL - Camac Harps Shop","robots":{"index":"index","follow":"follow","max-snippet":"max-snippet:-1","max-image-preview":"max-image-preview:large","max-video-preview":"max-video-preview:-1"},"canonical":"https:\/\/shop.camac-harps.com\/fr\/produit\/mantovani-bruno-tocar-pour-harpe\/","og_locale":"fr_FR","og_type":"article","og_title":"MANTOVANI Bruno : Tocar pour Harpe, r\u00e9f. 28416HL - Camac Harps Shop","og_description":"Bruno Mantovani, l&rsquo;un des compositeurs fran\u00e7ais les plus renomm\u00e9s de sa g\u00e9n\u00e9ration et ancien directeur du Conservatoire National Sup\u00e9rieur de Paris (CNSMDP), a compos\u00e9 trois oeuvres majeures pour harpe \u00e0 ce jour. Danse libre (concerto pour harpe et orchestre), Tocar (pour harpe solo), et le Quintette pour Berthold Brecht. Pour en savoir plus, consultez notre [&hellip;]","og_url":"https:\/\/shop.camac-harps.com\/fr\/produit\/mantovani-bruno-tocar-pour-harpe\/","og_site_name":"Camac Harps Shop","article_modified_time":"2025-02-25T13:31:11+00:00","og_image":[{"width":800,"height":578,"url":"https:\/\/shop.camac-harps.com\/wp-content\/uploads\/sites\/25\/2020\/01\/mib01.jpg","type":"image\/jpeg"}],"twitter_card":"summary_large_image","twitter_misc":{"Dur\u00e9e de lecture estim\u00e9e":"1 minute"},"schema":{"@context":"https:\/\/schema.org","@graph":[{"@type":"WebPage","@id":"https:\/\/shop.camac-harps.com\/fr\/produit\/mantovani-bruno-tocar-pour-harpe\/","url":"https:\/\/shop.camac-harps.com\/fr\/produit\/mantovani-bruno-tocar-pour-harpe\/","name":"MANTOVANI Bruno : Tocar pour Harpe, r\u00e9f. 28416HL - Camac Harps Shop","isPartOf":{"@id":"https:\/\/shop.camac-harps.com\/fr\/#website"},"primaryImageOfPage":{"@id":"https:\/\/shop.camac-harps.com\/fr\/produit\/mantovani-bruno-tocar-pour-harpe\/#primaryimage"},"image":{"@id":"https:\/\/shop.camac-harps.com\/fr\/produit\/mantovani-bruno-tocar-pour-harpe\/#primaryimage"},"thumbnailUrl":"https:\/\/shop.camac-harps.com\/wp-content\/uploads\/sites\/25\/2020\/01\/mib01.jpg","datePublished":"2020-01-24T14:57:27+00:00","dateModified":"2025-02-25T13:31:11+00:00","breadcrumb":{"@id":"https:\/\/shop.camac-harps.com\/fr\/produit\/mantovani-bruno-tocar-pour-harpe\/#breadcrumb"},"inLanguage":"fr-FR","potentialAction":[{"@type":"ReadAction","target":["https:\/\/shop.camac-harps.com\/fr\/produit\/mantovani-bruno-tocar-pour-harpe\/"]}]},{"@type":"ImageObject","inLanguage":"fr-FR","@id":"https:\/\/shop.camac-harps.com\/fr\/produit\/mantovani-bruno-tocar-pour-harpe\/#primaryimage","url":"https:\/\/shop.camac-harps.com\/wp-content\/uploads\/sites\/25\/2020\/01\/mib01.jpg","contentUrl":"https:\/\/shop.camac-harps.com\/wp-content\/uploads\/sites\/25\/2020\/01\/mib01.jpg","width":800,"height":578,"caption":"MANTOVANI Bruno : Tocar pour Harpe"},{"@type":"BreadcrumbList","@id":"https:\/\/shop.camac-harps.com\/fr\/produit\/mantovani-bruno-tocar-pour-harpe\/#breadcrumb","itemListElement":[{"@type":"ListItem","position":1,"name":"Home","item":"https:\/\/shop.camac-harps.com\/fr\/homepage\/"},{"@type":"ListItem","position":2,"name":"Accueil","item":"https:\/\/shop.camac-harps.com\/fr\/homepage\/"},{"@type":"ListItem","position":3,"name":"MANTOVANI Bruno : Tocar pour Harpe, r\u00e9f. 28416HL"}]},{"@type":"WebSite","@id":"https:\/\/shop.camac-harps.com\/fr\/#website","url":"https:\/\/shop.camac-harps.com\/fr\/","name":"Camac Harps Shop","description":"","potentialAction":[{"@type":"SearchAction","target":{"@type":"EntryPoint","urlTemplate":"https:\/\/shop.camac-harps.com\/fr\/?s={search_term_string}"},"query-input":{"@type":"PropertyValueSpecification","valueRequired":true,"valueName":"search_term_string"}}],"inLanguage":"fr-FR"}]}},"_links":{"self":[{"href":"https:\/\/shop.camac-harps.com\/fr\/wp-json\/wp\/v2\/product\/27269","targetHints":{"allow":["GET"]}}],"collection":[{"href":"https:\/\/shop.camac-harps.com\/fr\/wp-json\/wp\/v2\/product"}],"about":[{"href":"https:\/\/shop.camac-harps.com\/fr\/wp-json\/wp\/v2\/types\/product"}],"replies":[{"embeddable":true,"href":"https:\/\/shop.camac-harps.com\/fr\/wp-json\/wp\/v2\/comments?post=27269"}],"wp:featuredmedia":[{"embeddable":true,"href":"https:\/\/shop.camac-harps.com\/fr\/wp-json\/wp\/v2\/media\/27273"}],"wp:attachment":[{"href":"https:\/\/shop.camac-harps.com\/fr\/wp-json\/wp\/v2\/media?parent=27269"}],"wp:term":[{"taxonomy":"product_brand","embeddable":true,"href":"https:\/\/shop.camac-harps.com\/fr\/wp-json\/wp\/v2\/product_brand?post=27269"},{"taxonomy":"product_cat","embeddable":true,"href":"https:\/\/shop.camac-harps.com\/fr\/wp-json\/wp\/v2\/product_cat?post=27269"},{"taxonomy":"product_tag","embeddable":true,"href":"https:\/\/shop.camac-harps.com\/fr\/wp-json\/wp\/v2\/product_tag?post=27269"}],"curies":[{"name":"wp","href":"https:\/\/api.w.org\/{rel}","templated":true}]}}