{"id":28915,"date":"2020-05-12T12:15:50","date_gmt":"2020-05-12T12:15:50","guid":{"rendered":"https:\/\/shop.camac-harps.com\/?post_type=product&#038;p=28915"},"modified":"2024-11-07T15:02:47","modified_gmt":"2024-11-07T15:02:47","slug":"francois-jakez-the-minstrels-suicide-a-telecharger","status":"publish","type":"product","link":"https:\/\/shop.camac-harps.com\/fr\/produit\/francois-jakez-the-minstrels-suicide-a-telecharger\/","title":{"rendered":"FRANCOIS Jakez : The Minstrel&rsquo;s Suicide (\u00e0 t\u00e9l\u00e9charger)"},"content":{"rendered":"<p style=\"text-align: justify;\">Tous les instruments ont leurs pi\u00e8ces embl\u00e9matiques que presque tout le monde joue un jour ou l\u2019autre. \u00c0 la harpe, l&rsquo;une d&rsquo;entre elles est sans aucun doute \u00ab\u00a0<a href=\"https:\/\/shop.camac-harps.com\/fr\/produit\/thomas-john-the-minstrel-adieu-to-his-native-land-geliot-gh\/\" target=\"_blank\" rel=\"noopener noreferrer\">The Minstrel&rsquo;s Adieu to his Native Land<\/a>\u00ab\u00a0, un th\u00e8me du Pays de Galles et ses variations compos\u00e9es par le c\u00e9l\u00e8bre John Thomas (1826 &#8211; 1913), qui fut harpiste de la reine Victoria.<\/p>\n<p style=\"text-align: justify;\">Un autre point que la plupart d&rsquo;entre vous connaissent : le pr\u00e9sident de Camac, Jakez Fran\u00e7ois, est \u00e9galement harpiste &#8211; et il aime particuli\u00e8rement jouer du jazz. Il y a de nombreuses ann\u00e9es, il avait \u00e9t\u00e9 invit\u00e9 \u00e0 se produire pour l\u2019inauguration de l\u2019Assembl\u00e9e nationale du Pays de Galles \u00e0 Cardiff, ce qui l\u2019avait incit\u00e9 \u00e0 cr\u00e9er pour l\u2019occasion une version jazzy de The Minstrel&rsquo;s Adieu.<\/p>\n<p>&nbsp;<\/p>\n<div style=\"width: 640px;\" class=\"wp-video\"><video class=\"wp-video-shortcode\" id=\"video-28915-1\" width=\"640\" height=\"360\" poster=\"https:\/\/shop.camac-harps.com\/wp-content\/uploads\/sites\/25\/2020\/05\/fsj12-5.jpg\" preload=\"metadata\" controls=\"controls\"><source type=\"video\/mp4\" src=\"https:\/\/shop.camac-harps.com\/wp-content\/uploads\/sites\/25\/2020\/05\/mins.2.mp4?_=1\" \/><a href=\"https:\/\/shop.camac-harps.com\/wp-content\/uploads\/sites\/25\/2020\/05\/mins.2.mp4\">https:\/\/shop.camac-harps.com\/wp-content\/uploads\/sites\/25\/2020\/05\/mins.2.mp4<\/a><\/video><\/div>\n<p>&nbsp;<\/p>\n","protected":false},"excerpt":{"rendered":"<p>Tous les instruments ont leurs pi\u00e8ces embl\u00e9matiques que presque tout le monde joue un jour ou l\u2019autre. \u00c0 la harpe, l&rsquo;une d&rsquo;entre elles est sans aucun doute \u00ab\u00a0The Minstrel&rsquo;s Adieu to his Native Land\u00ab\u00a0, un th\u00e8me du Pays de Galles et ses variations compos\u00e9es par le c\u00e9l\u00e8bre John Thomas (1826 &#8211; 1913), qui fut harpiste [&hellip;]<\/p>\n","protected":false},"featured_media":28917,"comment_status":"open","ping_status":"closed","template":"","meta":{"_acf_changed":false},"product_brand":[],"product_cat":[60,33,45],"product_tag":[],"class_list":{"0":"post-28915","1":"product","2":"type-product","3":"status-publish","4":"has-post-thumbnail","6":"product_cat-jazz-variete-ceremonies","7":"product_cat-partitions-pour-harpe","8":"product_cat-solos-harpe-a-pedales","10":"first","11":"instock","12":"downloadable","13":"virtual","14":"taxable","15":"purchasable","16":"product-type-simple"},"acf":[],"yoast_head":"<title>FRANCOIS Jakez : Le suicide du m\u00e9nestrel<\/title>\n<meta name=\"description\" content=\"Version jazzy de &quot;The Minstrel&#039;s Adieu to his Native Land&quot;, un th\u00e8me du Pays de Galles et ses variations compos\u00e9es par le c\u00e9l\u00e8bre John Thomas (1826 - 1913).\" \/>\n<meta name=\"robots\" content=\"index, follow, max-snippet:-1, max-image-preview:large, max-video-preview:-1\" \/>\n<link rel=\"canonical\" href=\"https:\/\/shop.camac-harps.com\/fr\/produit\/francois-jakez-the-minstrels-suicide-a-telecharger\/\" \/>\n<meta property=\"og:locale\" content=\"fr_FR\" \/>\n<meta property=\"og:type\" content=\"article\" \/>\n<meta property=\"og:title\" content=\"FRANCOIS Jakez : Le suicide du m\u00e9nestrel\" \/>\n<meta property=\"og:description\" content=\"Version jazzy de &quot;The Minstrel&#039;s Adieu to his Native Land&quot;, un th\u00e8me du Pays de Galles et ses variations compos\u00e9es par le c\u00e9l\u00e8bre John Thomas (1826 - 1913).\" \/>\n<meta property=\"og:url\" content=\"https:\/\/shop.camac-harps.com\/fr\/produit\/francois-jakez-the-minstrels-suicide-a-telecharger\/\" \/>\n<meta property=\"og:site_name\" content=\"Camac Harps Shop\" \/>\n<meta property=\"article:modified_time\" content=\"2024-11-07T15:02:47+00:00\" \/>\n<meta property=\"og:image\" content=\"https:\/\/shop.camac-harps.com\/wp-content\/uploads\/sites\/25\/2020\/05\/fsj12-scaled.jpg\" \/>\n\t<meta property=\"og:image:width\" content=\"1810\" \/>\n\t<meta property=\"og:image:height\" content=\"2560\" \/>\n\t<meta property=\"og:image:type\" content=\"image\/jpeg\" \/>\n<meta name=\"twitter:card\" content=\"summary_large_image\" \/>\n<meta name=\"twitter:label1\" content=\"Dur\u00e9e de lecture estim\u00e9e\" \/>\n\t<meta name=\"twitter:data1\" content=\"1 minute\" \/>\n<script type=\"application\/ld+json\" class=\"yoast-schema-graph\">{\"@context\":\"https:\/\/schema.org\",\"@graph\":[{\"@type\":\"WebPage\",\"@id\":\"https:\/\/shop.camac-harps.com\/fr\/produit\/francois-jakez-the-minstrels-suicide-a-telecharger\/\",\"url\":\"https:\/\/shop.camac-harps.com\/fr\/produit\/francois-jakez-the-minstrels-suicide-a-telecharger\/\",\"name\":\"FRANCOIS Jakez : Le suicide du m\u00e9nestrel\",\"isPartOf\":{\"@id\":\"https:\/\/shop.camac-harps.com\/fr\/#website\"},\"primaryImageOfPage\":{\"@id\":\"https:\/\/shop.camac-harps.com\/fr\/produit\/francois-jakez-the-minstrels-suicide-a-telecharger\/#primaryimage\"},\"image\":{\"@id\":\"https:\/\/shop.camac-harps.com\/fr\/produit\/francois-jakez-the-minstrels-suicide-a-telecharger\/#primaryimage\"},\"thumbnailUrl\":\"https:\/\/shop.camac-harps.com\/wp-content\/uploads\/sites\/25\/2020\/05\/fsj12-scaled.jpg\",\"datePublished\":\"2020-05-12T12:15:50+00:00\",\"dateModified\":\"2024-11-07T15:02:47+00:00\",\"description\":\"Version jazzy de \\\"The Minstrel's Adieu to his Native Land\\\", un th\u00e8me du Pays de Galles et ses variations compos\u00e9es par le c\u00e9l\u00e8bre John Thomas (1826 - 1913).\",\"breadcrumb\":{\"@id\":\"https:\/\/shop.camac-harps.com\/fr\/produit\/francois-jakez-the-minstrels-suicide-a-telecharger\/#breadcrumb\"},\"inLanguage\":\"fr-FR\",\"potentialAction\":[{\"@type\":\"ReadAction\",\"target\":[\"https:\/\/shop.camac-harps.com\/fr\/produit\/francois-jakez-the-minstrels-suicide-a-telecharger\/\"]}]},{\"@type\":\"ImageObject\",\"inLanguage\":\"fr-FR\",\"@id\":\"https:\/\/shop.camac-harps.com\/fr\/produit\/francois-jakez-the-minstrels-suicide-a-telecharger\/#primaryimage\",\"url\":\"https:\/\/shop.camac-harps.com\/wp-content\/uploads\/sites\/25\/2020\/05\/fsj12-scaled.jpg\",\"contentUrl\":\"https:\/\/shop.camac-harps.com\/wp-content\/uploads\/sites\/25\/2020\/05\/fsj12-scaled.jpg\",\"width\":1810,\"height\":2560,\"caption\":\"FRANCOIS Jakez : The Minstrel's Suicide\"},{\"@type\":\"BreadcrumbList\",\"@id\":\"https:\/\/shop.camac-harps.com\/fr\/produit\/francois-jakez-the-minstrels-suicide-a-telecharger\/#breadcrumb\",\"itemListElement\":[{\"@type\":\"ListItem\",\"position\":1,\"name\":\"Home\",\"item\":\"https:\/\/shop.camac-harps.com\/fr\/homepage\/\"},{\"@type\":\"ListItem\",\"position\":2,\"name\":\"Accueil\",\"item\":\"https:\/\/shop.camac-harps.com\/fr\/homepage\/\"},{\"@type\":\"ListItem\",\"position\":3,\"name\":\"FRANCOIS Jakez : The Minstrel&#8217;s Suicide (\u00e0 t\u00e9l\u00e9charger)\"}]},{\"@type\":\"WebSite\",\"@id\":\"https:\/\/shop.camac-harps.com\/fr\/#website\",\"url\":\"https:\/\/shop.camac-harps.com\/fr\/\",\"name\":\"Camac Harps Shop\",\"description\":\"\",\"potentialAction\":[{\"@type\":\"SearchAction\",\"target\":{\"@type\":\"EntryPoint\",\"urlTemplate\":\"https:\/\/shop.camac-harps.com\/fr\/?s={search_term_string}\"},\"query-input\":{\"@type\":\"PropertyValueSpecification\",\"valueRequired\":true,\"valueName\":\"search_term_string\"}}],\"inLanguage\":\"fr-FR\"}]}<\/script>","yoast_head_json":{"title":"FRANCOIS Jakez : Le suicide du m\u00e9nestrel","description":"Version jazzy de \"The Minstrel's Adieu to his Native Land\", un th\u00e8me du Pays de Galles et ses variations compos\u00e9es par le c\u00e9l\u00e8bre John Thomas (1826 - 1913).","robots":{"index":"index","follow":"follow","max-snippet":"max-snippet:-1","max-image-preview":"max-image-preview:large","max-video-preview":"max-video-preview:-1"},"canonical":"https:\/\/shop.camac-harps.com\/fr\/produit\/francois-jakez-the-minstrels-suicide-a-telecharger\/","og_locale":"fr_FR","og_type":"article","og_title":"FRANCOIS Jakez : Le suicide du m\u00e9nestrel","og_description":"Version jazzy de \"The Minstrel's Adieu to his Native Land\", un th\u00e8me du Pays de Galles et ses variations compos\u00e9es par le c\u00e9l\u00e8bre John Thomas (1826 - 1913).","og_url":"https:\/\/shop.camac-harps.com\/fr\/produit\/francois-jakez-the-minstrels-suicide-a-telecharger\/","og_site_name":"Camac Harps Shop","article_modified_time":"2024-11-07T15:02:47+00:00","og_image":[{"width":1810,"height":2560,"url":"https:\/\/shop.camac-harps.com\/wp-content\/uploads\/sites\/25\/2020\/05\/fsj12-scaled.jpg","type":"image\/jpeg"}],"twitter_card":"summary_large_image","twitter_misc":{"Dur\u00e9e de lecture estim\u00e9e":"1 minute"},"schema":{"@context":"https:\/\/schema.org","@graph":[{"@type":"WebPage","@id":"https:\/\/shop.camac-harps.com\/fr\/produit\/francois-jakez-the-minstrels-suicide-a-telecharger\/","url":"https:\/\/shop.camac-harps.com\/fr\/produit\/francois-jakez-the-minstrels-suicide-a-telecharger\/","name":"FRANCOIS Jakez : Le suicide du m\u00e9nestrel","isPartOf":{"@id":"https:\/\/shop.camac-harps.com\/fr\/#website"},"primaryImageOfPage":{"@id":"https:\/\/shop.camac-harps.com\/fr\/produit\/francois-jakez-the-minstrels-suicide-a-telecharger\/#primaryimage"},"image":{"@id":"https:\/\/shop.camac-harps.com\/fr\/produit\/francois-jakez-the-minstrels-suicide-a-telecharger\/#primaryimage"},"thumbnailUrl":"https:\/\/shop.camac-harps.com\/wp-content\/uploads\/sites\/25\/2020\/05\/fsj12-scaled.jpg","datePublished":"2020-05-12T12:15:50+00:00","dateModified":"2024-11-07T15:02:47+00:00","description":"Version jazzy de \"The Minstrel's Adieu to his Native Land\", un th\u00e8me du Pays de Galles et ses variations compos\u00e9es par le c\u00e9l\u00e8bre John Thomas (1826 - 1913).","breadcrumb":{"@id":"https:\/\/shop.camac-harps.com\/fr\/produit\/francois-jakez-the-minstrels-suicide-a-telecharger\/#breadcrumb"},"inLanguage":"fr-FR","potentialAction":[{"@type":"ReadAction","target":["https:\/\/shop.camac-harps.com\/fr\/produit\/francois-jakez-the-minstrels-suicide-a-telecharger\/"]}]},{"@type":"ImageObject","inLanguage":"fr-FR","@id":"https:\/\/shop.camac-harps.com\/fr\/produit\/francois-jakez-the-minstrels-suicide-a-telecharger\/#primaryimage","url":"https:\/\/shop.camac-harps.com\/wp-content\/uploads\/sites\/25\/2020\/05\/fsj12-scaled.jpg","contentUrl":"https:\/\/shop.camac-harps.com\/wp-content\/uploads\/sites\/25\/2020\/05\/fsj12-scaled.jpg","width":1810,"height":2560,"caption":"FRANCOIS Jakez : The Minstrel's Suicide"},{"@type":"BreadcrumbList","@id":"https:\/\/shop.camac-harps.com\/fr\/produit\/francois-jakez-the-minstrels-suicide-a-telecharger\/#breadcrumb","itemListElement":[{"@type":"ListItem","position":1,"name":"Home","item":"https:\/\/shop.camac-harps.com\/fr\/homepage\/"},{"@type":"ListItem","position":2,"name":"Accueil","item":"https:\/\/shop.camac-harps.com\/fr\/homepage\/"},{"@type":"ListItem","position":3,"name":"FRANCOIS Jakez : The Minstrel&#8217;s Suicide (\u00e0 t\u00e9l\u00e9charger)"}]},{"@type":"WebSite","@id":"https:\/\/shop.camac-harps.com\/fr\/#website","url":"https:\/\/shop.camac-harps.com\/fr\/","name":"Camac Harps Shop","description":"","potentialAction":[{"@type":"SearchAction","target":{"@type":"EntryPoint","urlTemplate":"https:\/\/shop.camac-harps.com\/fr\/?s={search_term_string}"},"query-input":{"@type":"PropertyValueSpecification","valueRequired":true,"valueName":"search_term_string"}}],"inLanguage":"fr-FR"}]}},"_links":{"self":[{"href":"https:\/\/shop.camac-harps.com\/fr\/wp-json\/wp\/v2\/product\/28915","targetHints":{"allow":["GET"]}}],"collection":[{"href":"https:\/\/shop.camac-harps.com\/fr\/wp-json\/wp\/v2\/product"}],"about":[{"href":"https:\/\/shop.camac-harps.com\/fr\/wp-json\/wp\/v2\/types\/product"}],"replies":[{"embeddable":true,"href":"https:\/\/shop.camac-harps.com\/fr\/wp-json\/wp\/v2\/comments?post=28915"}],"wp:featuredmedia":[{"embeddable":true,"href":"https:\/\/shop.camac-harps.com\/fr\/wp-json\/wp\/v2\/media\/28917"}],"wp:attachment":[{"href":"https:\/\/shop.camac-harps.com\/fr\/wp-json\/wp\/v2\/media?parent=28915"}],"wp:term":[{"taxonomy":"product_brand","embeddable":true,"href":"https:\/\/shop.camac-harps.com\/fr\/wp-json\/wp\/v2\/product_brand?post=28915"},{"taxonomy":"product_cat","embeddable":true,"href":"https:\/\/shop.camac-harps.com\/fr\/wp-json\/wp\/v2\/product_cat?post=28915"},{"taxonomy":"product_tag","embeddable":true,"href":"https:\/\/shop.camac-harps.com\/fr\/wp-json\/wp\/v2\/product_tag?post=28915"}],"curies":[{"name":"wp","href":"https:\/\/api.w.org\/{rel}","templated":true}]}}