{"id":29559,"date":"2020-06-07T15:08:26","date_gmt":"2020-06-07T15:08:26","guid":{"rendered":"https:\/\/shop.camac-harps.com\/?post_type=product&#038;p=29559"},"modified":"2020-06-08T07:52:42","modified_gmt":"2020-06-08T07:52:42","slug":"les-pages-bleues-petit-guide-alphabetique-de-la-harpe-amplifiee","status":"publish","type":"product","link":"https:\/\/shop.camac-harps.com\/fr\/produit\/les-pages-bleues-petit-guide-alphabetique-de-la-harpe-amplifiee\/","title":{"rendered":"Les Pages Bleues : petit guide alphab\u00e9tique de la harpe amplifi\u00e9e"},"content":{"rendered":"","protected":false},"excerpt":{"rendered":"<p>Vous souhaitez jouer sur une harpe bleue ? Les termes bo\u00eete de direct, Ableton Live, XLR ou splits provoque en vous des sueurs froides ? Bonne nouvelle ! Camac a mis \u00e0 jour son dictionnaire bleu, votre ab\u00e9c\u00e9daire de la harpe amplifi\u00e9e. Version anglaise et allemande \u00e9galement disponibles.\u00a0<\/p>\n","protected":false},"featured_media":29563,"comment_status":"open","ping_status":"closed","template":"","meta":{"_acf_changed":false},"product_brand":[],"product_cat":[532],"product_tag":[],"class_list":{"0":"post-29559","1":"product","2":"type-product","3":"status-publish","4":"has-post-thumbnail","6":"product_cat-documents-a-telecharger","8":"first","9":"instock","10":"downloadable","11":"virtual","12":"purchasable","13":"product-type-simple"},"acf":[],"yoast_head":"<title>Petit guide de la harpe amplifi\u00e9e - Boutique en ligne des Harpes Camac<\/title>\n<meta name=\"description\" content=\"Les termes bo\u00eete de direct, Ableton Live, XLR ou splits provoque en vous des sueurs froides ? T\u00e9l\u00e9chargez notre petit guide de la harpe amplifi\u00e9e ici !\" \/>\n<meta name=\"robots\" content=\"index, follow, max-snippet:-1, max-image-preview:large, max-video-preview:-1\" \/>\n<link rel=\"canonical\" href=\"https:\/\/shop.camac-harps.com\/fr\/produit\/les-pages-bleues-petit-guide-alphabetique-de-la-harpe-amplifiee\/\" \/>\n<meta property=\"og:locale\" content=\"fr_FR\" \/>\n<meta property=\"og:type\" content=\"article\" \/>\n<meta property=\"og:title\" content=\"Petit guide de la harpe amplifi\u00e9e - Boutique en ligne des Harpes Camac\" \/>\n<meta property=\"og:description\" content=\"Les termes bo\u00eete de direct, Ableton Live, XLR ou splits provoque en vous des sueurs froides ? T\u00e9l\u00e9chargez notre petit guide de la harpe amplifi\u00e9e ici !\" \/>\n<meta property=\"og:url\" content=\"https:\/\/shop.camac-harps.com\/fr\/produit\/les-pages-bleues-petit-guide-alphabetique-de-la-harpe-amplifiee\/\" \/>\n<meta property=\"og:site_name\" content=\"Camac Harps Shop\" \/>\n<meta property=\"article:modified_time\" content=\"2020-06-08T07:52:42+00:00\" \/>\n<meta property=\"og:image\" content=\"https:\/\/shop.camac-harps.com\/wp-content\/uploads\/sites\/25\/2020\/06\/pagesbleuescouverture.jpg\" \/>\n\t<meta property=\"og:image:width\" content=\"1748\" \/>\n\t<meta property=\"og:image:height\" content=\"2480\" \/>\n\t<meta property=\"og:image:type\" content=\"image\/jpeg\" \/>\n<meta name=\"twitter:card\" content=\"summary_large_image\" \/>\n<script type=\"application\/ld+json\" class=\"yoast-schema-graph\">{\"@context\":\"https:\/\/schema.org\",\"@graph\":[{\"@type\":\"WebPage\",\"@id\":\"https:\/\/shop.camac-harps.com\/fr\/produit\/les-pages-bleues-petit-guide-alphabetique-de-la-harpe-amplifiee\/\",\"url\":\"https:\/\/shop.camac-harps.com\/fr\/produit\/les-pages-bleues-petit-guide-alphabetique-de-la-harpe-amplifiee\/\",\"name\":\"Petit guide de la harpe amplifi\u00e9e - Boutique en ligne des Harpes Camac\",\"isPartOf\":{\"@id\":\"https:\/\/shop.camac-harps.com\/fr\/#website\"},\"primaryImageOfPage\":{\"@id\":\"https:\/\/shop.camac-harps.com\/fr\/produit\/les-pages-bleues-petit-guide-alphabetique-de-la-harpe-amplifiee\/#primaryimage\"},\"image\":{\"@id\":\"https:\/\/shop.camac-harps.com\/fr\/produit\/les-pages-bleues-petit-guide-alphabetique-de-la-harpe-amplifiee\/#primaryimage\"},\"thumbnailUrl\":\"https:\/\/shop.camac-harps.com\/wp-content\/uploads\/sites\/25\/2020\/06\/pagesbleuescouverture.jpg\",\"datePublished\":\"2020-06-07T15:08:26+00:00\",\"dateModified\":\"2020-06-08T07:52:42+00:00\",\"description\":\"Les termes bo\u00eete de direct, Ableton Live, XLR ou splits provoque en vous des sueurs froides ? T\u00e9l\u00e9chargez notre petit guide de la harpe amplifi\u00e9e ici !\",\"breadcrumb\":{\"@id\":\"https:\/\/shop.camac-harps.com\/fr\/produit\/les-pages-bleues-petit-guide-alphabetique-de-la-harpe-amplifiee\/#breadcrumb\"},\"inLanguage\":\"fr-FR\",\"potentialAction\":[{\"@type\":\"ReadAction\",\"target\":[\"https:\/\/shop.camac-harps.com\/fr\/produit\/les-pages-bleues-petit-guide-alphabetique-de-la-harpe-amplifiee\/\"]}]},{\"@type\":\"ImageObject\",\"inLanguage\":\"fr-FR\",\"@id\":\"https:\/\/shop.camac-harps.com\/fr\/produit\/les-pages-bleues-petit-guide-alphabetique-de-la-harpe-amplifiee\/#primaryimage\",\"url\":\"https:\/\/shop.camac-harps.com\/wp-content\/uploads\/sites\/25\/2020\/06\/pagesbleuescouverture.jpg\",\"contentUrl\":\"https:\/\/shop.camac-harps.com\/wp-content\/uploads\/sites\/25\/2020\/06\/pagesbleuescouverture.jpg\",\"width\":1748,\"height\":2480,\"caption\":\"Les Pages Bleues : petit guide alphab\u00e9tique de la harpe amplifi\u00e9e\"},{\"@type\":\"BreadcrumbList\",\"@id\":\"https:\/\/shop.camac-harps.com\/fr\/produit\/les-pages-bleues-petit-guide-alphabetique-de-la-harpe-amplifiee\/#breadcrumb\",\"itemListElement\":[{\"@type\":\"ListItem\",\"position\":1,\"name\":\"Home\",\"item\":\"https:\/\/shop.camac-harps.com\/fr\/homepage\/\"},{\"@type\":\"ListItem\",\"position\":2,\"name\":\"Accueil\",\"item\":\"https:\/\/shop.camac-harps.com\/fr\/homepage\/\"},{\"@type\":\"ListItem\",\"position\":3,\"name\":\"Les Pages Bleues : petit guide alphab\u00e9tique de la harpe amplifi\u00e9e\"}]},{\"@type\":\"WebSite\",\"@id\":\"https:\/\/shop.camac-harps.com\/fr\/#website\",\"url\":\"https:\/\/shop.camac-harps.com\/fr\/\",\"name\":\"Camac Harps Shop\",\"description\":\"\",\"potentialAction\":[{\"@type\":\"SearchAction\",\"target\":{\"@type\":\"EntryPoint\",\"urlTemplate\":\"https:\/\/shop.camac-harps.com\/fr\/?s={search_term_string}\"},\"query-input\":{\"@type\":\"PropertyValueSpecification\",\"valueRequired\":true,\"valueName\":\"search_term_string\"}}],\"inLanguage\":\"fr-FR\"}]}<\/script>","yoast_head_json":{"title":"Petit guide de la harpe amplifi\u00e9e - Boutique en ligne des Harpes Camac","description":"Les termes bo\u00eete de direct, Ableton Live, XLR ou splits provoque en vous des sueurs froides ? T\u00e9l\u00e9chargez notre petit guide de la harpe amplifi\u00e9e ici !","robots":{"index":"index","follow":"follow","max-snippet":"max-snippet:-1","max-image-preview":"max-image-preview:large","max-video-preview":"max-video-preview:-1"},"canonical":"https:\/\/shop.camac-harps.com\/fr\/produit\/les-pages-bleues-petit-guide-alphabetique-de-la-harpe-amplifiee\/","og_locale":"fr_FR","og_type":"article","og_title":"Petit guide de la harpe amplifi\u00e9e - Boutique en ligne des Harpes Camac","og_description":"Les termes bo\u00eete de direct, Ableton Live, XLR ou splits provoque en vous des sueurs froides ? T\u00e9l\u00e9chargez notre petit guide de la harpe amplifi\u00e9e ici !","og_url":"https:\/\/shop.camac-harps.com\/fr\/produit\/les-pages-bleues-petit-guide-alphabetique-de-la-harpe-amplifiee\/","og_site_name":"Camac Harps Shop","article_modified_time":"2020-06-08T07:52:42+00:00","og_image":[{"width":1748,"height":2480,"url":"https:\/\/shop.camac-harps.com\/wp-content\/uploads\/sites\/25\/2020\/06\/pagesbleuescouverture.jpg","type":"image\/jpeg"}],"twitter_card":"summary_large_image","schema":{"@context":"https:\/\/schema.org","@graph":[{"@type":"WebPage","@id":"https:\/\/shop.camac-harps.com\/fr\/produit\/les-pages-bleues-petit-guide-alphabetique-de-la-harpe-amplifiee\/","url":"https:\/\/shop.camac-harps.com\/fr\/produit\/les-pages-bleues-petit-guide-alphabetique-de-la-harpe-amplifiee\/","name":"Petit guide de la harpe amplifi\u00e9e - Boutique en ligne des Harpes Camac","isPartOf":{"@id":"https:\/\/shop.camac-harps.com\/fr\/#website"},"primaryImageOfPage":{"@id":"https:\/\/shop.camac-harps.com\/fr\/produit\/les-pages-bleues-petit-guide-alphabetique-de-la-harpe-amplifiee\/#primaryimage"},"image":{"@id":"https:\/\/shop.camac-harps.com\/fr\/produit\/les-pages-bleues-petit-guide-alphabetique-de-la-harpe-amplifiee\/#primaryimage"},"thumbnailUrl":"https:\/\/shop.camac-harps.com\/wp-content\/uploads\/sites\/25\/2020\/06\/pagesbleuescouverture.jpg","datePublished":"2020-06-07T15:08:26+00:00","dateModified":"2020-06-08T07:52:42+00:00","description":"Les termes bo\u00eete de direct, Ableton Live, XLR ou splits provoque en vous des sueurs froides ? T\u00e9l\u00e9chargez notre petit guide de la harpe amplifi\u00e9e ici !","breadcrumb":{"@id":"https:\/\/shop.camac-harps.com\/fr\/produit\/les-pages-bleues-petit-guide-alphabetique-de-la-harpe-amplifiee\/#breadcrumb"},"inLanguage":"fr-FR","potentialAction":[{"@type":"ReadAction","target":["https:\/\/shop.camac-harps.com\/fr\/produit\/les-pages-bleues-petit-guide-alphabetique-de-la-harpe-amplifiee\/"]}]},{"@type":"ImageObject","inLanguage":"fr-FR","@id":"https:\/\/shop.camac-harps.com\/fr\/produit\/les-pages-bleues-petit-guide-alphabetique-de-la-harpe-amplifiee\/#primaryimage","url":"https:\/\/shop.camac-harps.com\/wp-content\/uploads\/sites\/25\/2020\/06\/pagesbleuescouverture.jpg","contentUrl":"https:\/\/shop.camac-harps.com\/wp-content\/uploads\/sites\/25\/2020\/06\/pagesbleuescouverture.jpg","width":1748,"height":2480,"caption":"Les Pages Bleues : petit guide alphab\u00e9tique de la harpe amplifi\u00e9e"},{"@type":"BreadcrumbList","@id":"https:\/\/shop.camac-harps.com\/fr\/produit\/les-pages-bleues-petit-guide-alphabetique-de-la-harpe-amplifiee\/#breadcrumb","itemListElement":[{"@type":"ListItem","position":1,"name":"Home","item":"https:\/\/shop.camac-harps.com\/fr\/homepage\/"},{"@type":"ListItem","position":2,"name":"Accueil","item":"https:\/\/shop.camac-harps.com\/fr\/homepage\/"},{"@type":"ListItem","position":3,"name":"Les Pages Bleues : petit guide alphab\u00e9tique de la harpe amplifi\u00e9e"}]},{"@type":"WebSite","@id":"https:\/\/shop.camac-harps.com\/fr\/#website","url":"https:\/\/shop.camac-harps.com\/fr\/","name":"Camac Harps Shop","description":"","potentialAction":[{"@type":"SearchAction","target":{"@type":"EntryPoint","urlTemplate":"https:\/\/shop.camac-harps.com\/fr\/?s={search_term_string}"},"query-input":{"@type":"PropertyValueSpecification","valueRequired":true,"valueName":"search_term_string"}}],"inLanguage":"fr-FR"}]}},"_links":{"self":[{"href":"https:\/\/shop.camac-harps.com\/fr\/wp-json\/wp\/v2\/product\/29559","targetHints":{"allow":["GET"]}}],"collection":[{"href":"https:\/\/shop.camac-harps.com\/fr\/wp-json\/wp\/v2\/product"}],"about":[{"href":"https:\/\/shop.camac-harps.com\/fr\/wp-json\/wp\/v2\/types\/product"}],"replies":[{"embeddable":true,"href":"https:\/\/shop.camac-harps.com\/fr\/wp-json\/wp\/v2\/comments?post=29559"}],"wp:featuredmedia":[{"embeddable":true,"href":"https:\/\/shop.camac-harps.com\/fr\/wp-json\/wp\/v2\/media\/29563"}],"wp:attachment":[{"href":"https:\/\/shop.camac-harps.com\/fr\/wp-json\/wp\/v2\/media?parent=29559"}],"wp:term":[{"taxonomy":"product_brand","embeddable":true,"href":"https:\/\/shop.camac-harps.com\/fr\/wp-json\/wp\/v2\/product_brand?post=29559"},{"taxonomy":"product_cat","embeddable":true,"href":"https:\/\/shop.camac-harps.com\/fr\/wp-json\/wp\/v2\/product_cat?post=29559"},{"taxonomy":"product_tag","embeddable":true,"href":"https:\/\/shop.camac-harps.com\/fr\/wp-json\/wp\/v2\/product_tag?post=29559"}],"curies":[{"name":"wp","href":"https:\/\/api.w.org\/{rel}","templated":true}]}}