{"id":29911,"date":"2020-06-22T16:43:59","date_gmt":"2020-06-22T16:43:59","guid":{"rendered":"https:\/\/shop.camac-harps.com\/?post_type=product&#038;p=29911"},"modified":"2024-11-07T15:02:46","modified_gmt":"2024-11-07T15:02:46","slug":"musique-tcheque-harpe-suk-josef-andante-transcription-de-barbora-placha","status":"publish","type":"product","link":"https:\/\/shop.camac-harps.com\/fr\/produit\/musique-tcheque-harpe-suk-josef-andante-transcription-de-barbora-placha\/","title":{"rendered":"SUK Josef : Andante op. 13, transcription de Barbora PLACHA"},"content":{"rendered":"<p style=\"text-align: justify;\">Une belle contribution \u00e0 la musique tch\u00e8que pour harpe, transcrite par\u00a0<a href=\"https:\/\/www.barboraplacha.cz\/\" target=\"_blank\" rel=\"noopener noreferrer\">Barbora Plach\u00e1<\/a>.\u00a0<\/p>\n<p style=\"text-align: justify;\">Le violoniste et compositeur Josef Suk (1874 \u2013 1935) est n\u00e9 \u00e0 K\u0159e\u010dovice, en Boh\u00eame. Connu pour \u00eatre l\u2019un des \u00e9l\u00e8ves pr\u00e9f\u00e9r\u00e9s d\u2019<a href=\"https:\/\/fr.wikipedia.org\/wiki\/Anton%C3%ADn_Dvo%C5%99%C3%A1k\" target=\"_blank\" rel=\"noopener noreferrer\">Anton\u00edn Dvo\u0159\u00e1k<\/a>, Josef Suk a \u00e9galement \u00e9pous\u00e9 la fille de Dvo\u0159\u00e1k, Otilie (en 1898). Cet Andante, \u00e9crit en 1897 dans le cadre de la Sonatine en sol mineur pour piano, est devenu plus tard le premier mouvement des \u00ab\u00a0Quatre \u00e9pisodes\u00a0\u00bb. Il s\u2019agit d\u2019un exemple du style initial de Suk, du romantisme tardif, clairement influenc\u00e9 par Dvo\u0159\u00e1k. Apr\u00e8s la mort de Dvo\u0159\u00e1k et d\u2019Otilie, malheureusement \u00e0 14 mois d\u2019intervalle (1904 et 1905 respectivement), l\u2019\u00e9criture de Suk a pris une direction plus complexe, plus sombre et plus introspective. Contrairement \u00e0 ses contemporains tch\u00e8ques, Suk a rarement int\u00e9gr\u00e9 des m\u00e9lodies et des motifs folkloriques dans ses ouvrages, bien que sa composition finale soit une danse tch\u00e8que intitul\u00e9e Sousedsk\u00e1.\u00a0<\/p>\n<p style=\"text-align: justify;\">En tant que second violon du Quatuor tch\u00e8que, Josef Suk a men\u00e9 une carri\u00e8re internationale de quarante ans. En 1922, il devient professeur de composition au Conservatoire de Prague, o\u00f9 il enseigne \u00e0 des compositeurs tels que Martin\u016f, Je\u017eek et Bo\u0159kovec. De 1924 \u00e0 1926 et de 1933 \u00e0 1935, Suk a \u00e9galement \u00e9t\u00e9 le recteur du Conservatoire.\u00a0<\/p>\n<p style=\"text-align: justify;\">Si vous cherchez plus de musique tch\u00e8que pour harpe, la boutique en ligne des Harpes Camac propose \u00e9galement la Danse slave de Dvorak. op. 72 no. 2, transcriptions de\u00a0<a href=\"https:\/\/shop.camac-harps.com\/fr\/produit\/dvorak-antonin-danse-slave-op-72-n-2-transcription-de-barbora-placha\/\" target=\"_blank\" rel=\"noopener noreferrer\">Barbora Plach\u00e1<\/a>\u00a0ou\u00a0<a href=\"https:\/\/shop.camac-harps.com\/en\/product\/dvorak-a-slavic-dance-op-72-n2-ar-studer-claudia\/\" target=\"_blank\" rel=\"noopener noreferrer\">Claudia Studer<\/a>.\u00a0<\/p>\n<p style=\"text-align: justify;\">Barbora Plach\u00e1\u00a0est notre <a href=\"https:\/\/cz.camac-harps.com\/cs\/\" target=\"_blank\" rel=\"noopener noreferrer\">partenaire Camac pour la R\u00e9publique tch\u00e8que et la Slovaquie<\/a> ; dans son studio \u00ab\u00a0Arpeggio\u00a0\u00bb \u00e0 Prague, vous pouvez commander notre gamme de harpes et d\u2019accessoires. Elle propose \u00e9galement des cours de harpe, du mat\u00e9riel p\u00e9dagogique et organise des concerts et divers \u00e9v\u00e9nements \u2013 notamment le Festival de harpe de Prague, parrain\u00e9 par les Harpes Camac France.\u00a0<\/p>\n<p>&nbsp;<\/p>\n","protected":false},"excerpt":{"rendered":"<p>Une belle contribution \u00e0 la musique tch\u00e8que pour harpe, transcrite par\u00a0Barbora Plach\u00e1.\u00a0 Le violoniste et compositeur Josef Suk (1874 \u2013 1935) est n\u00e9 \u00e0 K\u0159e\u010dovice, en Boh\u00eame. Connu pour \u00eatre l\u2019un des \u00e9l\u00e8ves pr\u00e9f\u00e9r\u00e9s d\u2019Anton\u00edn Dvo\u0159\u00e1k, Josef Suk a \u00e9galement \u00e9pous\u00e9 la fille de Dvo\u0159\u00e1k, Otilie (en 1898). Cet Andante, \u00e9crit en 1897 dans le [&hellip;]<\/p>\n","protected":false},"featured_media":29915,"comment_status":"open","ping_status":"closed","template":"","meta":{"_acf_changed":false},"product_brand":[],"product_cat":[33,45],"product_tag":[],"class_list":{"0":"post-29911","1":"product","2":"type-product","3":"status-publish","4":"has-post-thumbnail","6":"product_cat-partitions-pour-harpe","7":"product_cat-solos-harpe-a-pedales","9":"first","10":"instock","11":"taxable","12":"shipping-taxable","13":"purchasable","14":"product-type-simple"},"acf":[],"yoast_head":"<title>Musique tch\u00e8que pour harpe | SUK : Andante | Boutique en ligne Camac<\/title>\n<meta name=\"description\" content=\"Une belle contribution \u00e0 la musique tch\u00e8que pour harpe : le premier mouvement des \u00ab Quatre \u00e9pisodes \u00bb de Josef Suk (1874 - 1935) pour piano.\" \/>\n<meta name=\"robots\" content=\"index, follow, max-snippet:-1, max-image-preview:large, max-video-preview:-1\" \/>\n<link rel=\"canonical\" href=\"https:\/\/shop.camac-harps.com\/fr\/produit\/musique-tcheque-harpe-suk-josef-andante-transcription-de-barbora-placha\/\" \/>\n<meta property=\"og:locale\" content=\"fr_FR\" \/>\n<meta property=\"og:type\" content=\"article\" \/>\n<meta property=\"og:title\" content=\"Musique tch\u00e8que pour harpe | SUK : Andante | Boutique en ligne Camac\" \/>\n<meta property=\"og:description\" content=\"Une belle contribution \u00e0 la musique tch\u00e8que pour harpe : le premier mouvement des \u00ab Quatre \u00e9pisodes \u00bb de Josef Suk (1874 - 1935) pour piano.\" \/>\n<meta property=\"og:url\" content=\"https:\/\/shop.camac-harps.com\/fr\/produit\/musique-tcheque-harpe-suk-josef-andante-transcription-de-barbora-placha\/\" \/>\n<meta property=\"og:site_name\" content=\"Camac Harps Shop\" \/>\n<meta property=\"article:modified_time\" content=\"2024-11-07T15:02:46+00:00\" \/>\n<meta property=\"og:image\" content=\"https:\/\/shop.camac-harps.com\/wp-content\/uploads\/sites\/25\/2020\/06\/skj01-scaled.jpg\" \/>\n\t<meta property=\"og:image:width\" content=\"1796\" \/>\n\t<meta property=\"og:image:height\" content=\"2560\" \/>\n\t<meta property=\"og:image:type\" content=\"image\/jpeg\" \/>\n<meta name=\"twitter:card\" content=\"summary_large_image\" \/>\n<meta name=\"twitter:label1\" content=\"Dur\u00e9e de lecture estim\u00e9e\" \/>\n\t<meta name=\"twitter:data1\" content=\"2 minutes\" \/>\n<script type=\"application\/ld+json\" class=\"yoast-schema-graph\">{\"@context\":\"https:\/\/schema.org\",\"@graph\":[{\"@type\":\"WebPage\",\"@id\":\"https:\/\/shop.camac-harps.com\/fr\/produit\/musique-tcheque-harpe-suk-josef-andante-transcription-de-barbora-placha\/\",\"url\":\"https:\/\/shop.camac-harps.com\/fr\/produit\/musique-tcheque-harpe-suk-josef-andante-transcription-de-barbora-placha\/\",\"name\":\"Musique tch\u00e8que pour harpe | SUK : Andante | Boutique en ligne Camac\",\"isPartOf\":{\"@id\":\"https:\/\/shop.camac-harps.com\/fr\/#website\"},\"primaryImageOfPage\":{\"@id\":\"https:\/\/shop.camac-harps.com\/fr\/produit\/musique-tcheque-harpe-suk-josef-andante-transcription-de-barbora-placha\/#primaryimage\"},\"image\":{\"@id\":\"https:\/\/shop.camac-harps.com\/fr\/produit\/musique-tcheque-harpe-suk-josef-andante-transcription-de-barbora-placha\/#primaryimage\"},\"thumbnailUrl\":\"https:\/\/shop.camac-harps.com\/wp-content\/uploads\/sites\/25\/2020\/06\/skj01-scaled.jpg\",\"datePublished\":\"2020-06-22T16:43:59+00:00\",\"dateModified\":\"2024-11-07T15:02:46+00:00\",\"description\":\"Une belle contribution \u00e0 la musique tch\u00e8que pour harpe : le premier mouvement des \u00ab Quatre \u00e9pisodes \u00bb de Josef Suk (1874 - 1935) pour piano.\",\"breadcrumb\":{\"@id\":\"https:\/\/shop.camac-harps.com\/fr\/produit\/musique-tcheque-harpe-suk-josef-andante-transcription-de-barbora-placha\/#breadcrumb\"},\"inLanguage\":\"fr-FR\",\"potentialAction\":[{\"@type\":\"ReadAction\",\"target\":[\"https:\/\/shop.camac-harps.com\/fr\/produit\/musique-tcheque-harpe-suk-josef-andante-transcription-de-barbora-placha\/\"]}]},{\"@type\":\"ImageObject\",\"inLanguage\":\"fr-FR\",\"@id\":\"https:\/\/shop.camac-harps.com\/fr\/produit\/musique-tcheque-harpe-suk-josef-andante-transcription-de-barbora-placha\/#primaryimage\",\"url\":\"https:\/\/shop.camac-harps.com\/wp-content\/uploads\/sites\/25\/2020\/06\/skj01-scaled.jpg\",\"contentUrl\":\"https:\/\/shop.camac-harps.com\/wp-content\/uploads\/sites\/25\/2020\/06\/skj01-scaled.jpg\",\"width\":1796,\"height\":2560,\"caption\":\"Musique tch\u00e8que pour harpe : SUK Josef, Andante, transcription de Barbora PLACHA\"},{\"@type\":\"BreadcrumbList\",\"@id\":\"https:\/\/shop.camac-harps.com\/fr\/produit\/musique-tcheque-harpe-suk-josef-andante-transcription-de-barbora-placha\/#breadcrumb\",\"itemListElement\":[{\"@type\":\"ListItem\",\"position\":1,\"name\":\"Home\",\"item\":\"https:\/\/shop.camac-harps.com\/fr\/homepage\/\"},{\"@type\":\"ListItem\",\"position\":2,\"name\":\"Accueil\",\"item\":\"https:\/\/shop.camac-harps.com\/fr\/homepage\/\"},{\"@type\":\"ListItem\",\"position\":3,\"name\":\"SUK Josef : Andante op. 13, transcription de Barbora PLACHA\"}]},{\"@type\":\"WebSite\",\"@id\":\"https:\/\/shop.camac-harps.com\/fr\/#website\",\"url\":\"https:\/\/shop.camac-harps.com\/fr\/\",\"name\":\"Camac Harps Shop\",\"description\":\"\",\"potentialAction\":[{\"@type\":\"SearchAction\",\"target\":{\"@type\":\"EntryPoint\",\"urlTemplate\":\"https:\/\/shop.camac-harps.com\/fr\/?s={search_term_string}\"},\"query-input\":{\"@type\":\"PropertyValueSpecification\",\"valueRequired\":true,\"valueName\":\"search_term_string\"}}],\"inLanguage\":\"fr-FR\"}]}<\/script>","yoast_head_json":{"title":"Musique tch\u00e8que pour harpe | SUK : Andante | Boutique en ligne Camac","description":"Une belle contribution \u00e0 la musique tch\u00e8que pour harpe : le premier mouvement des \u00ab Quatre \u00e9pisodes \u00bb de Josef Suk (1874 - 1935) pour piano.","robots":{"index":"index","follow":"follow","max-snippet":"max-snippet:-1","max-image-preview":"max-image-preview:large","max-video-preview":"max-video-preview:-1"},"canonical":"https:\/\/shop.camac-harps.com\/fr\/produit\/musique-tcheque-harpe-suk-josef-andante-transcription-de-barbora-placha\/","og_locale":"fr_FR","og_type":"article","og_title":"Musique tch\u00e8que pour harpe | SUK : Andante | Boutique en ligne Camac","og_description":"Une belle contribution \u00e0 la musique tch\u00e8que pour harpe : le premier mouvement des \u00ab Quatre \u00e9pisodes \u00bb de Josef Suk (1874 - 1935) pour piano.","og_url":"https:\/\/shop.camac-harps.com\/fr\/produit\/musique-tcheque-harpe-suk-josef-andante-transcription-de-barbora-placha\/","og_site_name":"Camac Harps Shop","article_modified_time":"2024-11-07T15:02:46+00:00","og_image":[{"width":1796,"height":2560,"url":"https:\/\/shop.camac-harps.com\/wp-content\/uploads\/sites\/25\/2020\/06\/skj01-scaled.jpg","type":"image\/jpeg"}],"twitter_card":"summary_large_image","twitter_misc":{"Dur\u00e9e de lecture estim\u00e9e":"2 minutes"},"schema":{"@context":"https:\/\/schema.org","@graph":[{"@type":"WebPage","@id":"https:\/\/shop.camac-harps.com\/fr\/produit\/musique-tcheque-harpe-suk-josef-andante-transcription-de-barbora-placha\/","url":"https:\/\/shop.camac-harps.com\/fr\/produit\/musique-tcheque-harpe-suk-josef-andante-transcription-de-barbora-placha\/","name":"Musique tch\u00e8que pour harpe | SUK : Andante | Boutique en ligne Camac","isPartOf":{"@id":"https:\/\/shop.camac-harps.com\/fr\/#website"},"primaryImageOfPage":{"@id":"https:\/\/shop.camac-harps.com\/fr\/produit\/musique-tcheque-harpe-suk-josef-andante-transcription-de-barbora-placha\/#primaryimage"},"image":{"@id":"https:\/\/shop.camac-harps.com\/fr\/produit\/musique-tcheque-harpe-suk-josef-andante-transcription-de-barbora-placha\/#primaryimage"},"thumbnailUrl":"https:\/\/shop.camac-harps.com\/wp-content\/uploads\/sites\/25\/2020\/06\/skj01-scaled.jpg","datePublished":"2020-06-22T16:43:59+00:00","dateModified":"2024-11-07T15:02:46+00:00","description":"Une belle contribution \u00e0 la musique tch\u00e8que pour harpe : le premier mouvement des \u00ab Quatre \u00e9pisodes \u00bb de Josef Suk (1874 - 1935) pour piano.","breadcrumb":{"@id":"https:\/\/shop.camac-harps.com\/fr\/produit\/musique-tcheque-harpe-suk-josef-andante-transcription-de-barbora-placha\/#breadcrumb"},"inLanguage":"fr-FR","potentialAction":[{"@type":"ReadAction","target":["https:\/\/shop.camac-harps.com\/fr\/produit\/musique-tcheque-harpe-suk-josef-andante-transcription-de-barbora-placha\/"]}]},{"@type":"ImageObject","inLanguage":"fr-FR","@id":"https:\/\/shop.camac-harps.com\/fr\/produit\/musique-tcheque-harpe-suk-josef-andante-transcription-de-barbora-placha\/#primaryimage","url":"https:\/\/shop.camac-harps.com\/wp-content\/uploads\/sites\/25\/2020\/06\/skj01-scaled.jpg","contentUrl":"https:\/\/shop.camac-harps.com\/wp-content\/uploads\/sites\/25\/2020\/06\/skj01-scaled.jpg","width":1796,"height":2560,"caption":"Musique tch\u00e8que pour harpe : SUK Josef, Andante, transcription de Barbora PLACHA"},{"@type":"BreadcrumbList","@id":"https:\/\/shop.camac-harps.com\/fr\/produit\/musique-tcheque-harpe-suk-josef-andante-transcription-de-barbora-placha\/#breadcrumb","itemListElement":[{"@type":"ListItem","position":1,"name":"Home","item":"https:\/\/shop.camac-harps.com\/fr\/homepage\/"},{"@type":"ListItem","position":2,"name":"Accueil","item":"https:\/\/shop.camac-harps.com\/fr\/homepage\/"},{"@type":"ListItem","position":3,"name":"SUK Josef : Andante op. 13, transcription de Barbora PLACHA"}]},{"@type":"WebSite","@id":"https:\/\/shop.camac-harps.com\/fr\/#website","url":"https:\/\/shop.camac-harps.com\/fr\/","name":"Camac Harps Shop","description":"","potentialAction":[{"@type":"SearchAction","target":{"@type":"EntryPoint","urlTemplate":"https:\/\/shop.camac-harps.com\/fr\/?s={search_term_string}"},"query-input":{"@type":"PropertyValueSpecification","valueRequired":true,"valueName":"search_term_string"}}],"inLanguage":"fr-FR"}]}},"_links":{"self":[{"href":"https:\/\/shop.camac-harps.com\/fr\/wp-json\/wp\/v2\/product\/29911","targetHints":{"allow":["GET"]}}],"collection":[{"href":"https:\/\/shop.camac-harps.com\/fr\/wp-json\/wp\/v2\/product"}],"about":[{"href":"https:\/\/shop.camac-harps.com\/fr\/wp-json\/wp\/v2\/types\/product"}],"replies":[{"embeddable":true,"href":"https:\/\/shop.camac-harps.com\/fr\/wp-json\/wp\/v2\/comments?post=29911"}],"wp:featuredmedia":[{"embeddable":true,"href":"https:\/\/shop.camac-harps.com\/fr\/wp-json\/wp\/v2\/media\/29915"}],"wp:attachment":[{"href":"https:\/\/shop.camac-harps.com\/fr\/wp-json\/wp\/v2\/media?parent=29911"}],"wp:term":[{"taxonomy":"product_brand","embeddable":true,"href":"https:\/\/shop.camac-harps.com\/fr\/wp-json\/wp\/v2\/product_brand?post=29911"},{"taxonomy":"product_cat","embeddable":true,"href":"https:\/\/shop.camac-harps.com\/fr\/wp-json\/wp\/v2\/product_cat?post=29911"},{"taxonomy":"product_tag","embeddable":true,"href":"https:\/\/shop.camac-harps.com\/fr\/wp-json\/wp\/v2\/product_tag?post=29911"}],"curies":[{"name":"wp","href":"https:\/\/api.w.org\/{rel}","templated":true}]}}