{"id":29935,"date":"2020-06-22T21:02:27","date_gmt":"2020-06-22T21:02:27","guid":{"rendered":"https:\/\/shop.camac-harps.com\/?post_type=product&#038;p=29935"},"modified":"2024-12-18T13:35:53","modified_gmt":"2024-12-18T13:35:53","slug":"dvorak-transcrit-pour-harpe-danse-slave-op-72-n-2","status":"publish","type":"product","link":"https:\/\/shop.camac-harps.com\/fr\/produit\/dvorak-transcrit-pour-harpe-danse-slave-op-72-n-2\/","title":{"rendered":"DVORAK Anton\u00edn : Danse slave op. 72 n\u00b0 2, transcription de Barbora PLACHA"},"content":{"rendered":"<p style=\"text-align: justify;\">Une belle contribution \u00e0 la musique tch\u00e8que pour la harpe, transcrite par\u00a0<a href=\"https:\/\/www.barboraplacha.cz\/\" target=\"_blank\" rel=\"noopener noreferrer\">Barbora Plach\u00e1<\/a>.\u00a0<\/p>\n<p style=\"text-align: justify;\"><a href=\"https:\/\/fr.wikipedia.org\/wiki\/Anton%C3%ADn_Dvo%C5%99%C3%A1k\" target=\"_blank\" rel=\"noopener noreferrer\">Anton\u00edn Dvo\u0159\u00e1k<\/a> (1841 &#8211; 1904) a librement incorpor\u00e9 des \u00e9l\u00e9ments folkloriques tch\u00e8ques dans sa musique, et les Danses slaves en sont quelques exemples parmi les plus c\u00e9l\u00e8bres. C&rsquo;est Brahms qui, impressionn\u00e9 par Dvo\u0159\u00e1k, l&rsquo;a recommand\u00e9 \u00e0 son \u00e9diteur, Simrock. Simrock &#8211; conscient que les Danses hongroises de Brahms s&rsquo;\u00e9taient bien vendues &#8211; a command\u00e9 la premi\u00e8re s\u00e9rie de Danses slaves (op. 46) \u00e0 Dvo\u0159\u00e1k en 1878. Ces danses ont connu un tel succ\u00e8s que Dvo\u0159\u00e1k est devenu c\u00e9l\u00e8bre presque du jour au lendemain. La deuxi\u00e8me s\u00e9rie de Danses slaves (op. 72) a suivi, en 1886. Comme Brahms l&rsquo;avait fait avec ses Danses hongroises, Dvo\u0159\u00e1k a rapidement orchestr\u00e9 les deux s\u00e9ries de Danses, dans une trajectoire int\u00e9ressante allant de la source folklorique \u00e0 la sc\u00e8ne orchestrale.<\/p>\n<p style=\"text-align: justify;\">L&rsquo;opus 72 est domin\u00e9 par les m\u00e9lodies des pays slaves voisins, et est plus lyrique et r\u00e9fl\u00e9chi que l&rsquo;exub\u00e9rant opus 46. La m\u00e9lodie de la deuxi\u00e8me danse r\u00e9appara\u00eet, sept ans plus tard, dans le Quatuor \u00e0 cordes no 12 en fa majeur (\u00ab Am\u00e9ricain \u00bb).<\/p>\n<p class=\"p1\" style=\"text-align: justify;\"><span class=\"s1\">Si vous cherchez plus de musique de harpe tch\u00e8que pour harpe, la boutique en ligne de Camac propose \u00e9galement l&rsquo;<a href=\"https:\/\/shop.camac-harps.com\/fr\/produit\/musique-tcheque-harpe-suk-josef-andante-transcription-de-barbora-placha\/\" target=\"_blank\" rel=\"noopener noreferrer\">Andante op. 13<\/a>, transcription pour la harpe de <a href=\"https:\/\/shop.camac-harps.com\/fr\/produit\/dvorak-antonin-danse-slave-op-72-n-2-transcription-de-barbora-placha\/\"><span class=\"s2\">Barbora Plach\u00e1.<\/span><\/a>\u00a0<\/span><\/p>\n<p class=\"p1\" style=\"text-align: justify;\"><span class=\"s2\"><a href=\"https:\/\/www.barboraplacha.cz\/\">Barbora Plach\u00e1<\/a><\/span><span class=\"s1\">\u00a0est notre <a href=\"https:\/\/cz.camac-harps.com\/cs\/\" target=\"_blank\" rel=\"noopener noreferrer\">partenaire Camac pour la R\u00e9publique tch\u00e8que et la Slovaquie<\/a> ; dans son studio \u00ab\u00a0Arpeggio\u00a0\u00bb \u00e0 Prague, vous pouvez commander notre gamme de harpes et d\u2019accessoires. Elle propose \u00e9galement des cours de harpe, du mat\u00e9riel p\u00e9dagogique et organise des concerts et autres \u00e9v\u00e9nements \u2013 notamment le Festival de harpe de Prague, parrain\u00e9 par Camac Harps France.\u00a0<\/span><\/p>\n","protected":false},"excerpt":{"rendered":"<p>Une belle contribution \u00e0 la musique tch\u00e8que pour la harpe, transcrite par\u00a0Barbora Plach\u00e1.\u00a0 Anton\u00edn Dvo\u0159\u00e1k (1841 &#8211; 1904) a librement incorpor\u00e9 des \u00e9l\u00e9ments folkloriques tch\u00e8ques dans sa musique, et les Danses slaves en sont quelques exemples parmi les plus c\u00e9l\u00e8bres. C&rsquo;est Brahms qui, impressionn\u00e9 par Dvo\u0159\u00e1k, l&rsquo;a recommand\u00e9 \u00e0 son \u00e9diteur, Simrock. Simrock &#8211; conscient [&hellip;]<\/p>\n","protected":false},"featured_media":29936,"comment_status":"open","ping_status":"closed","template":"","meta":{"_acf_changed":false},"product_brand":[],"product_cat":[33,45],"product_tag":[],"class_list":{"0":"post-29935","1":"product","2":"type-product","3":"status-publish","4":"has-post-thumbnail","6":"product_cat-partitions-pour-harpe","7":"product_cat-solos-harpe-a-pedales","9":"first","10":"outofstock","11":"taxable","12":"shipping-taxable","13":"purchasable","14":"product-type-simple"},"acf":[],"yoast_head":"<title>Dvo\u0159\u00e1k transcrit pour harpe : Danse slave op. 72 n\u00b02 | Boutique en ligne Camac<\/title>\n<meta name=\"description\" content=\"Dvo\u0159\u00e1k a librement incorpor\u00e9 des \u00e9l\u00e9ments folkloriques tch\u00e8ques dans sa musique, et les Danses slaves en sont quelques exemples parmi les plus c\u00e9l\u00e8bres.\" \/>\n<meta name=\"robots\" content=\"index, follow, max-snippet:-1, max-image-preview:large, max-video-preview:-1\" \/>\n<link rel=\"canonical\" href=\"https:\/\/shop.camac-harps.com\/fr\/produit\/dvorak-transcrit-pour-harpe-danse-slave-op-72-n-2\/\" \/>\n<meta property=\"og:locale\" content=\"fr_FR\" \/>\n<meta property=\"og:type\" content=\"article\" \/>\n<meta property=\"og:title\" content=\"Dvo\u0159\u00e1k transcrit pour harpe : Danse slave op. 72 n\u00b02 | Boutique en ligne Camac\" \/>\n<meta property=\"og:description\" content=\"Dvo\u0159\u00e1k a librement incorpor\u00e9 des \u00e9l\u00e9ments folkloriques tch\u00e8ques dans sa musique, et les Danses slaves en sont quelques exemples parmi les plus c\u00e9l\u00e8bres.\" \/>\n<meta property=\"og:url\" content=\"https:\/\/shop.camac-harps.com\/fr\/produit\/dvorak-transcrit-pour-harpe-danse-slave-op-72-n-2\/\" \/>\n<meta property=\"og:site_name\" content=\"Camac Harps Shop\" \/>\n<meta property=\"article:modified_time\" content=\"2024-12-18T13:35:53+00:00\" \/>\n<meta property=\"og:image\" content=\"https:\/\/shop.camac-harps.com\/wp-content\/uploads\/sites\/25\/2020\/06\/dan04-scaled.jpg\" \/>\n\t<meta property=\"og:image:width\" content=\"1803\" \/>\n\t<meta property=\"og:image:height\" content=\"2560\" \/>\n\t<meta property=\"og:image:type\" content=\"image\/jpeg\" \/>\n<meta name=\"twitter:card\" content=\"summary_large_image\" \/>\n<meta name=\"twitter:label1\" content=\"Dur\u00e9e de lecture estim\u00e9e\" \/>\n\t<meta name=\"twitter:data1\" content=\"2 minutes\" \/>\n<script type=\"application\/ld+json\" class=\"yoast-schema-graph\">{\"@context\":\"https:\/\/schema.org\",\"@graph\":[{\"@type\":\"WebPage\",\"@id\":\"https:\/\/shop.camac-harps.com\/fr\/produit\/dvorak-transcrit-pour-harpe-danse-slave-op-72-n-2\/\",\"url\":\"https:\/\/shop.camac-harps.com\/fr\/produit\/dvorak-transcrit-pour-harpe-danse-slave-op-72-n-2\/\",\"name\":\"Dvo\u0159\u00e1k transcrit pour harpe : Danse slave op. 72 n\u00b02 | Boutique en ligne Camac\",\"isPartOf\":{\"@id\":\"https:\/\/shop.camac-harps.com\/fr\/#website\"},\"primaryImageOfPage\":{\"@id\":\"https:\/\/shop.camac-harps.com\/fr\/produit\/dvorak-transcrit-pour-harpe-danse-slave-op-72-n-2\/#primaryimage\"},\"image\":{\"@id\":\"https:\/\/shop.camac-harps.com\/fr\/produit\/dvorak-transcrit-pour-harpe-danse-slave-op-72-n-2\/#primaryimage\"},\"thumbnailUrl\":\"https:\/\/shop.camac-harps.com\/wp-content\/uploads\/sites\/25\/2020\/06\/dan04-scaled.jpg\",\"datePublished\":\"2020-06-22T21:02:27+00:00\",\"dateModified\":\"2024-12-18T13:35:53+00:00\",\"description\":\"Dvo\u0159\u00e1k a librement incorpor\u00e9 des \u00e9l\u00e9ments folkloriques tch\u00e8ques dans sa musique, et les Danses slaves en sont quelques exemples parmi les plus c\u00e9l\u00e8bres.\",\"breadcrumb\":{\"@id\":\"https:\/\/shop.camac-harps.com\/fr\/produit\/dvorak-transcrit-pour-harpe-danse-slave-op-72-n-2\/#breadcrumb\"},\"inLanguage\":\"fr-FR\",\"potentialAction\":[{\"@type\":\"ReadAction\",\"target\":[\"https:\/\/shop.camac-harps.com\/fr\/produit\/dvorak-transcrit-pour-harpe-danse-slave-op-72-n-2\/\"]}]},{\"@type\":\"ImageObject\",\"inLanguage\":\"fr-FR\",\"@id\":\"https:\/\/shop.camac-harps.com\/fr\/produit\/dvorak-transcrit-pour-harpe-danse-slave-op-72-n-2\/#primaryimage\",\"url\":\"https:\/\/shop.camac-harps.com\/wp-content\/uploads\/sites\/25\/2020\/06\/dan04-scaled.jpg\",\"contentUrl\":\"https:\/\/shop.camac-harps.com\/wp-content\/uploads\/sites\/25\/2020\/06\/dan04-scaled.jpg\",\"width\":1803,\"height\":2560,\"caption\":\"DVORAK transcrit pour harpe par Barbora Plach\u00e1 : Danse slave op. 72 n\u00b0 2\"},{\"@type\":\"BreadcrumbList\",\"@id\":\"https:\/\/shop.camac-harps.com\/fr\/produit\/dvorak-transcrit-pour-harpe-danse-slave-op-72-n-2\/#breadcrumb\",\"itemListElement\":[{\"@type\":\"ListItem\",\"position\":1,\"name\":\"Home\",\"item\":\"https:\/\/shop.camac-harps.com\/fr\/homepage\/\"},{\"@type\":\"ListItem\",\"position\":2,\"name\":\"Accueil\",\"item\":\"https:\/\/shop.camac-harps.com\/fr\/homepage\/\"},{\"@type\":\"ListItem\",\"position\":3,\"name\":\"DVORAK Anton\u00edn : Danse slave op. 72 n\u00b0 2, transcription de Barbora PLACHA\"}]},{\"@type\":\"WebSite\",\"@id\":\"https:\/\/shop.camac-harps.com\/fr\/#website\",\"url\":\"https:\/\/shop.camac-harps.com\/fr\/\",\"name\":\"Camac Harps Shop\",\"description\":\"\",\"potentialAction\":[{\"@type\":\"SearchAction\",\"target\":{\"@type\":\"EntryPoint\",\"urlTemplate\":\"https:\/\/shop.camac-harps.com\/fr\/?s={search_term_string}\"},\"query-input\":{\"@type\":\"PropertyValueSpecification\",\"valueRequired\":true,\"valueName\":\"search_term_string\"}}],\"inLanguage\":\"fr-FR\"}]}<\/script>","yoast_head_json":{"title":"Dvo\u0159\u00e1k transcrit pour harpe : Danse slave op. 72 n\u00b02 | Boutique en ligne Camac","description":"Dvo\u0159\u00e1k a librement incorpor\u00e9 des \u00e9l\u00e9ments folkloriques tch\u00e8ques dans sa musique, et les Danses slaves en sont quelques exemples parmi les plus c\u00e9l\u00e8bres.","robots":{"index":"index","follow":"follow","max-snippet":"max-snippet:-1","max-image-preview":"max-image-preview:large","max-video-preview":"max-video-preview:-1"},"canonical":"https:\/\/shop.camac-harps.com\/fr\/produit\/dvorak-transcrit-pour-harpe-danse-slave-op-72-n-2\/","og_locale":"fr_FR","og_type":"article","og_title":"Dvo\u0159\u00e1k transcrit pour harpe : Danse slave op. 72 n\u00b02 | Boutique en ligne Camac","og_description":"Dvo\u0159\u00e1k a librement incorpor\u00e9 des \u00e9l\u00e9ments folkloriques tch\u00e8ques dans sa musique, et les Danses slaves en sont quelques exemples parmi les plus c\u00e9l\u00e8bres.","og_url":"https:\/\/shop.camac-harps.com\/fr\/produit\/dvorak-transcrit-pour-harpe-danse-slave-op-72-n-2\/","og_site_name":"Camac Harps Shop","article_modified_time":"2024-12-18T13:35:53+00:00","og_image":[{"width":1803,"height":2560,"url":"https:\/\/shop.camac-harps.com\/wp-content\/uploads\/sites\/25\/2020\/06\/dan04-scaled.jpg","type":"image\/jpeg"}],"twitter_card":"summary_large_image","twitter_misc":{"Dur\u00e9e de lecture estim\u00e9e":"2 minutes"},"schema":{"@context":"https:\/\/schema.org","@graph":[{"@type":"WebPage","@id":"https:\/\/shop.camac-harps.com\/fr\/produit\/dvorak-transcrit-pour-harpe-danse-slave-op-72-n-2\/","url":"https:\/\/shop.camac-harps.com\/fr\/produit\/dvorak-transcrit-pour-harpe-danse-slave-op-72-n-2\/","name":"Dvo\u0159\u00e1k transcrit pour harpe : Danse slave op. 72 n\u00b02 | Boutique en ligne Camac","isPartOf":{"@id":"https:\/\/shop.camac-harps.com\/fr\/#website"},"primaryImageOfPage":{"@id":"https:\/\/shop.camac-harps.com\/fr\/produit\/dvorak-transcrit-pour-harpe-danse-slave-op-72-n-2\/#primaryimage"},"image":{"@id":"https:\/\/shop.camac-harps.com\/fr\/produit\/dvorak-transcrit-pour-harpe-danse-slave-op-72-n-2\/#primaryimage"},"thumbnailUrl":"https:\/\/shop.camac-harps.com\/wp-content\/uploads\/sites\/25\/2020\/06\/dan04-scaled.jpg","datePublished":"2020-06-22T21:02:27+00:00","dateModified":"2024-12-18T13:35:53+00:00","description":"Dvo\u0159\u00e1k a librement incorpor\u00e9 des \u00e9l\u00e9ments folkloriques tch\u00e8ques dans sa musique, et les Danses slaves en sont quelques exemples parmi les plus c\u00e9l\u00e8bres.","breadcrumb":{"@id":"https:\/\/shop.camac-harps.com\/fr\/produit\/dvorak-transcrit-pour-harpe-danse-slave-op-72-n-2\/#breadcrumb"},"inLanguage":"fr-FR","potentialAction":[{"@type":"ReadAction","target":["https:\/\/shop.camac-harps.com\/fr\/produit\/dvorak-transcrit-pour-harpe-danse-slave-op-72-n-2\/"]}]},{"@type":"ImageObject","inLanguage":"fr-FR","@id":"https:\/\/shop.camac-harps.com\/fr\/produit\/dvorak-transcrit-pour-harpe-danse-slave-op-72-n-2\/#primaryimage","url":"https:\/\/shop.camac-harps.com\/wp-content\/uploads\/sites\/25\/2020\/06\/dan04-scaled.jpg","contentUrl":"https:\/\/shop.camac-harps.com\/wp-content\/uploads\/sites\/25\/2020\/06\/dan04-scaled.jpg","width":1803,"height":2560,"caption":"DVORAK transcrit pour harpe par Barbora Plach\u00e1 : Danse slave op. 72 n\u00b0 2"},{"@type":"BreadcrumbList","@id":"https:\/\/shop.camac-harps.com\/fr\/produit\/dvorak-transcrit-pour-harpe-danse-slave-op-72-n-2\/#breadcrumb","itemListElement":[{"@type":"ListItem","position":1,"name":"Home","item":"https:\/\/shop.camac-harps.com\/fr\/homepage\/"},{"@type":"ListItem","position":2,"name":"Accueil","item":"https:\/\/shop.camac-harps.com\/fr\/homepage\/"},{"@type":"ListItem","position":3,"name":"DVORAK Anton\u00edn : Danse slave op. 72 n\u00b0 2, transcription de Barbora PLACHA"}]},{"@type":"WebSite","@id":"https:\/\/shop.camac-harps.com\/fr\/#website","url":"https:\/\/shop.camac-harps.com\/fr\/","name":"Camac Harps Shop","description":"","potentialAction":[{"@type":"SearchAction","target":{"@type":"EntryPoint","urlTemplate":"https:\/\/shop.camac-harps.com\/fr\/?s={search_term_string}"},"query-input":{"@type":"PropertyValueSpecification","valueRequired":true,"valueName":"search_term_string"}}],"inLanguage":"fr-FR"}]}},"_links":{"self":[{"href":"https:\/\/shop.camac-harps.com\/fr\/wp-json\/wp\/v2\/product\/29935","targetHints":{"allow":["GET"]}}],"collection":[{"href":"https:\/\/shop.camac-harps.com\/fr\/wp-json\/wp\/v2\/product"}],"about":[{"href":"https:\/\/shop.camac-harps.com\/fr\/wp-json\/wp\/v2\/types\/product"}],"replies":[{"embeddable":true,"href":"https:\/\/shop.camac-harps.com\/fr\/wp-json\/wp\/v2\/comments?post=29935"}],"wp:featuredmedia":[{"embeddable":true,"href":"https:\/\/shop.camac-harps.com\/fr\/wp-json\/wp\/v2\/media\/29936"}],"wp:attachment":[{"href":"https:\/\/shop.camac-harps.com\/fr\/wp-json\/wp\/v2\/media?parent=29935"}],"wp:term":[{"taxonomy":"product_brand","embeddable":true,"href":"https:\/\/shop.camac-harps.com\/fr\/wp-json\/wp\/v2\/product_brand?post=29935"},{"taxonomy":"product_cat","embeddable":true,"href":"https:\/\/shop.camac-harps.com\/fr\/wp-json\/wp\/v2\/product_cat?post=29935"},{"taxonomy":"product_tag","embeddable":true,"href":"https:\/\/shop.camac-harps.com\/fr\/wp-json\/wp\/v2\/product_tag?post=29935"}],"curies":[{"name":"wp","href":"https:\/\/api.w.org\/{rel}","templated":true}]}}