{"id":33265,"date":"2020-10-20T06:57:08","date_gmt":"2020-10-20T06:57:08","guid":{"rendered":"https:\/\/shop.camac-harps.com\/?post_type=product&#038;p=33265"},"modified":"2026-01-22T13:40:57","modified_gmt":"2026-01-22T13:40:57","slug":"colard-elisabeth-la-harpe-au-sein-de-lorchestre-vol-1-2mclhs01","status":"publish","type":"product","link":"https:\/\/shop.camac-harps.com\/fr\/produit\/colard-elisabeth-la-harpe-au-sein-de-lorchestre-vol-1-2mclhs01\/","title":{"rendered":"COLARD Elisabeth : La harpe au sein de l&rsquo;orchestre, vol. 1 &#8211; 2MCLHS01"},"content":{"rendered":"","protected":false},"excerpt":{"rendered":"<p>Le nouveau recueil de traits d\u2019orchestre r\u00e9alis\u00e9 par Elisabeth Colard fournit plusieurs partitions de harpe difficiles \u00e0 trouver, et de pr\u00e9cieux \u00e9l\u00e9ments de contexte. <a href=\"https:\/\/www.camac-harps.com\/blog\/fr\/alaune\/la-harpe-au-sein-de-lorchestre-vol-1\/\">Lire la suite sur le blog Camac<\/a> !\u00a0<\/p>\n<p>Disponible \u00e9galement <a href=\"https:\/\/shop.camac-harps.com\/fr\/produit\/elisabeth-colard-the-harp-at-the-heart-of-the-orchestra-version-anglaise\/\">en anglais<\/a>.\u00a0<\/p>\n","protected":false},"featured_media":33246,"comment_status":"open","ping_status":"closed","template":"","meta":{"_acf_changed":false},"product_brand":[],"product_cat":[57,33],"product_tag":[],"class_list":{"0":"post-33265","1":"product","2":"type-product","3":"status-publish","4":"has-post-thumbnail","6":"product_cat-concertos-traits-dorchestre","7":"product_cat-partitions-pour-harpe","9":"first","10":"instock","11":"taxable","12":"shipping-taxable","13":"purchasable","14":"product-type-simple"},"acf":[],"yoast_head":"<title>COLARD Elisabeth : La harpe au sein de l&#039;orchestre, vol. 1<\/title>\n<meta name=\"description\" content=\"1er volume d&#039;une s\u00e9rie de 5 consacr\u00e9e \u00e0 la contextualisation de la harpe dans l&#039;orchestre | Boutique en ligne des Harpes Camac.\" \/>\n<meta name=\"robots\" content=\"index, follow, max-snippet:-1, max-image-preview:large, max-video-preview:-1\" \/>\n<link rel=\"canonical\" href=\"https:\/\/shop.camac-harps.com\/fr\/produit\/colard-elisabeth-la-harpe-au-sein-de-lorchestre-vol-1-2mclhs01\/\" \/>\n<meta property=\"og:locale\" content=\"fr_FR\" \/>\n<meta property=\"og:type\" content=\"article\" \/>\n<meta property=\"og:title\" content=\"COLARD Elisabeth : La harpe au sein de l&#039;orchestre, vol. 1\" \/>\n<meta property=\"og:description\" content=\"1er volume d&#039;une s\u00e9rie de 5 consacr\u00e9e \u00e0 la contextualisation de la harpe dans l&#039;orchestre | Boutique en ligne des Harpes Camac.\" \/>\n<meta property=\"og:url\" content=\"https:\/\/shop.camac-harps.com\/fr\/produit\/colard-elisabeth-la-harpe-au-sein-de-lorchestre-vol-1-2mclhs01\/\" \/>\n<meta property=\"og:site_name\" content=\"Camac Harps Shop\" \/>\n<meta property=\"article:modified_time\" content=\"2026-01-22T13:40:57+00:00\" \/>\n<meta property=\"og:image\" content=\"https:\/\/shop.camac-harps.com\/wp-content\/uploads\/sites\/25\/2020\/10\/cde01-scaled.jpg\" \/>\n\t<meta property=\"og:image:width\" content=\"1788\" \/>\n\t<meta property=\"og:image:height\" content=\"2560\" \/>\n\t<meta property=\"og:image:type\" content=\"image\/jpeg\" \/>\n<meta name=\"twitter:card\" content=\"summary_large_image\" \/>\n<meta name=\"twitter:label1\" content=\"Dur\u00e9e de lecture estim\u00e9e\" \/>\n\t<meta name=\"twitter:data1\" content=\"1 minute\" \/>\n<script type=\"application\/ld+json\" class=\"yoast-schema-graph\">{\"@context\":\"https:\/\/schema.org\",\"@graph\":[{\"@type\":\"WebPage\",\"@id\":\"https:\/\/shop.camac-harps.com\/fr\/produit\/colard-elisabeth-la-harpe-au-sein-de-lorchestre-vol-1-2mclhs01\/\",\"url\":\"https:\/\/shop.camac-harps.com\/fr\/produit\/colard-elisabeth-la-harpe-au-sein-de-lorchestre-vol-1-2mclhs01\/\",\"name\":\"COLARD Elisabeth : La harpe au sein de l'orchestre, vol. 1\",\"isPartOf\":{\"@id\":\"https:\/\/shop.camac-harps.com\/fr\/#website\"},\"primaryImageOfPage\":{\"@id\":\"https:\/\/shop.camac-harps.com\/fr\/produit\/colard-elisabeth-la-harpe-au-sein-de-lorchestre-vol-1-2mclhs01\/#primaryimage\"},\"image\":{\"@id\":\"https:\/\/shop.camac-harps.com\/fr\/produit\/colard-elisabeth-la-harpe-au-sein-de-lorchestre-vol-1-2mclhs01\/#primaryimage\"},\"thumbnailUrl\":\"https:\/\/shop.camac-harps.com\/wp-content\/uploads\/sites\/25\/2020\/10\/cde01-scaled.jpg\",\"datePublished\":\"2020-10-20T06:57:08+00:00\",\"dateModified\":\"2026-01-22T13:40:57+00:00\",\"description\":\"1er volume d'une s\u00e9rie de 5 consacr\u00e9e \u00e0 la contextualisation de la harpe dans l'orchestre | Boutique en ligne des Harpes Camac.\",\"breadcrumb\":{\"@id\":\"https:\/\/shop.camac-harps.com\/fr\/produit\/colard-elisabeth-la-harpe-au-sein-de-lorchestre-vol-1-2mclhs01\/#breadcrumb\"},\"inLanguage\":\"fr-FR\",\"potentialAction\":[{\"@type\":\"ReadAction\",\"target\":[\"https:\/\/shop.camac-harps.com\/fr\/produit\/colard-elisabeth-la-harpe-au-sein-de-lorchestre-vol-1-2mclhs01\/\"]}]},{\"@type\":\"ImageObject\",\"inLanguage\":\"fr-FR\",\"@id\":\"https:\/\/shop.camac-harps.com\/fr\/produit\/colard-elisabeth-la-harpe-au-sein-de-lorchestre-vol-1-2mclhs01\/#primaryimage\",\"url\":\"https:\/\/shop.camac-harps.com\/wp-content\/uploads\/sites\/25\/2020\/10\/cde01-scaled.jpg\",\"contentUrl\":\"https:\/\/shop.camac-harps.com\/wp-content\/uploads\/sites\/25\/2020\/10\/cde01-scaled.jpg\",\"width\":1788,\"height\":2560,\"caption\":\"COLARD Elisabeth : La harpe au sein de l'orchestre\"},{\"@type\":\"BreadcrumbList\",\"@id\":\"https:\/\/shop.camac-harps.com\/fr\/produit\/colard-elisabeth-la-harpe-au-sein-de-lorchestre-vol-1-2mclhs01\/#breadcrumb\",\"itemListElement\":[{\"@type\":\"ListItem\",\"position\":1,\"name\":\"Home\",\"item\":\"https:\/\/shop.camac-harps.com\/fr\/homepage\/\"},{\"@type\":\"ListItem\",\"position\":2,\"name\":\"Accueil\",\"item\":\"https:\/\/shop.camac-harps.com\/fr\/homepage\/\"},{\"@type\":\"ListItem\",\"position\":3,\"name\":\"COLARD Elisabeth : La harpe au sein de l&#8217;orchestre, vol. 1 &#8211; 2MCLHS01\"}]},{\"@type\":\"WebSite\",\"@id\":\"https:\/\/shop.camac-harps.com\/fr\/#website\",\"url\":\"https:\/\/shop.camac-harps.com\/fr\/\",\"name\":\"Camac Harps Shop\",\"description\":\"\",\"potentialAction\":[{\"@type\":\"SearchAction\",\"target\":{\"@type\":\"EntryPoint\",\"urlTemplate\":\"https:\/\/shop.camac-harps.com\/fr\/?s={search_term_string}\"},\"query-input\":{\"@type\":\"PropertyValueSpecification\",\"valueRequired\":true,\"valueName\":\"search_term_string\"}}],\"inLanguage\":\"fr-FR\"}]}<\/script>","yoast_head_json":{"title":"COLARD Elisabeth : La harpe au sein de l'orchestre, vol. 1","description":"1er volume d'une s\u00e9rie de 5 consacr\u00e9e \u00e0 la contextualisation de la harpe dans l'orchestre | Boutique en ligne des Harpes Camac.","robots":{"index":"index","follow":"follow","max-snippet":"max-snippet:-1","max-image-preview":"max-image-preview:large","max-video-preview":"max-video-preview:-1"},"canonical":"https:\/\/shop.camac-harps.com\/fr\/produit\/colard-elisabeth-la-harpe-au-sein-de-lorchestre-vol-1-2mclhs01\/","og_locale":"fr_FR","og_type":"article","og_title":"COLARD Elisabeth : La harpe au sein de l'orchestre, vol. 1","og_description":"1er volume d'une s\u00e9rie de 5 consacr\u00e9e \u00e0 la contextualisation de la harpe dans l'orchestre | Boutique en ligne des Harpes Camac.","og_url":"https:\/\/shop.camac-harps.com\/fr\/produit\/colard-elisabeth-la-harpe-au-sein-de-lorchestre-vol-1-2mclhs01\/","og_site_name":"Camac Harps Shop","article_modified_time":"2026-01-22T13:40:57+00:00","og_image":[{"width":1788,"height":2560,"url":"https:\/\/shop.camac-harps.com\/wp-content\/uploads\/sites\/25\/2020\/10\/cde01-scaled.jpg","type":"image\/jpeg"}],"twitter_card":"summary_large_image","twitter_misc":{"Dur\u00e9e de lecture estim\u00e9e":"1 minute"},"schema":{"@context":"https:\/\/schema.org","@graph":[{"@type":"WebPage","@id":"https:\/\/shop.camac-harps.com\/fr\/produit\/colard-elisabeth-la-harpe-au-sein-de-lorchestre-vol-1-2mclhs01\/","url":"https:\/\/shop.camac-harps.com\/fr\/produit\/colard-elisabeth-la-harpe-au-sein-de-lorchestre-vol-1-2mclhs01\/","name":"COLARD Elisabeth : La harpe au sein de l'orchestre, vol. 1","isPartOf":{"@id":"https:\/\/shop.camac-harps.com\/fr\/#website"},"primaryImageOfPage":{"@id":"https:\/\/shop.camac-harps.com\/fr\/produit\/colard-elisabeth-la-harpe-au-sein-de-lorchestre-vol-1-2mclhs01\/#primaryimage"},"image":{"@id":"https:\/\/shop.camac-harps.com\/fr\/produit\/colard-elisabeth-la-harpe-au-sein-de-lorchestre-vol-1-2mclhs01\/#primaryimage"},"thumbnailUrl":"https:\/\/shop.camac-harps.com\/wp-content\/uploads\/sites\/25\/2020\/10\/cde01-scaled.jpg","datePublished":"2020-10-20T06:57:08+00:00","dateModified":"2026-01-22T13:40:57+00:00","description":"1er volume d'une s\u00e9rie de 5 consacr\u00e9e \u00e0 la contextualisation de la harpe dans l'orchestre | Boutique en ligne des Harpes Camac.","breadcrumb":{"@id":"https:\/\/shop.camac-harps.com\/fr\/produit\/colard-elisabeth-la-harpe-au-sein-de-lorchestre-vol-1-2mclhs01\/#breadcrumb"},"inLanguage":"fr-FR","potentialAction":[{"@type":"ReadAction","target":["https:\/\/shop.camac-harps.com\/fr\/produit\/colard-elisabeth-la-harpe-au-sein-de-lorchestre-vol-1-2mclhs01\/"]}]},{"@type":"ImageObject","inLanguage":"fr-FR","@id":"https:\/\/shop.camac-harps.com\/fr\/produit\/colard-elisabeth-la-harpe-au-sein-de-lorchestre-vol-1-2mclhs01\/#primaryimage","url":"https:\/\/shop.camac-harps.com\/wp-content\/uploads\/sites\/25\/2020\/10\/cde01-scaled.jpg","contentUrl":"https:\/\/shop.camac-harps.com\/wp-content\/uploads\/sites\/25\/2020\/10\/cde01-scaled.jpg","width":1788,"height":2560,"caption":"COLARD Elisabeth : La harpe au sein de l'orchestre"},{"@type":"BreadcrumbList","@id":"https:\/\/shop.camac-harps.com\/fr\/produit\/colard-elisabeth-la-harpe-au-sein-de-lorchestre-vol-1-2mclhs01\/#breadcrumb","itemListElement":[{"@type":"ListItem","position":1,"name":"Home","item":"https:\/\/shop.camac-harps.com\/fr\/homepage\/"},{"@type":"ListItem","position":2,"name":"Accueil","item":"https:\/\/shop.camac-harps.com\/fr\/homepage\/"},{"@type":"ListItem","position":3,"name":"COLARD Elisabeth : La harpe au sein de l&#8217;orchestre, vol. 1 &#8211; 2MCLHS01"}]},{"@type":"WebSite","@id":"https:\/\/shop.camac-harps.com\/fr\/#website","url":"https:\/\/shop.camac-harps.com\/fr\/","name":"Camac Harps Shop","description":"","potentialAction":[{"@type":"SearchAction","target":{"@type":"EntryPoint","urlTemplate":"https:\/\/shop.camac-harps.com\/fr\/?s={search_term_string}"},"query-input":{"@type":"PropertyValueSpecification","valueRequired":true,"valueName":"search_term_string"}}],"inLanguage":"fr-FR"}]}},"_links":{"self":[{"href":"https:\/\/shop.camac-harps.com\/fr\/wp-json\/wp\/v2\/product\/33265","targetHints":{"allow":["GET"]}}],"collection":[{"href":"https:\/\/shop.camac-harps.com\/fr\/wp-json\/wp\/v2\/product"}],"about":[{"href":"https:\/\/shop.camac-harps.com\/fr\/wp-json\/wp\/v2\/types\/product"}],"replies":[{"embeddable":true,"href":"https:\/\/shop.camac-harps.com\/fr\/wp-json\/wp\/v2\/comments?post=33265"}],"wp:featuredmedia":[{"embeddable":true,"href":"https:\/\/shop.camac-harps.com\/fr\/wp-json\/wp\/v2\/media\/33246"}],"wp:attachment":[{"href":"https:\/\/shop.camac-harps.com\/fr\/wp-json\/wp\/v2\/media?parent=33265"}],"wp:term":[{"taxonomy":"product_brand","embeddable":true,"href":"https:\/\/shop.camac-harps.com\/fr\/wp-json\/wp\/v2\/product_brand?post=33265"},{"taxonomy":"product_cat","embeddable":true,"href":"https:\/\/shop.camac-harps.com\/fr\/wp-json\/wp\/v2\/product_cat?post=33265"},{"taxonomy":"product_tag","embeddable":true,"href":"https:\/\/shop.camac-harps.com\/fr\/wp-json\/wp\/v2\/product_tag?post=33265"}],"curies":[{"name":"wp","href":"https:\/\/api.w.org\/{rel}","templated":true}]}}