{"id":34131,"date":"2020-11-17T13:43:40","date_gmt":"2020-11-17T13:43:40","guid":{"rendered":"https:\/\/shop.camac-harps.com\/?post_type=product&#038;p=34131"},"modified":"2024-11-07T15:02:25","modified_gmt":"2024-11-07T15:02:25","slug":"outillage-pour-lentretien-des-harpes-a-pedales-camac","status":"publish","type":"product","link":"https:\/\/shop.camac-harps.com\/fr\/produit\/outillage-pour-lentretien-des-harpes-a-pedales-camac\/","title":{"rendered":"Outillage pour l&rsquo;entretien des harpes \u00e0 p\u00e9dales Camac"},"content":{"rendered":"","protected":false},"excerpt":{"rendered":"","protected":false},"featured_media":34132,"comment_status":"open","ping_status":"closed","template":"","meta":{"_acf_changed":false},"product_brand":[],"product_cat":[39,441],"product_tag":[],"class_list":{"0":"post-34131","1":"product","2":"type-product","3":"status-publish","4":"has-post-thumbnail","6":"product_cat-accessoires-housses","7":"product_cat-pieces-detachees-et-outillage","9":"first","10":"instock","11":"taxable","12":"shipping-taxable","13":"purchasable","14":"product-type-simple"},"acf":[],"yoast_head":"<title>Outillage pour l&#039;entretien des harpes \u00e0 p\u00e9dales Camac<\/title>\n<meta name=\"description\" content=\"Outillage pour l&#039;entretien des harpes \u00e0 p\u00e9dales Camac | Boutique en ligne des Harpes Camac\" \/>\n<meta name=\"robots\" content=\"index, follow, max-snippet:-1, max-image-preview:large, max-video-preview:-1\" \/>\n<link rel=\"canonical\" href=\"https:\/\/shop.camac-harps.com\/fr\/produit\/outillage-pour-lentretien-des-harpes-a-pedales-camac\/\" \/>\n<meta property=\"og:locale\" content=\"fr_FR\" \/>\n<meta property=\"og:type\" content=\"article\" \/>\n<meta property=\"og:title\" content=\"Outillage pour l&#039;entretien des harpes \u00e0 p\u00e9dales Camac\" \/>\n<meta property=\"og:description\" content=\"Outillage pour l&#039;entretien des harpes \u00e0 p\u00e9dales Camac | Boutique en ligne des Harpes Camac\" \/>\n<meta property=\"og:url\" content=\"https:\/\/shop.camac-harps.com\/fr\/produit\/outillage-pour-lentretien-des-harpes-a-pedales-camac\/\" \/>\n<meta property=\"og:site_name\" content=\"Camac Harps Shop\" \/>\n<meta property=\"article:modified_time\" content=\"2024-11-07T15:02:25+00:00\" \/>\n<meta property=\"og:image\" content=\"https:\/\/shop.camac-harps.com\/wp-content\/uploads\/sites\/25\/2020\/11\/kitgh.jpg\" \/>\n\t<meta property=\"og:image:width\" content=\"1200\" \/>\n\t<meta property=\"og:image:height\" content=\"871\" \/>\n\t<meta property=\"og:image:type\" content=\"image\/jpeg\" \/>\n<meta name=\"twitter:card\" content=\"summary_large_image\" \/>\n<script type=\"application\/ld+json\" class=\"yoast-schema-graph\">{\"@context\":\"https:\/\/schema.org\",\"@graph\":[{\"@type\":\"WebPage\",\"@id\":\"https:\/\/shop.camac-harps.com\/fr\/produit\/outillage-pour-lentretien-des-harpes-a-pedales-camac\/\",\"url\":\"https:\/\/shop.camac-harps.com\/fr\/produit\/outillage-pour-lentretien-des-harpes-a-pedales-camac\/\",\"name\":\"Outillage pour l'entretien des harpes \u00e0 p\u00e9dales Camac\",\"isPartOf\":{\"@id\":\"https:\/\/shop.camac-harps.com\/fr\/#website\"},\"primaryImageOfPage\":{\"@id\":\"https:\/\/shop.camac-harps.com\/fr\/produit\/outillage-pour-lentretien-des-harpes-a-pedales-camac\/#primaryimage\"},\"image\":{\"@id\":\"https:\/\/shop.camac-harps.com\/fr\/produit\/outillage-pour-lentretien-des-harpes-a-pedales-camac\/#primaryimage\"},\"thumbnailUrl\":\"https:\/\/shop.camac-harps.com\/wp-content\/uploads\/sites\/25\/2020\/11\/kitgh.jpg\",\"datePublished\":\"2020-11-17T13:43:40+00:00\",\"dateModified\":\"2024-11-07T15:02:25+00:00\",\"description\":\"Outillage pour l'entretien des harpes \u00e0 p\u00e9dales Camac | Boutique en ligne des Harpes Camac\",\"breadcrumb\":{\"@id\":\"https:\/\/shop.camac-harps.com\/fr\/produit\/outillage-pour-lentretien-des-harpes-a-pedales-camac\/#breadcrumb\"},\"inLanguage\":\"fr-FR\",\"potentialAction\":[{\"@type\":\"ReadAction\",\"target\":[\"https:\/\/shop.camac-harps.com\/fr\/produit\/outillage-pour-lentretien-des-harpes-a-pedales-camac\/\"]}]},{\"@type\":\"ImageObject\",\"inLanguage\":\"fr-FR\",\"@id\":\"https:\/\/shop.camac-harps.com\/fr\/produit\/outillage-pour-lentretien-des-harpes-a-pedales-camac\/#primaryimage\",\"url\":\"https:\/\/shop.camac-harps.com\/wp-content\/uploads\/sites\/25\/2020\/11\/kitgh.jpg\",\"contentUrl\":\"https:\/\/shop.camac-harps.com\/wp-content\/uploads\/sites\/25\/2020\/11\/kitgh.jpg\",\"width\":1200,\"height\":871,\"caption\":\"Outillage pour l'entretien des harpes \u00e0 p\u00e9dales Camac\"},{\"@type\":\"BreadcrumbList\",\"@id\":\"https:\/\/shop.camac-harps.com\/fr\/produit\/outillage-pour-lentretien-des-harpes-a-pedales-camac\/#breadcrumb\",\"itemListElement\":[{\"@type\":\"ListItem\",\"position\":1,\"name\":\"Home\",\"item\":\"https:\/\/shop.camac-harps.com\/fr\/homepage\/\"},{\"@type\":\"ListItem\",\"position\":2,\"name\":\"Accueil\",\"item\":\"https:\/\/shop.camac-harps.com\/fr\/homepage\/\"},{\"@type\":\"ListItem\",\"position\":3,\"name\":\"Outillage pour l&#8217;entretien des harpes \u00e0 p\u00e9dales Camac\"}]},{\"@type\":\"WebSite\",\"@id\":\"https:\/\/shop.camac-harps.com\/fr\/#website\",\"url\":\"https:\/\/shop.camac-harps.com\/fr\/\",\"name\":\"Camac Harps Shop\",\"description\":\"\",\"potentialAction\":[{\"@type\":\"SearchAction\",\"target\":{\"@type\":\"EntryPoint\",\"urlTemplate\":\"https:\/\/shop.camac-harps.com\/fr\/?s={search_term_string}\"},\"query-input\":{\"@type\":\"PropertyValueSpecification\",\"valueRequired\":true,\"valueName\":\"search_term_string\"}}],\"inLanguage\":\"fr-FR\"}]}<\/script>","yoast_head_json":{"title":"Outillage pour l'entretien des harpes \u00e0 p\u00e9dales Camac","description":"Outillage pour l'entretien des harpes \u00e0 p\u00e9dales Camac | Boutique en ligne des Harpes Camac","robots":{"index":"index","follow":"follow","max-snippet":"max-snippet:-1","max-image-preview":"max-image-preview:large","max-video-preview":"max-video-preview:-1"},"canonical":"https:\/\/shop.camac-harps.com\/fr\/produit\/outillage-pour-lentretien-des-harpes-a-pedales-camac\/","og_locale":"fr_FR","og_type":"article","og_title":"Outillage pour l'entretien des harpes \u00e0 p\u00e9dales Camac","og_description":"Outillage pour l'entretien des harpes \u00e0 p\u00e9dales Camac | Boutique en ligne des Harpes Camac","og_url":"https:\/\/shop.camac-harps.com\/fr\/produit\/outillage-pour-lentretien-des-harpes-a-pedales-camac\/","og_site_name":"Camac Harps Shop","article_modified_time":"2024-11-07T15:02:25+00:00","og_image":[{"width":1200,"height":871,"url":"https:\/\/shop.camac-harps.com\/wp-content\/uploads\/sites\/25\/2020\/11\/kitgh.jpg","type":"image\/jpeg"}],"twitter_card":"summary_large_image","schema":{"@context":"https:\/\/schema.org","@graph":[{"@type":"WebPage","@id":"https:\/\/shop.camac-harps.com\/fr\/produit\/outillage-pour-lentretien-des-harpes-a-pedales-camac\/","url":"https:\/\/shop.camac-harps.com\/fr\/produit\/outillage-pour-lentretien-des-harpes-a-pedales-camac\/","name":"Outillage pour l'entretien des harpes \u00e0 p\u00e9dales Camac","isPartOf":{"@id":"https:\/\/shop.camac-harps.com\/fr\/#website"},"primaryImageOfPage":{"@id":"https:\/\/shop.camac-harps.com\/fr\/produit\/outillage-pour-lentretien-des-harpes-a-pedales-camac\/#primaryimage"},"image":{"@id":"https:\/\/shop.camac-harps.com\/fr\/produit\/outillage-pour-lentretien-des-harpes-a-pedales-camac\/#primaryimage"},"thumbnailUrl":"https:\/\/shop.camac-harps.com\/wp-content\/uploads\/sites\/25\/2020\/11\/kitgh.jpg","datePublished":"2020-11-17T13:43:40+00:00","dateModified":"2024-11-07T15:02:25+00:00","description":"Outillage pour l'entretien des harpes \u00e0 p\u00e9dales Camac | Boutique en ligne des Harpes Camac","breadcrumb":{"@id":"https:\/\/shop.camac-harps.com\/fr\/produit\/outillage-pour-lentretien-des-harpes-a-pedales-camac\/#breadcrumb"},"inLanguage":"fr-FR","potentialAction":[{"@type":"ReadAction","target":["https:\/\/shop.camac-harps.com\/fr\/produit\/outillage-pour-lentretien-des-harpes-a-pedales-camac\/"]}]},{"@type":"ImageObject","inLanguage":"fr-FR","@id":"https:\/\/shop.camac-harps.com\/fr\/produit\/outillage-pour-lentretien-des-harpes-a-pedales-camac\/#primaryimage","url":"https:\/\/shop.camac-harps.com\/wp-content\/uploads\/sites\/25\/2020\/11\/kitgh.jpg","contentUrl":"https:\/\/shop.camac-harps.com\/wp-content\/uploads\/sites\/25\/2020\/11\/kitgh.jpg","width":1200,"height":871,"caption":"Outillage pour l'entretien des harpes \u00e0 p\u00e9dales Camac"},{"@type":"BreadcrumbList","@id":"https:\/\/shop.camac-harps.com\/fr\/produit\/outillage-pour-lentretien-des-harpes-a-pedales-camac\/#breadcrumb","itemListElement":[{"@type":"ListItem","position":1,"name":"Home","item":"https:\/\/shop.camac-harps.com\/fr\/homepage\/"},{"@type":"ListItem","position":2,"name":"Accueil","item":"https:\/\/shop.camac-harps.com\/fr\/homepage\/"},{"@type":"ListItem","position":3,"name":"Outillage pour l&#8217;entretien des harpes \u00e0 p\u00e9dales Camac"}]},{"@type":"WebSite","@id":"https:\/\/shop.camac-harps.com\/fr\/#website","url":"https:\/\/shop.camac-harps.com\/fr\/","name":"Camac Harps Shop","description":"","potentialAction":[{"@type":"SearchAction","target":{"@type":"EntryPoint","urlTemplate":"https:\/\/shop.camac-harps.com\/fr\/?s={search_term_string}"},"query-input":{"@type":"PropertyValueSpecification","valueRequired":true,"valueName":"search_term_string"}}],"inLanguage":"fr-FR"}]}},"_links":{"self":[{"href":"https:\/\/shop.camac-harps.com\/fr\/wp-json\/wp\/v2\/product\/34131","targetHints":{"allow":["GET"]}}],"collection":[{"href":"https:\/\/shop.camac-harps.com\/fr\/wp-json\/wp\/v2\/product"}],"about":[{"href":"https:\/\/shop.camac-harps.com\/fr\/wp-json\/wp\/v2\/types\/product"}],"replies":[{"embeddable":true,"href":"https:\/\/shop.camac-harps.com\/fr\/wp-json\/wp\/v2\/comments?post=34131"}],"wp:featuredmedia":[{"embeddable":true,"href":"https:\/\/shop.camac-harps.com\/fr\/wp-json\/wp\/v2\/media\/34132"}],"wp:attachment":[{"href":"https:\/\/shop.camac-harps.com\/fr\/wp-json\/wp\/v2\/media?parent=34131"}],"wp:term":[{"taxonomy":"product_brand","embeddable":true,"href":"https:\/\/shop.camac-harps.com\/fr\/wp-json\/wp\/v2\/product_brand?post=34131"},{"taxonomy":"product_cat","embeddable":true,"href":"https:\/\/shop.camac-harps.com\/fr\/wp-json\/wp\/v2\/product_cat?post=34131"},{"taxonomy":"product_tag","embeddable":true,"href":"https:\/\/shop.camac-harps.com\/fr\/wp-json\/wp\/v2\/product_tag?post=34131"}],"curies":[{"name":"wp","href":"https:\/\/api.w.org\/{rel}","templated":true}]}}