{"id":34478,"date":"2020-11-30T10:06:26","date_gmt":"2020-11-30T10:06:26","guid":{"rendered":"https:\/\/shop.camac-harps.com\/?post_type=product&#038;p=34478"},"modified":"2026-04-01T15:54:07","modified_gmt":"2026-04-01T15:54:07","slug":"corde-fluorocarbone-alliance-savarez-pour-harpe-isolde-classique-fa-3","status":"publish","type":"product","link":"https:\/\/shop.camac-harps.com\/fr\/produit\/corde-fluorocarbone-alliance-savarez-pour-harpe-isolde-classique-fa-3\/","title":{"rendered":"Corde fluorocarbone (Alliance Savarez) pour harpe Isolde Classique : Fa 3"},"content":{"rendered":"","protected":false},"excerpt":{"rendered":"<p><strong>Quelle est la diff\u00e9rence entre les cordes fluorocarbone K\u00fcrschner et les cordes Alliance Savarez ?<\/strong><\/p>\n<p style=\"text-align: justify;\">Il s&rsquo;agit du m\u00eame mat\u00e9riau, le fluorocarbone, mais quand les <a href=\"https:\/\/shop.camac-harps.com\/fr\/category\/cordes-pour-harpe\/cordes-individuelles\/cordes-pour-harpe-celtique\/cordes-fluorocarbone\/cordes-isolde-classique-fluorocarbone-kuerschner\/\">cordes K\u00fcrschner<\/a> sont en monofilament dans les registres m\u00e9dium et grave, celles de Savarez sont en multifilament tress\u00e9. Certains harpistes pr\u00e9f\u00e8rent le son des cordes K\u00fcrschner dans le registre m\u00e9dium, mais trouvent le monofilament moins robuste que le multifilament tress\u00e9. Nous avons donc cr\u00e9\u00e9 les deux options pour <a href=\"https:\/\/www.camac-harps.com\/fr\/harps-fr\/lever-fr\/isolde-%c2%b7-classic\/\">l&rsquo;Isolde Classique<\/a>, afin de r\u00e9pondre aux diff\u00e9rentes pr\u00e9f\u00e9rences et exigences des harpistes.\u00a0<\/p>\n","protected":false},"featured_media":67033,"comment_status":"open","ping_status":"closed","template":"","meta":{"_acf_changed":false},"product_brand":[],"product_cat":[715,649,66,36,123,497],"product_tag":[],"class_list":{"0":"post-34478","1":"product","2":"type-product","3":"status-publish","4":"has-post-thumbnail","6":"product_cat-autres-types-de-cordage-fr-3","7":"product_cat-cordes-alliance-pour-isolde-classique-alternatives-savarez","8":"product_cat-cordes-individuelles","9":"product_cat-cordes-pour-harpe","10":"product_cat-cordes-pour-harpe-celtique","11":"product_cat-pour-harpe-celtique-a-cordes-fluorocarbone","13":"first","14":"instock","15":"taxable","16":"shipping-taxable","17":"purchasable","18":"product-type-simple"},"acf":[],"yoast_head":"<title>Corde fluorocarbone pour Isolde Classique | Boutique en ligne Camac<\/title>\n<meta name=\"description\" content=\"Corde fluorocarbone (Alliance Savarez) pour harpe Isolde Classique : Fa 3 | En multifilament tress\u00e9 | Fluorocarbone robuste.\" \/>\n<meta name=\"robots\" content=\"index, follow, max-snippet:-1, max-image-preview:large, max-video-preview:-1\" \/>\n<link rel=\"canonical\" href=\"https:\/\/shop.camac-harps.com\/fr\/produit\/corde-fluorocarbone-alliance-savarez-pour-harpe-isolde-classique-fa-3\/\" \/>\n<meta property=\"og:locale\" content=\"fr_FR\" \/>\n<meta property=\"og:type\" content=\"article\" \/>\n<meta property=\"og:title\" content=\"Corde fluorocarbone pour Isolde Classique | Boutique en ligne Camac\" \/>\n<meta property=\"og:description\" content=\"Corde fluorocarbone (Alliance Savarez) pour harpe Isolde Classique : Fa 3 | En multifilament tress\u00e9 | Fluorocarbone robuste.\" \/>\n<meta property=\"og:url\" content=\"https:\/\/shop.camac-harps.com\/fr\/produit\/corde-fluorocarbone-alliance-savarez-pour-harpe-isolde-classique-fa-3\/\" \/>\n<meta property=\"og:site_name\" content=\"Camac Harps Shop\" \/>\n<meta property=\"article:modified_time\" content=\"2026-04-01T15:54:07+00:00\" \/>\n<meta property=\"og:image\" content=\"https:\/\/shop.camac-harps.com\/wp-content\/uploads\/sites\/25\/2025\/04\/3-kfisoclass.jpg\" \/>\n\t<meta property=\"og:image:width\" content=\"1179\" \/>\n\t<meta property=\"og:image:height\" content=\"1155\" \/>\n\t<meta property=\"og:image:type\" content=\"image\/jpeg\" \/>\n<meta name=\"twitter:card\" content=\"summary_large_image\" \/>\n<meta name=\"twitter:label1\" content=\"Dur\u00e9e de lecture estim\u00e9e\" \/>\n\t<meta name=\"twitter:data1\" content=\"1 minute\" \/>\n<script type=\"application\/ld+json\" class=\"yoast-schema-graph\">{\"@context\":\"https:\/\/schema.org\",\"@graph\":[{\"@type\":\"WebPage\",\"@id\":\"https:\/\/shop.camac-harps.com\/fr\/produit\/corde-fluorocarbone-alliance-savarez-pour-harpe-isolde-classique-fa-3\/\",\"url\":\"https:\/\/shop.camac-harps.com\/fr\/produit\/corde-fluorocarbone-alliance-savarez-pour-harpe-isolde-classique-fa-3\/\",\"name\":\"Corde fluorocarbone pour Isolde Classique | Boutique en ligne Camac\",\"isPartOf\":{\"@id\":\"https:\/\/shop.camac-harps.com\/fr\/#website\"},\"primaryImageOfPage\":{\"@id\":\"https:\/\/shop.camac-harps.com\/fr\/produit\/corde-fluorocarbone-alliance-savarez-pour-harpe-isolde-classique-fa-3\/#primaryimage\"},\"image\":{\"@id\":\"https:\/\/shop.camac-harps.com\/fr\/produit\/corde-fluorocarbone-alliance-savarez-pour-harpe-isolde-classique-fa-3\/#primaryimage\"},\"thumbnailUrl\":\"https:\/\/shop.camac-harps.com\/wp-content\/uploads\/sites\/25\/2025\/04\/3-kfisoclass.jpg\",\"datePublished\":\"2020-11-30T10:06:26+00:00\",\"dateModified\":\"2026-04-01T15:54:07+00:00\",\"description\":\"Corde fluorocarbone (Alliance Savarez) pour harpe Isolde Classique : Fa 3 | En multifilament tress\u00e9 | Fluorocarbone robuste.\",\"breadcrumb\":{\"@id\":\"https:\/\/shop.camac-harps.com\/fr\/produit\/corde-fluorocarbone-alliance-savarez-pour-harpe-isolde-classique-fa-3\/#breadcrumb\"},\"inLanguage\":\"fr-FR\",\"potentialAction\":[{\"@type\":\"ReadAction\",\"target\":[\"https:\/\/shop.camac-harps.com\/fr\/produit\/corde-fluorocarbone-alliance-savarez-pour-harpe-isolde-classique-fa-3\/\"]}]},{\"@type\":\"ImageObject\",\"inLanguage\":\"fr-FR\",\"@id\":\"https:\/\/shop.camac-harps.com\/fr\/produit\/corde-fluorocarbone-alliance-savarez-pour-harpe-isolde-classique-fa-3\/#primaryimage\",\"url\":\"https:\/\/shop.camac-harps.com\/wp-content\/uploads\/sites\/25\/2025\/04\/3-kfisoclass.jpg\",\"contentUrl\":\"https:\/\/shop.camac-harps.com\/wp-content\/uploads\/sites\/25\/2025\/04\/3-kfisoclass.jpg\",\"width\":1179,\"height\":1155},{\"@type\":\"BreadcrumbList\",\"@id\":\"https:\/\/shop.camac-harps.com\/fr\/produit\/corde-fluorocarbone-alliance-savarez-pour-harpe-isolde-classique-fa-3\/#breadcrumb\",\"itemListElement\":[{\"@type\":\"ListItem\",\"position\":1,\"name\":\"Home\",\"item\":\"https:\/\/shop.camac-harps.com\/fr\/homepage\/\"},{\"@type\":\"ListItem\",\"position\":2,\"name\":\"Accueil\",\"item\":\"https:\/\/shop.camac-harps.com\/fr\/homepage\/\"},{\"@type\":\"ListItem\",\"position\":3,\"name\":\"Corde fluorocarbone (Alliance Savarez) pour harpe Isolde Classique : Fa 3\"}]},{\"@type\":\"WebSite\",\"@id\":\"https:\/\/shop.camac-harps.com\/fr\/#website\",\"url\":\"https:\/\/shop.camac-harps.com\/fr\/\",\"name\":\"Camac Harps Shop\",\"description\":\"\",\"potentialAction\":[{\"@type\":\"SearchAction\",\"target\":{\"@type\":\"EntryPoint\",\"urlTemplate\":\"https:\/\/shop.camac-harps.com\/fr\/?s={search_term_string}\"},\"query-input\":{\"@type\":\"PropertyValueSpecification\",\"valueRequired\":true,\"valueName\":\"search_term_string\"}}],\"inLanguage\":\"fr-FR\"}]}<\/script>","yoast_head_json":{"title":"Corde fluorocarbone pour Isolde Classique | Boutique en ligne Camac","description":"Corde fluorocarbone (Alliance Savarez) pour harpe Isolde Classique : Fa 3 | En multifilament tress\u00e9 | Fluorocarbone robuste.","robots":{"index":"index","follow":"follow","max-snippet":"max-snippet:-1","max-image-preview":"max-image-preview:large","max-video-preview":"max-video-preview:-1"},"canonical":"https:\/\/shop.camac-harps.com\/fr\/produit\/corde-fluorocarbone-alliance-savarez-pour-harpe-isolde-classique-fa-3\/","og_locale":"fr_FR","og_type":"article","og_title":"Corde fluorocarbone pour Isolde Classique | Boutique en ligne Camac","og_description":"Corde fluorocarbone (Alliance Savarez) pour harpe Isolde Classique : Fa 3 | En multifilament tress\u00e9 | Fluorocarbone robuste.","og_url":"https:\/\/shop.camac-harps.com\/fr\/produit\/corde-fluorocarbone-alliance-savarez-pour-harpe-isolde-classique-fa-3\/","og_site_name":"Camac Harps Shop","article_modified_time":"2026-04-01T15:54:07+00:00","og_image":[{"width":1179,"height":1155,"url":"https:\/\/shop.camac-harps.com\/wp-content\/uploads\/sites\/25\/2025\/04\/3-kfisoclass.jpg","type":"image\/jpeg"}],"twitter_card":"summary_large_image","twitter_misc":{"Dur\u00e9e de lecture estim\u00e9e":"1 minute"},"schema":{"@context":"https:\/\/schema.org","@graph":[{"@type":"WebPage","@id":"https:\/\/shop.camac-harps.com\/fr\/produit\/corde-fluorocarbone-alliance-savarez-pour-harpe-isolde-classique-fa-3\/","url":"https:\/\/shop.camac-harps.com\/fr\/produit\/corde-fluorocarbone-alliance-savarez-pour-harpe-isolde-classique-fa-3\/","name":"Corde fluorocarbone pour Isolde Classique | Boutique en ligne Camac","isPartOf":{"@id":"https:\/\/shop.camac-harps.com\/fr\/#website"},"primaryImageOfPage":{"@id":"https:\/\/shop.camac-harps.com\/fr\/produit\/corde-fluorocarbone-alliance-savarez-pour-harpe-isolde-classique-fa-3\/#primaryimage"},"image":{"@id":"https:\/\/shop.camac-harps.com\/fr\/produit\/corde-fluorocarbone-alliance-savarez-pour-harpe-isolde-classique-fa-3\/#primaryimage"},"thumbnailUrl":"https:\/\/shop.camac-harps.com\/wp-content\/uploads\/sites\/25\/2025\/04\/3-kfisoclass.jpg","datePublished":"2020-11-30T10:06:26+00:00","dateModified":"2026-04-01T15:54:07+00:00","description":"Corde fluorocarbone (Alliance Savarez) pour harpe Isolde Classique : Fa 3 | En multifilament tress\u00e9 | Fluorocarbone robuste.","breadcrumb":{"@id":"https:\/\/shop.camac-harps.com\/fr\/produit\/corde-fluorocarbone-alliance-savarez-pour-harpe-isolde-classique-fa-3\/#breadcrumb"},"inLanguage":"fr-FR","potentialAction":[{"@type":"ReadAction","target":["https:\/\/shop.camac-harps.com\/fr\/produit\/corde-fluorocarbone-alliance-savarez-pour-harpe-isolde-classique-fa-3\/"]}]},{"@type":"ImageObject","inLanguage":"fr-FR","@id":"https:\/\/shop.camac-harps.com\/fr\/produit\/corde-fluorocarbone-alliance-savarez-pour-harpe-isolde-classique-fa-3\/#primaryimage","url":"https:\/\/shop.camac-harps.com\/wp-content\/uploads\/sites\/25\/2025\/04\/3-kfisoclass.jpg","contentUrl":"https:\/\/shop.camac-harps.com\/wp-content\/uploads\/sites\/25\/2025\/04\/3-kfisoclass.jpg","width":1179,"height":1155},{"@type":"BreadcrumbList","@id":"https:\/\/shop.camac-harps.com\/fr\/produit\/corde-fluorocarbone-alliance-savarez-pour-harpe-isolde-classique-fa-3\/#breadcrumb","itemListElement":[{"@type":"ListItem","position":1,"name":"Home","item":"https:\/\/shop.camac-harps.com\/fr\/homepage\/"},{"@type":"ListItem","position":2,"name":"Accueil","item":"https:\/\/shop.camac-harps.com\/fr\/homepage\/"},{"@type":"ListItem","position":3,"name":"Corde fluorocarbone (Alliance Savarez) pour harpe Isolde Classique : Fa 3"}]},{"@type":"WebSite","@id":"https:\/\/shop.camac-harps.com\/fr\/#website","url":"https:\/\/shop.camac-harps.com\/fr\/","name":"Camac Harps Shop","description":"","potentialAction":[{"@type":"SearchAction","target":{"@type":"EntryPoint","urlTemplate":"https:\/\/shop.camac-harps.com\/fr\/?s={search_term_string}"},"query-input":{"@type":"PropertyValueSpecification","valueRequired":true,"valueName":"search_term_string"}}],"inLanguage":"fr-FR"}]}},"_links":{"self":[{"href":"https:\/\/shop.camac-harps.com\/fr\/wp-json\/wp\/v2\/product\/34478","targetHints":{"allow":["GET"]}}],"collection":[{"href":"https:\/\/shop.camac-harps.com\/fr\/wp-json\/wp\/v2\/product"}],"about":[{"href":"https:\/\/shop.camac-harps.com\/fr\/wp-json\/wp\/v2\/types\/product"}],"replies":[{"embeddable":true,"href":"https:\/\/shop.camac-harps.com\/fr\/wp-json\/wp\/v2\/comments?post=34478"}],"wp:featuredmedia":[{"embeddable":true,"href":"https:\/\/shop.camac-harps.com\/fr\/wp-json\/wp\/v2\/media\/67033"}],"wp:attachment":[{"href":"https:\/\/shop.camac-harps.com\/fr\/wp-json\/wp\/v2\/media?parent=34478"}],"wp:term":[{"taxonomy":"product_brand","embeddable":true,"href":"https:\/\/shop.camac-harps.com\/fr\/wp-json\/wp\/v2\/product_brand?post=34478"},{"taxonomy":"product_cat","embeddable":true,"href":"https:\/\/shop.camac-harps.com\/fr\/wp-json\/wp\/v2\/product_cat?post=34478"},{"taxonomy":"product_tag","embeddable":true,"href":"https:\/\/shop.camac-harps.com\/fr\/wp-json\/wp\/v2\/product_tag?post=34478"}],"curies":[{"name":"wp","href":"https:\/\/api.w.org\/{rel}","templated":true}]}}