{"id":34973,"date":"2020-12-07T16:16:21","date_gmt":"2020-12-07T16:16:21","guid":{"rendered":"https:\/\/shop.camac-harps.com\/?post_type=product&#038;p=34973"},"modified":"2025-01-17T15:44:22","modified_gmt":"2025-01-17T15:44:22","slug":"bernard-f-et-smith-r-b-walking-in-a-winter-wonderland-arrangement-de-saori-mouri-version-telechargeable","status":"publish","type":"product","link":"https:\/\/shop.camac-harps.com\/fr\/produit\/bernard-f-et-smith-r-b-walking-in-a-winter-wonderland-arrangement-de-saori-mouri-version-telechargeable\/","title":{"rendered":"BERNARD F. et SMITH R.B. : Walking in a Winter Wonderland, arrangement de Saori MOURI &#8211; version t\u00e9l\u00e9chargeable"},"content":{"rendered":"","protected":false},"excerpt":{"rendered":"<p>\u00c9coutez cette partition\u00a0! Enregistr\u00e9e par Saori Mouri.\u00a0<\/p>\n[audio mp3=\"https:\/\/shop.camac-harps.com\/wp-content\/uploads\/sites\/25\/2020\/12\/mp3adv.-winter-wonderland.mp3\"][\/audio]\n","protected":false},"featured_media":34910,"comment_status":"open","ping_status":"closed","template":"","meta":{"_acf_changed":false},"product_brand":[],"product_cat":[547,836,571,848,583,105,832,553,33,850,597],"product_tag":[],"class_list":{"0":"post-34973","1":"product","2":"type-product","3":"status-publish","4":"has-post-thumbnail","6":"product_cat-boutique-en-ligne-odyssee","7":"product_cat-collection-odyssee-pour-harpe-avec-leviers-fr","8":"product_cat-collection-odyssee-pour-harpe-avec-leviers","9":"product_cat-collection-odyssee-pour-harpe-avec-leviers-niveau-avance-fr","10":"product_cat-collection-odyssee-pour-harpe-avec-leviers-niveau-avance","11":"product_cat-musique-harpe-troubadour-bardic","12":"product_cat-musique_pour_harpe_a_27_cordes","13":"product_cat-partitions-collection-odyssee","14":"product_cat-partitions-pour-harpe","15":"product_cat-partitions-telechargeables-fr-3","16":"product_cat-collection-odyssee-sans-leviers-niveau-avance-partitions-telechargeables","18":"first","19":"instock","20":"downloadable","21":"virtual","22":"taxable","23":"purchasable","24":"product-type-simple"},"acf":[],"yoast_head":"<title>Winter Wonderland, arr. de Saori Mouri pour harpe Odyss\u00e9e<\/title>\n<meta name=\"description\" content=\"Pour petite harpe 27 cordes avec leviers | Niveau avanc\u00e9 | Collection Odyss\u00e9e | Boutique en ligne Camac \u00b7 Odyssey Harps.\" \/>\n<meta name=\"robots\" content=\"index, follow, max-snippet:-1, max-image-preview:large, max-video-preview:-1\" \/>\n<link rel=\"canonical\" href=\"https:\/\/shop.camac-harps.com\/fr\/produit\/bernard-f-et-smith-r-b-walking-in-a-winter-wonderland-arrangement-de-saori-mouri-version-telechargeable\/\" \/>\n<meta property=\"og:locale\" content=\"fr_FR\" \/>\n<meta property=\"og:type\" content=\"article\" \/>\n<meta property=\"og:title\" content=\"Winter Wonderland, arr. de Saori Mouri pour harpe Odyss\u00e9e\" \/>\n<meta property=\"og:description\" content=\"Pour petite harpe 27 cordes avec leviers | Niveau avanc\u00e9 | Collection Odyss\u00e9e | Boutique en ligne Camac \u00b7 Odyssey Harps.\" \/>\n<meta property=\"og:url\" content=\"https:\/\/shop.camac-harps.com\/fr\/produit\/bernard-f-et-smith-r-b-walking-in-a-winter-wonderland-arrangement-de-saori-mouri-version-telechargeable\/\" \/>\n<meta property=\"og:site_name\" content=\"Camac Harps Shop\" \/>\n<meta property=\"article:modified_time\" content=\"2025-01-17T15:44:22+00:00\" \/>\n<meta property=\"og:image\" content=\"https:\/\/shop.camac-harps.com\/wp-content\/uploads\/sites\/25\/2020\/12\/mis44-scaled.jpg\" \/>\n\t<meta property=\"og:image:width\" content=\"1810\" \/>\n\t<meta property=\"og:image:height\" content=\"2560\" \/>\n\t<meta property=\"og:image:type\" content=\"image\/jpeg\" \/>\n<meta name=\"twitter:card\" content=\"summary_large_image\" \/>\n<meta name=\"twitter:label1\" content=\"Dur\u00e9e de lecture estim\u00e9e\" \/>\n\t<meta name=\"twitter:data1\" content=\"1 minute\" \/>\n<script type=\"application\/ld+json\" class=\"yoast-schema-graph\">{\"@context\":\"https:\/\/schema.org\",\"@graph\":[{\"@type\":\"WebPage\",\"@id\":\"https:\/\/shop.camac-harps.com\/fr\/produit\/bernard-f-et-smith-r-b-walking-in-a-winter-wonderland-arrangement-de-saori-mouri-version-telechargeable\/\",\"url\":\"https:\/\/shop.camac-harps.com\/fr\/produit\/bernard-f-et-smith-r-b-walking-in-a-winter-wonderland-arrangement-de-saori-mouri-version-telechargeable\/\",\"name\":\"Winter Wonderland, arr. de Saori Mouri pour harpe Odyss\u00e9e\",\"isPartOf\":{\"@id\":\"https:\/\/shop.camac-harps.com\/fr\/#website\"},\"primaryImageOfPage\":{\"@id\":\"https:\/\/shop.camac-harps.com\/fr\/produit\/bernard-f-et-smith-r-b-walking-in-a-winter-wonderland-arrangement-de-saori-mouri-version-telechargeable\/#primaryimage\"},\"image\":{\"@id\":\"https:\/\/shop.camac-harps.com\/fr\/produit\/bernard-f-et-smith-r-b-walking-in-a-winter-wonderland-arrangement-de-saori-mouri-version-telechargeable\/#primaryimage\"},\"thumbnailUrl\":\"https:\/\/shop.camac-harps.com\/wp-content\/uploads\/sites\/25\/2020\/12\/mis44-scaled.jpg\",\"datePublished\":\"2020-12-07T16:16:21+00:00\",\"dateModified\":\"2025-01-17T15:44:22+00:00\",\"description\":\"Pour petite harpe 27 cordes avec leviers | Niveau avanc\u00e9 | Collection Odyss\u00e9e | Boutique en ligne Camac \u00b7 Odyssey Harps.\",\"breadcrumb\":{\"@id\":\"https:\/\/shop.camac-harps.com\/fr\/produit\/bernard-f-et-smith-r-b-walking-in-a-winter-wonderland-arrangement-de-saori-mouri-version-telechargeable\/#breadcrumb\"},\"inLanguage\":\"fr-FR\",\"potentialAction\":[{\"@type\":\"ReadAction\",\"target\":[\"https:\/\/shop.camac-harps.com\/fr\/produit\/bernard-f-et-smith-r-b-walking-in-a-winter-wonderland-arrangement-de-saori-mouri-version-telechargeable\/\"]}]},{\"@type\":\"ImageObject\",\"inLanguage\":\"fr-FR\",\"@id\":\"https:\/\/shop.camac-harps.com\/fr\/produit\/bernard-f-et-smith-r-b-walking-in-a-winter-wonderland-arrangement-de-saori-mouri-version-telechargeable\/#primaryimage\",\"url\":\"https:\/\/shop.camac-harps.com\/wp-content\/uploads\/sites\/25\/2020\/12\/mis44-scaled.jpg\",\"contentUrl\":\"https:\/\/shop.camac-harps.com\/wp-content\/uploads\/sites\/25\/2020\/12\/mis44-scaled.jpg\",\"width\":1810,\"height\":2560,\"caption\":\"BERNARD F. et SMITH R.B. : Walking in a Winter Wonderland, arrangement de Saori MOURI - version t\u00e9l\u00e9chargeable\"},{\"@type\":\"BreadcrumbList\",\"@id\":\"https:\/\/shop.camac-harps.com\/fr\/produit\/bernard-f-et-smith-r-b-walking-in-a-winter-wonderland-arrangement-de-saori-mouri-version-telechargeable\/#breadcrumb\",\"itemListElement\":[{\"@type\":\"ListItem\",\"position\":1,\"name\":\"Home\",\"item\":\"https:\/\/shop.camac-harps.com\/fr\/homepage\/\"},{\"@type\":\"ListItem\",\"position\":2,\"name\":\"Accueil\",\"item\":\"https:\/\/shop.camac-harps.com\/fr\/homepage\/\"},{\"@type\":\"ListItem\",\"position\":3,\"name\":\"BERNARD F. et SMITH R.B. : Walking in a Winter Wonderland, arrangement de Saori MOURI &#8211; version t\u00e9l\u00e9chargeable\"}]},{\"@type\":\"WebSite\",\"@id\":\"https:\/\/shop.camac-harps.com\/fr\/#website\",\"url\":\"https:\/\/shop.camac-harps.com\/fr\/\",\"name\":\"Camac Harps Shop\",\"description\":\"\",\"potentialAction\":[{\"@type\":\"SearchAction\",\"target\":{\"@type\":\"EntryPoint\",\"urlTemplate\":\"https:\/\/shop.camac-harps.com\/fr\/?s={search_term_string}\"},\"query-input\":{\"@type\":\"PropertyValueSpecification\",\"valueRequired\":true,\"valueName\":\"search_term_string\"}}],\"inLanguage\":\"fr-FR\"}]}<\/script>","yoast_head_json":{"title":"Winter Wonderland, arr. de Saori Mouri pour harpe Odyss\u00e9e","description":"Pour petite harpe 27 cordes avec leviers | Niveau avanc\u00e9 | Collection Odyss\u00e9e | Boutique en ligne Camac \u00b7 Odyssey Harps.","robots":{"index":"index","follow":"follow","max-snippet":"max-snippet:-1","max-image-preview":"max-image-preview:large","max-video-preview":"max-video-preview:-1"},"canonical":"https:\/\/shop.camac-harps.com\/fr\/produit\/bernard-f-et-smith-r-b-walking-in-a-winter-wonderland-arrangement-de-saori-mouri-version-telechargeable\/","og_locale":"fr_FR","og_type":"article","og_title":"Winter Wonderland, arr. de Saori Mouri pour harpe Odyss\u00e9e","og_description":"Pour petite harpe 27 cordes avec leviers | Niveau avanc\u00e9 | Collection Odyss\u00e9e | Boutique en ligne Camac \u00b7 Odyssey Harps.","og_url":"https:\/\/shop.camac-harps.com\/fr\/produit\/bernard-f-et-smith-r-b-walking-in-a-winter-wonderland-arrangement-de-saori-mouri-version-telechargeable\/","og_site_name":"Camac Harps Shop","article_modified_time":"2025-01-17T15:44:22+00:00","og_image":[{"width":1810,"height":2560,"url":"https:\/\/shop.camac-harps.com\/wp-content\/uploads\/sites\/25\/2020\/12\/mis44-scaled.jpg","type":"image\/jpeg"}],"twitter_card":"summary_large_image","twitter_misc":{"Dur\u00e9e de lecture estim\u00e9e":"1 minute"},"schema":{"@context":"https:\/\/schema.org","@graph":[{"@type":"WebPage","@id":"https:\/\/shop.camac-harps.com\/fr\/produit\/bernard-f-et-smith-r-b-walking-in-a-winter-wonderland-arrangement-de-saori-mouri-version-telechargeable\/","url":"https:\/\/shop.camac-harps.com\/fr\/produit\/bernard-f-et-smith-r-b-walking-in-a-winter-wonderland-arrangement-de-saori-mouri-version-telechargeable\/","name":"Winter Wonderland, arr. de Saori Mouri pour harpe Odyss\u00e9e","isPartOf":{"@id":"https:\/\/shop.camac-harps.com\/fr\/#website"},"primaryImageOfPage":{"@id":"https:\/\/shop.camac-harps.com\/fr\/produit\/bernard-f-et-smith-r-b-walking-in-a-winter-wonderland-arrangement-de-saori-mouri-version-telechargeable\/#primaryimage"},"image":{"@id":"https:\/\/shop.camac-harps.com\/fr\/produit\/bernard-f-et-smith-r-b-walking-in-a-winter-wonderland-arrangement-de-saori-mouri-version-telechargeable\/#primaryimage"},"thumbnailUrl":"https:\/\/shop.camac-harps.com\/wp-content\/uploads\/sites\/25\/2020\/12\/mis44-scaled.jpg","datePublished":"2020-12-07T16:16:21+00:00","dateModified":"2025-01-17T15:44:22+00:00","description":"Pour petite harpe 27 cordes avec leviers | Niveau avanc\u00e9 | Collection Odyss\u00e9e | Boutique en ligne Camac \u00b7 Odyssey Harps.","breadcrumb":{"@id":"https:\/\/shop.camac-harps.com\/fr\/produit\/bernard-f-et-smith-r-b-walking-in-a-winter-wonderland-arrangement-de-saori-mouri-version-telechargeable\/#breadcrumb"},"inLanguage":"fr-FR","potentialAction":[{"@type":"ReadAction","target":["https:\/\/shop.camac-harps.com\/fr\/produit\/bernard-f-et-smith-r-b-walking-in-a-winter-wonderland-arrangement-de-saori-mouri-version-telechargeable\/"]}]},{"@type":"ImageObject","inLanguage":"fr-FR","@id":"https:\/\/shop.camac-harps.com\/fr\/produit\/bernard-f-et-smith-r-b-walking-in-a-winter-wonderland-arrangement-de-saori-mouri-version-telechargeable\/#primaryimage","url":"https:\/\/shop.camac-harps.com\/wp-content\/uploads\/sites\/25\/2020\/12\/mis44-scaled.jpg","contentUrl":"https:\/\/shop.camac-harps.com\/wp-content\/uploads\/sites\/25\/2020\/12\/mis44-scaled.jpg","width":1810,"height":2560,"caption":"BERNARD F. et SMITH R.B. : Walking in a Winter Wonderland, arrangement de Saori MOURI - version t\u00e9l\u00e9chargeable"},{"@type":"BreadcrumbList","@id":"https:\/\/shop.camac-harps.com\/fr\/produit\/bernard-f-et-smith-r-b-walking-in-a-winter-wonderland-arrangement-de-saori-mouri-version-telechargeable\/#breadcrumb","itemListElement":[{"@type":"ListItem","position":1,"name":"Home","item":"https:\/\/shop.camac-harps.com\/fr\/homepage\/"},{"@type":"ListItem","position":2,"name":"Accueil","item":"https:\/\/shop.camac-harps.com\/fr\/homepage\/"},{"@type":"ListItem","position":3,"name":"BERNARD F. et SMITH R.B. : Walking in a Winter Wonderland, arrangement de Saori MOURI &#8211; version t\u00e9l\u00e9chargeable"}]},{"@type":"WebSite","@id":"https:\/\/shop.camac-harps.com\/fr\/#website","url":"https:\/\/shop.camac-harps.com\/fr\/","name":"Camac Harps Shop","description":"","potentialAction":[{"@type":"SearchAction","target":{"@type":"EntryPoint","urlTemplate":"https:\/\/shop.camac-harps.com\/fr\/?s={search_term_string}"},"query-input":{"@type":"PropertyValueSpecification","valueRequired":true,"valueName":"search_term_string"}}],"inLanguage":"fr-FR"}]}},"_links":{"self":[{"href":"https:\/\/shop.camac-harps.com\/fr\/wp-json\/wp\/v2\/product\/34973","targetHints":{"allow":["GET"]}}],"collection":[{"href":"https:\/\/shop.camac-harps.com\/fr\/wp-json\/wp\/v2\/product"}],"about":[{"href":"https:\/\/shop.camac-harps.com\/fr\/wp-json\/wp\/v2\/types\/product"}],"replies":[{"embeddable":true,"href":"https:\/\/shop.camac-harps.com\/fr\/wp-json\/wp\/v2\/comments?post=34973"}],"wp:featuredmedia":[{"embeddable":true,"href":"https:\/\/shop.camac-harps.com\/fr\/wp-json\/wp\/v2\/media\/34910"}],"wp:attachment":[{"href":"https:\/\/shop.camac-harps.com\/fr\/wp-json\/wp\/v2\/media?parent=34973"}],"wp:term":[{"taxonomy":"product_brand","embeddable":true,"href":"https:\/\/shop.camac-harps.com\/fr\/wp-json\/wp\/v2\/product_brand?post=34973"},{"taxonomy":"product_cat","embeddable":true,"href":"https:\/\/shop.camac-harps.com\/fr\/wp-json\/wp\/v2\/product_cat?post=34973"},{"taxonomy":"product_tag","embeddable":true,"href":"https:\/\/shop.camac-harps.com\/fr\/wp-json\/wp\/v2\/product_tag?post=34973"}],"curies":[{"name":"wp","href":"https:\/\/api.w.org\/{rel}","templated":true}]}}